{"id":8199,"date":"2022-10-07T17:00:02","date_gmt":"2022-10-07T15:00:02","guid":{"rendered":"https:\/\/www.melform.com\/product\/contenitore-isotermico-refrigerato-koala-70\/"},"modified":"2025-03-27T13:37:49","modified_gmt":"2025-03-27T11:37:49","slug":"conteneur-refrigere-koala-70","status":"publish","type":"product","link":"https:\/\/www.melform.com\/fr\/conteneurs-\/catalogue-de-produits\/conteneurs-refrigeres\/conteneur-refrigere-koala-70\/","title":{"rendered":"Conteneur r\u00e9frig\u00e9r\u00e9 &#8211; KOALA 70"},"content":{"rendered":"Le KOALA 70 est un conteneur isotherme r\u00e9frig\u00e9r\u00e9 con\u00e7u pour le transport s\u00e9curis\u00e9 de produits \u00e0 temp\u00e9rature contr\u00f4l\u00e9e. Avec une capacit\u00e9 de 68 litres et des dimensions internes GN 1\/1, il garantit une excellente r\u00e9tention thermique, pr\u00e9servant les propri\u00e9t\u00e9s organoleptiques des aliments et r\u00e9duisant les risques de prolif\u00e9ration bact\u00e9rienne. Fabriqu\u00e9 en poly\u00e9thyl\u00e8ne de haute qualit\u00e9 et isol\u00e9 avec une mousse polyur\u00e9thane sans CFC ni HCFC, il offre des performances \u00e9lev\u00e9es tout en respectant l\u2019environnement.\r\n<ul>\r\n \t<li><strong>Capacit\u00e9 :<\/strong> 68 litres<\/li>\r\n \t<li><strong>Mat\u00e9riau :<\/strong> Poly\u00e9thyl\u00e8ne robuste et hautement isolant<\/li>\r\n \t<li><strong>Isolation :<\/strong> Mousse polyur\u00e9thane \u00e9cologique, sans CFC ni HCFC<\/li>\r\n \t<li><strong>Design intelligent :<\/strong> Ouverture frontale pour un acc\u00e8s facile aux produits<\/li>\r\n \t<li><strong>Modularit\u00e9 :<\/strong> Empilable et compatible avec les syst\u00e8mes de transport multi-temp\u00e9ratures<\/li>\r\n \t<li><strong>Polyvalence :<\/strong> Dimensions internes GN 1\/1, id\u00e9ales pour une large gamme d\u2019utilisations<\/li>\r\n<\/ul>","protected":false},"excerpt":{"rendered":"Le KOALA 70 est un conteneur isotherme r\u00e9frig\u00e9r\u00e9 con\u00e7u pour le transport s\u00e9curis\u00e9 de produits \u00e0 temp\u00e9rature contr\u00f4l\u00e9e. Avec une capacit\u00e9 de 68 litres et des dimensions internes GN 1\/1, il garantit une excellente r\u00e9tention thermique, pr\u00e9servant les propri\u00e9t\u00e9s organoleptiques des aliments et r\u00e9duisant les risques de prolif\u00e9ration bact\u00e9rienne. Fabriqu\u00e9 en poly\u00e9thyl\u00e8ne de haute qualit\u00e9 [&hellip;]","protected":false},"featured_media":20727,"template":"","meta":{"_acf_changed":false,"_themeisle_gutenberg_block_has_review":false},"product_brand":[],"product_cat":[912,236,237],"product_tag":[],"class_list":{"0":"post-8199","1":"product","2":"type-product","3":"status-publish","4":"has-post-thumbnail","6":"product_cat-catalogue-de-produits","7":"product_cat-conteneurs-refrigeres","8":"product_cat-conteneurs-isothermes-refrigeres-koala","9":"pa_linea-koala-fr","10":"pa_range-di-temperatura-0c-10-fr","11":"pa_range-di-temperatura-0c-40-fr","13":"first","14":"instock","15":"product-type-variable","16":"has-default-attributes","17":"wvs-archive-product-wrapper"},"acf":[],"yoast_head":"<!-- This site is optimized with the Yoast SEO plugin v26.4 - https:\/\/yoast.com\/wordpress\/plugins\/seo\/ -->\n<title>Conteneur r\u00e9frig\u00e9r\u00e9 - KOALA 70 - MELFORM<\/title>\n<meta name=\"robots\" content=\"index, follow, max-snippet:-1, max-image-preview:large, max-video-preview:-1\" \/>\n<link rel=\"canonical\" href=\"https:\/\/www.melform.com\/fr\/conteneurs-\/catalogue-de-produits\/conteneurs-refrigeres\/conteneur-refrigere-koala-70\/\" \/>\n<meta property=\"og:locale\" content=\"fr_FR\" \/>\n<meta property=\"og:type\" content=\"article\" \/>\n<meta property=\"og:title\" content=\"Conteneur r\u00e9frig\u00e9r\u00e9 - KOALA 70 - MELFORM\" \/>\n<meta property=\"og:description\" content=\"Le KOALA 70 est un conteneur isotherme r\u00e9frig\u00e9r\u00e9 con\u00e7u pour le transport s\u00e9curis\u00e9 de produits \u00e0 temp\u00e9rature contr\u00f4l\u00e9e. Avec une capacit\u00e9 de 68 litres et des dimensions internes GN 1\/1, il garantit une excellente r\u00e9tention thermique, pr\u00e9servant les propri\u00e9t\u00e9s organoleptiques des aliments et r\u00e9duisant les risques de prolif\u00e9ration bact\u00e9rienne. Fabriqu\u00e9 en poly\u00e9thyl\u00e8ne de haute qualit\u00e9 [&hellip;]\" \/>\n<meta property=\"og:url\" content=\"https:\/\/www.melform.com\/fr\/conteneurs-\/catalogue-de-produits\/conteneurs-refrigeres\/conteneur-refrigere-koala-70\/\" \/>\n<meta property=\"og:site_name\" content=\"MELFORM\" \/>\n<meta property=\"article:modified_time\" content=\"2025-03-27T11:37:49+00:00\" \/>\n<meta property=\"og:image\" content=\"https:\/\/www.melform.com\/wp-content\/uploads\/2022\/10\/Koala_70-1.jpg\" \/>\n\t<meta property=\"og:image:width\" content=\"2000\" \/>\n\t<meta property=\"og:image:height\" content=\"2000\" \/>\n\t<meta property=\"og:image:type\" content=\"image\/jpeg\" \/>\n<meta name=\"twitter:card\" content=\"summary_large_image\" \/>\n<script type=\"application\/ld+json\" class=\"yoast-schema-graph\">{\"@context\":\"https:\/\/schema.org\",\"@graph\":[{\"@type\":\"WebPage\",\"@id\":\"https:\/\/www.melform.com\/fr\/conteneurs-\/catalogue-de-produits\/conteneurs-refrigeres\/conteneur-refrigere-koala-70\/\",\"url\":\"https:\/\/www.melform.com\/fr\/conteneurs-\/catalogue-de-produits\/conteneurs-refrigeres\/conteneur-refrigere-koala-70\/\",\"name\":\"Conteneur r\u00e9frig\u00e9r\u00e9 - KOALA 70 - MELFORM\",\"isPartOf\":{\"@id\":\"https:\/\/www.melform.com\/fr\/#website\"},\"primaryImageOfPage\":{\"@id\":\"https:\/\/www.melform.com\/fr\/conteneurs-\/catalogue-de-produits\/conteneurs-refrigeres\/conteneur-refrigere-koala-70\/#primaryimage\"},\"image\":{\"@id\":\"https:\/\/www.melform.com\/fr\/conteneurs-\/catalogue-de-produits\/conteneurs-refrigeres\/conteneur-refrigere-koala-70\/#primaryimage\"},\"thumbnailUrl\":\"https:\/\/www.melform.com\/wp-content\/uploads\/2022\/10\/Koala_70-1.jpg\",\"datePublished\":\"2022-10-07T15:00:02+00:00\",\"dateModified\":\"2025-03-27T11:37:49+00:00\",\"breadcrumb\":{\"@id\":\"https:\/\/www.melform.com\/fr\/conteneurs-\/catalogue-de-produits\/conteneurs-refrigeres\/conteneur-refrigere-koala-70\/#breadcrumb\"},\"inLanguage\":\"fr-FR\",\"potentialAction\":[{\"@type\":\"ReadAction\",\"target\":[\"https:\/\/www.melform.com\/fr\/conteneurs-\/catalogue-de-produits\/conteneurs-refrigeres\/conteneur-refrigere-koala-70\/\"]}]},{\"@type\":\"ImageObject\",\"inLanguage\":\"fr-FR\",\"@id\":\"https:\/\/www.melform.com\/fr\/conteneurs-\/catalogue-de-produits\/conteneurs-refrigeres\/conteneur-refrigere-koala-70\/#primaryimage\",\"url\":\"https:\/\/www.melform.com\/wp-content\/uploads\/2022\/10\/Koala_70-1.jpg\",\"contentUrl\":\"https:\/\/www.melform.com\/wp-content\/uploads\/2022\/10\/Koala_70-1.jpg\",\"width\":2000,\"height\":2000},{\"@type\":\"BreadcrumbList\",\"@id\":\"https:\/\/www.melform.com\/fr\/conteneurs-\/catalogue-de-produits\/conteneurs-refrigeres\/conteneur-refrigere-koala-70\/#breadcrumb\",\"itemListElement\":[{\"@type\":\"ListItem\",\"position\":1,\"name\":\"Home\",\"item\":\"https:\/\/www.melform.com\/fr\/\"},{\"@type\":\"ListItem\",\"position\":2,\"name\":\"Shop\",\"item\":\"https:\/\/www.melform.com\/fr\/shop\/\"},{\"@type\":\"ListItem\",\"position\":3,\"name\":\"Conteneur r\u00e9frig\u00e9r\u00e9 &#8211; KOALA 70\"}]},{\"@type\":\"WebSite\",\"@id\":\"https:\/\/www.melform.com\/fr\/#website\",\"url\":\"https:\/\/www.melform.com\/fr\/\",\"name\":\"MELFORM\",\"description\":\"SISTEMI PER IL TRASPORTO E STOCCAGGIO A TEMPERATURA CONTROLLATA\",\"potentialAction\":[{\"@type\":\"SearchAction\",\"target\":{\"@type\":\"EntryPoint\",\"urlTemplate\":\"https:\/\/www.melform.com\/fr\/?s={search_term_string}\"},\"query-input\":{\"@type\":\"PropertyValueSpecification\",\"valueRequired\":true,\"valueName\":\"search_term_string\"}}],\"inLanguage\":\"fr-FR\"}]}<\/script>\n<!-- \/ Yoast SEO plugin. -->","yoast_head_json":{"title":"Conteneur r\u00e9frig\u00e9r\u00e9 - KOALA 70 - MELFORM","robots":{"index":"index","follow":"follow","max-snippet":"max-snippet:-1","max-image-preview":"max-image-preview:large","max-video-preview":"max-video-preview:-1"},"canonical":"https:\/\/www.melform.com\/fr\/conteneurs-\/catalogue-de-produits\/conteneurs-refrigeres\/conteneur-refrigere-koala-70\/","og_locale":"fr_FR","og_type":"article","og_title":"Conteneur r\u00e9frig\u00e9r\u00e9 - KOALA 70 - MELFORM","og_description":"Le KOALA 70 est un conteneur isotherme r\u00e9frig\u00e9r\u00e9 con\u00e7u pour le transport s\u00e9curis\u00e9 de produits \u00e0 temp\u00e9rature contr\u00f4l\u00e9e. Avec une capacit\u00e9 de 68 litres et des dimensions internes GN 1\/1, il garantit une excellente r\u00e9tention thermique, pr\u00e9servant les propri\u00e9t\u00e9s organoleptiques des aliments et r\u00e9duisant les risques de prolif\u00e9ration bact\u00e9rienne. Fabriqu\u00e9 en poly\u00e9thyl\u00e8ne de haute qualit\u00e9 [&hellip;]","og_url":"https:\/\/www.melform.com\/fr\/conteneurs-\/catalogue-de-produits\/conteneurs-refrigeres\/conteneur-refrigere-koala-70\/","og_site_name":"MELFORM","article_modified_time":"2025-03-27T11:37:49+00:00","og_image":[{"width":2000,"height":2000,"url":"https:\/\/www.melform.com\/wp-content\/uploads\/2022\/10\/Koala_70-1.jpg","type":"image\/jpeg"}],"twitter_card":"summary_large_image","schema":{"@context":"https:\/\/schema.org","@graph":[{"@type":"WebPage","@id":"https:\/\/www.melform.com\/fr\/conteneurs-\/catalogue-de-produits\/conteneurs-refrigeres\/conteneur-refrigere-koala-70\/","url":"https:\/\/www.melform.com\/fr\/conteneurs-\/catalogue-de-produits\/conteneurs-refrigeres\/conteneur-refrigere-koala-70\/","name":"Conteneur r\u00e9frig\u00e9r\u00e9 - KOALA 70 - MELFORM","isPartOf":{"@id":"https:\/\/www.melform.com\/fr\/#website"},"primaryImageOfPage":{"@id":"https:\/\/www.melform.com\/fr\/conteneurs-\/catalogue-de-produits\/conteneurs-refrigeres\/conteneur-refrigere-koala-70\/#primaryimage"},"image":{"@id":"https:\/\/www.melform.com\/fr\/conteneurs-\/catalogue-de-produits\/conteneurs-refrigeres\/conteneur-refrigere-koala-70\/#primaryimage"},"thumbnailUrl":"https:\/\/www.melform.com\/wp-content\/uploads\/2022\/10\/Koala_70-1.jpg","datePublished":"2022-10-07T15:00:02+00:00","dateModified":"2025-03-27T11:37:49+00:00","breadcrumb":{"@id":"https:\/\/www.melform.com\/fr\/conteneurs-\/catalogue-de-produits\/conteneurs-refrigeres\/conteneur-refrigere-koala-70\/#breadcrumb"},"inLanguage":"fr-FR","potentialAction":[{"@type":"ReadAction","target":["https:\/\/www.melform.com\/fr\/conteneurs-\/catalogue-de-produits\/conteneurs-refrigeres\/conteneur-refrigere-koala-70\/"]}]},{"@type":"ImageObject","inLanguage":"fr-FR","@id":"https:\/\/www.melform.com\/fr\/conteneurs-\/catalogue-de-produits\/conteneurs-refrigeres\/conteneur-refrigere-koala-70\/#primaryimage","url":"https:\/\/www.melform.com\/wp-content\/uploads\/2022\/10\/Koala_70-1.jpg","contentUrl":"https:\/\/www.melform.com\/wp-content\/uploads\/2022\/10\/Koala_70-1.jpg","width":2000,"height":2000},{"@type":"BreadcrumbList","@id":"https:\/\/www.melform.com\/fr\/conteneurs-\/catalogue-de-produits\/conteneurs-refrigeres\/conteneur-refrigere-koala-70\/#breadcrumb","itemListElement":[{"@type":"ListItem","position":1,"name":"Home","item":"https:\/\/www.melform.com\/fr\/"},{"@type":"ListItem","position":2,"name":"Shop","item":"https:\/\/www.melform.com\/fr\/shop\/"},{"@type":"ListItem","position":3,"name":"Conteneur r\u00e9frig\u00e9r\u00e9 &#8211; KOALA 70"}]},{"@type":"WebSite","@id":"https:\/\/www.melform.com\/fr\/#website","url":"https:\/\/www.melform.com\/fr\/","name":"MELFORM","description":"SISTEMI PER IL TRASPORTO E STOCCAGGIO A TEMPERATURA CONTROLLATA","potentialAction":[{"@type":"SearchAction","target":{"@type":"EntryPoint","urlTemplate":"https:\/\/www.melform.com\/fr\/?s={search_term_string}"},"query-input":{"@type":"PropertyValueSpecification","valueRequired":true,"valueName":"search_term_string"}}],"inLanguage":"fr-FR"}]}},"_links":{"self":[{"href":"https:\/\/www.melform.com\/fr\/wp-json\/wp\/v2\/product\/8199","targetHints":{"allow":["GET"]}}],"collection":[{"href":"https:\/\/www.melform.com\/fr\/wp-json\/wp\/v2\/product"}],"about":[{"href":"https:\/\/www.melform.com\/fr\/wp-json\/wp\/v2\/types\/product"}],"wp:featuredmedia":[{"embeddable":true,"href":"https:\/\/www.melform.com\/fr\/wp-json\/wp\/v2\/media\/20727"}],"wp:attachment":[{"href":"https:\/\/www.melform.com\/fr\/wp-json\/wp\/v2\/media?parent=8199"}],"wp:term":[{"taxonomy":"product_brand","embeddable":true,"href":"https:\/\/www.melform.com\/fr\/wp-json\/wp\/v2\/product_brand?post=8199"},{"taxonomy":"product_cat","embeddable":true,"href":"https:\/\/www.melform.com\/fr\/wp-json\/wp\/v2\/product_cat?post=8199"},{"taxonomy":"product_tag","embeddable":true,"href":"https:\/\/www.melform.com\/fr\/wp-json\/wp\/v2\/product_tag?post=8199"}],"curies":[{"name":"wp","href":"https:\/\/api.w.org\/{rel}","templated":true}]}}