{"id":8213,"date":"2022-10-07T17:00:41","date_gmt":"2022-10-07T15:00:41","guid":{"rendered":"https:\/\/www.melform.com\/product\/contenitore-isotermico-refrigerato-koala-90\/"},"modified":"2025-03-27T12:46:36","modified_gmt":"2025-03-27T10:46:36","slug":"conteneur-refrigere-koala-90","status":"publish","type":"product","link":"https:\/\/www.melform.com\/fr\/conteneurs-\/catalogue-de-produits\/conteneurs-refrigeres\/conteneur-refrigere-koala-90\/","title":{"rendered":"Conteneur r\u00e9frig\u00e9r\u00e9 &#8211; KOALA 90"},"content":{"rendered":"Le KOALA 90 est un conteneur isotherme r\u00e9frig\u00e9r\u00e9 con\u00e7u pour garantir le transport s\u00e9curis\u00e9 et efficace de produits \u00e0 temp\u00e9rature contr\u00f4l\u00e9e. Avec une capacit\u00e9 de 90 litres et des dimensions internes GN 1\/1, il offre une excellente r\u00e9tention thermique, pr\u00e9servant les propri\u00e9t\u00e9s organoleptiques des aliments et r\u00e9duisant au minimum les risques de prolif\u00e9ration bact\u00e9rienne.\u00a0Fabriqu\u00e9 en poly\u00e9thyl\u00e8ne de haute qualit\u00e9 et isol\u00e9 avec une mousse polyur\u00e9thane \u00e9cologique sans CFC ni HCFC, le KOALA 90.\r\n<ul>\r\n \t<li><strong>Capacit\u00e9 :<\/strong> 90 litres<\/li>\r\n \t<li><strong>Mat\u00e9riau :<\/strong> Poly\u00e9thyl\u00e8ne robuste et hautement isolant<\/li>\r\n \t<li><strong>Isolation :<\/strong> Mousse polyur\u00e9thane \u00e9cologique (sans CFC ni HCFC)<\/li>\r\n \t<li><strong>Design pratique :<\/strong> Ouverture frontale pour un acc\u00e8s facile et rapide aux produits<\/li>\r\n \t<li><strong>Modularit\u00e9 :<\/strong> Empilable et compatible avec les syst\u00e8mes de transport multi-temp\u00e9ratures<\/li>\r\n \t<li><strong>Polyvalence :<\/strong> Dimensions internes GN 1\/1, id\u00e9ales pour une large gamme d&#8217;utilisations<\/li>\r\n<\/ul>","protected":false},"excerpt":{"rendered":"Le KOALA 90 est un conteneur isotherme r\u00e9frig\u00e9r\u00e9 con\u00e7u pour garantir le transport s\u00e9curis\u00e9 et efficace de produits \u00e0 temp\u00e9rature contr\u00f4l\u00e9e. Avec une capacit\u00e9 de 90 litres et des dimensions internes GN 1\/1, il offre une excellente r\u00e9tention thermique, pr\u00e9servant les propri\u00e9t\u00e9s organoleptiques des aliments et r\u00e9duisant au minimum les risques de prolif\u00e9ration bact\u00e9rienne.\u00a0Fabriqu\u00e9 en [&hellip;]","protected":false},"featured_media":9033,"template":"","meta":{"_acf_changed":false,"_themeisle_gutenberg_block_has_review":false},"product_brand":[],"product_cat":[912,236,237],"product_tag":[],"class_list":{"0":"post-8213","1":"product","2":"type-product","3":"status-publish","4":"has-post-thumbnail","6":"product_cat-catalogue-de-produits","7":"product_cat-conteneurs-refrigeres","8":"product_cat-conteneurs-isothermes-refrigeres-koala","9":"pa_linea-koala-fr","10":"pa_range-di-temperatura-0c-10-fr","11":"pa_range-di-temperatura-0c-40-fr","13":"first","14":"instock","15":"product-type-variable","16":"has-default-attributes","17":"wvs-archive-product-wrapper"},"acf":[],"yoast_head":"<!-- This site is optimized with the Yoast SEO plugin v26.4 - https:\/\/yoast.com\/wordpress\/plugins\/seo\/ -->\n<title>Conteneur r\u00e9frig\u00e9r\u00e9 - KOALA 90 - MELFORM<\/title>\n<meta name=\"robots\" content=\"index, follow, max-snippet:-1, max-image-preview:large, max-video-preview:-1\" \/>\n<link rel=\"canonical\" href=\"https:\/\/www.melform.com\/fr\/conteneurs-\/catalogue-de-produits\/conteneurs-refrigeres\/conteneur-refrigere-koala-90\/\" \/>\n<meta property=\"og:locale\" content=\"fr_FR\" \/>\n<meta property=\"og:type\" content=\"article\" \/>\n<meta property=\"og:title\" content=\"Conteneur r\u00e9frig\u00e9r\u00e9 - KOALA 90 - MELFORM\" \/>\n<meta property=\"og:description\" content=\"Le KOALA 90 est un conteneur isotherme r\u00e9frig\u00e9r\u00e9 con\u00e7u pour garantir le transport s\u00e9curis\u00e9 et efficace de produits \u00e0 temp\u00e9rature contr\u00f4l\u00e9e. Avec une capacit\u00e9 de 90 litres et des dimensions internes GN 1\/1, il offre une excellente r\u00e9tention thermique, pr\u00e9servant les propri\u00e9t\u00e9s organoleptiques des aliments et r\u00e9duisant au minimum les risques de prolif\u00e9ration bact\u00e9rienne.\u00a0Fabriqu\u00e9 en [&hellip;]\" \/>\n<meta property=\"og:url\" content=\"https:\/\/www.melform.com\/fr\/conteneurs-\/catalogue-de-produits\/conteneurs-refrigeres\/conteneur-refrigere-koala-90\/\" \/>\n<meta property=\"og:site_name\" content=\"MELFORM\" \/>\n<meta property=\"article:modified_time\" content=\"2025-03-27T10:46:36+00:00\" \/>\n<meta property=\"og:image\" content=\"https:\/\/www.melform.com\/wp-content\/uploads\/2022\/10\/K90AFDSDZM0K90AFDSDYM0-1-1-1-e1668432945836.jpg\" \/>\n\t<meta property=\"og:image:width\" content=\"1200\" \/>\n\t<meta property=\"og:image:height\" content=\"1200\" \/>\n\t<meta property=\"og:image:type\" content=\"image\/jpeg\" \/>\n<meta name=\"twitter:card\" content=\"summary_large_image\" \/>\n<script type=\"application\/ld+json\" class=\"yoast-schema-graph\">{\"@context\":\"https:\/\/schema.org\",\"@graph\":[{\"@type\":\"WebPage\",\"@id\":\"https:\/\/www.melform.com\/fr\/conteneurs-\/catalogue-de-produits\/conteneurs-refrigeres\/conteneur-refrigere-koala-90\/\",\"url\":\"https:\/\/www.melform.com\/fr\/conteneurs-\/catalogue-de-produits\/conteneurs-refrigeres\/conteneur-refrigere-koala-90\/\",\"name\":\"Conteneur r\u00e9frig\u00e9r\u00e9 - KOALA 90 - MELFORM\",\"isPartOf\":{\"@id\":\"https:\/\/www.melform.com\/fr\/#website\"},\"primaryImageOfPage\":{\"@id\":\"https:\/\/www.melform.com\/fr\/conteneurs-\/catalogue-de-produits\/conteneurs-refrigeres\/conteneur-refrigere-koala-90\/#primaryimage\"},\"image\":{\"@id\":\"https:\/\/www.melform.com\/fr\/conteneurs-\/catalogue-de-produits\/conteneurs-refrigeres\/conteneur-refrigere-koala-90\/#primaryimage\"},\"thumbnailUrl\":\"https:\/\/www.melform.com\/wp-content\/uploads\/2022\/10\/K90AFDSDZM0K90AFDSDYM0-1-1-1-e1668432945836.jpg\",\"datePublished\":\"2022-10-07T15:00:41+00:00\",\"dateModified\":\"2025-03-27T10:46:36+00:00\",\"breadcrumb\":{\"@id\":\"https:\/\/www.melform.com\/fr\/conteneurs-\/catalogue-de-produits\/conteneurs-refrigeres\/conteneur-refrigere-koala-90\/#breadcrumb\"},\"inLanguage\":\"fr-FR\",\"potentialAction\":[{\"@type\":\"ReadAction\",\"target\":[\"https:\/\/www.melform.com\/fr\/conteneurs-\/catalogue-de-produits\/conteneurs-refrigeres\/conteneur-refrigere-koala-90\/\"]}]},{\"@type\":\"ImageObject\",\"inLanguage\":\"fr-FR\",\"@id\":\"https:\/\/www.melform.com\/fr\/conteneurs-\/catalogue-de-produits\/conteneurs-refrigeres\/conteneur-refrigere-koala-90\/#primaryimage\",\"url\":\"https:\/\/www.melform.com\/wp-content\/uploads\/2022\/10\/K90AFDSDZM0K90AFDSDYM0-1-1-1-e1668432945836.jpg\",\"contentUrl\":\"https:\/\/www.melform.com\/wp-content\/uploads\/2022\/10\/K90AFDSDZM0K90AFDSDYM0-1-1-1-e1668432945836.jpg\",\"width\":1200,\"height\":1200},{\"@type\":\"BreadcrumbList\",\"@id\":\"https:\/\/www.melform.com\/fr\/conteneurs-\/catalogue-de-produits\/conteneurs-refrigeres\/conteneur-refrigere-koala-90\/#breadcrumb\",\"itemListElement\":[{\"@type\":\"ListItem\",\"position\":1,\"name\":\"Home\",\"item\":\"https:\/\/www.melform.com\/fr\/\"},{\"@type\":\"ListItem\",\"position\":2,\"name\":\"Shop\",\"item\":\"https:\/\/www.melform.com\/fr\/shop\/\"},{\"@type\":\"ListItem\",\"position\":3,\"name\":\"Conteneur r\u00e9frig\u00e9r\u00e9 &#8211; KOALA 90\"}]},{\"@type\":\"WebSite\",\"@id\":\"https:\/\/www.melform.com\/fr\/#website\",\"url\":\"https:\/\/www.melform.com\/fr\/\",\"name\":\"MELFORM\",\"description\":\"SISTEMI PER IL TRASPORTO E STOCCAGGIO A TEMPERATURA CONTROLLATA\",\"potentialAction\":[{\"@type\":\"SearchAction\",\"target\":{\"@type\":\"EntryPoint\",\"urlTemplate\":\"https:\/\/www.melform.com\/fr\/?s={search_term_string}\"},\"query-input\":{\"@type\":\"PropertyValueSpecification\",\"valueRequired\":true,\"valueName\":\"search_term_string\"}}],\"inLanguage\":\"fr-FR\"}]}<\/script>\n<!-- \/ Yoast SEO plugin. -->","yoast_head_json":{"title":"Conteneur r\u00e9frig\u00e9r\u00e9 - KOALA 90 - MELFORM","robots":{"index":"index","follow":"follow","max-snippet":"max-snippet:-1","max-image-preview":"max-image-preview:large","max-video-preview":"max-video-preview:-1"},"canonical":"https:\/\/www.melform.com\/fr\/conteneurs-\/catalogue-de-produits\/conteneurs-refrigeres\/conteneur-refrigere-koala-90\/","og_locale":"fr_FR","og_type":"article","og_title":"Conteneur r\u00e9frig\u00e9r\u00e9 - KOALA 90 - MELFORM","og_description":"Le KOALA 90 est un conteneur isotherme r\u00e9frig\u00e9r\u00e9 con\u00e7u pour garantir le transport s\u00e9curis\u00e9 et efficace de produits \u00e0 temp\u00e9rature contr\u00f4l\u00e9e. Avec une capacit\u00e9 de 90 litres et des dimensions internes GN 1\/1, il offre une excellente r\u00e9tention thermique, pr\u00e9servant les propri\u00e9t\u00e9s organoleptiques des aliments et r\u00e9duisant au minimum les risques de prolif\u00e9ration bact\u00e9rienne.\u00a0Fabriqu\u00e9 en [&hellip;]","og_url":"https:\/\/www.melform.com\/fr\/conteneurs-\/catalogue-de-produits\/conteneurs-refrigeres\/conteneur-refrigere-koala-90\/","og_site_name":"MELFORM","article_modified_time":"2025-03-27T10:46:36+00:00","og_image":[{"width":1200,"height":1200,"url":"https:\/\/www.melform.com\/wp-content\/uploads\/2022\/10\/K90AFDSDZM0K90AFDSDYM0-1-1-1-e1668432945836.jpg","type":"image\/jpeg"}],"twitter_card":"summary_large_image","schema":{"@context":"https:\/\/schema.org","@graph":[{"@type":"WebPage","@id":"https:\/\/www.melform.com\/fr\/conteneurs-\/catalogue-de-produits\/conteneurs-refrigeres\/conteneur-refrigere-koala-90\/","url":"https:\/\/www.melform.com\/fr\/conteneurs-\/catalogue-de-produits\/conteneurs-refrigeres\/conteneur-refrigere-koala-90\/","name":"Conteneur r\u00e9frig\u00e9r\u00e9 - KOALA 90 - MELFORM","isPartOf":{"@id":"https:\/\/www.melform.com\/fr\/#website"},"primaryImageOfPage":{"@id":"https:\/\/www.melform.com\/fr\/conteneurs-\/catalogue-de-produits\/conteneurs-refrigeres\/conteneur-refrigere-koala-90\/#primaryimage"},"image":{"@id":"https:\/\/www.melform.com\/fr\/conteneurs-\/catalogue-de-produits\/conteneurs-refrigeres\/conteneur-refrigere-koala-90\/#primaryimage"},"thumbnailUrl":"https:\/\/www.melform.com\/wp-content\/uploads\/2022\/10\/K90AFDSDZM0K90AFDSDYM0-1-1-1-e1668432945836.jpg","datePublished":"2022-10-07T15:00:41+00:00","dateModified":"2025-03-27T10:46:36+00:00","breadcrumb":{"@id":"https:\/\/www.melform.com\/fr\/conteneurs-\/catalogue-de-produits\/conteneurs-refrigeres\/conteneur-refrigere-koala-90\/#breadcrumb"},"inLanguage":"fr-FR","potentialAction":[{"@type":"ReadAction","target":["https:\/\/www.melform.com\/fr\/conteneurs-\/catalogue-de-produits\/conteneurs-refrigeres\/conteneur-refrigere-koala-90\/"]}]},{"@type":"ImageObject","inLanguage":"fr-FR","@id":"https:\/\/www.melform.com\/fr\/conteneurs-\/catalogue-de-produits\/conteneurs-refrigeres\/conteneur-refrigere-koala-90\/#primaryimage","url":"https:\/\/www.melform.com\/wp-content\/uploads\/2022\/10\/K90AFDSDZM0K90AFDSDYM0-1-1-1-e1668432945836.jpg","contentUrl":"https:\/\/www.melform.com\/wp-content\/uploads\/2022\/10\/K90AFDSDZM0K90AFDSDYM0-1-1-1-e1668432945836.jpg","width":1200,"height":1200},{"@type":"BreadcrumbList","@id":"https:\/\/www.melform.com\/fr\/conteneurs-\/catalogue-de-produits\/conteneurs-refrigeres\/conteneur-refrigere-koala-90\/#breadcrumb","itemListElement":[{"@type":"ListItem","position":1,"name":"Home","item":"https:\/\/www.melform.com\/fr\/"},{"@type":"ListItem","position":2,"name":"Shop","item":"https:\/\/www.melform.com\/fr\/shop\/"},{"@type":"ListItem","position":3,"name":"Conteneur r\u00e9frig\u00e9r\u00e9 &#8211; KOALA 90"}]},{"@type":"WebSite","@id":"https:\/\/www.melform.com\/fr\/#website","url":"https:\/\/www.melform.com\/fr\/","name":"MELFORM","description":"SISTEMI PER IL TRASPORTO E STOCCAGGIO A TEMPERATURA CONTROLLATA","potentialAction":[{"@type":"SearchAction","target":{"@type":"EntryPoint","urlTemplate":"https:\/\/www.melform.com\/fr\/?s={search_term_string}"},"query-input":{"@type":"PropertyValueSpecification","valueRequired":true,"valueName":"search_term_string"}}],"inLanguage":"fr-FR"}]}},"_links":{"self":[{"href":"https:\/\/www.melform.com\/fr\/wp-json\/wp\/v2\/product\/8213","targetHints":{"allow":["GET"]}}],"collection":[{"href":"https:\/\/www.melform.com\/fr\/wp-json\/wp\/v2\/product"}],"about":[{"href":"https:\/\/www.melform.com\/fr\/wp-json\/wp\/v2\/types\/product"}],"wp:featuredmedia":[{"embeddable":true,"href":"https:\/\/www.melform.com\/fr\/wp-json\/wp\/v2\/media\/9033"}],"wp:attachment":[{"href":"https:\/\/www.melform.com\/fr\/wp-json\/wp\/v2\/media?parent=8213"}],"wp:term":[{"taxonomy":"product_brand","embeddable":true,"href":"https:\/\/www.melform.com\/fr\/wp-json\/wp\/v2\/product_brand?post=8213"},{"taxonomy":"product_cat","embeddable":true,"href":"https:\/\/www.melform.com\/fr\/wp-json\/wp\/v2\/product_cat?post=8213"},{"taxonomy":"product_tag","embeddable":true,"href":"https:\/\/www.melform.com\/fr\/wp-json\/wp\/v2\/product_tag?post=8213"}],"curies":[{"name":"wp","href":"https:\/\/api.w.org\/{rel}","templated":true}]}}