{"id":8218,"date":"2022-10-07T17:01:02","date_gmt":"2022-10-07T15:01:02","guid":{"rendered":"https:\/\/www.melform.com\/product\/contenitore-isotermico-refrigerato-koala-140\/"},"modified":"2025-03-27T12:57:22","modified_gmt":"2025-03-27T10:57:22","slug":"conteneur-refrigere-koala-140","status":"publish","type":"product","link":"https:\/\/www.melform.com\/fr\/conteneurs-\/catalogue-de-produits\/conteneurs-refrigeres\/conteneur-refrigere-koala-140\/","title":{"rendered":"Conteneur r\u00e9frig\u00e9r\u00e9 &#8211; KOALA 140"},"content":{"rendered":"Le KOALA 140 est un conteneur isotherme r\u00e9frig\u00e9r\u00e9 con\u00e7u pour le transport s\u00e9curis\u00e9 de produits \u00e0 temp\u00e9rature contr\u00f4l\u00e9e.\u00a0 Son design empilable le rend pratique et id\u00e9al pour optimiser l\u2019espace lors du transport et du stockage.\r\n<ul>\r\n \t<li><strong>Capacit\u00e9 :<\/strong> 135 litres<\/li>\r\n \t<li><strong>Mat\u00e9riau :<\/strong> Poly\u00e9thyl\u00e8ne robuste et hautement isolant<\/li>\r\n \t<li><strong>Isolation :<\/strong> Mousse polyur\u00e9thane \u00e9cologique (sans CFC ni HCFC)<\/li>\r\n \t<li><strong>Design pratique :<\/strong> Ouverture frontale pour un acc\u00e8s facile aux produits<\/li>\r\n \t<li><strong>Modularit\u00e9 :<\/strong> Empilable pour un transport et un stockage efficaces<\/li>\r\n \t<li><strong>Dimensions internes :<\/strong> 600&#215;400 mm<\/li>\r\n<\/ul>","protected":false},"excerpt":{"rendered":"Le KOALA 140 est un conteneur isotherme r\u00e9frig\u00e9r\u00e9 con\u00e7u pour le transport s\u00e9curis\u00e9 de produits \u00e0 temp\u00e9rature contr\u00f4l\u00e9e.\u00a0 Son design empilable le rend pratique et id\u00e9al pour optimiser l\u2019espace lors du transport et du stockage. Capacit\u00e9 : 135 litres Mat\u00e9riau : Poly\u00e9thyl\u00e8ne robuste et hautement isolant Isolation : Mousse polyur\u00e9thane \u00e9cologique (sans CFC ni HCFC) [&hellip;]","protected":false},"featured_media":5699,"template":"","meta":{"_acf_changed":false,"_themeisle_gutenberg_block_has_review":false},"product_brand":[],"product_cat":[912,236,237],"product_tag":[],"class_list":{"0":"post-8218","1":"product","2":"type-product","3":"status-publish","4":"has-post-thumbnail","6":"product_cat-catalogue-de-produits","7":"product_cat-conteneurs-refrigeres","8":"product_cat-conteneurs-isothermes-refrigeres-koala","9":"pa_linea-koala-fr","10":"pa_range-di-temperatura-25c-40-fr","11":"pa_range-di-temperatura-25c-10c-fr","12":"pa_range-di-temperatura-30c-40-fr","13":"pa_range-di-temperatura-30c-10c-fr","14":"pa_range-di-temperatura-0c-40-fr","15":"pa_range-di-temperatura-0c-10c-fr","17":"first","18":"instock","19":"product-type-variable","20":"has-default-attributes","21":"wvs-archive-product-wrapper"},"acf":[],"yoast_head":"<!-- This site is optimized with the Yoast SEO plugin v26.4 - https:\/\/yoast.com\/wordpress\/plugins\/seo\/ -->\n<title>Conteneur r\u00e9frig\u00e9r\u00e9 - KOALA 140 - MELFORM<\/title>\n<meta name=\"robots\" content=\"index, follow, max-snippet:-1, max-image-preview:large, max-video-preview:-1\" \/>\n<link rel=\"canonical\" href=\"https:\/\/www.melform.com\/fr\/conteneurs-\/catalogue-de-produits\/conteneurs-refrigeres\/conteneur-refrigere-koala-140\/\" \/>\n<meta property=\"og:locale\" content=\"fr_FR\" \/>\n<meta property=\"og:type\" content=\"article\" \/>\n<meta property=\"og:title\" content=\"Conteneur r\u00e9frig\u00e9r\u00e9 - KOALA 140 - MELFORM\" \/>\n<meta property=\"og:description\" content=\"Le KOALA 140 est un conteneur isotherme r\u00e9frig\u00e9r\u00e9 con\u00e7u pour le transport s\u00e9curis\u00e9 de produits \u00e0 temp\u00e9rature contr\u00f4l\u00e9e.\u00a0 Son design empilable le rend pratique et id\u00e9al pour optimiser l\u2019espace lors du transport et du stockage. Capacit\u00e9 : 135 litres Mat\u00e9riau : Poly\u00e9thyl\u00e8ne robuste et hautement isolant Isolation : Mousse polyur\u00e9thane \u00e9cologique (sans CFC ni HCFC) [&hellip;]\" \/>\n<meta property=\"og:url\" content=\"https:\/\/www.melform.com\/fr\/conteneurs-\/catalogue-de-produits\/conteneurs-refrigeres\/conteneur-refrigere-koala-140\/\" \/>\n<meta property=\"og:site_name\" content=\"MELFORM\" \/>\n<meta property=\"article:modified_time\" content=\"2025-03-27T10:57:22+00:00\" \/>\n<meta property=\"og:image\" content=\"https:\/\/www.melform.com\/wp-content\/uploads\/2022\/10\/K140AFISAZM0K140AFISCZM0K140AFISBZM0K140AFISCYM0K140AFISBYM0K140AFISAYM01-e1667566873516.jpg\" \/>\n\t<meta property=\"og:image:width\" content=\"1200\" \/>\n\t<meta property=\"og:image:height\" content=\"1200\" \/>\n\t<meta property=\"og:image:type\" content=\"image\/jpeg\" \/>\n<meta name=\"twitter:card\" content=\"summary_large_image\" \/>\n<script type=\"application\/ld+json\" class=\"yoast-schema-graph\">{\"@context\":\"https:\/\/schema.org\",\"@graph\":[{\"@type\":\"WebPage\",\"@id\":\"https:\/\/www.melform.com\/fr\/conteneurs-\/catalogue-de-produits\/conteneurs-refrigeres\/conteneur-refrigere-koala-140\/\",\"url\":\"https:\/\/www.melform.com\/fr\/conteneurs-\/catalogue-de-produits\/conteneurs-refrigeres\/conteneur-refrigere-koala-140\/\",\"name\":\"Conteneur r\u00e9frig\u00e9r\u00e9 - KOALA 140 - MELFORM\",\"isPartOf\":{\"@id\":\"https:\/\/www.melform.com\/fr\/#website\"},\"primaryImageOfPage\":{\"@id\":\"https:\/\/www.melform.com\/fr\/conteneurs-\/catalogue-de-produits\/conteneurs-refrigeres\/conteneur-refrigere-koala-140\/#primaryimage\"},\"image\":{\"@id\":\"https:\/\/www.melform.com\/fr\/conteneurs-\/catalogue-de-produits\/conteneurs-refrigeres\/conteneur-refrigere-koala-140\/#primaryimage\"},\"thumbnailUrl\":\"https:\/\/www.melform.com\/wp-content\/uploads\/2022\/10\/K140AFISAZM0K140AFISCZM0K140AFISBZM0K140AFISCYM0K140AFISBYM0K140AFISAYM01-e1667566873516.jpg\",\"datePublished\":\"2022-10-07T15:01:02+00:00\",\"dateModified\":\"2025-03-27T10:57:22+00:00\",\"breadcrumb\":{\"@id\":\"https:\/\/www.melform.com\/fr\/conteneurs-\/catalogue-de-produits\/conteneurs-refrigeres\/conteneur-refrigere-koala-140\/#breadcrumb\"},\"inLanguage\":\"fr-FR\",\"potentialAction\":[{\"@type\":\"ReadAction\",\"target\":[\"https:\/\/www.melform.com\/fr\/conteneurs-\/catalogue-de-produits\/conteneurs-refrigeres\/conteneur-refrigere-koala-140\/\"]}]},{\"@type\":\"ImageObject\",\"inLanguage\":\"fr-FR\",\"@id\":\"https:\/\/www.melform.com\/fr\/conteneurs-\/catalogue-de-produits\/conteneurs-refrigeres\/conteneur-refrigere-koala-140\/#primaryimage\",\"url\":\"https:\/\/www.melform.com\/wp-content\/uploads\/2022\/10\/K140AFISAZM0K140AFISCZM0K140AFISBZM0K140AFISCYM0K140AFISBYM0K140AFISAYM01-e1667566873516.jpg\",\"contentUrl\":\"https:\/\/www.melform.com\/wp-content\/uploads\/2022\/10\/K140AFISAZM0K140AFISCZM0K140AFISBZM0K140AFISCYM0K140AFISBYM0K140AFISAYM01-e1667566873516.jpg\",\"width\":1200,\"height\":1200},{\"@type\":\"BreadcrumbList\",\"@id\":\"https:\/\/www.melform.com\/fr\/conteneurs-\/catalogue-de-produits\/conteneurs-refrigeres\/conteneur-refrigere-koala-140\/#breadcrumb\",\"itemListElement\":[{\"@type\":\"ListItem\",\"position\":1,\"name\":\"Home\",\"item\":\"https:\/\/www.melform.com\/fr\/\"},{\"@type\":\"ListItem\",\"position\":2,\"name\":\"Shop\",\"item\":\"https:\/\/www.melform.com\/fr\/shop\/\"},{\"@type\":\"ListItem\",\"position\":3,\"name\":\"Conteneur r\u00e9frig\u00e9r\u00e9 &#8211; KOALA 140\"}]},{\"@type\":\"WebSite\",\"@id\":\"https:\/\/www.melform.com\/fr\/#website\",\"url\":\"https:\/\/www.melform.com\/fr\/\",\"name\":\"MELFORM\",\"description\":\"SISTEMI PER IL TRASPORTO E STOCCAGGIO A TEMPERATURA CONTROLLATA\",\"potentialAction\":[{\"@type\":\"SearchAction\",\"target\":{\"@type\":\"EntryPoint\",\"urlTemplate\":\"https:\/\/www.melform.com\/fr\/?s={search_term_string}\"},\"query-input\":{\"@type\":\"PropertyValueSpecification\",\"valueRequired\":true,\"valueName\":\"search_term_string\"}}],\"inLanguage\":\"fr-FR\"}]}<\/script>\n<!-- \/ Yoast SEO plugin. -->","yoast_head_json":{"title":"Conteneur r\u00e9frig\u00e9r\u00e9 - KOALA 140 - MELFORM","robots":{"index":"index","follow":"follow","max-snippet":"max-snippet:-1","max-image-preview":"max-image-preview:large","max-video-preview":"max-video-preview:-1"},"canonical":"https:\/\/www.melform.com\/fr\/conteneurs-\/catalogue-de-produits\/conteneurs-refrigeres\/conteneur-refrigere-koala-140\/","og_locale":"fr_FR","og_type":"article","og_title":"Conteneur r\u00e9frig\u00e9r\u00e9 - KOALA 140 - MELFORM","og_description":"Le KOALA 140 est un conteneur isotherme r\u00e9frig\u00e9r\u00e9 con\u00e7u pour le transport s\u00e9curis\u00e9 de produits \u00e0 temp\u00e9rature contr\u00f4l\u00e9e.\u00a0 Son design empilable le rend pratique et id\u00e9al pour optimiser l\u2019espace lors du transport et du stockage. Capacit\u00e9 : 135 litres Mat\u00e9riau : Poly\u00e9thyl\u00e8ne robuste et hautement isolant Isolation : Mousse polyur\u00e9thane \u00e9cologique (sans CFC ni HCFC) [&hellip;]","og_url":"https:\/\/www.melform.com\/fr\/conteneurs-\/catalogue-de-produits\/conteneurs-refrigeres\/conteneur-refrigere-koala-140\/","og_site_name":"MELFORM","article_modified_time":"2025-03-27T10:57:22+00:00","og_image":[{"width":1200,"height":1200,"url":"https:\/\/www.melform.com\/wp-content\/uploads\/2022\/10\/K140AFISAZM0K140AFISCZM0K140AFISBZM0K140AFISCYM0K140AFISBYM0K140AFISAYM01-e1667566873516.jpg","type":"image\/jpeg"}],"twitter_card":"summary_large_image","schema":{"@context":"https:\/\/schema.org","@graph":[{"@type":"WebPage","@id":"https:\/\/www.melform.com\/fr\/conteneurs-\/catalogue-de-produits\/conteneurs-refrigeres\/conteneur-refrigere-koala-140\/","url":"https:\/\/www.melform.com\/fr\/conteneurs-\/catalogue-de-produits\/conteneurs-refrigeres\/conteneur-refrigere-koala-140\/","name":"Conteneur r\u00e9frig\u00e9r\u00e9 - KOALA 140 - MELFORM","isPartOf":{"@id":"https:\/\/www.melform.com\/fr\/#website"},"primaryImageOfPage":{"@id":"https:\/\/www.melform.com\/fr\/conteneurs-\/catalogue-de-produits\/conteneurs-refrigeres\/conteneur-refrigere-koala-140\/#primaryimage"},"image":{"@id":"https:\/\/www.melform.com\/fr\/conteneurs-\/catalogue-de-produits\/conteneurs-refrigeres\/conteneur-refrigere-koala-140\/#primaryimage"},"thumbnailUrl":"https:\/\/www.melform.com\/wp-content\/uploads\/2022\/10\/K140AFISAZM0K140AFISCZM0K140AFISBZM0K140AFISCYM0K140AFISBYM0K140AFISAYM01-e1667566873516.jpg","datePublished":"2022-10-07T15:01:02+00:00","dateModified":"2025-03-27T10:57:22+00:00","breadcrumb":{"@id":"https:\/\/www.melform.com\/fr\/conteneurs-\/catalogue-de-produits\/conteneurs-refrigeres\/conteneur-refrigere-koala-140\/#breadcrumb"},"inLanguage":"fr-FR","potentialAction":[{"@type":"ReadAction","target":["https:\/\/www.melform.com\/fr\/conteneurs-\/catalogue-de-produits\/conteneurs-refrigeres\/conteneur-refrigere-koala-140\/"]}]},{"@type":"ImageObject","inLanguage":"fr-FR","@id":"https:\/\/www.melform.com\/fr\/conteneurs-\/catalogue-de-produits\/conteneurs-refrigeres\/conteneur-refrigere-koala-140\/#primaryimage","url":"https:\/\/www.melform.com\/wp-content\/uploads\/2022\/10\/K140AFISAZM0K140AFISCZM0K140AFISBZM0K140AFISCYM0K140AFISBYM0K140AFISAYM01-e1667566873516.jpg","contentUrl":"https:\/\/www.melform.com\/wp-content\/uploads\/2022\/10\/K140AFISAZM0K140AFISCZM0K140AFISBZM0K140AFISCYM0K140AFISBYM0K140AFISAYM01-e1667566873516.jpg","width":1200,"height":1200},{"@type":"BreadcrumbList","@id":"https:\/\/www.melform.com\/fr\/conteneurs-\/catalogue-de-produits\/conteneurs-refrigeres\/conteneur-refrigere-koala-140\/#breadcrumb","itemListElement":[{"@type":"ListItem","position":1,"name":"Home","item":"https:\/\/www.melform.com\/fr\/"},{"@type":"ListItem","position":2,"name":"Shop","item":"https:\/\/www.melform.com\/fr\/shop\/"},{"@type":"ListItem","position":3,"name":"Conteneur r\u00e9frig\u00e9r\u00e9 &#8211; KOALA 140"}]},{"@type":"WebSite","@id":"https:\/\/www.melform.com\/fr\/#website","url":"https:\/\/www.melform.com\/fr\/","name":"MELFORM","description":"SISTEMI PER IL TRASPORTO E STOCCAGGIO A TEMPERATURA CONTROLLATA","potentialAction":[{"@type":"SearchAction","target":{"@type":"EntryPoint","urlTemplate":"https:\/\/www.melform.com\/fr\/?s={search_term_string}"},"query-input":{"@type":"PropertyValueSpecification","valueRequired":true,"valueName":"search_term_string"}}],"inLanguage":"fr-FR"}]}},"_links":{"self":[{"href":"https:\/\/www.melform.com\/fr\/wp-json\/wp\/v2\/product\/8218","targetHints":{"allow":["GET"]}}],"collection":[{"href":"https:\/\/www.melform.com\/fr\/wp-json\/wp\/v2\/product"}],"about":[{"href":"https:\/\/www.melform.com\/fr\/wp-json\/wp\/v2\/types\/product"}],"wp:featuredmedia":[{"embeddable":true,"href":"https:\/\/www.melform.com\/fr\/wp-json\/wp\/v2\/media\/5699"}],"wp:attachment":[{"href":"https:\/\/www.melform.com\/fr\/wp-json\/wp\/v2\/media?parent=8218"}],"wp:term":[{"taxonomy":"product_brand","embeddable":true,"href":"https:\/\/www.melform.com\/fr\/wp-json\/wp\/v2\/product_brand?post=8218"},{"taxonomy":"product_cat","embeddable":true,"href":"https:\/\/www.melform.com\/fr\/wp-json\/wp\/v2\/product_cat?post=8218"},{"taxonomy":"product_tag","embeddable":true,"href":"https:\/\/www.melform.com\/fr\/wp-json\/wp\/v2\/product_tag?post=8218"}],"curies":[{"name":"wp","href":"https:\/\/api.w.org\/{rel}","templated":true}]}}