{"id":8238,"date":"2022-10-07T17:02:09","date_gmt":"2022-10-07T15:02:09","guid":{"rendered":"https:\/\/www.melform.com\/product\/contenitore-isotermico-refrigerato-koala-160\/"},"modified":"2025-03-27T13:46:06","modified_gmt":"2025-03-27T11:46:06","slug":"conteneur-refrigere-koala-160","status":"publish","type":"product","link":"https:\/\/www.melform.com\/fr\/conteneurs-\/catalogue-de-produits\/conteneurs-refrigeres\/conteneur-refrigere-koala-160\/","title":{"rendered":"Conteneur r\u00e9frig\u00e9r\u00e9 &#8211; KOALA 160"},"content":{"rendered":"<p data-start=\"1309\" data-end=\"1630\">Le <strong data-start=\"1312\" data-end=\"1325\">KOALA 160<\/strong> est un <strong data-start=\"1333\" data-end=\"1363\">conteneur r\u00e9frig\u00e9r\u00e9 mobile<\/strong> con\u00e7u pour <strong data-start=\"1375\" data-end=\"1441\">le transport s\u00e9curis\u00e9 et le maintien optimal de la temp\u00e9rature<\/strong> des produits sensibles au froid. Gr\u00e2ce \u00e0 son <strong data-start=\"1487\" data-end=\"1518\">groupe frigorifique int\u00e9gr\u00e9<\/strong> et son <strong data-start=\"1526\" data-end=\"1551\">ouverture par le haut<\/strong>, il offre <strong data-start=\"1562\" data-end=\"1627\">une grande praticit\u00e9 d&#8217;utilisation et une efficacit\u00e9 maximale<\/strong>.<\/p>\r\n\r\n<ul data-start=\"1673\" data-end=\"2329\">\r\n \t<li data-start=\"1673\" data-end=\"1795\"><strong data-start=\"1675\" data-end=\"1695\">Capacit\u00e9 interne<\/strong> : <strong data-start=\"1698\" data-end=\"1712\">162 litres<\/strong>, id\u00e9al pour le transport et la conservation de produits \u00e0 temp\u00e9rature contr\u00f4l\u00e9e.<\/li>\r\n \t<li data-start=\"1796\" data-end=\"2042\"><strong data-start=\"1837\" data-end=\"1876\">Structure en poly\u00e9thyl\u00e8ne r\u00e9sistant<\/strong>, con\u00e7ue pour un usage intensif.<\/li>\r\n \t<li data-start=\"1796\" data-end=\"2042\"><strong data-start=\"1915\" data-end=\"1965\">Isolation en mousse de polyur\u00e9thane \u00e9cologique<\/strong>, sans CFC ni HCFC, garantissant <strong data-start=\"1998\" data-end=\"2039\">d&#8217;excellentes performances thermiques<\/strong>.<\/li>\r\n \t<li data-start=\"2043\" data-end=\"2129\"><strong data-start=\"2045\" data-end=\"2076\">Groupe frigorifique int\u00e9gr\u00e9<\/strong>, assurant un refroidissement constant et efficace.<\/li>\r\n \t<li data-start=\"2130\" data-end=\"2227\"><strong data-start=\"2132\" data-end=\"2157\">Ouverture par le haut<\/strong>, facilitant le chargement, le d\u00e9chargement et l\u2019acc\u00e8s aux produits.<\/li>\r\n \t<li data-start=\"2228\" data-end=\"2329\"><strong data-start=\"2230\" data-end=\"2265\">Disponible en version sur roues<\/strong>, pour une <strong data-start=\"2276\" data-end=\"2326\">meilleure maniabilit\u00e9 et un transport facilit\u00e9<\/strong>.<\/li>\r\n<\/ul>","protected":false},"excerpt":{"rendered":"Le KOALA 160 est un conteneur r\u00e9frig\u00e9r\u00e9 mobile con\u00e7u pour le transport s\u00e9curis\u00e9 et le maintien optimal de la temp\u00e9rature des produits sensibles au froid. Gr\u00e2ce \u00e0 son groupe frigorifique int\u00e9gr\u00e9 et son ouverture par le haut, il offre une grande praticit\u00e9 d&#8217;utilisation et une efficacit\u00e9 maximale. Capacit\u00e9 interne : 162 litres, id\u00e9al pour le [&hellip;]","protected":false},"featured_media":5734,"template":"","meta":{"_acf_changed":false,"_themeisle_gutenberg_block_has_review":false},"product_brand":[],"product_cat":[912,236,237],"product_tag":[],"class_list":{"0":"post-8238","1":"product","2":"type-product","3":"status-publish","4":"has-post-thumbnail","6":"product_cat-catalogue-de-produits","7":"product_cat-conteneurs-refrigeres","8":"product_cat-conteneurs-isothermes-refrigeres-koala","9":"pa_linea-koala-fr","10":"pa_range-di-temperatura-25c-40-fr","11":"pa_range-di-temperatura-25c-10c-fr","12":"pa_range-di-temperatura-0c-40-fr","13":"pa_range-di-temperatura-0c-10c-fr","15":"first","16":"instock","17":"product-type-variable","18":"has-default-attributes","19":"wvs-archive-product-wrapper"},"acf":[],"yoast_head":"<!-- This site is optimized with the Yoast SEO plugin v26.4 - https:\/\/yoast.com\/wordpress\/plugins\/seo\/ -->\n<title>Conteneur r\u00e9frig\u00e9r\u00e9 - KOALA 160 - MELFORM<\/title>\n<meta name=\"robots\" content=\"index, follow, max-snippet:-1, max-image-preview:large, max-video-preview:-1\" \/>\n<link rel=\"canonical\" href=\"https:\/\/www.melform.com\/fr\/conteneurs-\/catalogue-de-produits\/conteneurs-refrigeres\/conteneur-refrigere-koala-160\/\" \/>\n<meta property=\"og:locale\" content=\"fr_FR\" \/>\n<meta property=\"og:type\" content=\"article\" \/>\n<meta property=\"og:title\" content=\"Conteneur r\u00e9frig\u00e9r\u00e9 - KOALA 160 - MELFORM\" \/>\n<meta property=\"og:description\" content=\"Le KOALA 160 est un conteneur r\u00e9frig\u00e9r\u00e9 mobile con\u00e7u pour le transport s\u00e9curis\u00e9 et le maintien optimal de la temp\u00e9rature des produits sensibles au froid. Gr\u00e2ce \u00e0 son groupe frigorifique int\u00e9gr\u00e9 et son ouverture par le haut, il offre une grande praticit\u00e9 d&#8217;utilisation et une efficacit\u00e9 maximale. Capacit\u00e9 interne : 162 litres, id\u00e9al pour le [&hellip;]\" \/>\n<meta property=\"og:url\" content=\"https:\/\/www.melform.com\/fr\/conteneurs-\/catalogue-de-produits\/conteneurs-refrigeres\/conteneur-refrigere-koala-160\/\" \/>\n<meta property=\"og:site_name\" content=\"MELFORM\" \/>\n<meta property=\"article:modified_time\" content=\"2025-03-27T11:46:06+00:00\" \/>\n<meta property=\"og:image\" content=\"https:\/\/www.melform.com\/wp-content\/uploads\/2022\/10\/K160ASISDZM0K160ASISBZM0K160ASISCZM0K160ASISDYM0K160ASISCYM0K160ASISBYM0.jpg\" \/>\n\t<meta property=\"og:image:width\" content=\"1200\" \/>\n\t<meta property=\"og:image:height\" content=\"1200\" \/>\n\t<meta property=\"og:image:type\" content=\"image\/jpeg\" \/>\n<meta name=\"twitter:card\" content=\"summary_large_image\" \/>\n<script type=\"application\/ld+json\" class=\"yoast-schema-graph\">{\"@context\":\"https:\/\/schema.org\",\"@graph\":[{\"@type\":\"WebPage\",\"@id\":\"https:\/\/www.melform.com\/fr\/conteneurs-\/catalogue-de-produits\/conteneurs-refrigeres\/conteneur-refrigere-koala-160\/\",\"url\":\"https:\/\/www.melform.com\/fr\/conteneurs-\/catalogue-de-produits\/conteneurs-refrigeres\/conteneur-refrigere-koala-160\/\",\"name\":\"Conteneur r\u00e9frig\u00e9r\u00e9 - KOALA 160 - MELFORM\",\"isPartOf\":{\"@id\":\"https:\/\/www.melform.com\/fr\/#website\"},\"primaryImageOfPage\":{\"@id\":\"https:\/\/www.melform.com\/fr\/conteneurs-\/catalogue-de-produits\/conteneurs-refrigeres\/conteneur-refrigere-koala-160\/#primaryimage\"},\"image\":{\"@id\":\"https:\/\/www.melform.com\/fr\/conteneurs-\/catalogue-de-produits\/conteneurs-refrigeres\/conteneur-refrigere-koala-160\/#primaryimage\"},\"thumbnailUrl\":\"https:\/\/www.melform.com\/wp-content\/uploads\/2022\/10\/K160ASISDZM0K160ASISBZM0K160ASISCZM0K160ASISDYM0K160ASISCYM0K160ASISBYM0.jpg\",\"datePublished\":\"2022-10-07T15:02:09+00:00\",\"dateModified\":\"2025-03-27T11:46:06+00:00\",\"breadcrumb\":{\"@id\":\"https:\/\/www.melform.com\/fr\/conteneurs-\/catalogue-de-produits\/conteneurs-refrigeres\/conteneur-refrigere-koala-160\/#breadcrumb\"},\"inLanguage\":\"fr-FR\",\"potentialAction\":[{\"@type\":\"ReadAction\",\"target\":[\"https:\/\/www.melform.com\/fr\/conteneurs-\/catalogue-de-produits\/conteneurs-refrigeres\/conteneur-refrigere-koala-160\/\"]}]},{\"@type\":\"ImageObject\",\"inLanguage\":\"fr-FR\",\"@id\":\"https:\/\/www.melform.com\/fr\/conteneurs-\/catalogue-de-produits\/conteneurs-refrigeres\/conteneur-refrigere-koala-160\/#primaryimage\",\"url\":\"https:\/\/www.melform.com\/wp-content\/uploads\/2022\/10\/K160ASISDZM0K160ASISBZM0K160ASISCZM0K160ASISDYM0K160ASISCYM0K160ASISBYM0.jpg\",\"contentUrl\":\"https:\/\/www.melform.com\/wp-content\/uploads\/2022\/10\/K160ASISDZM0K160ASISBZM0K160ASISCZM0K160ASISDYM0K160ASISCYM0K160ASISBYM0.jpg\",\"width\":1200,\"height\":1200},{\"@type\":\"BreadcrumbList\",\"@id\":\"https:\/\/www.melform.com\/fr\/conteneurs-\/catalogue-de-produits\/conteneurs-refrigeres\/conteneur-refrigere-koala-160\/#breadcrumb\",\"itemListElement\":[{\"@type\":\"ListItem\",\"position\":1,\"name\":\"Home\",\"item\":\"https:\/\/www.melform.com\/fr\/\"},{\"@type\":\"ListItem\",\"position\":2,\"name\":\"Shop\",\"item\":\"https:\/\/www.melform.com\/fr\/shop\/\"},{\"@type\":\"ListItem\",\"position\":3,\"name\":\"Conteneur r\u00e9frig\u00e9r\u00e9 &#8211; KOALA 160\"}]},{\"@type\":\"WebSite\",\"@id\":\"https:\/\/www.melform.com\/fr\/#website\",\"url\":\"https:\/\/www.melform.com\/fr\/\",\"name\":\"MELFORM\",\"description\":\"SISTEMI PER IL TRASPORTO E STOCCAGGIO A TEMPERATURA CONTROLLATA\",\"potentialAction\":[{\"@type\":\"SearchAction\",\"target\":{\"@type\":\"EntryPoint\",\"urlTemplate\":\"https:\/\/www.melform.com\/fr\/?s={search_term_string}\"},\"query-input\":{\"@type\":\"PropertyValueSpecification\",\"valueRequired\":true,\"valueName\":\"search_term_string\"}}],\"inLanguage\":\"fr-FR\"}]}<\/script>\n<!-- \/ Yoast SEO plugin. -->","yoast_head_json":{"title":"Conteneur r\u00e9frig\u00e9r\u00e9 - KOALA 160 - MELFORM","robots":{"index":"index","follow":"follow","max-snippet":"max-snippet:-1","max-image-preview":"max-image-preview:large","max-video-preview":"max-video-preview:-1"},"canonical":"https:\/\/www.melform.com\/fr\/conteneurs-\/catalogue-de-produits\/conteneurs-refrigeres\/conteneur-refrigere-koala-160\/","og_locale":"fr_FR","og_type":"article","og_title":"Conteneur r\u00e9frig\u00e9r\u00e9 - KOALA 160 - MELFORM","og_description":"Le KOALA 160 est un conteneur r\u00e9frig\u00e9r\u00e9 mobile con\u00e7u pour le transport s\u00e9curis\u00e9 et le maintien optimal de la temp\u00e9rature des produits sensibles au froid. Gr\u00e2ce \u00e0 son groupe frigorifique int\u00e9gr\u00e9 et son ouverture par le haut, il offre une grande praticit\u00e9 d&#8217;utilisation et une efficacit\u00e9 maximale. Capacit\u00e9 interne : 162 litres, id\u00e9al pour le [&hellip;]","og_url":"https:\/\/www.melform.com\/fr\/conteneurs-\/catalogue-de-produits\/conteneurs-refrigeres\/conteneur-refrigere-koala-160\/","og_site_name":"MELFORM","article_modified_time":"2025-03-27T11:46:06+00:00","og_image":[{"width":1200,"height":1200,"url":"https:\/\/www.melform.com\/wp-content\/uploads\/2022\/10\/K160ASISDZM0K160ASISBZM0K160ASISCZM0K160ASISDYM0K160ASISCYM0K160ASISBYM0.jpg","type":"image\/jpeg"}],"twitter_card":"summary_large_image","schema":{"@context":"https:\/\/schema.org","@graph":[{"@type":"WebPage","@id":"https:\/\/www.melform.com\/fr\/conteneurs-\/catalogue-de-produits\/conteneurs-refrigeres\/conteneur-refrigere-koala-160\/","url":"https:\/\/www.melform.com\/fr\/conteneurs-\/catalogue-de-produits\/conteneurs-refrigeres\/conteneur-refrigere-koala-160\/","name":"Conteneur r\u00e9frig\u00e9r\u00e9 - KOALA 160 - MELFORM","isPartOf":{"@id":"https:\/\/www.melform.com\/fr\/#website"},"primaryImageOfPage":{"@id":"https:\/\/www.melform.com\/fr\/conteneurs-\/catalogue-de-produits\/conteneurs-refrigeres\/conteneur-refrigere-koala-160\/#primaryimage"},"image":{"@id":"https:\/\/www.melform.com\/fr\/conteneurs-\/catalogue-de-produits\/conteneurs-refrigeres\/conteneur-refrigere-koala-160\/#primaryimage"},"thumbnailUrl":"https:\/\/www.melform.com\/wp-content\/uploads\/2022\/10\/K160ASISDZM0K160ASISBZM0K160ASISCZM0K160ASISDYM0K160ASISCYM0K160ASISBYM0.jpg","datePublished":"2022-10-07T15:02:09+00:00","dateModified":"2025-03-27T11:46:06+00:00","breadcrumb":{"@id":"https:\/\/www.melform.com\/fr\/conteneurs-\/catalogue-de-produits\/conteneurs-refrigeres\/conteneur-refrigere-koala-160\/#breadcrumb"},"inLanguage":"fr-FR","potentialAction":[{"@type":"ReadAction","target":["https:\/\/www.melform.com\/fr\/conteneurs-\/catalogue-de-produits\/conteneurs-refrigeres\/conteneur-refrigere-koala-160\/"]}]},{"@type":"ImageObject","inLanguage":"fr-FR","@id":"https:\/\/www.melform.com\/fr\/conteneurs-\/catalogue-de-produits\/conteneurs-refrigeres\/conteneur-refrigere-koala-160\/#primaryimage","url":"https:\/\/www.melform.com\/wp-content\/uploads\/2022\/10\/K160ASISDZM0K160ASISBZM0K160ASISCZM0K160ASISDYM0K160ASISCYM0K160ASISBYM0.jpg","contentUrl":"https:\/\/www.melform.com\/wp-content\/uploads\/2022\/10\/K160ASISDZM0K160ASISBZM0K160ASISCZM0K160ASISDYM0K160ASISCYM0K160ASISBYM0.jpg","width":1200,"height":1200},{"@type":"BreadcrumbList","@id":"https:\/\/www.melform.com\/fr\/conteneurs-\/catalogue-de-produits\/conteneurs-refrigeres\/conteneur-refrigere-koala-160\/#breadcrumb","itemListElement":[{"@type":"ListItem","position":1,"name":"Home","item":"https:\/\/www.melform.com\/fr\/"},{"@type":"ListItem","position":2,"name":"Shop","item":"https:\/\/www.melform.com\/fr\/shop\/"},{"@type":"ListItem","position":3,"name":"Conteneur r\u00e9frig\u00e9r\u00e9 &#8211; KOALA 160"}]},{"@type":"WebSite","@id":"https:\/\/www.melform.com\/fr\/#website","url":"https:\/\/www.melform.com\/fr\/","name":"MELFORM","description":"SISTEMI PER IL TRASPORTO E STOCCAGGIO A TEMPERATURA CONTROLLATA","potentialAction":[{"@type":"SearchAction","target":{"@type":"EntryPoint","urlTemplate":"https:\/\/www.melform.com\/fr\/?s={search_term_string}"},"query-input":{"@type":"PropertyValueSpecification","valueRequired":true,"valueName":"search_term_string"}}],"inLanguage":"fr-FR"}]}},"_links":{"self":[{"href":"https:\/\/www.melform.com\/fr\/wp-json\/wp\/v2\/product\/8238","targetHints":{"allow":["GET"]}}],"collection":[{"href":"https:\/\/www.melform.com\/fr\/wp-json\/wp\/v2\/product"}],"about":[{"href":"https:\/\/www.melform.com\/fr\/wp-json\/wp\/v2\/types\/product"}],"wp:featuredmedia":[{"embeddable":true,"href":"https:\/\/www.melform.com\/fr\/wp-json\/wp\/v2\/media\/5734"}],"wp:attachment":[{"href":"https:\/\/www.melform.com\/fr\/wp-json\/wp\/v2\/media?parent=8238"}],"wp:term":[{"taxonomy":"product_brand","embeddable":true,"href":"https:\/\/www.melform.com\/fr\/wp-json\/wp\/v2\/product_brand?post=8238"},{"taxonomy":"product_cat","embeddable":true,"href":"https:\/\/www.melform.com\/fr\/wp-json\/wp\/v2\/product_cat?post=8238"},{"taxonomy":"product_tag","embeddable":true,"href":"https:\/\/www.melform.com\/fr\/wp-json\/wp\/v2\/product_tag?post=8238"}],"curies":[{"name":"wp","href":"https:\/\/api.w.org\/{rel}","templated":true}]}}