{"id":8245,"date":"2022-10-07T17:03:03","date_gmt":"2022-10-07T15:03:03","guid":{"rendered":"https:\/\/www.melform.com\/product\/contenitore-isotermico-refrigerato-koala-370\/"},"modified":"2025-03-27T13:48:44","modified_gmt":"2025-03-27T11:48:44","slug":"conteneur-refrigere-koala-370","status":"publish","type":"product","link":"https:\/\/www.melform.com\/fr\/conteneurs-\/catalogue-de-produits\/conteneurs-refrigeres\/conteneur-refrigere-koala-370\/","title":{"rendered":"Conteneur r\u00e9frig\u00e9r\u00e9 &#8211; KOALA 370"},"content":{"rendered":"Conteneur isotherme r\u00e9frig\u00e9r\u00e9 avec une capacit\u00e9 de 370 litres. Fabriqu\u00e9 en poly\u00e9thyl\u00e8ne robuste et isol\u00e9 avec une mousse polyur\u00e9thane \u00e9cologique sans CFC ni HCFC, le KOALA 370 allie hautes performances thermiques et design durable. Certifi\u00e9 ATP, il est conforme aux normes internationales pour le transport de marchandises p\u00e9rissables. Disponible en versions avec groupe froid t\u00eate et groupe froid dos, offrant une flexibilit\u00e9 op\u00e9rationnelle maximale.\r\n<ul>\r\n \t<li><strong>Capacit\u00e9 :<\/strong> 370 litres<\/li>\r\n \t<li><strong>Mat\u00e9riau :<\/strong> Poly\u00e9thyl\u00e8ne robuste et hautement isolant<\/li>\r\n \t<li><strong>Isolation :<\/strong> Mousse polyur\u00e9thane \u00e9cologique (sans CFC ni HCFC)<\/li>\r\n \t<li><strong>Certification :<\/strong> Certifi\u00e9 ATP pour le transport de marchandises p\u00e9rissables<\/li>\r\n \t<li><strong>Design pratique :<\/strong> Ouverture frontale pour un acc\u00e8s facile aux produits<\/li>\r\n \t<li><strong>Options disponibles :<\/strong> Versions groupe froid t\u00eate et groupe froid dos<\/li>\r\n<\/ul>","protected":false},"excerpt":{"rendered":"Conteneur isotherme r\u00e9frig\u00e9r\u00e9 avec une capacit\u00e9 de 370 litres. Fabriqu\u00e9 en poly\u00e9thyl\u00e8ne robuste et isol\u00e9 avec une mousse polyur\u00e9thane \u00e9cologique sans CFC ni HCFC, le KOALA 370 allie hautes performances thermiques et design durable. Certifi\u00e9 ATP, il est conforme aux normes internationales pour le transport de marchandises p\u00e9rissables. Disponible en versions avec groupe froid t\u00eate [&hellip;]","protected":false},"featured_media":5740,"template":"","meta":{"_acf_changed":false,"_themeisle_gutenberg_block_has_review":false},"product_brand":[],"product_cat":[912,236,237],"product_tag":[],"class_list":{"0":"post-8245","1":"product","2":"type-product","3":"status-publish","4":"has-post-thumbnail","6":"product_cat-catalogue-de-produits","7":"product_cat-conteneurs-refrigeres","8":"product_cat-conteneurs-isothermes-refrigeres-koala","9":"pa_basamento-basic-fr","10":"pa_basamento-palette","11":"pa_basamento-pieds","12":"pa_basamento-roues","13":"pa_linea-koala-fr","14":"pa_range-di-temperatura-18c-10-fr","15":"pa_range-di-temperatura-18c-40-fr","16":"pa_range-di-temperatura-0c-10-fr","17":"pa_range-di-temperatura-0c-40-fr","19":"first","20":"instock","21":"product-type-variable","22":"wvs-archive-product-wrapper"},"acf":[],"yoast_head":"<!-- This site is optimized with the Yoast SEO plugin v26.4 - https:\/\/yoast.com\/wordpress\/plugins\/seo\/ -->\n<title>Conteneur r\u00e9frig\u00e9r\u00e9 - KOALA 370 - MELFORM<\/title>\n<meta name=\"robots\" content=\"index, follow, max-snippet:-1, max-image-preview:large, max-video-preview:-1\" \/>\n<link rel=\"canonical\" href=\"https:\/\/www.melform.com\/fr\/conteneurs-\/catalogue-de-produits\/conteneurs-refrigeres\/conteneur-refrigere-koala-370\/\" \/>\n<meta property=\"og:locale\" content=\"fr_FR\" \/>\n<meta property=\"og:type\" content=\"article\" \/>\n<meta property=\"og:title\" content=\"Conteneur r\u00e9frig\u00e9r\u00e9 - KOALA 370 - MELFORM\" \/>\n<meta property=\"og:description\" content=\"Conteneur isotherme r\u00e9frig\u00e9r\u00e9 avec une capacit\u00e9 de 370 litres. Fabriqu\u00e9 en poly\u00e9thyl\u00e8ne robuste et isol\u00e9 avec une mousse polyur\u00e9thane \u00e9cologique sans CFC ni HCFC, le KOALA 370 allie hautes performances thermiques et design durable. Certifi\u00e9 ATP, il est conforme aux normes internationales pour le transport de marchandises p\u00e9rissables. Disponible en versions avec groupe froid t\u00eate [&hellip;]\" \/>\n<meta property=\"og:url\" content=\"https:\/\/www.melform.com\/fr\/conteneurs-\/catalogue-de-produits\/conteneurs-refrigeres\/conteneur-refrigere-koala-370\/\" \/>\n<meta property=\"og:site_name\" content=\"MELFORM\" \/>\n<meta property=\"article:modified_time\" content=\"2025-03-27T11:48:44+00:00\" \/>\n<meta property=\"og:image\" content=\"https:\/\/www.melform.com\/wp-content\/uploads\/2022\/10\/K370AFTSDZM1K370AFTVDZM1K370AFTVCZM1K370AFTSDYM1K370AFTVDYM1K370AFTVCYM1-1.jpg\" \/>\n\t<meta property=\"og:image:width\" content=\"1200\" \/>\n\t<meta property=\"og:image:height\" content=\"1200\" \/>\n\t<meta property=\"og:image:type\" content=\"image\/jpeg\" \/>\n<meta name=\"twitter:card\" content=\"summary_large_image\" \/>\n<script type=\"application\/ld+json\" class=\"yoast-schema-graph\">{\"@context\":\"https:\/\/schema.org\",\"@graph\":[{\"@type\":\"WebPage\",\"@id\":\"https:\/\/www.melform.com\/fr\/conteneurs-\/catalogue-de-produits\/conteneurs-refrigeres\/conteneur-refrigere-koala-370\/\",\"url\":\"https:\/\/www.melform.com\/fr\/conteneurs-\/catalogue-de-produits\/conteneurs-refrigeres\/conteneur-refrigere-koala-370\/\",\"name\":\"Conteneur r\u00e9frig\u00e9r\u00e9 - KOALA 370 - MELFORM\",\"isPartOf\":{\"@id\":\"https:\/\/www.melform.com\/fr\/#website\"},\"primaryImageOfPage\":{\"@id\":\"https:\/\/www.melform.com\/fr\/conteneurs-\/catalogue-de-produits\/conteneurs-refrigeres\/conteneur-refrigere-koala-370\/#primaryimage\"},\"image\":{\"@id\":\"https:\/\/www.melform.com\/fr\/conteneurs-\/catalogue-de-produits\/conteneurs-refrigeres\/conteneur-refrigere-koala-370\/#primaryimage\"},\"thumbnailUrl\":\"https:\/\/www.melform.com\/wp-content\/uploads\/2022\/10\/K370AFTSDZM1K370AFTVDZM1K370AFTVCZM1K370AFTSDYM1K370AFTVDYM1K370AFTVCYM1-1.jpg\",\"datePublished\":\"2022-10-07T15:03:03+00:00\",\"dateModified\":\"2025-03-27T11:48:44+00:00\",\"breadcrumb\":{\"@id\":\"https:\/\/www.melform.com\/fr\/conteneurs-\/catalogue-de-produits\/conteneurs-refrigeres\/conteneur-refrigere-koala-370\/#breadcrumb\"},\"inLanguage\":\"fr-FR\",\"potentialAction\":[{\"@type\":\"ReadAction\",\"target\":[\"https:\/\/www.melform.com\/fr\/conteneurs-\/catalogue-de-produits\/conteneurs-refrigeres\/conteneur-refrigere-koala-370\/\"]}]},{\"@type\":\"ImageObject\",\"inLanguage\":\"fr-FR\",\"@id\":\"https:\/\/www.melform.com\/fr\/conteneurs-\/catalogue-de-produits\/conteneurs-refrigeres\/conteneur-refrigere-koala-370\/#primaryimage\",\"url\":\"https:\/\/www.melform.com\/wp-content\/uploads\/2022\/10\/K370AFTSDZM1K370AFTVDZM1K370AFTVCZM1K370AFTSDYM1K370AFTVDYM1K370AFTVCYM1-1.jpg\",\"contentUrl\":\"https:\/\/www.melform.com\/wp-content\/uploads\/2022\/10\/K370AFTSDZM1K370AFTVDZM1K370AFTVCZM1K370AFTSDYM1K370AFTVDYM1K370AFTVCYM1-1.jpg\",\"width\":1200,\"height\":1200},{\"@type\":\"BreadcrumbList\",\"@id\":\"https:\/\/www.melform.com\/fr\/conteneurs-\/catalogue-de-produits\/conteneurs-refrigeres\/conteneur-refrigere-koala-370\/#breadcrumb\",\"itemListElement\":[{\"@type\":\"ListItem\",\"position\":1,\"name\":\"Home\",\"item\":\"https:\/\/www.melform.com\/fr\/\"},{\"@type\":\"ListItem\",\"position\":2,\"name\":\"Shop\",\"item\":\"https:\/\/www.melform.com\/fr\/shop\/\"},{\"@type\":\"ListItem\",\"position\":3,\"name\":\"Conteneur r\u00e9frig\u00e9r\u00e9 &#8211; KOALA 370\"}]},{\"@type\":\"WebSite\",\"@id\":\"https:\/\/www.melform.com\/fr\/#website\",\"url\":\"https:\/\/www.melform.com\/fr\/\",\"name\":\"MELFORM\",\"description\":\"SISTEMI PER IL TRASPORTO E STOCCAGGIO A TEMPERATURA CONTROLLATA\",\"potentialAction\":[{\"@type\":\"SearchAction\",\"target\":{\"@type\":\"EntryPoint\",\"urlTemplate\":\"https:\/\/www.melform.com\/fr\/?s={search_term_string}\"},\"query-input\":{\"@type\":\"PropertyValueSpecification\",\"valueRequired\":true,\"valueName\":\"search_term_string\"}}],\"inLanguage\":\"fr-FR\"}]}<\/script>\n<!-- \/ Yoast SEO plugin. -->","yoast_head_json":{"title":"Conteneur r\u00e9frig\u00e9r\u00e9 - KOALA 370 - MELFORM","robots":{"index":"index","follow":"follow","max-snippet":"max-snippet:-1","max-image-preview":"max-image-preview:large","max-video-preview":"max-video-preview:-1"},"canonical":"https:\/\/www.melform.com\/fr\/conteneurs-\/catalogue-de-produits\/conteneurs-refrigeres\/conteneur-refrigere-koala-370\/","og_locale":"fr_FR","og_type":"article","og_title":"Conteneur r\u00e9frig\u00e9r\u00e9 - KOALA 370 - MELFORM","og_description":"Conteneur isotherme r\u00e9frig\u00e9r\u00e9 avec une capacit\u00e9 de 370 litres. Fabriqu\u00e9 en poly\u00e9thyl\u00e8ne robuste et isol\u00e9 avec une mousse polyur\u00e9thane \u00e9cologique sans CFC ni HCFC, le KOALA 370 allie hautes performances thermiques et design durable. Certifi\u00e9 ATP, il est conforme aux normes internationales pour le transport de marchandises p\u00e9rissables. Disponible en versions avec groupe froid t\u00eate [&hellip;]","og_url":"https:\/\/www.melform.com\/fr\/conteneurs-\/catalogue-de-produits\/conteneurs-refrigeres\/conteneur-refrigere-koala-370\/","og_site_name":"MELFORM","article_modified_time":"2025-03-27T11:48:44+00:00","og_image":[{"width":1200,"height":1200,"url":"https:\/\/www.melform.com\/wp-content\/uploads\/2022\/10\/K370AFTSDZM1K370AFTVDZM1K370AFTVCZM1K370AFTSDYM1K370AFTVDYM1K370AFTVCYM1-1.jpg","type":"image\/jpeg"}],"twitter_card":"summary_large_image","schema":{"@context":"https:\/\/schema.org","@graph":[{"@type":"WebPage","@id":"https:\/\/www.melform.com\/fr\/conteneurs-\/catalogue-de-produits\/conteneurs-refrigeres\/conteneur-refrigere-koala-370\/","url":"https:\/\/www.melform.com\/fr\/conteneurs-\/catalogue-de-produits\/conteneurs-refrigeres\/conteneur-refrigere-koala-370\/","name":"Conteneur r\u00e9frig\u00e9r\u00e9 - KOALA 370 - MELFORM","isPartOf":{"@id":"https:\/\/www.melform.com\/fr\/#website"},"primaryImageOfPage":{"@id":"https:\/\/www.melform.com\/fr\/conteneurs-\/catalogue-de-produits\/conteneurs-refrigeres\/conteneur-refrigere-koala-370\/#primaryimage"},"image":{"@id":"https:\/\/www.melform.com\/fr\/conteneurs-\/catalogue-de-produits\/conteneurs-refrigeres\/conteneur-refrigere-koala-370\/#primaryimage"},"thumbnailUrl":"https:\/\/www.melform.com\/wp-content\/uploads\/2022\/10\/K370AFTSDZM1K370AFTVDZM1K370AFTVCZM1K370AFTSDYM1K370AFTVDYM1K370AFTVCYM1-1.jpg","datePublished":"2022-10-07T15:03:03+00:00","dateModified":"2025-03-27T11:48:44+00:00","breadcrumb":{"@id":"https:\/\/www.melform.com\/fr\/conteneurs-\/catalogue-de-produits\/conteneurs-refrigeres\/conteneur-refrigere-koala-370\/#breadcrumb"},"inLanguage":"fr-FR","potentialAction":[{"@type":"ReadAction","target":["https:\/\/www.melform.com\/fr\/conteneurs-\/catalogue-de-produits\/conteneurs-refrigeres\/conteneur-refrigere-koala-370\/"]}]},{"@type":"ImageObject","inLanguage":"fr-FR","@id":"https:\/\/www.melform.com\/fr\/conteneurs-\/catalogue-de-produits\/conteneurs-refrigeres\/conteneur-refrigere-koala-370\/#primaryimage","url":"https:\/\/www.melform.com\/wp-content\/uploads\/2022\/10\/K370AFTSDZM1K370AFTVDZM1K370AFTVCZM1K370AFTSDYM1K370AFTVDYM1K370AFTVCYM1-1.jpg","contentUrl":"https:\/\/www.melform.com\/wp-content\/uploads\/2022\/10\/K370AFTSDZM1K370AFTVDZM1K370AFTVCZM1K370AFTSDYM1K370AFTVDYM1K370AFTVCYM1-1.jpg","width":1200,"height":1200},{"@type":"BreadcrumbList","@id":"https:\/\/www.melform.com\/fr\/conteneurs-\/catalogue-de-produits\/conteneurs-refrigeres\/conteneur-refrigere-koala-370\/#breadcrumb","itemListElement":[{"@type":"ListItem","position":1,"name":"Home","item":"https:\/\/www.melform.com\/fr\/"},{"@type":"ListItem","position":2,"name":"Shop","item":"https:\/\/www.melform.com\/fr\/shop\/"},{"@type":"ListItem","position":3,"name":"Conteneur r\u00e9frig\u00e9r\u00e9 &#8211; KOALA 370"}]},{"@type":"WebSite","@id":"https:\/\/www.melform.com\/fr\/#website","url":"https:\/\/www.melform.com\/fr\/","name":"MELFORM","description":"SISTEMI PER IL TRASPORTO E STOCCAGGIO A TEMPERATURA CONTROLLATA","potentialAction":[{"@type":"SearchAction","target":{"@type":"EntryPoint","urlTemplate":"https:\/\/www.melform.com\/fr\/?s={search_term_string}"},"query-input":{"@type":"PropertyValueSpecification","valueRequired":true,"valueName":"search_term_string"}}],"inLanguage":"fr-FR"}]}},"_links":{"self":[{"href":"https:\/\/www.melform.com\/fr\/wp-json\/wp\/v2\/product\/8245","targetHints":{"allow":["GET"]}}],"collection":[{"href":"https:\/\/www.melform.com\/fr\/wp-json\/wp\/v2\/product"}],"about":[{"href":"https:\/\/www.melform.com\/fr\/wp-json\/wp\/v2\/types\/product"}],"wp:featuredmedia":[{"embeddable":true,"href":"https:\/\/www.melform.com\/fr\/wp-json\/wp\/v2\/media\/5740"}],"wp:attachment":[{"href":"https:\/\/www.melform.com\/fr\/wp-json\/wp\/v2\/media?parent=8245"}],"wp:term":[{"taxonomy":"product_brand","embeddable":true,"href":"https:\/\/www.melform.com\/fr\/wp-json\/wp\/v2\/product_brand?post=8245"},{"taxonomy":"product_cat","embeddable":true,"href":"https:\/\/www.melform.com\/fr\/wp-json\/wp\/v2\/product_cat?post=8245"},{"taxonomy":"product_tag","embeddable":true,"href":"https:\/\/www.melform.com\/fr\/wp-json\/wp\/v2\/product_tag?post=8245"}],"curies":[{"name":"wp","href":"https:\/\/api.w.org\/{rel}","templated":true}]}}