{"id":8273,"date":"2022-10-07T17:05:05","date_gmt":"2022-10-07T15:05:05","guid":{"rendered":"https:\/\/www.melform.com\/product\/contenitore-isotermico-refrigerato-koala-1000-europallet\/"},"modified":"2025-03-27T14:03:46","modified_gmt":"2025-03-27T12:03:46","slug":"conteneur-refrigere-koala-1000","status":"publish","type":"product","link":"https:\/\/www.melform.com\/fr\/conteneurs-\/catalogue-de-produits\/conteneurs-refrigeres\/conteneur-refrigere-koala-1000\/","title":{"rendered":"Conteneur r\u00e9frig\u00e9r\u00e9 &#8211; KOALA 1000 EUROPALLET"},"content":{"rendered":"Le <strong>Koala 1000<\/strong> est le conteneur isotherme r\u00e9frig\u00e9r\u00e9 id\u00e9al pour le transport s\u00e9curis\u00e9 et professionnel de produits \u00e0 temp\u00e9rature contr\u00f4l\u00e9e.\r\n<ul>\r\n \t<li><strong>Capacit\u00e9 g\u00e9n\u00e9reuse :<\/strong> 830 litres, parfaits pour le transport de grands volumes tout en maintenant la temp\u00e9rature id\u00e9ale.<\/li>\r\n \t<li><strong>Construction robuste :<\/strong> fabriqu\u00e9 en <strong>poly\u00e9thyl\u00e8ne r\u00e9sistant<\/strong> et isol\u00e9 avec de la <strong>mousse de polyur\u00e9thane \u00e9cologique<\/strong> sans CFC ni HCFC, il assure une excellente conservation thermique, pr\u00e9serve les propri\u00e9t\u00e9s organoleptiques des aliments et r\u00e9duit les risques de prolif\u00e9ration bact\u00e9rienne.<\/li>\r\n \t<li><strong>Dimensions optimis\u00e9es :<\/strong> conforme aux normes <strong>EUROPALLET (80&#215;120 cm)<\/strong>, il permet d\u2019<strong>optimiser l\u2019espace de chargement<\/strong> dans les v\u00e9hicules utilitaires, rendant le transport plus efficace.<\/li>\r\n \t<li><strong>S\u00e9curit\u00e9 avanc\u00e9e :<\/strong> \u00e9quip\u00e9 d\u2019une <strong>poign\u00e9e de fermeture en acier inoxydable<\/strong> avec <strong>bouton de d\u00e9verrouillage<\/strong>, et pr\u00e9par\u00e9 pour l\u2019utilisation d\u2019un <strong>syst\u00e8me inviolable<\/strong>, garantissant une s\u00e9curit\u00e9 maximale pendant le transport.<\/li>\r\n \t<li><strong>Double alimentation :<\/strong> compatible avec <strong>12Vdc<\/strong> et <strong>230Vac<\/strong>, offrant une polyvalence maximale en d\u00e9placement comme en poste fixe.<\/li>\r\n<\/ul>","protected":false},"excerpt":{"rendered":"Le Koala 1000 est le conteneur isotherme r\u00e9frig\u00e9r\u00e9 id\u00e9al pour le transport s\u00e9curis\u00e9 et professionnel de produits \u00e0 temp\u00e9rature contr\u00f4l\u00e9e. Capacit\u00e9 g\u00e9n\u00e9reuse : 830 litres, parfaits pour le transport de grands volumes tout en maintenant la temp\u00e9rature id\u00e9ale. Construction robuste : fabriqu\u00e9 en poly\u00e9thyl\u00e8ne r\u00e9sistant et isol\u00e9 avec de la mousse de polyur\u00e9thane \u00e9cologique sans [&hellip;]","protected":false},"featured_media":5755,"template":"","meta":{"_acf_changed":false,"_themeisle_gutenberg_block_has_review":false},"product_brand":[],"product_cat":[912,236,237],"product_tag":[],"class_list":{"0":"post-8273","1":"product","2":"type-product","3":"status-publish","4":"has-post-thumbnail","6":"product_cat-catalogue-de-produits","7":"product_cat-conteneurs-refrigeres","8":"product_cat-conteneurs-isothermes-refrigeres-koala","9":"pa_basamento-basic-fr","10":"pa_basamento-palette","11":"pa_basamento-pieds","12":"pa_basamento-roues","13":"pa_linea-koala-fr","14":"pa_range-di-temperatura-18c-10-fr","15":"pa_range-di-temperatura-18c-40-fr","16":"pa_range-di-temperatura-0c-10-fr","17":"pa_range-di-temperatura-0c-40-fr","19":"first","20":"instock","21":"product-type-variable","22":"has-default-attributes","23":"wvs-archive-product-wrapper"},"acf":[],"yoast_head":"<!-- This site is optimized with the Yoast SEO plugin v26.4 - https:\/\/yoast.com\/wordpress\/plugins\/seo\/ -->\n<title>Conteneur r\u00e9frig\u00e9r\u00e9 - KOALA 1000 EUROPALLET - MELFORM<\/title>\n<meta name=\"robots\" content=\"index, follow, max-snippet:-1, max-image-preview:large, max-video-preview:-1\" \/>\n<link rel=\"canonical\" href=\"https:\/\/www.melform.com\/fr\/conteneurs-\/catalogue-de-produits\/conteneurs-refrigeres\/conteneur-refrigere-koala-1000\/\" \/>\n<meta property=\"og:locale\" content=\"fr_FR\" \/>\n<meta property=\"og:type\" content=\"article\" \/>\n<meta property=\"og:title\" content=\"Conteneur r\u00e9frig\u00e9r\u00e9 - KOALA 1000 EUROPALLET - MELFORM\" \/>\n<meta property=\"og:description\" content=\"Le Koala 1000 est le conteneur isotherme r\u00e9frig\u00e9r\u00e9 id\u00e9al pour le transport s\u00e9curis\u00e9 et professionnel de produits \u00e0 temp\u00e9rature contr\u00f4l\u00e9e. Capacit\u00e9 g\u00e9n\u00e9reuse : 830 litres, parfaits pour le transport de grands volumes tout en maintenant la temp\u00e9rature id\u00e9ale. Construction robuste : fabriqu\u00e9 en poly\u00e9thyl\u00e8ne r\u00e9sistant et isol\u00e9 avec de la mousse de polyur\u00e9thane \u00e9cologique sans [&hellip;]\" \/>\n<meta property=\"og:url\" content=\"https:\/\/www.melform.com\/fr\/conteneurs-\/catalogue-de-produits\/conteneurs-refrigeres\/conteneur-refrigere-koala-1000\/\" \/>\n<meta property=\"og:site_name\" content=\"MELFORM\" \/>\n<meta property=\"article:modified_time\" content=\"2025-03-27T12:03:46+00:00\" \/>\n<meta property=\"og:image\" content=\"https:\/\/www.melform.com\/wp-content\/uploads\/2022\/10\/K1000AFTVDZM1K1000AFTVCZM1K1000AFTVDYM1K1000AFTVCYM1-1.jpg\" \/>\n\t<meta property=\"og:image:width\" content=\"1200\" \/>\n\t<meta property=\"og:image:height\" content=\"1200\" \/>\n\t<meta property=\"og:image:type\" content=\"image\/jpeg\" \/>\n<meta name=\"twitter:card\" content=\"summary_large_image\" \/>\n<script type=\"application\/ld+json\" class=\"yoast-schema-graph\">{\"@context\":\"https:\/\/schema.org\",\"@graph\":[{\"@type\":\"WebPage\",\"@id\":\"https:\/\/www.melform.com\/fr\/conteneurs-\/catalogue-de-produits\/conteneurs-refrigeres\/conteneur-refrigere-koala-1000\/\",\"url\":\"https:\/\/www.melform.com\/fr\/conteneurs-\/catalogue-de-produits\/conteneurs-refrigeres\/conteneur-refrigere-koala-1000\/\",\"name\":\"Conteneur r\u00e9frig\u00e9r\u00e9 - KOALA 1000 EUROPALLET - MELFORM\",\"isPartOf\":{\"@id\":\"https:\/\/www.melform.com\/fr\/#website\"},\"primaryImageOfPage\":{\"@id\":\"https:\/\/www.melform.com\/fr\/conteneurs-\/catalogue-de-produits\/conteneurs-refrigeres\/conteneur-refrigere-koala-1000\/#primaryimage\"},\"image\":{\"@id\":\"https:\/\/www.melform.com\/fr\/conteneurs-\/catalogue-de-produits\/conteneurs-refrigeres\/conteneur-refrigere-koala-1000\/#primaryimage\"},\"thumbnailUrl\":\"https:\/\/www.melform.com\/wp-content\/uploads\/2022\/10\/K1000AFTVDZM1K1000AFTVCZM1K1000AFTVDYM1K1000AFTVCYM1-1.jpg\",\"datePublished\":\"2022-10-07T15:05:05+00:00\",\"dateModified\":\"2025-03-27T12:03:46+00:00\",\"breadcrumb\":{\"@id\":\"https:\/\/www.melform.com\/fr\/conteneurs-\/catalogue-de-produits\/conteneurs-refrigeres\/conteneur-refrigere-koala-1000\/#breadcrumb\"},\"inLanguage\":\"fr-FR\",\"potentialAction\":[{\"@type\":\"ReadAction\",\"target\":[\"https:\/\/www.melform.com\/fr\/conteneurs-\/catalogue-de-produits\/conteneurs-refrigeres\/conteneur-refrigere-koala-1000\/\"]}]},{\"@type\":\"ImageObject\",\"inLanguage\":\"fr-FR\",\"@id\":\"https:\/\/www.melform.com\/fr\/conteneurs-\/catalogue-de-produits\/conteneurs-refrigeres\/conteneur-refrigere-koala-1000\/#primaryimage\",\"url\":\"https:\/\/www.melform.com\/wp-content\/uploads\/2022\/10\/K1000AFTVDZM1K1000AFTVCZM1K1000AFTVDYM1K1000AFTVCYM1-1.jpg\",\"contentUrl\":\"https:\/\/www.melform.com\/wp-content\/uploads\/2022\/10\/K1000AFTVDZM1K1000AFTVCZM1K1000AFTVDYM1K1000AFTVCYM1-1.jpg\",\"width\":1200,\"height\":1200},{\"@type\":\"BreadcrumbList\",\"@id\":\"https:\/\/www.melform.com\/fr\/conteneurs-\/catalogue-de-produits\/conteneurs-refrigeres\/conteneur-refrigere-koala-1000\/#breadcrumb\",\"itemListElement\":[{\"@type\":\"ListItem\",\"position\":1,\"name\":\"Home\",\"item\":\"https:\/\/www.melform.com\/fr\/\"},{\"@type\":\"ListItem\",\"position\":2,\"name\":\"Shop\",\"item\":\"https:\/\/www.melform.com\/fr\/shop\/\"},{\"@type\":\"ListItem\",\"position\":3,\"name\":\"Conteneur r\u00e9frig\u00e9r\u00e9 &#8211; KOALA 1000 EUROPALLET\"}]},{\"@type\":\"WebSite\",\"@id\":\"https:\/\/www.melform.com\/fr\/#website\",\"url\":\"https:\/\/www.melform.com\/fr\/\",\"name\":\"MELFORM\",\"description\":\"SISTEMI PER IL TRASPORTO E STOCCAGGIO A TEMPERATURA CONTROLLATA\",\"potentialAction\":[{\"@type\":\"SearchAction\",\"target\":{\"@type\":\"EntryPoint\",\"urlTemplate\":\"https:\/\/www.melform.com\/fr\/?s={search_term_string}\"},\"query-input\":{\"@type\":\"PropertyValueSpecification\",\"valueRequired\":true,\"valueName\":\"search_term_string\"}}],\"inLanguage\":\"fr-FR\"}]}<\/script>\n<!-- \/ Yoast SEO plugin. -->","yoast_head_json":{"title":"Conteneur r\u00e9frig\u00e9r\u00e9 - KOALA 1000 EUROPALLET - MELFORM","robots":{"index":"index","follow":"follow","max-snippet":"max-snippet:-1","max-image-preview":"max-image-preview:large","max-video-preview":"max-video-preview:-1"},"canonical":"https:\/\/www.melform.com\/fr\/conteneurs-\/catalogue-de-produits\/conteneurs-refrigeres\/conteneur-refrigere-koala-1000\/","og_locale":"fr_FR","og_type":"article","og_title":"Conteneur r\u00e9frig\u00e9r\u00e9 - KOALA 1000 EUROPALLET - MELFORM","og_description":"Le Koala 1000 est le conteneur isotherme r\u00e9frig\u00e9r\u00e9 id\u00e9al pour le transport s\u00e9curis\u00e9 et professionnel de produits \u00e0 temp\u00e9rature contr\u00f4l\u00e9e. Capacit\u00e9 g\u00e9n\u00e9reuse : 830 litres, parfaits pour le transport de grands volumes tout en maintenant la temp\u00e9rature id\u00e9ale. Construction robuste : fabriqu\u00e9 en poly\u00e9thyl\u00e8ne r\u00e9sistant et isol\u00e9 avec de la mousse de polyur\u00e9thane \u00e9cologique sans [&hellip;]","og_url":"https:\/\/www.melform.com\/fr\/conteneurs-\/catalogue-de-produits\/conteneurs-refrigeres\/conteneur-refrigere-koala-1000\/","og_site_name":"MELFORM","article_modified_time":"2025-03-27T12:03:46+00:00","og_image":[{"width":1200,"height":1200,"url":"https:\/\/www.melform.com\/wp-content\/uploads\/2022\/10\/K1000AFTVDZM1K1000AFTVCZM1K1000AFTVDYM1K1000AFTVCYM1-1.jpg","type":"image\/jpeg"}],"twitter_card":"summary_large_image","schema":{"@context":"https:\/\/schema.org","@graph":[{"@type":"WebPage","@id":"https:\/\/www.melform.com\/fr\/conteneurs-\/catalogue-de-produits\/conteneurs-refrigeres\/conteneur-refrigere-koala-1000\/","url":"https:\/\/www.melform.com\/fr\/conteneurs-\/catalogue-de-produits\/conteneurs-refrigeres\/conteneur-refrigere-koala-1000\/","name":"Conteneur r\u00e9frig\u00e9r\u00e9 - KOALA 1000 EUROPALLET - MELFORM","isPartOf":{"@id":"https:\/\/www.melform.com\/fr\/#website"},"primaryImageOfPage":{"@id":"https:\/\/www.melform.com\/fr\/conteneurs-\/catalogue-de-produits\/conteneurs-refrigeres\/conteneur-refrigere-koala-1000\/#primaryimage"},"image":{"@id":"https:\/\/www.melform.com\/fr\/conteneurs-\/catalogue-de-produits\/conteneurs-refrigeres\/conteneur-refrigere-koala-1000\/#primaryimage"},"thumbnailUrl":"https:\/\/www.melform.com\/wp-content\/uploads\/2022\/10\/K1000AFTVDZM1K1000AFTVCZM1K1000AFTVDYM1K1000AFTVCYM1-1.jpg","datePublished":"2022-10-07T15:05:05+00:00","dateModified":"2025-03-27T12:03:46+00:00","breadcrumb":{"@id":"https:\/\/www.melform.com\/fr\/conteneurs-\/catalogue-de-produits\/conteneurs-refrigeres\/conteneur-refrigere-koala-1000\/#breadcrumb"},"inLanguage":"fr-FR","potentialAction":[{"@type":"ReadAction","target":["https:\/\/www.melform.com\/fr\/conteneurs-\/catalogue-de-produits\/conteneurs-refrigeres\/conteneur-refrigere-koala-1000\/"]}]},{"@type":"ImageObject","inLanguage":"fr-FR","@id":"https:\/\/www.melform.com\/fr\/conteneurs-\/catalogue-de-produits\/conteneurs-refrigeres\/conteneur-refrigere-koala-1000\/#primaryimage","url":"https:\/\/www.melform.com\/wp-content\/uploads\/2022\/10\/K1000AFTVDZM1K1000AFTVCZM1K1000AFTVDYM1K1000AFTVCYM1-1.jpg","contentUrl":"https:\/\/www.melform.com\/wp-content\/uploads\/2022\/10\/K1000AFTVDZM1K1000AFTVCZM1K1000AFTVDYM1K1000AFTVCYM1-1.jpg","width":1200,"height":1200},{"@type":"BreadcrumbList","@id":"https:\/\/www.melform.com\/fr\/conteneurs-\/catalogue-de-produits\/conteneurs-refrigeres\/conteneur-refrigere-koala-1000\/#breadcrumb","itemListElement":[{"@type":"ListItem","position":1,"name":"Home","item":"https:\/\/www.melform.com\/fr\/"},{"@type":"ListItem","position":2,"name":"Shop","item":"https:\/\/www.melform.com\/fr\/shop\/"},{"@type":"ListItem","position":3,"name":"Conteneur r\u00e9frig\u00e9r\u00e9 &#8211; KOALA 1000 EUROPALLET"}]},{"@type":"WebSite","@id":"https:\/\/www.melform.com\/fr\/#website","url":"https:\/\/www.melform.com\/fr\/","name":"MELFORM","description":"SISTEMI PER IL TRASPORTO E STOCCAGGIO A TEMPERATURA CONTROLLATA","potentialAction":[{"@type":"SearchAction","target":{"@type":"EntryPoint","urlTemplate":"https:\/\/www.melform.com\/fr\/?s={search_term_string}"},"query-input":{"@type":"PropertyValueSpecification","valueRequired":true,"valueName":"search_term_string"}}],"inLanguage":"fr-FR"}]}},"_links":{"self":[{"href":"https:\/\/www.melform.com\/fr\/wp-json\/wp\/v2\/product\/8273","targetHints":{"allow":["GET"]}}],"collection":[{"href":"https:\/\/www.melform.com\/fr\/wp-json\/wp\/v2\/product"}],"about":[{"href":"https:\/\/www.melform.com\/fr\/wp-json\/wp\/v2\/types\/product"}],"wp:featuredmedia":[{"embeddable":true,"href":"https:\/\/www.melform.com\/fr\/wp-json\/wp\/v2\/media\/5755"}],"wp:attachment":[{"href":"https:\/\/www.melform.com\/fr\/wp-json\/wp\/v2\/media?parent=8273"}],"wp:term":[{"taxonomy":"product_brand","embeddable":true,"href":"https:\/\/www.melform.com\/fr\/wp-json\/wp\/v2\/product_brand?post=8273"},{"taxonomy":"product_cat","embeddable":true,"href":"https:\/\/www.melform.com\/fr\/wp-json\/wp\/v2\/product_cat?post=8273"},{"taxonomy":"product_tag","embeddable":true,"href":"https:\/\/www.melform.com\/fr\/wp-json\/wp\/v2\/product_tag?post=8273"}],"curies":[{"name":"wp","href":"https:\/\/api.w.org\/{rel}","templated":true}]}}