{"id":8282,"date":"2022-10-07T17:05:42","date_gmt":"2022-10-07T15:05:42","guid":{"rendered":"https:\/\/www.melform.com\/product\/contenitore-isotermico-refrigerato-koala-1300-europallet\/"},"modified":"2025-03-27T14:05:24","modified_gmt":"2025-03-27T12:05:24","slug":"conteneur-refrigere-koala-1300-europallet","status":"publish","type":"product","link":"https:\/\/www.melform.com\/fr\/conteneurs-\/catalogue-de-produits\/conteneurs-refrigeres\/conteneur-refrigere-koala-1300-europallet\/","title":{"rendered":"Conteneur r\u00e9frig\u00e9r\u00e9 &#8211; KOALA 1300 EUROPALLET"},"content":{"rendered":"Le <strong>Koala 1300<\/strong> est le conteneur isotherme r\u00e9frig\u00e9r\u00e9 parfait pour le transport s\u00fbr et efficace de produits \u00e0 temp\u00e9rature contr\u00f4l\u00e9e, con\u00e7u pour r\u00e9pondre aux besoins des professionnels des secteurs logistique et alimentaire.\r\n<ul>\r\n \t<li><strong>Capacit\u00e9 Extra-Large :<\/strong> avec ses <strong>1115 litres<\/strong>, il offre un espace g\u00e9n\u00e9reux pour le transport de grandes quantit\u00e9s de marchandises tout en maintenant la temp\u00e9rature id\u00e9ale.<\/li>\r\n \t<li><strong>Construction de Haute Qualit\u00e9 :<\/strong> fabriqu\u00e9 en <strong>poly\u00e9thyl\u00e8ne r\u00e9sistant<\/strong> et isol\u00e9 avec de la <strong>mousse de polyur\u00e9thane \u00e9cologique<\/strong> sans CFC ni HCFC, il garantit une excellente isolation thermique, pr\u00e9servant les propri\u00e9t\u00e9s organoleptiques des aliments et r\u00e9duisant les risques de prolif\u00e9ration bact\u00e9rienne.<\/li>\r\n \t<li><strong>Efficacit\u00e9 Op\u00e9rationnelle :<\/strong> les <strong>dimensions internes conformes aux normes EUROPALLET (80&#215;120 cm)<\/strong> facilitent le chargement et le d\u00e9chargement direct des marchandises sur palettes, optimisant le temps et l\u2019espace lors des op\u00e9rations logistiques.<\/li>\r\n<\/ul>","protected":false},"excerpt":{"rendered":"Le Koala 1300 est le conteneur isotherme r\u00e9frig\u00e9r\u00e9 parfait pour le transport s\u00fbr et efficace de produits \u00e0 temp\u00e9rature contr\u00f4l\u00e9e, con\u00e7u pour r\u00e9pondre aux besoins des professionnels des secteurs logistique et alimentaire. Capacit\u00e9 Extra-Large : avec ses 1115 litres, il offre un espace g\u00e9n\u00e9reux pour le transport de grandes quantit\u00e9s de marchandises tout en maintenant [&hellip;]","protected":false},"featured_media":6037,"template":"","meta":{"_acf_changed":false,"_themeisle_gutenberg_block_has_review":false},"product_brand":[],"product_cat":[912,236,237],"product_tag":[],"class_list":{"0":"post-8282","1":"product","2":"type-product","3":"status-publish","4":"has-post-thumbnail","6":"product_cat-catalogue-de-produits","7":"product_cat-conteneurs-refrigeres","8":"product_cat-conteneurs-isothermes-refrigeres-koala","9":"pa_basamento-basic-fr","10":"pa_basamento-pieds","11":"pa_basamento-roues","12":"pa_linea-koala-fr","13":"pa_range-di-temperatura-18c-10-fr","14":"pa_range-di-temperatura-18c-40-fr","15":"pa_range-di-temperatura-0c-10-fr","16":"pa_range-di-temperatura-0c-40-fr","18":"first","19":"instock","20":"product-type-variable","21":"has-default-attributes","22":"wvs-archive-product-wrapper"},"acf":[],"yoast_head":"<!-- This site is optimized with the Yoast SEO plugin v26.4 - https:\/\/yoast.com\/wordpress\/plugins\/seo\/ -->\n<title>Conteneur r\u00e9frig\u00e9r\u00e9 - KOALA 1300 EUROPALLET - MELFORM<\/title>\n<meta name=\"robots\" content=\"index, follow, max-snippet:-1, max-image-preview:large, max-video-preview:-1\" \/>\n<link rel=\"canonical\" href=\"https:\/\/www.melform.com\/fr\/conteneurs-\/catalogue-de-produits\/conteneurs-refrigeres\/conteneur-refrigere-koala-1300-europallet\/\" \/>\n<meta property=\"og:locale\" content=\"fr_FR\" \/>\n<meta property=\"og:type\" content=\"article\" \/>\n<meta property=\"og:title\" content=\"Conteneur r\u00e9frig\u00e9r\u00e9 - KOALA 1300 EUROPALLET - MELFORM\" \/>\n<meta property=\"og:description\" content=\"Le Koala 1300 est le conteneur isotherme r\u00e9frig\u00e9r\u00e9 parfait pour le transport s\u00fbr et efficace de produits \u00e0 temp\u00e9rature contr\u00f4l\u00e9e, con\u00e7u pour r\u00e9pondre aux besoins des professionnels des secteurs logistique et alimentaire. Capacit\u00e9 Extra-Large : avec ses 1115 litres, il offre un espace g\u00e9n\u00e9reux pour le transport de grandes quantit\u00e9s de marchandises tout en maintenant [&hellip;]\" \/>\n<meta property=\"og:url\" content=\"https:\/\/www.melform.com\/fr\/conteneurs-\/catalogue-de-produits\/conteneurs-refrigeres\/conteneur-refrigere-koala-1300-europallet\/\" \/>\n<meta property=\"og:site_name\" content=\"MELFORM\" \/>\n<meta property=\"article:modified_time\" content=\"2025-03-27T12:05:24+00:00\" \/>\n<meta property=\"og:image\" content=\"https:\/\/www.melform.com\/wp-content\/uploads\/2022\/10\/Koala1300T_13019003_13019011_LR_FM.jpg\" \/>\n\t<meta property=\"og:image:width\" content=\"1024\" \/>\n\t<meta property=\"og:image:height\" content=\"1024\" \/>\n\t<meta property=\"og:image:type\" content=\"image\/jpeg\" \/>\n<meta name=\"twitter:card\" content=\"summary_large_image\" \/>\n<script type=\"application\/ld+json\" class=\"yoast-schema-graph\">{\"@context\":\"https:\/\/schema.org\",\"@graph\":[{\"@type\":\"WebPage\",\"@id\":\"https:\/\/www.melform.com\/fr\/conteneurs-\/catalogue-de-produits\/conteneurs-refrigeres\/conteneur-refrigere-koala-1300-europallet\/\",\"url\":\"https:\/\/www.melform.com\/fr\/conteneurs-\/catalogue-de-produits\/conteneurs-refrigeres\/conteneur-refrigere-koala-1300-europallet\/\",\"name\":\"Conteneur r\u00e9frig\u00e9r\u00e9 - KOALA 1300 EUROPALLET - MELFORM\",\"isPartOf\":{\"@id\":\"https:\/\/www.melform.com\/fr\/#website\"},\"primaryImageOfPage\":{\"@id\":\"https:\/\/www.melform.com\/fr\/conteneurs-\/catalogue-de-produits\/conteneurs-refrigeres\/conteneur-refrigere-koala-1300-europallet\/#primaryimage\"},\"image\":{\"@id\":\"https:\/\/www.melform.com\/fr\/conteneurs-\/catalogue-de-produits\/conteneurs-refrigeres\/conteneur-refrigere-koala-1300-europallet\/#primaryimage\"},\"thumbnailUrl\":\"https:\/\/www.melform.com\/wp-content\/uploads\/2022\/10\/Koala1300T_13019003_13019011_LR_FM.jpg\",\"datePublished\":\"2022-10-07T15:05:42+00:00\",\"dateModified\":\"2025-03-27T12:05:24+00:00\",\"breadcrumb\":{\"@id\":\"https:\/\/www.melform.com\/fr\/conteneurs-\/catalogue-de-produits\/conteneurs-refrigeres\/conteneur-refrigere-koala-1300-europallet\/#breadcrumb\"},\"inLanguage\":\"fr-FR\",\"potentialAction\":[{\"@type\":\"ReadAction\",\"target\":[\"https:\/\/www.melform.com\/fr\/conteneurs-\/catalogue-de-produits\/conteneurs-refrigeres\/conteneur-refrigere-koala-1300-europallet\/\"]}]},{\"@type\":\"ImageObject\",\"inLanguage\":\"fr-FR\",\"@id\":\"https:\/\/www.melform.com\/fr\/conteneurs-\/catalogue-de-produits\/conteneurs-refrigeres\/conteneur-refrigere-koala-1300-europallet\/#primaryimage\",\"url\":\"https:\/\/www.melform.com\/wp-content\/uploads\/2022\/10\/Koala1300T_13019003_13019011_LR_FM.jpg\",\"contentUrl\":\"https:\/\/www.melform.com\/wp-content\/uploads\/2022\/10\/Koala1300T_13019003_13019011_LR_FM.jpg\",\"width\":1024,\"height\":1024},{\"@type\":\"BreadcrumbList\",\"@id\":\"https:\/\/www.melform.com\/fr\/conteneurs-\/catalogue-de-produits\/conteneurs-refrigeres\/conteneur-refrigere-koala-1300-europallet\/#breadcrumb\",\"itemListElement\":[{\"@type\":\"ListItem\",\"position\":1,\"name\":\"Home\",\"item\":\"https:\/\/www.melform.com\/fr\/\"},{\"@type\":\"ListItem\",\"position\":2,\"name\":\"Shop\",\"item\":\"https:\/\/www.melform.com\/fr\/shop\/\"},{\"@type\":\"ListItem\",\"position\":3,\"name\":\"Conteneur r\u00e9frig\u00e9r\u00e9 &#8211; KOALA 1300 EUROPALLET\"}]},{\"@type\":\"WebSite\",\"@id\":\"https:\/\/www.melform.com\/fr\/#website\",\"url\":\"https:\/\/www.melform.com\/fr\/\",\"name\":\"MELFORM\",\"description\":\"SISTEMI PER IL TRASPORTO E STOCCAGGIO A TEMPERATURA CONTROLLATA\",\"potentialAction\":[{\"@type\":\"SearchAction\",\"target\":{\"@type\":\"EntryPoint\",\"urlTemplate\":\"https:\/\/www.melform.com\/fr\/?s={search_term_string}\"},\"query-input\":{\"@type\":\"PropertyValueSpecification\",\"valueRequired\":true,\"valueName\":\"search_term_string\"}}],\"inLanguage\":\"fr-FR\"}]}<\/script>\n<!-- \/ Yoast SEO plugin. -->","yoast_head_json":{"title":"Conteneur r\u00e9frig\u00e9r\u00e9 - KOALA 1300 EUROPALLET - MELFORM","robots":{"index":"index","follow":"follow","max-snippet":"max-snippet:-1","max-image-preview":"max-image-preview:large","max-video-preview":"max-video-preview:-1"},"canonical":"https:\/\/www.melform.com\/fr\/conteneurs-\/catalogue-de-produits\/conteneurs-refrigeres\/conteneur-refrigere-koala-1300-europallet\/","og_locale":"fr_FR","og_type":"article","og_title":"Conteneur r\u00e9frig\u00e9r\u00e9 - KOALA 1300 EUROPALLET - MELFORM","og_description":"Le Koala 1300 est le conteneur isotherme r\u00e9frig\u00e9r\u00e9 parfait pour le transport s\u00fbr et efficace de produits \u00e0 temp\u00e9rature contr\u00f4l\u00e9e, con\u00e7u pour r\u00e9pondre aux besoins des professionnels des secteurs logistique et alimentaire. Capacit\u00e9 Extra-Large : avec ses 1115 litres, il offre un espace g\u00e9n\u00e9reux pour le transport de grandes quantit\u00e9s de marchandises tout en maintenant [&hellip;]","og_url":"https:\/\/www.melform.com\/fr\/conteneurs-\/catalogue-de-produits\/conteneurs-refrigeres\/conteneur-refrigere-koala-1300-europallet\/","og_site_name":"MELFORM","article_modified_time":"2025-03-27T12:05:24+00:00","og_image":[{"width":1024,"height":1024,"url":"https:\/\/www.melform.com\/wp-content\/uploads\/2022\/10\/Koala1300T_13019003_13019011_LR_FM.jpg","type":"image\/jpeg"}],"twitter_card":"summary_large_image","schema":{"@context":"https:\/\/schema.org","@graph":[{"@type":"WebPage","@id":"https:\/\/www.melform.com\/fr\/conteneurs-\/catalogue-de-produits\/conteneurs-refrigeres\/conteneur-refrigere-koala-1300-europallet\/","url":"https:\/\/www.melform.com\/fr\/conteneurs-\/catalogue-de-produits\/conteneurs-refrigeres\/conteneur-refrigere-koala-1300-europallet\/","name":"Conteneur r\u00e9frig\u00e9r\u00e9 - KOALA 1300 EUROPALLET - MELFORM","isPartOf":{"@id":"https:\/\/www.melform.com\/fr\/#website"},"primaryImageOfPage":{"@id":"https:\/\/www.melform.com\/fr\/conteneurs-\/catalogue-de-produits\/conteneurs-refrigeres\/conteneur-refrigere-koala-1300-europallet\/#primaryimage"},"image":{"@id":"https:\/\/www.melform.com\/fr\/conteneurs-\/catalogue-de-produits\/conteneurs-refrigeres\/conteneur-refrigere-koala-1300-europallet\/#primaryimage"},"thumbnailUrl":"https:\/\/www.melform.com\/wp-content\/uploads\/2022\/10\/Koala1300T_13019003_13019011_LR_FM.jpg","datePublished":"2022-10-07T15:05:42+00:00","dateModified":"2025-03-27T12:05:24+00:00","breadcrumb":{"@id":"https:\/\/www.melform.com\/fr\/conteneurs-\/catalogue-de-produits\/conteneurs-refrigeres\/conteneur-refrigere-koala-1300-europallet\/#breadcrumb"},"inLanguage":"fr-FR","potentialAction":[{"@type":"ReadAction","target":["https:\/\/www.melform.com\/fr\/conteneurs-\/catalogue-de-produits\/conteneurs-refrigeres\/conteneur-refrigere-koala-1300-europallet\/"]}]},{"@type":"ImageObject","inLanguage":"fr-FR","@id":"https:\/\/www.melform.com\/fr\/conteneurs-\/catalogue-de-produits\/conteneurs-refrigeres\/conteneur-refrigere-koala-1300-europallet\/#primaryimage","url":"https:\/\/www.melform.com\/wp-content\/uploads\/2022\/10\/Koala1300T_13019003_13019011_LR_FM.jpg","contentUrl":"https:\/\/www.melform.com\/wp-content\/uploads\/2022\/10\/Koala1300T_13019003_13019011_LR_FM.jpg","width":1024,"height":1024},{"@type":"BreadcrumbList","@id":"https:\/\/www.melform.com\/fr\/conteneurs-\/catalogue-de-produits\/conteneurs-refrigeres\/conteneur-refrigere-koala-1300-europallet\/#breadcrumb","itemListElement":[{"@type":"ListItem","position":1,"name":"Home","item":"https:\/\/www.melform.com\/fr\/"},{"@type":"ListItem","position":2,"name":"Shop","item":"https:\/\/www.melform.com\/fr\/shop\/"},{"@type":"ListItem","position":3,"name":"Conteneur r\u00e9frig\u00e9r\u00e9 &#8211; KOALA 1300 EUROPALLET"}]},{"@type":"WebSite","@id":"https:\/\/www.melform.com\/fr\/#website","url":"https:\/\/www.melform.com\/fr\/","name":"MELFORM","description":"SISTEMI PER IL TRASPORTO E STOCCAGGIO A TEMPERATURA CONTROLLATA","potentialAction":[{"@type":"SearchAction","target":{"@type":"EntryPoint","urlTemplate":"https:\/\/www.melform.com\/fr\/?s={search_term_string}"},"query-input":{"@type":"PropertyValueSpecification","valueRequired":true,"valueName":"search_term_string"}}],"inLanguage":"fr-FR"}]}},"_links":{"self":[{"href":"https:\/\/www.melform.com\/fr\/wp-json\/wp\/v2\/product\/8282","targetHints":{"allow":["GET"]}}],"collection":[{"href":"https:\/\/www.melform.com\/fr\/wp-json\/wp\/v2\/product"}],"about":[{"href":"https:\/\/www.melform.com\/fr\/wp-json\/wp\/v2\/types\/product"}],"wp:featuredmedia":[{"embeddable":true,"href":"https:\/\/www.melform.com\/fr\/wp-json\/wp\/v2\/media\/6037"}],"wp:attachment":[{"href":"https:\/\/www.melform.com\/fr\/wp-json\/wp\/v2\/media?parent=8282"}],"wp:term":[{"taxonomy":"product_brand","embeddable":true,"href":"https:\/\/www.melform.com\/fr\/wp-json\/wp\/v2\/product_brand?post=8282"},{"taxonomy":"product_cat","embeddable":true,"href":"https:\/\/www.melform.com\/fr\/wp-json\/wp\/v2\/product_cat?post=8282"},{"taxonomy":"product_tag","embeddable":true,"href":"https:\/\/www.melform.com\/fr\/wp-json\/wp\/v2\/product_tag?post=8282"}],"curies":[{"name":"wp","href":"https:\/\/api.w.org\/{rel}","templated":true}]}}