{"id":8287,"date":"2022-10-07T17:06:00","date_gmt":"2022-10-07T15:06:00","guid":{"rendered":"https:\/\/www.melform.com\/product\/contenitore-isotermico-refrigerato-koala-1300-tw-asian-pallet\/"},"modified":"2025-03-27T14:06:41","modified_gmt":"2025-03-27T12:06:41","slug":"conteneur-refrigere-koala-1300-tw-asian-pallet","status":"publish","type":"product","link":"https:\/\/www.melform.com\/fr\/conteneurs-\/catalogue-de-produits\/conteneurs-refrigeres\/conteneur-refrigere-koala-1300-tw-asian-pallet\/","title":{"rendered":"Conteneur r\u00e9frig\u00e9r\u00e9 &#8211; KOALA 1300 TW ASIAN PALLET"},"content":{"rendered":"Le <strong>Koala 1300 TW<\/strong> est le conteneur isotherme r\u00e9frig\u00e9r\u00e9 id\u00e9al pour le transport s\u00fbr et efficace de produits \u00e0 temp\u00e9rature contr\u00f4l\u00e9e\r\n<ul>\r\n \t<li><strong>Capacit\u00e9 Extra-Large :<\/strong> avec une capacit\u00e9 de <strong>1 115 litres<\/strong>, il offre un espace g\u00e9n\u00e9reux pour le transport de grandes quantit\u00e9s de marchandises tout en maintenant constamment la temp\u00e9rature id\u00e9ale.<\/li>\r\n \t<li><strong>Mat\u00e9riaux de Haute Qualit\u00e9 :<\/strong> fabriqu\u00e9 en <strong>poly\u00e9thyl\u00e8ne r\u00e9sistant<\/strong> et isol\u00e9 avec de la <strong>mousse de polyur\u00e9thane \u00e9cologique<\/strong> sans CFC ni HCFC, il garantit une excellente isolation thermique, pr\u00e9serve les propri\u00e9t\u00e9s organoleptiques des aliments et r\u00e9duit le risque de prolif\u00e9ration bact\u00e9rienne.<\/li>\r\n \t<li><strong>Dimensions Optimis\u00e9es :<\/strong> les <strong>dimensions externes conformes aux normes ASIAN PALLET (110&#215;110 cm)<\/strong> rendent le chargement et le d\u00e9chargement des marchandises sur palettes extr\u00eamement pratiques et rapides, optimisant les op\u00e9rations logistiques.<\/li>\r\n \t<li><strong>Polyvalence Globale :<\/strong> id\u00e9al pour le transport international, le <strong>Koala 1300 TW<\/strong> est le choix parfait pour les besoins logistiques des march\u00e9s asiatiques et am\u00e9ricains.<\/li>\r\n<\/ul>","protected":false},"excerpt":{"rendered":"Le Koala 1300 TW est le conteneur isotherme r\u00e9frig\u00e9r\u00e9 id\u00e9al pour le transport s\u00fbr et efficace de produits \u00e0 temp\u00e9rature contr\u00f4l\u00e9e Capacit\u00e9 Extra-Large : avec une capacit\u00e9 de 1 115 litres, il offre un espace g\u00e9n\u00e9reux pour le transport de grandes quantit\u00e9s de marchandises tout en maintenant constamment la temp\u00e9rature id\u00e9ale. Mat\u00e9riaux de Haute Qualit\u00e9 [&hellip;]","protected":false},"featured_media":5696,"template":"","meta":{"_acf_changed":false,"_themeisle_gutenberg_block_has_review":false},"product_brand":[],"product_cat":[912,236,237],"product_tag":[],"class_list":{"0":"post-8287","1":"product","2":"type-product","3":"status-publish","4":"has-post-thumbnail","6":"product_cat-catalogue-de-produits","7":"product_cat-conteneurs-refrigeres","8":"product_cat-conteneurs-isothermes-refrigeres-koala","9":"pa_basamento-basic-fr","10":"pa_basamento-pieds","11":"pa_basamento-roues","12":"pa_linea-koala-fr","13":"pa_range-di-temperatura-0c-10-fr","14":"pa_range-di-temperatura-0c-40-fr","16":"first","17":"instock","18":"product-type-variable","19":"has-default-attributes","20":"wvs-archive-product-wrapper"},"acf":[],"yoast_head":"<!-- This site is optimized with the Yoast SEO plugin v26.4 - https:\/\/yoast.com\/wordpress\/plugins\/seo\/ -->\n<title>Conteneur r\u00e9frig\u00e9r\u00e9 - KOALA 1300 TW ASIAN PALLET - MELFORM<\/title>\n<meta name=\"robots\" content=\"index, follow, max-snippet:-1, max-image-preview:large, max-video-preview:-1\" \/>\n<link rel=\"canonical\" href=\"https:\/\/www.melform.com\/fr\/conteneurs-\/catalogue-de-produits\/conteneurs-refrigeres\/conteneur-refrigere-koala-1300-tw-asian-pallet\/\" \/>\n<meta property=\"og:locale\" content=\"fr_FR\" \/>\n<meta property=\"og:type\" content=\"article\" \/>\n<meta property=\"og:title\" content=\"Conteneur r\u00e9frig\u00e9r\u00e9 - KOALA 1300 TW ASIAN PALLET - MELFORM\" \/>\n<meta property=\"og:description\" content=\"Le Koala 1300 TW est le conteneur isotherme r\u00e9frig\u00e9r\u00e9 id\u00e9al pour le transport s\u00fbr et efficace de produits \u00e0 temp\u00e9rature contr\u00f4l\u00e9e Capacit\u00e9 Extra-Large : avec une capacit\u00e9 de 1 115 litres, il offre un espace g\u00e9n\u00e9reux pour le transport de grandes quantit\u00e9s de marchandises tout en maintenant constamment la temp\u00e9rature id\u00e9ale. Mat\u00e9riaux de Haute Qualit\u00e9 [&hellip;]\" \/>\n<meta property=\"og:url\" content=\"https:\/\/www.melform.com\/fr\/conteneurs-\/catalogue-de-produits\/conteneurs-refrigeres\/conteneur-refrigere-koala-1300-tw-asian-pallet\/\" \/>\n<meta property=\"og:site_name\" content=\"MELFORM\" \/>\n<meta property=\"article:modified_time\" content=\"2025-03-27T12:06:41+00:00\" \/>\n<meta property=\"og:image\" content=\"https:\/\/www.melform.com\/wp-content\/uploads\/2022\/10\/K130TAFTVDZM1K130TAFTVDYM1.jpg\" \/>\n\t<meta property=\"og:image:width\" content=\"1200\" \/>\n\t<meta property=\"og:image:height\" content=\"1200\" \/>\n\t<meta property=\"og:image:type\" content=\"image\/jpeg\" \/>\n<meta name=\"twitter:card\" content=\"summary_large_image\" \/>\n<script type=\"application\/ld+json\" class=\"yoast-schema-graph\">{\"@context\":\"https:\/\/schema.org\",\"@graph\":[{\"@type\":\"WebPage\",\"@id\":\"https:\/\/www.melform.com\/fr\/conteneurs-\/catalogue-de-produits\/conteneurs-refrigeres\/conteneur-refrigere-koala-1300-tw-asian-pallet\/\",\"url\":\"https:\/\/www.melform.com\/fr\/conteneurs-\/catalogue-de-produits\/conteneurs-refrigeres\/conteneur-refrigere-koala-1300-tw-asian-pallet\/\",\"name\":\"Conteneur r\u00e9frig\u00e9r\u00e9 - KOALA 1300 TW ASIAN PALLET - MELFORM\",\"isPartOf\":{\"@id\":\"https:\/\/www.melform.com\/fr\/#website\"},\"primaryImageOfPage\":{\"@id\":\"https:\/\/www.melform.com\/fr\/conteneurs-\/catalogue-de-produits\/conteneurs-refrigeres\/conteneur-refrigere-koala-1300-tw-asian-pallet\/#primaryimage\"},\"image\":{\"@id\":\"https:\/\/www.melform.com\/fr\/conteneurs-\/catalogue-de-produits\/conteneurs-refrigeres\/conteneur-refrigere-koala-1300-tw-asian-pallet\/#primaryimage\"},\"thumbnailUrl\":\"https:\/\/www.melform.com\/wp-content\/uploads\/2022\/10\/K130TAFTVDZM1K130TAFTVDYM1.jpg\",\"datePublished\":\"2022-10-07T15:06:00+00:00\",\"dateModified\":\"2025-03-27T12:06:41+00:00\",\"breadcrumb\":{\"@id\":\"https:\/\/www.melform.com\/fr\/conteneurs-\/catalogue-de-produits\/conteneurs-refrigeres\/conteneur-refrigere-koala-1300-tw-asian-pallet\/#breadcrumb\"},\"inLanguage\":\"fr-FR\",\"potentialAction\":[{\"@type\":\"ReadAction\",\"target\":[\"https:\/\/www.melform.com\/fr\/conteneurs-\/catalogue-de-produits\/conteneurs-refrigeres\/conteneur-refrigere-koala-1300-tw-asian-pallet\/\"]}]},{\"@type\":\"ImageObject\",\"inLanguage\":\"fr-FR\",\"@id\":\"https:\/\/www.melform.com\/fr\/conteneurs-\/catalogue-de-produits\/conteneurs-refrigeres\/conteneur-refrigere-koala-1300-tw-asian-pallet\/#primaryimage\",\"url\":\"https:\/\/www.melform.com\/wp-content\/uploads\/2022\/10\/K130TAFTVDZM1K130TAFTVDYM1.jpg\",\"contentUrl\":\"https:\/\/www.melform.com\/wp-content\/uploads\/2022\/10\/K130TAFTVDZM1K130TAFTVDYM1.jpg\",\"width\":1200,\"height\":1200},{\"@type\":\"BreadcrumbList\",\"@id\":\"https:\/\/www.melform.com\/fr\/conteneurs-\/catalogue-de-produits\/conteneurs-refrigeres\/conteneur-refrigere-koala-1300-tw-asian-pallet\/#breadcrumb\",\"itemListElement\":[{\"@type\":\"ListItem\",\"position\":1,\"name\":\"Home\",\"item\":\"https:\/\/www.melform.com\/fr\/\"},{\"@type\":\"ListItem\",\"position\":2,\"name\":\"Shop\",\"item\":\"https:\/\/www.melform.com\/fr\/shop\/\"},{\"@type\":\"ListItem\",\"position\":3,\"name\":\"Conteneur r\u00e9frig\u00e9r\u00e9 &#8211; KOALA 1300 TW ASIAN PALLET\"}]},{\"@type\":\"WebSite\",\"@id\":\"https:\/\/www.melform.com\/fr\/#website\",\"url\":\"https:\/\/www.melform.com\/fr\/\",\"name\":\"MELFORM\",\"description\":\"SISTEMI PER IL TRASPORTO E STOCCAGGIO A TEMPERATURA CONTROLLATA\",\"potentialAction\":[{\"@type\":\"SearchAction\",\"target\":{\"@type\":\"EntryPoint\",\"urlTemplate\":\"https:\/\/www.melform.com\/fr\/?s={search_term_string}\"},\"query-input\":{\"@type\":\"PropertyValueSpecification\",\"valueRequired\":true,\"valueName\":\"search_term_string\"}}],\"inLanguage\":\"fr-FR\"}]}<\/script>\n<!-- \/ Yoast SEO plugin. -->","yoast_head_json":{"title":"Conteneur r\u00e9frig\u00e9r\u00e9 - KOALA 1300 TW ASIAN PALLET - MELFORM","robots":{"index":"index","follow":"follow","max-snippet":"max-snippet:-1","max-image-preview":"max-image-preview:large","max-video-preview":"max-video-preview:-1"},"canonical":"https:\/\/www.melform.com\/fr\/conteneurs-\/catalogue-de-produits\/conteneurs-refrigeres\/conteneur-refrigere-koala-1300-tw-asian-pallet\/","og_locale":"fr_FR","og_type":"article","og_title":"Conteneur r\u00e9frig\u00e9r\u00e9 - KOALA 1300 TW ASIAN PALLET - MELFORM","og_description":"Le Koala 1300 TW est le conteneur isotherme r\u00e9frig\u00e9r\u00e9 id\u00e9al pour le transport s\u00fbr et efficace de produits \u00e0 temp\u00e9rature contr\u00f4l\u00e9e Capacit\u00e9 Extra-Large : avec une capacit\u00e9 de 1 115 litres, il offre un espace g\u00e9n\u00e9reux pour le transport de grandes quantit\u00e9s de marchandises tout en maintenant constamment la temp\u00e9rature id\u00e9ale. Mat\u00e9riaux de Haute Qualit\u00e9 [&hellip;]","og_url":"https:\/\/www.melform.com\/fr\/conteneurs-\/catalogue-de-produits\/conteneurs-refrigeres\/conteneur-refrigere-koala-1300-tw-asian-pallet\/","og_site_name":"MELFORM","article_modified_time":"2025-03-27T12:06:41+00:00","og_image":[{"width":1200,"height":1200,"url":"https:\/\/www.melform.com\/wp-content\/uploads\/2022\/10\/K130TAFTVDZM1K130TAFTVDYM1.jpg","type":"image\/jpeg"}],"twitter_card":"summary_large_image","schema":{"@context":"https:\/\/schema.org","@graph":[{"@type":"WebPage","@id":"https:\/\/www.melform.com\/fr\/conteneurs-\/catalogue-de-produits\/conteneurs-refrigeres\/conteneur-refrigere-koala-1300-tw-asian-pallet\/","url":"https:\/\/www.melform.com\/fr\/conteneurs-\/catalogue-de-produits\/conteneurs-refrigeres\/conteneur-refrigere-koala-1300-tw-asian-pallet\/","name":"Conteneur r\u00e9frig\u00e9r\u00e9 - KOALA 1300 TW ASIAN PALLET - MELFORM","isPartOf":{"@id":"https:\/\/www.melform.com\/fr\/#website"},"primaryImageOfPage":{"@id":"https:\/\/www.melform.com\/fr\/conteneurs-\/catalogue-de-produits\/conteneurs-refrigeres\/conteneur-refrigere-koala-1300-tw-asian-pallet\/#primaryimage"},"image":{"@id":"https:\/\/www.melform.com\/fr\/conteneurs-\/catalogue-de-produits\/conteneurs-refrigeres\/conteneur-refrigere-koala-1300-tw-asian-pallet\/#primaryimage"},"thumbnailUrl":"https:\/\/www.melform.com\/wp-content\/uploads\/2022\/10\/K130TAFTVDZM1K130TAFTVDYM1.jpg","datePublished":"2022-10-07T15:06:00+00:00","dateModified":"2025-03-27T12:06:41+00:00","breadcrumb":{"@id":"https:\/\/www.melform.com\/fr\/conteneurs-\/catalogue-de-produits\/conteneurs-refrigeres\/conteneur-refrigere-koala-1300-tw-asian-pallet\/#breadcrumb"},"inLanguage":"fr-FR","potentialAction":[{"@type":"ReadAction","target":["https:\/\/www.melform.com\/fr\/conteneurs-\/catalogue-de-produits\/conteneurs-refrigeres\/conteneur-refrigere-koala-1300-tw-asian-pallet\/"]}]},{"@type":"ImageObject","inLanguage":"fr-FR","@id":"https:\/\/www.melform.com\/fr\/conteneurs-\/catalogue-de-produits\/conteneurs-refrigeres\/conteneur-refrigere-koala-1300-tw-asian-pallet\/#primaryimage","url":"https:\/\/www.melform.com\/wp-content\/uploads\/2022\/10\/K130TAFTVDZM1K130TAFTVDYM1.jpg","contentUrl":"https:\/\/www.melform.com\/wp-content\/uploads\/2022\/10\/K130TAFTVDZM1K130TAFTVDYM1.jpg","width":1200,"height":1200},{"@type":"BreadcrumbList","@id":"https:\/\/www.melform.com\/fr\/conteneurs-\/catalogue-de-produits\/conteneurs-refrigeres\/conteneur-refrigere-koala-1300-tw-asian-pallet\/#breadcrumb","itemListElement":[{"@type":"ListItem","position":1,"name":"Home","item":"https:\/\/www.melform.com\/fr\/"},{"@type":"ListItem","position":2,"name":"Shop","item":"https:\/\/www.melform.com\/fr\/shop\/"},{"@type":"ListItem","position":3,"name":"Conteneur r\u00e9frig\u00e9r\u00e9 &#8211; KOALA 1300 TW ASIAN PALLET"}]},{"@type":"WebSite","@id":"https:\/\/www.melform.com\/fr\/#website","url":"https:\/\/www.melform.com\/fr\/","name":"MELFORM","description":"SISTEMI PER IL TRASPORTO E STOCCAGGIO A TEMPERATURA CONTROLLATA","potentialAction":[{"@type":"SearchAction","target":{"@type":"EntryPoint","urlTemplate":"https:\/\/www.melform.com\/fr\/?s={search_term_string}"},"query-input":{"@type":"PropertyValueSpecification","valueRequired":true,"valueName":"search_term_string"}}],"inLanguage":"fr-FR"}]}},"_links":{"self":[{"href":"https:\/\/www.melform.com\/fr\/wp-json\/wp\/v2\/product\/8287","targetHints":{"allow":["GET"]}}],"collection":[{"href":"https:\/\/www.melform.com\/fr\/wp-json\/wp\/v2\/product"}],"about":[{"href":"https:\/\/www.melform.com\/fr\/wp-json\/wp\/v2\/types\/product"}],"wp:featuredmedia":[{"embeddable":true,"href":"https:\/\/www.melform.com\/fr\/wp-json\/wp\/v2\/media\/5696"}],"wp:attachment":[{"href":"https:\/\/www.melform.com\/fr\/wp-json\/wp\/v2\/media?parent=8287"}],"wp:term":[{"taxonomy":"product_brand","embeddable":true,"href":"https:\/\/www.melform.com\/fr\/wp-json\/wp\/v2\/product_brand?post=8287"},{"taxonomy":"product_cat","embeddable":true,"href":"https:\/\/www.melform.com\/fr\/wp-json\/wp\/v2\/product_cat?post=8287"},{"taxonomy":"product_tag","embeddable":true,"href":"https:\/\/www.melform.com\/fr\/wp-json\/wp\/v2\/product_tag?post=8287"}],"curies":[{"name":"wp","href":"https:\/\/api.w.org\/{rel}","templated":true}]}}