{"id":8290,"date":"2022-10-07T17:06:10","date_gmt":"2022-10-07T15:06:10","guid":{"rendered":"https:\/\/www.melform.com\/product\/contenitore-isotermico-refrigerato-ad-alimentazione-autonoma-koala-140-green\/"},"modified":"2025-03-27T14:10:48","modified_gmt":"2025-03-27T12:10:48","slug":"conteneur-refrigere-auto-alimente-avec-batterie-koala-140-green","status":"publish","type":"product","link":"https:\/\/www.melform.com\/fr\/conteneurs-\/catalogue-de-produits\/conteneurs-refrigeres\/conteneur-refrigere-auto-alimente-avec-batterie-koala-140-green\/","title":{"rendered":"Conteneur r\u00e9frig\u00e9r\u00e9 autonome &#8211; KOALA GREEN 140"},"content":{"rendered":"Une bac r\u00e9frig\u00e9r\u00e9e mobile aliment\u00e9e par batterie repr\u00e9sente une solution efficace et polyvalente pour le transport professionnel.\r\n\r\nGr\u00e2ce \u00e0 sa batterie int\u00e9gr\u00e9e, le KOALA GREEN 140 offre une autonomie op\u00e9rationnelle sans n\u00e9cessiter une alimentation \u00e9lectrique externe continue. La batterie peut \u00eatre facilement recharg\u00e9e en connectant le conteneur \u00e0 une source d\u2019alimentation 230Vac ou en la retirant du groupe frigorifique pour l\u2019utiliser avec un chargeur externe d\u00e9di\u00e9. Le design empilable rend le KOALA GREEN 140 pratique et id\u00e9al pour optimiser l\u2019espace lors du transport et du stockage.\r\n<ul>\r\n \t<li><strong>Capacit\u00e9 :<\/strong> 135 litres<\/li>\r\n \t<li><strong>Mat\u00e9riau :<\/strong> Poly\u00e9thyl\u00e8ne robuste et hautement isolant<\/li>\r\n \t<li><strong>Isolation :<\/strong> Mousse polyur\u00e9thane \u00e9cologique (sans CFC ni HCFC)<\/li>\r\n \t<li><strong>Alimentation autonome :<\/strong> Batterie int\u00e9gr\u00e9e rechargeable via une source d\u2019alimentation 230Vac ou un chargeur externe<\/li>\r\n \t<li><strong>Certification :<\/strong> Certifi\u00e9 ATP pour le transport de marchandises p\u00e9rissables<\/li>\r\n \t<li><strong>Design pratique :<\/strong> Ouverture frontale pour un acc\u00e8s facile aux produits<\/li>\r\n \t<li><strong>Empilabilit\u00e9 :<\/strong> Structure con\u00e7ue pour optimiser l\u2019espace lors du transport et du stockage<\/li>\r\n<\/ul>","protected":false},"excerpt":{"rendered":"Une bac r\u00e9frig\u00e9r\u00e9e mobile aliment\u00e9e par batterie repr\u00e9sente une solution efficace et polyvalente pour le transport professionnel. Gr\u00e2ce \u00e0 sa batterie int\u00e9gr\u00e9e, le KOALA GREEN 140 offre une autonomie op\u00e9rationnelle sans n\u00e9cessiter une alimentation \u00e9lectrique externe continue. La batterie peut \u00eatre facilement recharg\u00e9e en connectant le conteneur \u00e0 une source d\u2019alimentation 230Vac ou en la [&hellip;]","protected":false},"featured_media":5613,"template":"","meta":{"_acf_changed":false,"_themeisle_gutenberg_block_has_review":false},"product_brand":[],"product_cat":[912,236,656],"product_tag":[],"class_list":{"0":"post-8290","1":"product","2":"type-product","3":"status-publish","4":"has-post-thumbnail","6":"product_cat-catalogue-de-produits","7":"product_cat-conteneurs-refrigeres","8":"product_cat-conteneurs-isothermes-refrigeres-autonomes-koala-green","9":"pa_linea-koala-green-fr","10":"pa_range-di-temperatura-25c-40-fr","11":"pa_range-di-temperatura-25c-10c-fr","12":"pa_range-di-temperatura-30c-40-fr","13":"pa_range-di-temperatura-30c-10c-fr","14":"pa_range-di-temperatura-0c-40-fr","15":"pa_range-di-temperatura-0c-10c-fr","17":"first","18":"instock","19":"product-type-variable","20":"has-default-attributes","21":"wvs-archive-product-wrapper"},"acf":[],"yoast_head":"<!-- This site is optimized with the Yoast SEO plugin v26.4 - https:\/\/yoast.com\/wordpress\/plugins\/seo\/ -->\n<title>Conteneur r\u00e9frig\u00e9r\u00e9 autonome - KOALA GREEN 140 - MELFORM<\/title>\n<meta name=\"robots\" content=\"index, follow, max-snippet:-1, max-image-preview:large, max-video-preview:-1\" \/>\n<link rel=\"canonical\" href=\"https:\/\/www.melform.com\/fr\/conteneurs-\/catalogue-de-produits\/conteneurs-refrigeres\/conteneur-refrigere-auto-alimente-avec-batterie-koala-140-green\/\" \/>\n<meta property=\"og:locale\" content=\"fr_FR\" \/>\n<meta property=\"og:type\" content=\"article\" \/>\n<meta property=\"og:title\" content=\"Conteneur r\u00e9frig\u00e9r\u00e9 autonome - KOALA GREEN 140 - MELFORM\" \/>\n<meta property=\"og:description\" content=\"Une bac r\u00e9frig\u00e9r\u00e9e mobile aliment\u00e9e par batterie repr\u00e9sente une solution efficace et polyvalente pour le transport professionnel. Gr\u00e2ce \u00e0 sa batterie int\u00e9gr\u00e9e, le KOALA GREEN 140 offre une autonomie op\u00e9rationnelle sans n\u00e9cessiter une alimentation \u00e9lectrique externe continue. La batterie peut \u00eatre facilement recharg\u00e9e en connectant le conteneur \u00e0 une source d\u2019alimentation 230Vac ou en la [&hellip;]\" \/>\n<meta property=\"og:url\" content=\"https:\/\/www.melform.com\/fr\/conteneurs-\/catalogue-de-produits\/conteneurs-refrigeres\/conteneur-refrigere-auto-alimente-avec-batterie-koala-140-green\/\" \/>\n<meta property=\"og:site_name\" content=\"MELFORM\" \/>\n<meta property=\"article:modified_time\" content=\"2025-03-27T12:10:48+00:00\" \/>\n<meta property=\"og:image\" content=\"https:\/\/www.melform.com\/wp-content\/uploads\/2022\/10\/GK140AFISDZM0GK140AFISAZM0GK140AFISCZM0GK140AFISBZM0GK140AFISDYM0GK140AFISCYM0GK140AFISBYM0GK140AFISAYM0-3.jpg\" \/>\n\t<meta property=\"og:image:width\" content=\"1200\" \/>\n\t<meta property=\"og:image:height\" content=\"1200\" \/>\n\t<meta property=\"og:image:type\" content=\"image\/jpeg\" \/>\n<meta name=\"twitter:card\" content=\"summary_large_image\" \/>\n<script type=\"application\/ld+json\" class=\"yoast-schema-graph\">{\"@context\":\"https:\/\/schema.org\",\"@graph\":[{\"@type\":\"WebPage\",\"@id\":\"https:\/\/www.melform.com\/fr\/conteneurs-\/catalogue-de-produits\/conteneurs-refrigeres\/conteneur-refrigere-auto-alimente-avec-batterie-koala-140-green\/\",\"url\":\"https:\/\/www.melform.com\/fr\/conteneurs-\/catalogue-de-produits\/conteneurs-refrigeres\/conteneur-refrigere-auto-alimente-avec-batterie-koala-140-green\/\",\"name\":\"Conteneur r\u00e9frig\u00e9r\u00e9 autonome - KOALA GREEN 140 - MELFORM\",\"isPartOf\":{\"@id\":\"https:\/\/www.melform.com\/fr\/#website\"},\"primaryImageOfPage\":{\"@id\":\"https:\/\/www.melform.com\/fr\/conteneurs-\/catalogue-de-produits\/conteneurs-refrigeres\/conteneur-refrigere-auto-alimente-avec-batterie-koala-140-green\/#primaryimage\"},\"image\":{\"@id\":\"https:\/\/www.melform.com\/fr\/conteneurs-\/catalogue-de-produits\/conteneurs-refrigeres\/conteneur-refrigere-auto-alimente-avec-batterie-koala-140-green\/#primaryimage\"},\"thumbnailUrl\":\"https:\/\/www.melform.com\/wp-content\/uploads\/2022\/10\/GK140AFISDZM0GK140AFISAZM0GK140AFISCZM0GK140AFISBZM0GK140AFISDYM0GK140AFISCYM0GK140AFISBYM0GK140AFISAYM0-3.jpg\",\"datePublished\":\"2022-10-07T15:06:10+00:00\",\"dateModified\":\"2025-03-27T12:10:48+00:00\",\"breadcrumb\":{\"@id\":\"https:\/\/www.melform.com\/fr\/conteneurs-\/catalogue-de-produits\/conteneurs-refrigeres\/conteneur-refrigere-auto-alimente-avec-batterie-koala-140-green\/#breadcrumb\"},\"inLanguage\":\"fr-FR\",\"potentialAction\":[{\"@type\":\"ReadAction\",\"target\":[\"https:\/\/www.melform.com\/fr\/conteneurs-\/catalogue-de-produits\/conteneurs-refrigeres\/conteneur-refrigere-auto-alimente-avec-batterie-koala-140-green\/\"]}]},{\"@type\":\"ImageObject\",\"inLanguage\":\"fr-FR\",\"@id\":\"https:\/\/www.melform.com\/fr\/conteneurs-\/catalogue-de-produits\/conteneurs-refrigeres\/conteneur-refrigere-auto-alimente-avec-batterie-koala-140-green\/#primaryimage\",\"url\":\"https:\/\/www.melform.com\/wp-content\/uploads\/2022\/10\/GK140AFISDZM0GK140AFISAZM0GK140AFISCZM0GK140AFISBZM0GK140AFISDYM0GK140AFISCYM0GK140AFISBYM0GK140AFISAYM0-3.jpg\",\"contentUrl\":\"https:\/\/www.melform.com\/wp-content\/uploads\/2022\/10\/GK140AFISDZM0GK140AFISAZM0GK140AFISCZM0GK140AFISBZM0GK140AFISDYM0GK140AFISCYM0GK140AFISBYM0GK140AFISAYM0-3.jpg\",\"width\":1200,\"height\":1200},{\"@type\":\"BreadcrumbList\",\"@id\":\"https:\/\/www.melform.com\/fr\/conteneurs-\/catalogue-de-produits\/conteneurs-refrigeres\/conteneur-refrigere-auto-alimente-avec-batterie-koala-140-green\/#breadcrumb\",\"itemListElement\":[{\"@type\":\"ListItem\",\"position\":1,\"name\":\"Home\",\"item\":\"https:\/\/www.melform.com\/fr\/\"},{\"@type\":\"ListItem\",\"position\":2,\"name\":\"Shop\",\"item\":\"https:\/\/www.melform.com\/fr\/shop\/\"},{\"@type\":\"ListItem\",\"position\":3,\"name\":\"Conteneur r\u00e9frig\u00e9r\u00e9 autonome &#8211; KOALA GREEN 140\"}]},{\"@type\":\"WebSite\",\"@id\":\"https:\/\/www.melform.com\/fr\/#website\",\"url\":\"https:\/\/www.melform.com\/fr\/\",\"name\":\"MELFORM\",\"description\":\"SISTEMI PER IL TRASPORTO E STOCCAGGIO A TEMPERATURA CONTROLLATA\",\"potentialAction\":[{\"@type\":\"SearchAction\",\"target\":{\"@type\":\"EntryPoint\",\"urlTemplate\":\"https:\/\/www.melform.com\/fr\/?s={search_term_string}\"},\"query-input\":{\"@type\":\"PropertyValueSpecification\",\"valueRequired\":true,\"valueName\":\"search_term_string\"}}],\"inLanguage\":\"fr-FR\"}]}<\/script>\n<!-- \/ Yoast SEO plugin. -->","yoast_head_json":{"title":"Conteneur r\u00e9frig\u00e9r\u00e9 autonome - KOALA GREEN 140 - MELFORM","robots":{"index":"index","follow":"follow","max-snippet":"max-snippet:-1","max-image-preview":"max-image-preview:large","max-video-preview":"max-video-preview:-1"},"canonical":"https:\/\/www.melform.com\/fr\/conteneurs-\/catalogue-de-produits\/conteneurs-refrigeres\/conteneur-refrigere-auto-alimente-avec-batterie-koala-140-green\/","og_locale":"fr_FR","og_type":"article","og_title":"Conteneur r\u00e9frig\u00e9r\u00e9 autonome - KOALA GREEN 140 - MELFORM","og_description":"Une bac r\u00e9frig\u00e9r\u00e9e mobile aliment\u00e9e par batterie repr\u00e9sente une solution efficace et polyvalente pour le transport professionnel. Gr\u00e2ce \u00e0 sa batterie int\u00e9gr\u00e9e, le KOALA GREEN 140 offre une autonomie op\u00e9rationnelle sans n\u00e9cessiter une alimentation \u00e9lectrique externe continue. La batterie peut \u00eatre facilement recharg\u00e9e en connectant le conteneur \u00e0 une source d\u2019alimentation 230Vac ou en la [&hellip;]","og_url":"https:\/\/www.melform.com\/fr\/conteneurs-\/catalogue-de-produits\/conteneurs-refrigeres\/conteneur-refrigere-auto-alimente-avec-batterie-koala-140-green\/","og_site_name":"MELFORM","article_modified_time":"2025-03-27T12:10:48+00:00","og_image":[{"width":1200,"height":1200,"url":"https:\/\/www.melform.com\/wp-content\/uploads\/2022\/10\/GK140AFISDZM0GK140AFISAZM0GK140AFISCZM0GK140AFISBZM0GK140AFISDYM0GK140AFISCYM0GK140AFISBYM0GK140AFISAYM0-3.jpg","type":"image\/jpeg"}],"twitter_card":"summary_large_image","schema":{"@context":"https:\/\/schema.org","@graph":[{"@type":"WebPage","@id":"https:\/\/www.melform.com\/fr\/conteneurs-\/catalogue-de-produits\/conteneurs-refrigeres\/conteneur-refrigere-auto-alimente-avec-batterie-koala-140-green\/","url":"https:\/\/www.melform.com\/fr\/conteneurs-\/catalogue-de-produits\/conteneurs-refrigeres\/conteneur-refrigere-auto-alimente-avec-batterie-koala-140-green\/","name":"Conteneur r\u00e9frig\u00e9r\u00e9 autonome - KOALA GREEN 140 - MELFORM","isPartOf":{"@id":"https:\/\/www.melform.com\/fr\/#website"},"primaryImageOfPage":{"@id":"https:\/\/www.melform.com\/fr\/conteneurs-\/catalogue-de-produits\/conteneurs-refrigeres\/conteneur-refrigere-auto-alimente-avec-batterie-koala-140-green\/#primaryimage"},"image":{"@id":"https:\/\/www.melform.com\/fr\/conteneurs-\/catalogue-de-produits\/conteneurs-refrigeres\/conteneur-refrigere-auto-alimente-avec-batterie-koala-140-green\/#primaryimage"},"thumbnailUrl":"https:\/\/www.melform.com\/wp-content\/uploads\/2022\/10\/GK140AFISDZM0GK140AFISAZM0GK140AFISCZM0GK140AFISBZM0GK140AFISDYM0GK140AFISCYM0GK140AFISBYM0GK140AFISAYM0-3.jpg","datePublished":"2022-10-07T15:06:10+00:00","dateModified":"2025-03-27T12:10:48+00:00","breadcrumb":{"@id":"https:\/\/www.melform.com\/fr\/conteneurs-\/catalogue-de-produits\/conteneurs-refrigeres\/conteneur-refrigere-auto-alimente-avec-batterie-koala-140-green\/#breadcrumb"},"inLanguage":"fr-FR","potentialAction":[{"@type":"ReadAction","target":["https:\/\/www.melform.com\/fr\/conteneurs-\/catalogue-de-produits\/conteneurs-refrigeres\/conteneur-refrigere-auto-alimente-avec-batterie-koala-140-green\/"]}]},{"@type":"ImageObject","inLanguage":"fr-FR","@id":"https:\/\/www.melform.com\/fr\/conteneurs-\/catalogue-de-produits\/conteneurs-refrigeres\/conteneur-refrigere-auto-alimente-avec-batterie-koala-140-green\/#primaryimage","url":"https:\/\/www.melform.com\/wp-content\/uploads\/2022\/10\/GK140AFISDZM0GK140AFISAZM0GK140AFISCZM0GK140AFISBZM0GK140AFISDYM0GK140AFISCYM0GK140AFISBYM0GK140AFISAYM0-3.jpg","contentUrl":"https:\/\/www.melform.com\/wp-content\/uploads\/2022\/10\/GK140AFISDZM0GK140AFISAZM0GK140AFISCZM0GK140AFISBZM0GK140AFISDYM0GK140AFISCYM0GK140AFISBYM0GK140AFISAYM0-3.jpg","width":1200,"height":1200},{"@type":"BreadcrumbList","@id":"https:\/\/www.melform.com\/fr\/conteneurs-\/catalogue-de-produits\/conteneurs-refrigeres\/conteneur-refrigere-auto-alimente-avec-batterie-koala-140-green\/#breadcrumb","itemListElement":[{"@type":"ListItem","position":1,"name":"Home","item":"https:\/\/www.melform.com\/fr\/"},{"@type":"ListItem","position":2,"name":"Shop","item":"https:\/\/www.melform.com\/fr\/shop\/"},{"@type":"ListItem","position":3,"name":"Conteneur r\u00e9frig\u00e9r\u00e9 autonome &#8211; KOALA GREEN 140"}]},{"@type":"WebSite","@id":"https:\/\/www.melform.com\/fr\/#website","url":"https:\/\/www.melform.com\/fr\/","name":"MELFORM","description":"SISTEMI PER IL TRASPORTO E STOCCAGGIO A TEMPERATURA CONTROLLATA","potentialAction":[{"@type":"SearchAction","target":{"@type":"EntryPoint","urlTemplate":"https:\/\/www.melform.com\/fr\/?s={search_term_string}"},"query-input":{"@type":"PropertyValueSpecification","valueRequired":true,"valueName":"search_term_string"}}],"inLanguage":"fr-FR"}]}},"_links":{"self":[{"href":"https:\/\/www.melform.com\/fr\/wp-json\/wp\/v2\/product\/8290","targetHints":{"allow":["GET"]}}],"collection":[{"href":"https:\/\/www.melform.com\/fr\/wp-json\/wp\/v2\/product"}],"about":[{"href":"https:\/\/www.melform.com\/fr\/wp-json\/wp\/v2\/types\/product"}],"wp:featuredmedia":[{"embeddable":true,"href":"https:\/\/www.melform.com\/fr\/wp-json\/wp\/v2\/media\/5613"}],"wp:attachment":[{"href":"https:\/\/www.melform.com\/fr\/wp-json\/wp\/v2\/media?parent=8290"}],"wp:term":[{"taxonomy":"product_brand","embeddable":true,"href":"https:\/\/www.melform.com\/fr\/wp-json\/wp\/v2\/product_brand?post=8290"},{"taxonomy":"product_cat","embeddable":true,"href":"https:\/\/www.melform.com\/fr\/wp-json\/wp\/v2\/product_cat?post=8290"},{"taxonomy":"product_tag","embeddable":true,"href":"https:\/\/www.melform.com\/fr\/wp-json\/wp\/v2\/product_tag?post=8290"}],"curies":[{"name":"wp","href":"https:\/\/api.w.org\/{rel}","templated":true}]}}