{"id":8304,"date":"2022-10-07T17:07:15","date_gmt":"2022-10-07T15:07:15","guid":{"rendered":"https:\/\/www.melform.com\/product\/contenitore-isotermico-refrigerato-ad-alimentazione-autonoma-koala-780-green\/"},"modified":"2025-03-27T14:21:47","modified_gmt":"2025-03-27T12:21:47","slug":"conteneur-refrigere-autonome-koala-780-green","status":"publish","type":"product","link":"https:\/\/www.melform.com\/fr\/conteneurs-\/catalogue-de-produits\/conteneurs-refrigeres\/conteneur-refrigere-autonome-koala-780-green\/","title":{"rendered":"Conteneur r\u00e9frig\u00e9r\u00e9 autonome &#8211; KOALA GREEN 780"},"content":{"rendered":"Conteneur isotherme r\u00e9frig\u00e9r\u00e9 \u00e0 alimentation autonome, con\u00e7u pour le transport de produits \u00e0 temp\u00e9rature contr\u00f4l\u00e9e.\r\n<ul>\r\n \t<li><strong>Capacit\u00e9 :<\/strong> 610 litres, avec une ouverture frontale pour un acc\u00e8s simple et rapide.<\/li>\r\n \t<li><strong>Alimentation autonome :<\/strong> \u00e9quip\u00e9 d&#8217;une batterie int\u00e9gr\u00e9e qui garantit une autonomie op\u00e9rationnelle. La batterie peut \u00eatre facilement recharg\u00e9e en connectant le conteneur \u00e0 une alimentation \u00e9lectrique standard de 230Vac ou en la retirant du groupe frigorifique pour la recharger avec un adaptateur externe d\u00e9di\u00e9.<\/li>\r\n \t<li><strong>Mat\u00e9riaux de construction :<\/strong> fabriqu\u00e9 en poly\u00e9thyl\u00e8ne et isol\u00e9 avec une mousse de polyur\u00e9thane sans CFC ni HCFC, garantissant une haute efficacit\u00e9 thermique.<\/li>\r\n \t<li><strong>Performance :<\/strong> assure un maintien optimal de la temp\u00e9rature interne, pr\u00e9servant les propri\u00e9t\u00e9s organoleptiques des aliments et r\u00e9duisant le risque de prolif\u00e9ration bact\u00e9rienne.<\/li>\r\n \t<li><strong>Dimensions externes :<\/strong> 80&#215;100 cm, id\u00e9ales pour une utilisation polyvalente et compatibles avec diff\u00e9rents v\u00e9hicules commerciaux.<\/li>\r\n<\/ul>","protected":false},"excerpt":{"rendered":"Conteneur isotherme r\u00e9frig\u00e9r\u00e9 \u00e0 alimentation autonome, con\u00e7u pour le transport de produits \u00e0 temp\u00e9rature contr\u00f4l\u00e9e. Capacit\u00e9 : 610 litres, avec une ouverture frontale pour un acc\u00e8s simple et rapide. Alimentation autonome : \u00e9quip\u00e9 d&#8217;une batterie int\u00e9gr\u00e9e qui garantit une autonomie op\u00e9rationnelle. La batterie peut \u00eatre facilement recharg\u00e9e en connectant le conteneur \u00e0 une alimentation \u00e9lectrique [&hellip;]","protected":false},"featured_media":5650,"template":"","meta":{"_acf_changed":false,"_themeisle_gutenberg_block_has_review":false},"product_brand":[],"product_cat":[912,236,656],"product_tag":[],"class_list":{"0":"post-8304","1":"product","2":"type-product","3":"status-publish","4":"has-post-thumbnail","6":"product_cat-catalogue-de-produits","7":"product_cat-conteneurs-refrigeres","8":"product_cat-conteneurs-isothermes-refrigeres-autonomes-koala-green","9":"pa_basamento-basic-fr","10":"pa_basamento-palette","11":"pa_basamento-pieds","12":"pa_basamento-roues","13":"pa_linea-koala-green-fr","14":"pa_range-di-temperatura-18c-10-fr","15":"pa_range-di-temperatura-18c-40-fr","16":"pa_range-di-temperatura-0c-10-fr","17":"pa_range-di-temperatura-0c-40-fr","19":"first","20":"instock","21":"product-type-variable","22":"has-default-attributes","23":"wvs-archive-product-wrapper"},"acf":[],"yoast_head":"<!-- This site is optimized with the Yoast SEO plugin v26.4 - https:\/\/yoast.com\/wordpress\/plugins\/seo\/ -->\n<title>Conteneur r\u00e9frig\u00e9r\u00e9 autonome - KOALA GREEN 780 - MELFORM<\/title>\n<meta name=\"robots\" content=\"index, follow, max-snippet:-1, max-image-preview:large, max-video-preview:-1\" \/>\n<link rel=\"canonical\" href=\"https:\/\/www.melform.com\/fr\/conteneurs-\/catalogue-de-produits\/conteneurs-refrigeres\/conteneur-refrigere-autonome-koala-780-green\/\" \/>\n<meta property=\"og:locale\" content=\"fr_FR\" \/>\n<meta property=\"og:type\" content=\"article\" \/>\n<meta property=\"og:title\" content=\"Conteneur r\u00e9frig\u00e9r\u00e9 autonome - KOALA GREEN 780 - MELFORM\" \/>\n<meta property=\"og:description\" content=\"Conteneur isotherme r\u00e9frig\u00e9r\u00e9 \u00e0 alimentation autonome, con\u00e7u pour le transport de produits \u00e0 temp\u00e9rature contr\u00f4l\u00e9e. Capacit\u00e9 : 610 litres, avec une ouverture frontale pour un acc\u00e8s simple et rapide. Alimentation autonome : \u00e9quip\u00e9 d&#8217;une batterie int\u00e9gr\u00e9e qui garantit une autonomie op\u00e9rationnelle. La batterie peut \u00eatre facilement recharg\u00e9e en connectant le conteneur \u00e0 une alimentation \u00e9lectrique [&hellip;]\" \/>\n<meta property=\"og:url\" content=\"https:\/\/www.melform.com\/fr\/conteneurs-\/catalogue-de-produits\/conteneurs-refrigeres\/conteneur-refrigere-autonome-koala-780-green\/\" \/>\n<meta property=\"og:site_name\" content=\"MELFORM\" \/>\n<meta property=\"article:modified_time\" content=\"2025-03-27T12:21:47+00:00\" \/>\n<meta property=\"og:image\" content=\"https:\/\/www.melform.com\/wp-content\/uploads\/2022\/10\/GK780AFTVDZM1GK780AFTVCZM1GK780AFTVDYM1GK780AFTVCYM1.jpg\" \/>\n\t<meta property=\"og:image:width\" content=\"1200\" \/>\n\t<meta property=\"og:image:height\" content=\"1200\" \/>\n\t<meta property=\"og:image:type\" content=\"image\/jpeg\" \/>\n<meta name=\"twitter:card\" content=\"summary_large_image\" \/>\n<script type=\"application\/ld+json\" class=\"yoast-schema-graph\">{\"@context\":\"https:\/\/schema.org\",\"@graph\":[{\"@type\":\"WebPage\",\"@id\":\"https:\/\/www.melform.com\/fr\/conteneurs-\/catalogue-de-produits\/conteneurs-refrigeres\/conteneur-refrigere-autonome-koala-780-green\/\",\"url\":\"https:\/\/www.melform.com\/fr\/conteneurs-\/catalogue-de-produits\/conteneurs-refrigeres\/conteneur-refrigere-autonome-koala-780-green\/\",\"name\":\"Conteneur r\u00e9frig\u00e9r\u00e9 autonome - KOALA GREEN 780 - MELFORM\",\"isPartOf\":{\"@id\":\"https:\/\/www.melform.com\/fr\/#website\"},\"primaryImageOfPage\":{\"@id\":\"https:\/\/www.melform.com\/fr\/conteneurs-\/catalogue-de-produits\/conteneurs-refrigeres\/conteneur-refrigere-autonome-koala-780-green\/#primaryimage\"},\"image\":{\"@id\":\"https:\/\/www.melform.com\/fr\/conteneurs-\/catalogue-de-produits\/conteneurs-refrigeres\/conteneur-refrigere-autonome-koala-780-green\/#primaryimage\"},\"thumbnailUrl\":\"https:\/\/www.melform.com\/wp-content\/uploads\/2022\/10\/GK780AFTVDZM1GK780AFTVCZM1GK780AFTVDYM1GK780AFTVCYM1.jpg\",\"datePublished\":\"2022-10-07T15:07:15+00:00\",\"dateModified\":\"2025-03-27T12:21:47+00:00\",\"breadcrumb\":{\"@id\":\"https:\/\/www.melform.com\/fr\/conteneurs-\/catalogue-de-produits\/conteneurs-refrigeres\/conteneur-refrigere-autonome-koala-780-green\/#breadcrumb\"},\"inLanguage\":\"fr-FR\",\"potentialAction\":[{\"@type\":\"ReadAction\",\"target\":[\"https:\/\/www.melform.com\/fr\/conteneurs-\/catalogue-de-produits\/conteneurs-refrigeres\/conteneur-refrigere-autonome-koala-780-green\/\"]}]},{\"@type\":\"ImageObject\",\"inLanguage\":\"fr-FR\",\"@id\":\"https:\/\/www.melform.com\/fr\/conteneurs-\/catalogue-de-produits\/conteneurs-refrigeres\/conteneur-refrigere-autonome-koala-780-green\/#primaryimage\",\"url\":\"https:\/\/www.melform.com\/wp-content\/uploads\/2022\/10\/GK780AFTVDZM1GK780AFTVCZM1GK780AFTVDYM1GK780AFTVCYM1.jpg\",\"contentUrl\":\"https:\/\/www.melform.com\/wp-content\/uploads\/2022\/10\/GK780AFTVDZM1GK780AFTVCZM1GK780AFTVDYM1GK780AFTVCYM1.jpg\",\"width\":1200,\"height\":1200},{\"@type\":\"BreadcrumbList\",\"@id\":\"https:\/\/www.melform.com\/fr\/conteneurs-\/catalogue-de-produits\/conteneurs-refrigeres\/conteneur-refrigere-autonome-koala-780-green\/#breadcrumb\",\"itemListElement\":[{\"@type\":\"ListItem\",\"position\":1,\"name\":\"Home\",\"item\":\"https:\/\/www.melform.com\/fr\/\"},{\"@type\":\"ListItem\",\"position\":2,\"name\":\"Shop\",\"item\":\"https:\/\/www.melform.com\/fr\/shop\/\"},{\"@type\":\"ListItem\",\"position\":3,\"name\":\"Conteneur r\u00e9frig\u00e9r\u00e9 autonome &#8211; KOALA GREEN 780\"}]},{\"@type\":\"WebSite\",\"@id\":\"https:\/\/www.melform.com\/fr\/#website\",\"url\":\"https:\/\/www.melform.com\/fr\/\",\"name\":\"MELFORM\",\"description\":\"SISTEMI PER IL TRASPORTO E STOCCAGGIO A TEMPERATURA CONTROLLATA\",\"potentialAction\":[{\"@type\":\"SearchAction\",\"target\":{\"@type\":\"EntryPoint\",\"urlTemplate\":\"https:\/\/www.melform.com\/fr\/?s={search_term_string}\"},\"query-input\":{\"@type\":\"PropertyValueSpecification\",\"valueRequired\":true,\"valueName\":\"search_term_string\"}}],\"inLanguage\":\"fr-FR\"}]}<\/script>\n<!-- \/ Yoast SEO plugin. -->","yoast_head_json":{"title":"Conteneur r\u00e9frig\u00e9r\u00e9 autonome - KOALA GREEN 780 - MELFORM","robots":{"index":"index","follow":"follow","max-snippet":"max-snippet:-1","max-image-preview":"max-image-preview:large","max-video-preview":"max-video-preview:-1"},"canonical":"https:\/\/www.melform.com\/fr\/conteneurs-\/catalogue-de-produits\/conteneurs-refrigeres\/conteneur-refrigere-autonome-koala-780-green\/","og_locale":"fr_FR","og_type":"article","og_title":"Conteneur r\u00e9frig\u00e9r\u00e9 autonome - KOALA GREEN 780 - MELFORM","og_description":"Conteneur isotherme r\u00e9frig\u00e9r\u00e9 \u00e0 alimentation autonome, con\u00e7u pour le transport de produits \u00e0 temp\u00e9rature contr\u00f4l\u00e9e. Capacit\u00e9 : 610 litres, avec une ouverture frontale pour un acc\u00e8s simple et rapide. Alimentation autonome : \u00e9quip\u00e9 d&#8217;une batterie int\u00e9gr\u00e9e qui garantit une autonomie op\u00e9rationnelle. La batterie peut \u00eatre facilement recharg\u00e9e en connectant le conteneur \u00e0 une alimentation \u00e9lectrique [&hellip;]","og_url":"https:\/\/www.melform.com\/fr\/conteneurs-\/catalogue-de-produits\/conteneurs-refrigeres\/conteneur-refrigere-autonome-koala-780-green\/","og_site_name":"MELFORM","article_modified_time":"2025-03-27T12:21:47+00:00","og_image":[{"width":1200,"height":1200,"url":"https:\/\/www.melform.com\/wp-content\/uploads\/2022\/10\/GK780AFTVDZM1GK780AFTVCZM1GK780AFTVDYM1GK780AFTVCYM1.jpg","type":"image\/jpeg"}],"twitter_card":"summary_large_image","schema":{"@context":"https:\/\/schema.org","@graph":[{"@type":"WebPage","@id":"https:\/\/www.melform.com\/fr\/conteneurs-\/catalogue-de-produits\/conteneurs-refrigeres\/conteneur-refrigere-autonome-koala-780-green\/","url":"https:\/\/www.melform.com\/fr\/conteneurs-\/catalogue-de-produits\/conteneurs-refrigeres\/conteneur-refrigere-autonome-koala-780-green\/","name":"Conteneur r\u00e9frig\u00e9r\u00e9 autonome - KOALA GREEN 780 - MELFORM","isPartOf":{"@id":"https:\/\/www.melform.com\/fr\/#website"},"primaryImageOfPage":{"@id":"https:\/\/www.melform.com\/fr\/conteneurs-\/catalogue-de-produits\/conteneurs-refrigeres\/conteneur-refrigere-autonome-koala-780-green\/#primaryimage"},"image":{"@id":"https:\/\/www.melform.com\/fr\/conteneurs-\/catalogue-de-produits\/conteneurs-refrigeres\/conteneur-refrigere-autonome-koala-780-green\/#primaryimage"},"thumbnailUrl":"https:\/\/www.melform.com\/wp-content\/uploads\/2022\/10\/GK780AFTVDZM1GK780AFTVCZM1GK780AFTVDYM1GK780AFTVCYM1.jpg","datePublished":"2022-10-07T15:07:15+00:00","dateModified":"2025-03-27T12:21:47+00:00","breadcrumb":{"@id":"https:\/\/www.melform.com\/fr\/conteneurs-\/catalogue-de-produits\/conteneurs-refrigeres\/conteneur-refrigere-autonome-koala-780-green\/#breadcrumb"},"inLanguage":"fr-FR","potentialAction":[{"@type":"ReadAction","target":["https:\/\/www.melform.com\/fr\/conteneurs-\/catalogue-de-produits\/conteneurs-refrigeres\/conteneur-refrigere-autonome-koala-780-green\/"]}]},{"@type":"ImageObject","inLanguage":"fr-FR","@id":"https:\/\/www.melform.com\/fr\/conteneurs-\/catalogue-de-produits\/conteneurs-refrigeres\/conteneur-refrigere-autonome-koala-780-green\/#primaryimage","url":"https:\/\/www.melform.com\/wp-content\/uploads\/2022\/10\/GK780AFTVDZM1GK780AFTVCZM1GK780AFTVDYM1GK780AFTVCYM1.jpg","contentUrl":"https:\/\/www.melform.com\/wp-content\/uploads\/2022\/10\/GK780AFTVDZM1GK780AFTVCZM1GK780AFTVDYM1GK780AFTVCYM1.jpg","width":1200,"height":1200},{"@type":"BreadcrumbList","@id":"https:\/\/www.melform.com\/fr\/conteneurs-\/catalogue-de-produits\/conteneurs-refrigeres\/conteneur-refrigere-autonome-koala-780-green\/#breadcrumb","itemListElement":[{"@type":"ListItem","position":1,"name":"Home","item":"https:\/\/www.melform.com\/fr\/"},{"@type":"ListItem","position":2,"name":"Shop","item":"https:\/\/www.melform.com\/fr\/shop\/"},{"@type":"ListItem","position":3,"name":"Conteneur r\u00e9frig\u00e9r\u00e9 autonome &#8211; KOALA GREEN 780"}]},{"@type":"WebSite","@id":"https:\/\/www.melform.com\/fr\/#website","url":"https:\/\/www.melform.com\/fr\/","name":"MELFORM","description":"SISTEMI PER IL TRASPORTO E STOCCAGGIO A TEMPERATURA CONTROLLATA","potentialAction":[{"@type":"SearchAction","target":{"@type":"EntryPoint","urlTemplate":"https:\/\/www.melform.com\/fr\/?s={search_term_string}"},"query-input":{"@type":"PropertyValueSpecification","valueRequired":true,"valueName":"search_term_string"}}],"inLanguage":"fr-FR"}]}},"_links":{"self":[{"href":"https:\/\/www.melform.com\/fr\/wp-json\/wp\/v2\/product\/8304","targetHints":{"allow":["GET"]}}],"collection":[{"href":"https:\/\/www.melform.com\/fr\/wp-json\/wp\/v2\/product"}],"about":[{"href":"https:\/\/www.melform.com\/fr\/wp-json\/wp\/v2\/types\/product"}],"wp:featuredmedia":[{"embeddable":true,"href":"https:\/\/www.melform.com\/fr\/wp-json\/wp\/v2\/media\/5650"}],"wp:attachment":[{"href":"https:\/\/www.melform.com\/fr\/wp-json\/wp\/v2\/media?parent=8304"}],"wp:term":[{"taxonomy":"product_brand","embeddable":true,"href":"https:\/\/www.melform.com\/fr\/wp-json\/wp\/v2\/product_brand?post=8304"},{"taxonomy":"product_cat","embeddable":true,"href":"https:\/\/www.melform.com\/fr\/wp-json\/wp\/v2\/product_cat?post=8304"},{"taxonomy":"product_tag","embeddable":true,"href":"https:\/\/www.melform.com\/fr\/wp-json\/wp\/v2\/product_tag?post=8304"}],"curies":[{"name":"wp","href":"https:\/\/api.w.org\/{rel}","templated":true}]}}