{"id":8309,"date":"2022-10-07T17:07:38","date_gmt":"2022-10-07T15:07:38","guid":{"rendered":"https:\/\/www.melform.com\/product\/contenitore-isotermico-refrigerato-ad-alimentazione-autonoma-koala-1000-green\/"},"modified":"2025-03-27T14:24:59","modified_gmt":"2025-03-27T12:24:59","slug":"cconteneur-refrigere-auto-alimente-avec-batterie-koala-green-1000","status":"publish","type":"product","link":"https:\/\/www.melform.com\/fr\/conteneurs-\/catalogue-de-produits\/conteneurs-refrigeres\/cconteneur-refrigere-auto-alimente-avec-batterie-koala-green-1000\/","title":{"rendered":"Conteneur r\u00e9frig\u00e9r\u00e9 autonome &#8211; KOALA GREEN 1000"},"content":{"rendered":"<div class=\"flex max-w-full flex-col flex-grow\">\r\n<div class=\"min-h-8 text-message flex w-full flex-col items-end gap-2 whitespace-normal break-words text-start [.text-message+&amp;]:mt-5\" dir=\"auto\" data-message-author-role=\"assistant\" data-message-id=\"ba1a8482-ad82-4eb4-bbc4-b6b916698562\" data-message-model-slug=\"gpt-4o\">\r\n<div class=\"flex w-full flex-col gap-1 empty:hidden first:pt-[3px]\">\r\n<div class=\"markdown prose w-full break-words dark:prose-invert light\">\r\n\r\nConteneur isotherme r\u00e9frig\u00e9r\u00e9 \u00e0 alimentation autonome. Il est \u00e9quip\u00e9 d&#8217;une batterie int\u00e9gr\u00e9e qui garantit une autonomie op\u00e9rationnelle. La batterie peut \u00eatre recharg\u00e9e en connectant le conteneur au r\u00e9seau \u00e9lectrique standard (230Vac) ou en la retirant du groupe frigorifique pour la connecter \u00e0 un adaptateur externe d\u00e9di\u00e9.\r\n<ul>\r\n \t<li><strong>Capacit\u00e9 :<\/strong> 830 litres, avec une ouverture frontale pour un acc\u00e8s pratique et rapide.<\/li>\r\n \t<li><strong>Mat\u00e9riaux de construction :<\/strong> fabriqu\u00e9 en poly\u00e9thyl\u00e8ne et isol\u00e9 avec une mousse de polyur\u00e9thane sans CFC ni HCFC, garantissant une excellente isolation thermique.<\/li>\r\n \t<li><strong>Dimensions :<\/strong> compatible avec la <strong>norme EUROPALLET (80&#215;120 cm)<\/strong>, permettant une gestion optimis\u00e9e de l&#8217;espace et une parfaite adaptabilit\u00e9 aux v\u00e9hicules commerciaux.<\/li>\r\n<\/ul>\r\n<\/div>\r\n<\/div>\r\n<\/div>\r\n<\/div>\r\n<div class=\"mb-2 flex gap-3 empty:hidden -ml-2\">\r\n<div class=\"items-center justify-start rounded-xl p-1 flex\">\r\n<div class=\"flex items-center\"><\/div>\r\n<\/div>\r\n<\/div>","protected":false},"excerpt":{"rendered":"Conteneur isotherme r\u00e9frig\u00e9r\u00e9 \u00e0 alimentation autonome. Il est \u00e9quip\u00e9 d&#8217;une batterie int\u00e9gr\u00e9e qui garantit une autonomie op\u00e9rationnelle. La batterie peut \u00eatre recharg\u00e9e en connectant le conteneur au r\u00e9seau \u00e9lectrique standard (230Vac) ou en la retirant du groupe frigorifique pour la connecter \u00e0 un adaptateur externe d\u00e9di\u00e9. Capacit\u00e9 : 830 litres, avec une ouverture frontale pour [&hellip;]","protected":false},"featured_media":5656,"template":"","meta":{"_acf_changed":false,"_themeisle_gutenberg_block_has_review":false},"product_brand":[],"product_cat":[912,236,656],"product_tag":[],"class_list":{"0":"post-8309","1":"product","2":"type-product","3":"status-publish","4":"has-post-thumbnail","6":"product_cat-catalogue-de-produits","7":"product_cat-conteneurs-refrigeres","8":"product_cat-conteneurs-isothermes-refrigeres-autonomes-koala-green","9":"pa_basamento-basic-fr","10":"pa_basamento-palette","11":"pa_basamento-pieds","12":"pa_basamento-roues","13":"pa_linea-koala-green-fr","14":"pa_range-di-temperatura-18c-10-fr","15":"pa_range-di-temperatura-18c-40-fr","16":"pa_range-di-temperatura-0c-10-fr","17":"pa_range-di-temperatura-0c-40-fr","19":"first","20":"instock","21":"product-type-variable","22":"has-default-attributes","23":"wvs-archive-product-wrapper"},"acf":[],"yoast_head":"<!-- This site is optimized with the Yoast SEO plugin v26.4 - https:\/\/yoast.com\/wordpress\/plugins\/seo\/ -->\n<title>Conteneur r\u00e9frig\u00e9r\u00e9 autonome - KOALA GREEN 1000 - MELFORM<\/title>\n<meta name=\"robots\" content=\"index, follow, max-snippet:-1, max-image-preview:large, max-video-preview:-1\" \/>\n<link rel=\"canonical\" href=\"https:\/\/www.melform.com\/fr\/conteneurs-\/catalogue-de-produits\/conteneurs-refrigeres\/cconteneur-refrigere-auto-alimente-avec-batterie-koala-green-1000\/\" \/>\n<meta property=\"og:locale\" content=\"fr_FR\" \/>\n<meta property=\"og:type\" content=\"article\" \/>\n<meta property=\"og:title\" content=\"Conteneur r\u00e9frig\u00e9r\u00e9 autonome - KOALA GREEN 1000 - MELFORM\" \/>\n<meta property=\"og:description\" content=\"Conteneur isotherme r\u00e9frig\u00e9r\u00e9 \u00e0 alimentation autonome. Il est \u00e9quip\u00e9 d&#8217;une batterie int\u00e9gr\u00e9e qui garantit une autonomie op\u00e9rationnelle. La batterie peut \u00eatre recharg\u00e9e en connectant le conteneur au r\u00e9seau \u00e9lectrique standard (230Vac) ou en la retirant du groupe frigorifique pour la connecter \u00e0 un adaptateur externe d\u00e9di\u00e9. Capacit\u00e9 : 830 litres, avec une ouverture frontale pour [&hellip;]\" \/>\n<meta property=\"og:url\" content=\"https:\/\/www.melform.com\/fr\/conteneurs-\/catalogue-de-produits\/conteneurs-refrigeres\/cconteneur-refrigere-auto-alimente-avec-batterie-koala-green-1000\/\" \/>\n<meta property=\"og:site_name\" content=\"MELFORM\" \/>\n<meta property=\"article:modified_time\" content=\"2025-03-27T12:24:59+00:00\" \/>\n<meta property=\"og:image\" content=\"https:\/\/www.melform.com\/wp-content\/uploads\/2022\/10\/GK1000AFTVDZM1GK1000AFTVCZM1GK1000AFTVDYM1GK1000AFTVCYM1.jpg\" \/>\n\t<meta property=\"og:image:width\" content=\"1200\" \/>\n\t<meta property=\"og:image:height\" content=\"1200\" \/>\n\t<meta property=\"og:image:type\" content=\"image\/jpeg\" \/>\n<meta name=\"twitter:card\" content=\"summary_large_image\" \/>\n<script type=\"application\/ld+json\" class=\"yoast-schema-graph\">{\"@context\":\"https:\/\/schema.org\",\"@graph\":[{\"@type\":\"WebPage\",\"@id\":\"https:\/\/www.melform.com\/fr\/conteneurs-\/catalogue-de-produits\/conteneurs-refrigeres\/cconteneur-refrigere-auto-alimente-avec-batterie-koala-green-1000\/\",\"url\":\"https:\/\/www.melform.com\/fr\/conteneurs-\/catalogue-de-produits\/conteneurs-refrigeres\/cconteneur-refrigere-auto-alimente-avec-batterie-koala-green-1000\/\",\"name\":\"Conteneur r\u00e9frig\u00e9r\u00e9 autonome - KOALA GREEN 1000 - MELFORM\",\"isPartOf\":{\"@id\":\"https:\/\/www.melform.com\/fr\/#website\"},\"primaryImageOfPage\":{\"@id\":\"https:\/\/www.melform.com\/fr\/conteneurs-\/catalogue-de-produits\/conteneurs-refrigeres\/cconteneur-refrigere-auto-alimente-avec-batterie-koala-green-1000\/#primaryimage\"},\"image\":{\"@id\":\"https:\/\/www.melform.com\/fr\/conteneurs-\/catalogue-de-produits\/conteneurs-refrigeres\/cconteneur-refrigere-auto-alimente-avec-batterie-koala-green-1000\/#primaryimage\"},\"thumbnailUrl\":\"https:\/\/www.melform.com\/wp-content\/uploads\/2022\/10\/GK1000AFTVDZM1GK1000AFTVCZM1GK1000AFTVDYM1GK1000AFTVCYM1.jpg\",\"datePublished\":\"2022-10-07T15:07:38+00:00\",\"dateModified\":\"2025-03-27T12:24:59+00:00\",\"breadcrumb\":{\"@id\":\"https:\/\/www.melform.com\/fr\/conteneurs-\/catalogue-de-produits\/conteneurs-refrigeres\/cconteneur-refrigere-auto-alimente-avec-batterie-koala-green-1000\/#breadcrumb\"},\"inLanguage\":\"fr-FR\",\"potentialAction\":[{\"@type\":\"ReadAction\",\"target\":[\"https:\/\/www.melform.com\/fr\/conteneurs-\/catalogue-de-produits\/conteneurs-refrigeres\/cconteneur-refrigere-auto-alimente-avec-batterie-koala-green-1000\/\"]}]},{\"@type\":\"ImageObject\",\"inLanguage\":\"fr-FR\",\"@id\":\"https:\/\/www.melform.com\/fr\/conteneurs-\/catalogue-de-produits\/conteneurs-refrigeres\/cconteneur-refrigere-auto-alimente-avec-batterie-koala-green-1000\/#primaryimage\",\"url\":\"https:\/\/www.melform.com\/wp-content\/uploads\/2022\/10\/GK1000AFTVDZM1GK1000AFTVCZM1GK1000AFTVDYM1GK1000AFTVCYM1.jpg\",\"contentUrl\":\"https:\/\/www.melform.com\/wp-content\/uploads\/2022\/10\/GK1000AFTVDZM1GK1000AFTVCZM1GK1000AFTVDYM1GK1000AFTVCYM1.jpg\",\"width\":1200,\"height\":1200},{\"@type\":\"BreadcrumbList\",\"@id\":\"https:\/\/www.melform.com\/fr\/conteneurs-\/catalogue-de-produits\/conteneurs-refrigeres\/cconteneur-refrigere-auto-alimente-avec-batterie-koala-green-1000\/#breadcrumb\",\"itemListElement\":[{\"@type\":\"ListItem\",\"position\":1,\"name\":\"Home\",\"item\":\"https:\/\/www.melform.com\/fr\/\"},{\"@type\":\"ListItem\",\"position\":2,\"name\":\"Shop\",\"item\":\"https:\/\/www.melform.com\/fr\/shop\/\"},{\"@type\":\"ListItem\",\"position\":3,\"name\":\"Conteneur r\u00e9frig\u00e9r\u00e9 autonome &#8211; KOALA GREEN 1000\"}]},{\"@type\":\"WebSite\",\"@id\":\"https:\/\/www.melform.com\/fr\/#website\",\"url\":\"https:\/\/www.melform.com\/fr\/\",\"name\":\"MELFORM\",\"description\":\"SISTEMI PER IL TRASPORTO E STOCCAGGIO A TEMPERATURA CONTROLLATA\",\"potentialAction\":[{\"@type\":\"SearchAction\",\"target\":{\"@type\":\"EntryPoint\",\"urlTemplate\":\"https:\/\/www.melform.com\/fr\/?s={search_term_string}\"},\"query-input\":{\"@type\":\"PropertyValueSpecification\",\"valueRequired\":true,\"valueName\":\"search_term_string\"}}],\"inLanguage\":\"fr-FR\"}]}<\/script>\n<!-- \/ Yoast SEO plugin. -->","yoast_head_json":{"title":"Conteneur r\u00e9frig\u00e9r\u00e9 autonome - KOALA GREEN 1000 - MELFORM","robots":{"index":"index","follow":"follow","max-snippet":"max-snippet:-1","max-image-preview":"max-image-preview:large","max-video-preview":"max-video-preview:-1"},"canonical":"https:\/\/www.melform.com\/fr\/conteneurs-\/catalogue-de-produits\/conteneurs-refrigeres\/cconteneur-refrigere-auto-alimente-avec-batterie-koala-green-1000\/","og_locale":"fr_FR","og_type":"article","og_title":"Conteneur r\u00e9frig\u00e9r\u00e9 autonome - KOALA GREEN 1000 - MELFORM","og_description":"Conteneur isotherme r\u00e9frig\u00e9r\u00e9 \u00e0 alimentation autonome. Il est \u00e9quip\u00e9 d&#8217;une batterie int\u00e9gr\u00e9e qui garantit une autonomie op\u00e9rationnelle. La batterie peut \u00eatre recharg\u00e9e en connectant le conteneur au r\u00e9seau \u00e9lectrique standard (230Vac) ou en la retirant du groupe frigorifique pour la connecter \u00e0 un adaptateur externe d\u00e9di\u00e9. Capacit\u00e9 : 830 litres, avec une ouverture frontale pour [&hellip;]","og_url":"https:\/\/www.melform.com\/fr\/conteneurs-\/catalogue-de-produits\/conteneurs-refrigeres\/cconteneur-refrigere-auto-alimente-avec-batterie-koala-green-1000\/","og_site_name":"MELFORM","article_modified_time":"2025-03-27T12:24:59+00:00","og_image":[{"width":1200,"height":1200,"url":"https:\/\/www.melform.com\/wp-content\/uploads\/2022\/10\/GK1000AFTVDZM1GK1000AFTVCZM1GK1000AFTVDYM1GK1000AFTVCYM1.jpg","type":"image\/jpeg"}],"twitter_card":"summary_large_image","schema":{"@context":"https:\/\/schema.org","@graph":[{"@type":"WebPage","@id":"https:\/\/www.melform.com\/fr\/conteneurs-\/catalogue-de-produits\/conteneurs-refrigeres\/cconteneur-refrigere-auto-alimente-avec-batterie-koala-green-1000\/","url":"https:\/\/www.melform.com\/fr\/conteneurs-\/catalogue-de-produits\/conteneurs-refrigeres\/cconteneur-refrigere-auto-alimente-avec-batterie-koala-green-1000\/","name":"Conteneur r\u00e9frig\u00e9r\u00e9 autonome - KOALA GREEN 1000 - MELFORM","isPartOf":{"@id":"https:\/\/www.melform.com\/fr\/#website"},"primaryImageOfPage":{"@id":"https:\/\/www.melform.com\/fr\/conteneurs-\/catalogue-de-produits\/conteneurs-refrigeres\/cconteneur-refrigere-auto-alimente-avec-batterie-koala-green-1000\/#primaryimage"},"image":{"@id":"https:\/\/www.melform.com\/fr\/conteneurs-\/catalogue-de-produits\/conteneurs-refrigeres\/cconteneur-refrigere-auto-alimente-avec-batterie-koala-green-1000\/#primaryimage"},"thumbnailUrl":"https:\/\/www.melform.com\/wp-content\/uploads\/2022\/10\/GK1000AFTVDZM1GK1000AFTVCZM1GK1000AFTVDYM1GK1000AFTVCYM1.jpg","datePublished":"2022-10-07T15:07:38+00:00","dateModified":"2025-03-27T12:24:59+00:00","breadcrumb":{"@id":"https:\/\/www.melform.com\/fr\/conteneurs-\/catalogue-de-produits\/conteneurs-refrigeres\/cconteneur-refrigere-auto-alimente-avec-batterie-koala-green-1000\/#breadcrumb"},"inLanguage":"fr-FR","potentialAction":[{"@type":"ReadAction","target":["https:\/\/www.melform.com\/fr\/conteneurs-\/catalogue-de-produits\/conteneurs-refrigeres\/cconteneur-refrigere-auto-alimente-avec-batterie-koala-green-1000\/"]}]},{"@type":"ImageObject","inLanguage":"fr-FR","@id":"https:\/\/www.melform.com\/fr\/conteneurs-\/catalogue-de-produits\/conteneurs-refrigeres\/cconteneur-refrigere-auto-alimente-avec-batterie-koala-green-1000\/#primaryimage","url":"https:\/\/www.melform.com\/wp-content\/uploads\/2022\/10\/GK1000AFTVDZM1GK1000AFTVCZM1GK1000AFTVDYM1GK1000AFTVCYM1.jpg","contentUrl":"https:\/\/www.melform.com\/wp-content\/uploads\/2022\/10\/GK1000AFTVDZM1GK1000AFTVCZM1GK1000AFTVDYM1GK1000AFTVCYM1.jpg","width":1200,"height":1200},{"@type":"BreadcrumbList","@id":"https:\/\/www.melform.com\/fr\/conteneurs-\/catalogue-de-produits\/conteneurs-refrigeres\/cconteneur-refrigere-auto-alimente-avec-batterie-koala-green-1000\/#breadcrumb","itemListElement":[{"@type":"ListItem","position":1,"name":"Home","item":"https:\/\/www.melform.com\/fr\/"},{"@type":"ListItem","position":2,"name":"Shop","item":"https:\/\/www.melform.com\/fr\/shop\/"},{"@type":"ListItem","position":3,"name":"Conteneur r\u00e9frig\u00e9r\u00e9 autonome &#8211; KOALA GREEN 1000"}]},{"@type":"WebSite","@id":"https:\/\/www.melform.com\/fr\/#website","url":"https:\/\/www.melform.com\/fr\/","name":"MELFORM","description":"SISTEMI PER IL TRASPORTO E STOCCAGGIO A TEMPERATURA CONTROLLATA","potentialAction":[{"@type":"SearchAction","target":{"@type":"EntryPoint","urlTemplate":"https:\/\/www.melform.com\/fr\/?s={search_term_string}"},"query-input":{"@type":"PropertyValueSpecification","valueRequired":true,"valueName":"search_term_string"}}],"inLanguage":"fr-FR"}]}},"_links":{"self":[{"href":"https:\/\/www.melform.com\/fr\/wp-json\/wp\/v2\/product\/8309","targetHints":{"allow":["GET"]}}],"collection":[{"href":"https:\/\/www.melform.com\/fr\/wp-json\/wp\/v2\/product"}],"about":[{"href":"https:\/\/www.melform.com\/fr\/wp-json\/wp\/v2\/types\/product"}],"wp:featuredmedia":[{"embeddable":true,"href":"https:\/\/www.melform.com\/fr\/wp-json\/wp\/v2\/media\/5656"}],"wp:attachment":[{"href":"https:\/\/www.melform.com\/fr\/wp-json\/wp\/v2\/media?parent=8309"}],"wp:term":[{"taxonomy":"product_brand","embeddable":true,"href":"https:\/\/www.melform.com\/fr\/wp-json\/wp\/v2\/product_brand?post=8309"},{"taxonomy":"product_cat","embeddable":true,"href":"https:\/\/www.melform.com\/fr\/wp-json\/wp\/v2\/product_cat?post=8309"},{"taxonomy":"product_tag","embeddable":true,"href":"https:\/\/www.melform.com\/fr\/wp-json\/wp\/v2\/product_tag?post=8309"}],"curies":[{"name":"wp","href":"https:\/\/api.w.org\/{rel}","templated":true}]}}