{"id":8326,"date":"2022-10-07T17:08:49","date_gmt":"2022-10-07T15:08:49","guid":{"rendered":"https:\/\/www.melform.com\/product\/piastra-eutettica-per-maillon\/"},"modified":"2025-02-24T14:52:05","modified_gmt":"2025-02-24T12:52:05","slug":"plaque-eutectique-pour-maillon","status":"publish","type":"product","link":"https:\/\/www.melform.com\/fr\/conteneurs-\/catalogue-de-produits\/plaques-eutectiques-logistique\/plaque-eutectique-pour-maillon\/","title":{"rendered":"Plaques eutectiques 360x270mm"},"content":{"rendered":"<p data-start=\"977\" data-end=\"1222\">Les <strong data-start=\"981\" data-end=\"1004\">plaques eutectiques<\/strong> sont con\u00e7ues pour <strong data-start=\"1023\" data-end=\"1068\">stocker et lib\u00e9rer de l\u2019\u00e9nergie thermique<\/strong> lors du transport, permettant de <strong data-start=\"1102\" data-end=\"1145\">prolonger le maintien de la temp\u00e9rature<\/strong> des produits p\u00e9rissables et garantissant un <strong data-start=\"1190\" data-end=\"1219\">transport s\u00fbr et efficace<\/strong>.<\/p>\r\n\r\n<ul data-start=\"1265\" data-end=\"1901\" data-is-last-node=\"\" data-is-only-node=\"\">\r\n \t<li data-start=\"1265\" data-end=\"1360\"><strong data-start=\"1267\" data-end=\"1284\">Compatibilit\u00e9<\/strong> : Sp\u00e9cialement con\u00e7ues pour \u00eatre utilis\u00e9es avec le <strong data-start=\"1336\" data-end=\"1357\">conteneur MAILLON<\/strong>.<\/li>\r\n \t<li data-start=\"1361\" data-end=\"1482\"><strong data-start=\"1363\" data-end=\"1385\">Fonction thermique<\/strong> : Absorbe et restitue l\u2019\u00e9nergie thermique pour stabiliser la temp\u00e9rature pendant le transport.<\/li>\r\n \t<li data-start=\"1483\" data-end=\"1571\"><strong data-start=\"1485\" data-end=\"1515\">Design innovant et robuste<\/strong>, d\u00e9velopp\u00e9 avec la technologie exclusive <strong data-start=\"1557\" data-end=\"1568\">MELFORM<\/strong>.<\/li>\r\n \t<li data-start=\"1572\" data-end=\"1672\"><strong data-start=\"1574\" data-end=\"1588\">\u00c9cologique<\/strong> : Coque ext\u00e9rieure enti\u00e8rement <strong data-start=\"1620\" data-end=\"1634\">recyclable<\/strong> et liquide interne <strong data-start=\"1654\" data-end=\"1669\">non toxique<\/strong>.<\/li>\r\n \t<li data-start=\"1673\" data-end=\"1760\"><strong data-start=\"1675\" data-end=\"1713\">Facile \u00e0 manipuler et r\u00e9utilisable<\/strong>, id\u00e9al pour une utilisation professionnelle.<\/li>\r\n \t<li data-start=\"1761\" data-end=\"1901\" data-is-last-node=\"\"><strong data-start=\"1763\" data-end=\"1796\">Disponibles en trois versions<\/strong>, adapt\u00e9es aux diff\u00e9rents besoins de transport :\r\n<ul data-start=\"1849\" data-end=\"1901\" data-is-last-node=\"\">\r\n \t<li data-start=\"1849\" data-end=\"1862\"><strong data-start=\"1851\" data-end=\"1860\">Frais<\/strong><\/li>\r\n \t<li data-start=\"1865\" data-end=\"1880\"><strong data-start=\"1867\" data-end=\"1878\">Surgel\u00e9<\/strong><\/li>\r\n \t<li data-start=\"1883\" data-end=\"1901\" data-is-last-node=\"\"><strong data-start=\"1885\" data-end=\"1901\" data-is-last-node=\"\">Surgel\u00e9 Plus<\/strong><\/li>\r\n<\/ul>\r\n<\/li>\r\n<\/ul>","protected":false},"excerpt":{"rendered":"Les plaques eutectiques sont con\u00e7ues pour stocker et lib\u00e9rer de l\u2019\u00e9nergie thermique lors du transport, permettant de prolonger le maintien de la temp\u00e9rature des produits p\u00e9rissables et garantissant un transport s\u00fbr et efficace. Compatibilit\u00e9 : Sp\u00e9cialement con\u00e7ues pour \u00eatre utilis\u00e9es avec le conteneur MAILLON. Fonction thermique : Absorbe et restitue l\u2019\u00e9nergie thermique pour stabiliser la [&hellip;]","protected":false},"featured_media":6249,"template":"","meta":{"_acf_changed":false,"_themeisle_gutenberg_block_has_review":false},"product_brand":[],"product_cat":[912,666,278,665],"product_tag":[],"class_list":{"0":"post-8326","1":"product","2":"type-product","3":"status-publish","4":"has-post-thumbnail","6":"product_cat-catalogue-de-produits","7":"product_cat-plaques-eutectiques-logistique","8":"product_cat-restauration","9":"product_cat-plaques-eutectiques","10":"pa_compatibilita-logistica-maillon-fr","11":"pa_linea-thermax-fr","12":"pa_moq-2-fr","13":"pa_temperatura-di-mantenimento-extra-surgele-21c","14":"pa_temperatura-di-mantenimento-frais-3c","15":"pa_temperatura-di-mantenimento-separateur-isotherme","16":"pa_temperatura-di-mantenimento-super-frais-12c","17":"pa_temperatura-di-mantenimento-surgele-21c","19":"first","20":"instock","21":"product-type-variable","22":"wvs-archive-product-wrapper"},"acf":[],"yoast_head":"<!-- This site is optimized with the Yoast SEO plugin v26.4 - https:\/\/yoast.com\/wordpress\/plugins\/seo\/ -->\n<title>Plaques eutectiques 360x270mm - MELFORM<\/title>\n<meta name=\"robots\" content=\"index, follow, max-snippet:-1, max-image-preview:large, max-video-preview:-1\" \/>\n<link rel=\"canonical\" href=\"https:\/\/www.melform.com\/fr\/conteneurs-\/catalogue-de-produits\/plaques-eutectiques-logistique\/plaque-eutectique-pour-maillon\/\" \/>\n<meta property=\"og:locale\" content=\"fr_FR\" \/>\n<meta property=\"og:type\" content=\"article\" \/>\n<meta property=\"og:title\" content=\"Plaques eutectiques 360x270mm - MELFORM\" \/>\n<meta property=\"og:description\" content=\"Les plaques eutectiques sont con\u00e7ues pour stocker et lib\u00e9rer de l\u2019\u00e9nergie thermique lors du transport, permettant de prolonger le maintien de la temp\u00e9rature des produits p\u00e9rissables et garantissant un transport s\u00fbr et efficace. Compatibilit\u00e9 : Sp\u00e9cialement con\u00e7ues pour \u00eatre utilis\u00e9es avec le conteneur MAILLON. Fonction thermique : Absorbe et restitue l\u2019\u00e9nergie thermique pour stabiliser la [&hellip;]\" \/>\n<meta property=\"og:url\" content=\"https:\/\/www.melform.com\/fr\/conteneurs-\/catalogue-de-produits\/plaques-eutectiques-logistique\/plaque-eutectique-pour-maillon\/\" \/>\n<meta property=\"og:site_name\" content=\"MELFORM\" \/>\n<meta property=\"article:modified_time\" content=\"2025-02-24T12:52:05+00:00\" \/>\n<meta property=\"og:image\" content=\"https:\/\/www.melform.com\/wp-content\/uploads\/2022\/10\/PE-MAILLON.jpg\" \/>\n\t<meta property=\"og:image:width\" content=\"1200\" \/>\n\t<meta property=\"og:image:height\" content=\"1200\" \/>\n\t<meta property=\"og:image:type\" content=\"image\/jpeg\" \/>\n<meta name=\"twitter:card\" content=\"summary_large_image\" \/>\n<script type=\"application\/ld+json\" class=\"yoast-schema-graph\">{\"@context\":\"https:\/\/schema.org\",\"@graph\":[{\"@type\":\"WebPage\",\"@id\":\"https:\/\/www.melform.com\/fr\/conteneurs-\/catalogue-de-produits\/plaques-eutectiques-logistique\/plaque-eutectique-pour-maillon\/\",\"url\":\"https:\/\/www.melform.com\/fr\/conteneurs-\/catalogue-de-produits\/plaques-eutectiques-logistique\/plaque-eutectique-pour-maillon\/\",\"name\":\"Plaques eutectiques 360x270mm - MELFORM\",\"isPartOf\":{\"@id\":\"https:\/\/www.melform.com\/fr\/#website\"},\"primaryImageOfPage\":{\"@id\":\"https:\/\/www.melform.com\/fr\/conteneurs-\/catalogue-de-produits\/plaques-eutectiques-logistique\/plaque-eutectique-pour-maillon\/#primaryimage\"},\"image\":{\"@id\":\"https:\/\/www.melform.com\/fr\/conteneurs-\/catalogue-de-produits\/plaques-eutectiques-logistique\/plaque-eutectique-pour-maillon\/#primaryimage\"},\"thumbnailUrl\":\"https:\/\/www.melform.com\/wp-content\/uploads\/2022\/10\/PE-MAILLON.jpg\",\"datePublished\":\"2022-10-07T15:08:49+00:00\",\"dateModified\":\"2025-02-24T12:52:05+00:00\",\"breadcrumb\":{\"@id\":\"https:\/\/www.melform.com\/fr\/conteneurs-\/catalogue-de-produits\/plaques-eutectiques-logistique\/plaque-eutectique-pour-maillon\/#breadcrumb\"},\"inLanguage\":\"fr-FR\",\"potentialAction\":[{\"@type\":\"ReadAction\",\"target\":[\"https:\/\/www.melform.com\/fr\/conteneurs-\/catalogue-de-produits\/plaques-eutectiques-logistique\/plaque-eutectique-pour-maillon\/\"]}]},{\"@type\":\"ImageObject\",\"inLanguage\":\"fr-FR\",\"@id\":\"https:\/\/www.melform.com\/fr\/conteneurs-\/catalogue-de-produits\/plaques-eutectiques-logistique\/plaque-eutectique-pour-maillon\/#primaryimage\",\"url\":\"https:\/\/www.melform.com\/wp-content\/uploads\/2022\/10\/PE-MAILLON.jpg\",\"contentUrl\":\"https:\/\/www.melform.com\/wp-content\/uploads\/2022\/10\/PE-MAILLON.jpg\",\"width\":1200,\"height\":1200},{\"@type\":\"BreadcrumbList\",\"@id\":\"https:\/\/www.melform.com\/fr\/conteneurs-\/catalogue-de-produits\/plaques-eutectiques-logistique\/plaque-eutectique-pour-maillon\/#breadcrumb\",\"itemListElement\":[{\"@type\":\"ListItem\",\"position\":1,\"name\":\"Home\",\"item\":\"https:\/\/www.melform.com\/fr\/\"},{\"@type\":\"ListItem\",\"position\":2,\"name\":\"Shop\",\"item\":\"https:\/\/www.melform.com\/fr\/shop\/\"},{\"@type\":\"ListItem\",\"position\":3,\"name\":\"Plaques eutectiques 360x270mm\"}]},{\"@type\":\"WebSite\",\"@id\":\"https:\/\/www.melform.com\/fr\/#website\",\"url\":\"https:\/\/www.melform.com\/fr\/\",\"name\":\"MELFORM\",\"description\":\"SISTEMI PER IL TRASPORTO E STOCCAGGIO A TEMPERATURA CONTROLLATA\",\"potentialAction\":[{\"@type\":\"SearchAction\",\"target\":{\"@type\":\"EntryPoint\",\"urlTemplate\":\"https:\/\/www.melform.com\/fr\/?s={search_term_string}\"},\"query-input\":{\"@type\":\"PropertyValueSpecification\",\"valueRequired\":true,\"valueName\":\"search_term_string\"}}],\"inLanguage\":\"fr-FR\"}]}<\/script>\n<!-- \/ Yoast SEO plugin. -->","yoast_head_json":{"title":"Plaques eutectiques 360x270mm - MELFORM","robots":{"index":"index","follow":"follow","max-snippet":"max-snippet:-1","max-image-preview":"max-image-preview:large","max-video-preview":"max-video-preview:-1"},"canonical":"https:\/\/www.melform.com\/fr\/conteneurs-\/catalogue-de-produits\/plaques-eutectiques-logistique\/plaque-eutectique-pour-maillon\/","og_locale":"fr_FR","og_type":"article","og_title":"Plaques eutectiques 360x270mm - MELFORM","og_description":"Les plaques eutectiques sont con\u00e7ues pour stocker et lib\u00e9rer de l\u2019\u00e9nergie thermique lors du transport, permettant de prolonger le maintien de la temp\u00e9rature des produits p\u00e9rissables et garantissant un transport s\u00fbr et efficace. Compatibilit\u00e9 : Sp\u00e9cialement con\u00e7ues pour \u00eatre utilis\u00e9es avec le conteneur MAILLON. Fonction thermique : Absorbe et restitue l\u2019\u00e9nergie thermique pour stabiliser la [&hellip;]","og_url":"https:\/\/www.melform.com\/fr\/conteneurs-\/catalogue-de-produits\/plaques-eutectiques-logistique\/plaque-eutectique-pour-maillon\/","og_site_name":"MELFORM","article_modified_time":"2025-02-24T12:52:05+00:00","og_image":[{"width":1200,"height":1200,"url":"https:\/\/www.melform.com\/wp-content\/uploads\/2022\/10\/PE-MAILLON.jpg","type":"image\/jpeg"}],"twitter_card":"summary_large_image","schema":{"@context":"https:\/\/schema.org","@graph":[{"@type":"WebPage","@id":"https:\/\/www.melform.com\/fr\/conteneurs-\/catalogue-de-produits\/plaques-eutectiques-logistique\/plaque-eutectique-pour-maillon\/","url":"https:\/\/www.melform.com\/fr\/conteneurs-\/catalogue-de-produits\/plaques-eutectiques-logistique\/plaque-eutectique-pour-maillon\/","name":"Plaques eutectiques 360x270mm - MELFORM","isPartOf":{"@id":"https:\/\/www.melform.com\/fr\/#website"},"primaryImageOfPage":{"@id":"https:\/\/www.melform.com\/fr\/conteneurs-\/catalogue-de-produits\/plaques-eutectiques-logistique\/plaque-eutectique-pour-maillon\/#primaryimage"},"image":{"@id":"https:\/\/www.melform.com\/fr\/conteneurs-\/catalogue-de-produits\/plaques-eutectiques-logistique\/plaque-eutectique-pour-maillon\/#primaryimage"},"thumbnailUrl":"https:\/\/www.melform.com\/wp-content\/uploads\/2022\/10\/PE-MAILLON.jpg","datePublished":"2022-10-07T15:08:49+00:00","dateModified":"2025-02-24T12:52:05+00:00","breadcrumb":{"@id":"https:\/\/www.melform.com\/fr\/conteneurs-\/catalogue-de-produits\/plaques-eutectiques-logistique\/plaque-eutectique-pour-maillon\/#breadcrumb"},"inLanguage":"fr-FR","potentialAction":[{"@type":"ReadAction","target":["https:\/\/www.melform.com\/fr\/conteneurs-\/catalogue-de-produits\/plaques-eutectiques-logistique\/plaque-eutectique-pour-maillon\/"]}]},{"@type":"ImageObject","inLanguage":"fr-FR","@id":"https:\/\/www.melform.com\/fr\/conteneurs-\/catalogue-de-produits\/plaques-eutectiques-logistique\/plaque-eutectique-pour-maillon\/#primaryimage","url":"https:\/\/www.melform.com\/wp-content\/uploads\/2022\/10\/PE-MAILLON.jpg","contentUrl":"https:\/\/www.melform.com\/wp-content\/uploads\/2022\/10\/PE-MAILLON.jpg","width":1200,"height":1200},{"@type":"BreadcrumbList","@id":"https:\/\/www.melform.com\/fr\/conteneurs-\/catalogue-de-produits\/plaques-eutectiques-logistique\/plaque-eutectique-pour-maillon\/#breadcrumb","itemListElement":[{"@type":"ListItem","position":1,"name":"Home","item":"https:\/\/www.melform.com\/fr\/"},{"@type":"ListItem","position":2,"name":"Shop","item":"https:\/\/www.melform.com\/fr\/shop\/"},{"@type":"ListItem","position":3,"name":"Plaques eutectiques 360x270mm"}]},{"@type":"WebSite","@id":"https:\/\/www.melform.com\/fr\/#website","url":"https:\/\/www.melform.com\/fr\/","name":"MELFORM","description":"SISTEMI PER IL TRASPORTO E STOCCAGGIO A TEMPERATURA CONTROLLATA","potentialAction":[{"@type":"SearchAction","target":{"@type":"EntryPoint","urlTemplate":"https:\/\/www.melform.com\/fr\/?s={search_term_string}"},"query-input":{"@type":"PropertyValueSpecification","valueRequired":true,"valueName":"search_term_string"}}],"inLanguage":"fr-FR"}]}},"_links":{"self":[{"href":"https:\/\/www.melform.com\/fr\/wp-json\/wp\/v2\/product\/8326","targetHints":{"allow":["GET"]}}],"collection":[{"href":"https:\/\/www.melform.com\/fr\/wp-json\/wp\/v2\/product"}],"about":[{"href":"https:\/\/www.melform.com\/fr\/wp-json\/wp\/v2\/types\/product"}],"wp:featuredmedia":[{"embeddable":true,"href":"https:\/\/www.melform.com\/fr\/wp-json\/wp\/v2\/media\/6249"}],"wp:attachment":[{"href":"https:\/\/www.melform.com\/fr\/wp-json\/wp\/v2\/media?parent=8326"}],"wp:term":[{"taxonomy":"product_brand","embeddable":true,"href":"https:\/\/www.melform.com\/fr\/wp-json\/wp\/v2\/product_brand?post=8326"},{"taxonomy":"product_cat","embeddable":true,"href":"https:\/\/www.melform.com\/fr\/wp-json\/wp\/v2\/product_cat?post=8326"},{"taxonomy":"product_tag","embeddable":true,"href":"https:\/\/www.melform.com\/fr\/wp-json\/wp\/v2\/product_tag?post=8326"}],"curies":[{"name":"wp","href":"https:\/\/api.w.org\/{rel}","templated":true}]}}