{"id":8332,"date":"2022-10-07T17:08:41","date_gmt":"2022-10-07T15:08:41","guid":{"rendered":"https:\/\/www.melform.com\/product\/piastra-eutettica-per-ap-100-ap-150-ap-200-cargo-370-eutettico\/"},"modified":"2025-01-02T18:23:18","modified_gmt":"2025-01-02T16:23:18","slug":"plaque-eutectique-ap-100-ap-150-ap-200-cargo-370-eutettico","status":"publish","type":"product","link":"https:\/\/www.melform.com\/fr\/conteneurs-\/outlet-offres\/plaques-eutectiques-offres\/plaque-eutectique-ap-100-ap-150-ap-200-cargo-370-eutettico\/","title":{"rendered":"Plaques eutectiques 210x375mm"},"content":{"rendered":"Plaques eutectiques utilisables \u00e0 l\u2019int\u00e9rieur des conteneurs AP 100, AP 150, AP 200, CARGO 370 eutectique.\r\n\r\nLes plaques eutectiques sont des accumulateurs d\u2019\u00e9nergie thermique qu\u2019elles lib\u00e8rent lors du transport, permettant de prolonger les temps de maintien en temp\u00e9rature des produits p\u00e9rissables.","protected":false},"excerpt":{"rendered":"Plaques eutectiques utilisables \u00e0 l\u2019int\u00e9rieur des conteneurs AP 100, AP 150, AP 200, CARGO 370 eutectique. Les plaques eutectiques sont des accumulateurs d\u2019\u00e9nergie thermique qu\u2019elles lib\u00e8rent lors du transport, permettant de prolonger les temps de maintien en temp\u00e9rature des produits p\u00e9rissables.","protected":false},"featured_media":6252,"template":"","meta":{"_acf_changed":false,"_themeisle_gutenberg_block_has_review":false},"product_brand":[],"product_cat":[912,815,976,278,665],"product_tag":[],"class_list":{"0":"post-8332","1":"product","2":"type-product","3":"status-publish","4":"has-post-thumbnail","6":"product_cat-catalogue-de-produits","7":"product_cat-outlet-offres","8":"product_cat-plaques-eutectiques-offres","9":"product_cat-restauration","10":"product_cat-plaques-eutectiques","11":"pa_compatibilita-logistica-cargo-370-eutettico-fr","12":"pa_linea-thermax-fr","13":"pa_moq-16-fr","14":"pa_temperatura-di-mantenimento-frais-3c","15":"pa_temperatura-di-mantenimento-surgele-21c","17":"first","18":"instock","19":"purchasable","20":"product-type-variable","21":"wvs-archive-product-wrapper"},"acf":[],"yoast_head":"<!-- This site is optimized with the Yoast SEO plugin v26.4 - https:\/\/yoast.com\/wordpress\/plugins\/seo\/ -->\n<title>Plaques eutectiques 210x375mm - MELFORM<\/title>\n<meta name=\"robots\" content=\"index, follow, max-snippet:-1, max-image-preview:large, max-video-preview:-1\" \/>\n<link rel=\"canonical\" href=\"https:\/\/www.melform.com\/fr\/conteneurs-\/outlet-offres\/plaques-eutectiques-offres\/plaque-eutectique-ap-100-ap-150-ap-200-cargo-370-eutettico\/\" \/>\n<meta property=\"og:locale\" content=\"fr_FR\" \/>\n<meta property=\"og:type\" content=\"article\" \/>\n<meta property=\"og:title\" content=\"Plaques eutectiques 210x375mm - MELFORM\" \/>\n<meta property=\"og:description\" content=\"Plaques eutectiques utilisables \u00e0 l\u2019int\u00e9rieur des conteneurs AP 100, AP 150, AP 200, CARGO 370 eutectique. Les plaques eutectiques sont des accumulateurs d\u2019\u00e9nergie thermique qu\u2019elles lib\u00e8rent lors du transport, permettant de prolonger les temps de maintien en temp\u00e9rature des produits p\u00e9rissables.\" \/>\n<meta property=\"og:url\" content=\"https:\/\/www.melform.com\/fr\/conteneurs-\/outlet-offres\/plaques-eutectiques-offres\/plaque-eutectique-ap-100-ap-150-ap-200-cargo-370-eutettico\/\" \/>\n<meta property=\"og:site_name\" content=\"MELFORM\" \/>\n<meta property=\"article:modified_time\" content=\"2025-01-02T16:23:18+00:00\" \/>\n<meta property=\"og:image\" content=\"https:\/\/www.melform.com\/wp-content\/uploads\/2022\/10\/AGA004_LR.jpg\" \/>\n\t<meta property=\"og:image:width\" content=\"1200\" \/>\n\t<meta property=\"og:image:height\" content=\"1200\" \/>\n\t<meta property=\"og:image:type\" content=\"image\/jpeg\" \/>\n<meta name=\"twitter:card\" content=\"summary_large_image\" \/>\n<script type=\"application\/ld+json\" class=\"yoast-schema-graph\">{\"@context\":\"https:\/\/schema.org\",\"@graph\":[{\"@type\":\"WebPage\",\"@id\":\"https:\/\/www.melform.com\/fr\/conteneurs-\/outlet-offres\/plaques-eutectiques-offres\/plaque-eutectique-ap-100-ap-150-ap-200-cargo-370-eutettico\/\",\"url\":\"https:\/\/www.melform.com\/fr\/conteneurs-\/outlet-offres\/plaques-eutectiques-offres\/plaque-eutectique-ap-100-ap-150-ap-200-cargo-370-eutettico\/\",\"name\":\"Plaques eutectiques 210x375mm - MELFORM\",\"isPartOf\":{\"@id\":\"https:\/\/www.melform.com\/fr\/#website\"},\"primaryImageOfPage\":{\"@id\":\"https:\/\/www.melform.com\/fr\/conteneurs-\/outlet-offres\/plaques-eutectiques-offres\/plaque-eutectique-ap-100-ap-150-ap-200-cargo-370-eutettico\/#primaryimage\"},\"image\":{\"@id\":\"https:\/\/www.melform.com\/fr\/conteneurs-\/outlet-offres\/plaques-eutectiques-offres\/plaque-eutectique-ap-100-ap-150-ap-200-cargo-370-eutettico\/#primaryimage\"},\"thumbnailUrl\":\"https:\/\/www.melform.com\/wp-content\/uploads\/2022\/10\/AGA004_LR.jpg\",\"datePublished\":\"2022-10-07T15:08:41+00:00\",\"dateModified\":\"2025-01-02T16:23:18+00:00\",\"breadcrumb\":{\"@id\":\"https:\/\/www.melform.com\/fr\/conteneurs-\/outlet-offres\/plaques-eutectiques-offres\/plaque-eutectique-ap-100-ap-150-ap-200-cargo-370-eutettico\/#breadcrumb\"},\"inLanguage\":\"fr-FR\",\"potentialAction\":[{\"@type\":\"ReadAction\",\"target\":[\"https:\/\/www.melform.com\/fr\/conteneurs-\/outlet-offres\/plaques-eutectiques-offres\/plaque-eutectique-ap-100-ap-150-ap-200-cargo-370-eutettico\/\"]}]},{\"@type\":\"ImageObject\",\"inLanguage\":\"fr-FR\",\"@id\":\"https:\/\/www.melform.com\/fr\/conteneurs-\/outlet-offres\/plaques-eutectiques-offres\/plaque-eutectique-ap-100-ap-150-ap-200-cargo-370-eutettico\/#primaryimage\",\"url\":\"https:\/\/www.melform.com\/wp-content\/uploads\/2022\/10\/AGA004_LR.jpg\",\"contentUrl\":\"https:\/\/www.melform.com\/wp-content\/uploads\/2022\/10\/AGA004_LR.jpg\",\"width\":1200,\"height\":1200},{\"@type\":\"BreadcrumbList\",\"@id\":\"https:\/\/www.melform.com\/fr\/conteneurs-\/outlet-offres\/plaques-eutectiques-offres\/plaque-eutectique-ap-100-ap-150-ap-200-cargo-370-eutettico\/#breadcrumb\",\"itemListElement\":[{\"@type\":\"ListItem\",\"position\":1,\"name\":\"Home\",\"item\":\"https:\/\/www.melform.com\/fr\/\"},{\"@type\":\"ListItem\",\"position\":2,\"name\":\"Shop\",\"item\":\"https:\/\/www.melform.com\/fr\/shop\/\"},{\"@type\":\"ListItem\",\"position\":3,\"name\":\"Plaques eutectiques 210x375mm\"}]},{\"@type\":\"WebSite\",\"@id\":\"https:\/\/www.melform.com\/fr\/#website\",\"url\":\"https:\/\/www.melform.com\/fr\/\",\"name\":\"MELFORM\",\"description\":\"SISTEMI PER IL TRASPORTO E STOCCAGGIO A TEMPERATURA CONTROLLATA\",\"potentialAction\":[{\"@type\":\"SearchAction\",\"target\":{\"@type\":\"EntryPoint\",\"urlTemplate\":\"https:\/\/www.melform.com\/fr\/?s={search_term_string}\"},\"query-input\":{\"@type\":\"PropertyValueSpecification\",\"valueRequired\":true,\"valueName\":\"search_term_string\"}}],\"inLanguage\":\"fr-FR\"}]}<\/script>\n<!-- \/ Yoast SEO plugin. -->","yoast_head_json":{"title":"Plaques eutectiques 210x375mm - MELFORM","robots":{"index":"index","follow":"follow","max-snippet":"max-snippet:-1","max-image-preview":"max-image-preview:large","max-video-preview":"max-video-preview:-1"},"canonical":"https:\/\/www.melform.com\/fr\/conteneurs-\/outlet-offres\/plaques-eutectiques-offres\/plaque-eutectique-ap-100-ap-150-ap-200-cargo-370-eutettico\/","og_locale":"fr_FR","og_type":"article","og_title":"Plaques eutectiques 210x375mm - MELFORM","og_description":"Plaques eutectiques utilisables \u00e0 l\u2019int\u00e9rieur des conteneurs AP 100, AP 150, AP 200, CARGO 370 eutectique. Les plaques eutectiques sont des accumulateurs d\u2019\u00e9nergie thermique qu\u2019elles lib\u00e8rent lors du transport, permettant de prolonger les temps de maintien en temp\u00e9rature des produits p\u00e9rissables.","og_url":"https:\/\/www.melform.com\/fr\/conteneurs-\/outlet-offres\/plaques-eutectiques-offres\/plaque-eutectique-ap-100-ap-150-ap-200-cargo-370-eutettico\/","og_site_name":"MELFORM","article_modified_time":"2025-01-02T16:23:18+00:00","og_image":[{"width":1200,"height":1200,"url":"https:\/\/www.melform.com\/wp-content\/uploads\/2022\/10\/AGA004_LR.jpg","type":"image\/jpeg"}],"twitter_card":"summary_large_image","schema":{"@context":"https:\/\/schema.org","@graph":[{"@type":"WebPage","@id":"https:\/\/www.melform.com\/fr\/conteneurs-\/outlet-offres\/plaques-eutectiques-offres\/plaque-eutectique-ap-100-ap-150-ap-200-cargo-370-eutettico\/","url":"https:\/\/www.melform.com\/fr\/conteneurs-\/outlet-offres\/plaques-eutectiques-offres\/plaque-eutectique-ap-100-ap-150-ap-200-cargo-370-eutettico\/","name":"Plaques eutectiques 210x375mm - MELFORM","isPartOf":{"@id":"https:\/\/www.melform.com\/fr\/#website"},"primaryImageOfPage":{"@id":"https:\/\/www.melform.com\/fr\/conteneurs-\/outlet-offres\/plaques-eutectiques-offres\/plaque-eutectique-ap-100-ap-150-ap-200-cargo-370-eutettico\/#primaryimage"},"image":{"@id":"https:\/\/www.melform.com\/fr\/conteneurs-\/outlet-offres\/plaques-eutectiques-offres\/plaque-eutectique-ap-100-ap-150-ap-200-cargo-370-eutettico\/#primaryimage"},"thumbnailUrl":"https:\/\/www.melform.com\/wp-content\/uploads\/2022\/10\/AGA004_LR.jpg","datePublished":"2022-10-07T15:08:41+00:00","dateModified":"2025-01-02T16:23:18+00:00","breadcrumb":{"@id":"https:\/\/www.melform.com\/fr\/conteneurs-\/outlet-offres\/plaques-eutectiques-offres\/plaque-eutectique-ap-100-ap-150-ap-200-cargo-370-eutettico\/#breadcrumb"},"inLanguage":"fr-FR","potentialAction":[{"@type":"ReadAction","target":["https:\/\/www.melform.com\/fr\/conteneurs-\/outlet-offres\/plaques-eutectiques-offres\/plaque-eutectique-ap-100-ap-150-ap-200-cargo-370-eutettico\/"]}]},{"@type":"ImageObject","inLanguage":"fr-FR","@id":"https:\/\/www.melform.com\/fr\/conteneurs-\/outlet-offres\/plaques-eutectiques-offres\/plaque-eutectique-ap-100-ap-150-ap-200-cargo-370-eutettico\/#primaryimage","url":"https:\/\/www.melform.com\/wp-content\/uploads\/2022\/10\/AGA004_LR.jpg","contentUrl":"https:\/\/www.melform.com\/wp-content\/uploads\/2022\/10\/AGA004_LR.jpg","width":1200,"height":1200},{"@type":"BreadcrumbList","@id":"https:\/\/www.melform.com\/fr\/conteneurs-\/outlet-offres\/plaques-eutectiques-offres\/plaque-eutectique-ap-100-ap-150-ap-200-cargo-370-eutettico\/#breadcrumb","itemListElement":[{"@type":"ListItem","position":1,"name":"Home","item":"https:\/\/www.melform.com\/fr\/"},{"@type":"ListItem","position":2,"name":"Shop","item":"https:\/\/www.melform.com\/fr\/shop\/"},{"@type":"ListItem","position":3,"name":"Plaques eutectiques 210x375mm"}]},{"@type":"WebSite","@id":"https:\/\/www.melform.com\/fr\/#website","url":"https:\/\/www.melform.com\/fr\/","name":"MELFORM","description":"SISTEMI PER IL TRASPORTO E STOCCAGGIO A TEMPERATURA CONTROLLATA","potentialAction":[{"@type":"SearchAction","target":{"@type":"EntryPoint","urlTemplate":"https:\/\/www.melform.com\/fr\/?s={search_term_string}"},"query-input":{"@type":"PropertyValueSpecification","valueRequired":true,"valueName":"search_term_string"}}],"inLanguage":"fr-FR"}]}},"_links":{"self":[{"href":"https:\/\/www.melform.com\/fr\/wp-json\/wp\/v2\/product\/8332","targetHints":{"allow":["GET"]}}],"collection":[{"href":"https:\/\/www.melform.com\/fr\/wp-json\/wp\/v2\/product"}],"about":[{"href":"https:\/\/www.melform.com\/fr\/wp-json\/wp\/v2\/types\/product"}],"wp:featuredmedia":[{"embeddable":true,"href":"https:\/\/www.melform.com\/fr\/wp-json\/wp\/v2\/media\/6252"}],"wp:attachment":[{"href":"https:\/\/www.melform.com\/fr\/wp-json\/wp\/v2\/media?parent=8332"}],"wp:term":[{"taxonomy":"product_brand","embeddable":true,"href":"https:\/\/www.melform.com\/fr\/wp-json\/wp\/v2\/product_brand?post=8332"},{"taxonomy":"product_cat","embeddable":true,"href":"https:\/\/www.melform.com\/fr\/wp-json\/wp\/v2\/product_cat?post=8332"},{"taxonomy":"product_tag","embeddable":true,"href":"https:\/\/www.melform.com\/fr\/wp-json\/wp\/v2\/product_tag?post=8332"}],"curies":[{"name":"wp","href":"https:\/\/api.w.org\/{rel}","templated":true}]}}