{"id":8335,"date":"2022-10-07T17:09:03","date_gmt":"2022-10-07T15:09:03","guid":{"rendered":"https:\/\/www.melform.com\/product\/piastra-eutettica-gn-1-1\/"},"modified":"2025-02-03T10:06:52","modified_gmt":"2025-02-03T08:06:52","slug":"plaque-eutectique-gn-1-1","status":"publish","type":"product","link":"https:\/\/www.melform.com\/fr\/conteneurs-\/catalogue-de-produits\/plaques-eutectiques-logistique\/plaque-eutectique-gn-1-1\/","title":{"rendered":"Plaques eutectiques GN 1\/1"},"content":{"rendered":"Les <strong>plaques eutectiques<\/strong> sont la solution id\u00e9ale pour maintenir la temp\u00e9rature des produits p\u00e9rissables pendant le transport, garantissant efficacit\u00e9 et s\u00e9curit\u00e9.\r\n<ul>\r\n \t<li><strong>Dimensions standard :<\/strong> format <strong>GN 1\/1<\/strong>, parfaitement compatible avec les <strong>conteneurs de la ligne Thermax<\/strong> pour une gestion optimale de l\u2019espace.<\/li>\r\n \t<li><strong>Accumulateurs d&#8217;\u00e9nergie thermique :<\/strong> lib\u00e8rent progressivement le froid accumul\u00e9, prolongeant le temps de maintien de la temp\u00e9rature des produits pendant le transport.<\/li>\r\n \t<li><strong>Technologie avanc\u00e9e MELFORM :<\/strong> garantit un produit <strong>robuste<\/strong>, <strong>maniable<\/strong> et adapt\u00e9 \u00e0 une utilisation intensive.<\/li>\r\n \t<li><strong>Mat\u00e9riaux \u00e9cologiques :<\/strong> le <strong>liquide interne non toxique<\/strong> assure la s\u00e9curit\u00e9 des produits alimentaires, tandis que la <strong>coque ext\u00e9rieure enti\u00e8rement recyclable<\/strong> contribue \u00e0 la durabilit\u00e9 environnementale.<\/li>\r\n \t<li><strong>Facilit\u00e9 d\u2019utilisation :<\/strong> design ergonomique facilitant la manipulation et l\u2019insertion dans les conteneurs.<\/li>\r\n<\/ul>","protected":false},"excerpt":{"rendered":"Les plaques eutectiques sont la solution id\u00e9ale pour maintenir la temp\u00e9rature des produits p\u00e9rissables pendant le transport, garantissant efficacit\u00e9 et s\u00e9curit\u00e9. Dimensions standard : format GN 1\/1, parfaitement compatible avec les conteneurs de la ligne Thermax pour une gestion optimale de l\u2019espace. Accumulateurs d&#8217;\u00e9nergie thermique : lib\u00e8rent progressivement le froid accumul\u00e9, prolongeant le temps de [&hellip;]","protected":false},"featured_media":19289,"template":"","meta":{"_acf_changed":false,"_themeisle_gutenberg_block_has_review":false},"product_brand":[],"product_cat":[912,666,278,665],"product_tag":[],"class_list":{"0":"post-8335","1":"product","2":"type-product","3":"status-publish","4":"has-post-thumbnail","6":"product_cat-catalogue-de-produits","7":"product_cat-plaques-eutectiques-logistique","8":"product_cat-restauration","9":"product_cat-plaques-eutectiques","10":"pa_compatibilita-logistica-cargo-140-150-fr","11":"pa_linea-thermax-fr","12":"pa_moq-5-fr","13":"pa_temperatura-di-mantenimento-chaud","14":"pa_temperatura-di-mantenimento-extra-surgele-21c","15":"pa_temperatura-di-mantenimento-frais-3c","16":"pa_temperatura-di-mantenimento-super-frais-12c","17":"pa_temperatura-di-mantenimento-surgele-21c","19":"first","20":"instock","21":"product-type-variable","22":"wvs-archive-product-wrapper"},"acf":[],"yoast_head":"<!-- This site is optimized with the Yoast SEO plugin v26.4 - https:\/\/yoast.com\/wordpress\/plugins\/seo\/ -->\n<title>Plaques eutectiques GN 1\/1 - MELFORM<\/title>\n<meta name=\"robots\" content=\"index, follow, max-snippet:-1, max-image-preview:large, max-video-preview:-1\" \/>\n<link rel=\"canonical\" href=\"https:\/\/www.melform.com\/fr\/conteneurs-\/catalogue-de-produits\/plaques-eutectiques-logistique\/plaque-eutectique-gn-1-1\/\" \/>\n<meta property=\"og:locale\" content=\"fr_FR\" \/>\n<meta property=\"og:type\" content=\"article\" \/>\n<meta property=\"og:title\" content=\"Plaques eutectiques GN 1\/1 - MELFORM\" \/>\n<meta property=\"og:description\" content=\"Les plaques eutectiques sont la solution id\u00e9ale pour maintenir la temp\u00e9rature des produits p\u00e9rissables pendant le transport, garantissant efficacit\u00e9 et s\u00e9curit\u00e9. Dimensions standard : format GN 1\/1, parfaitement compatible avec les conteneurs de la ligne Thermax pour une gestion optimale de l\u2019espace. Accumulateurs d&#8217;\u00e9nergie thermique : lib\u00e8rent progressivement le froid accumul\u00e9, prolongeant le temps de [&hellip;]\" \/>\n<meta property=\"og:url\" content=\"https:\/\/www.melform.com\/fr\/conteneurs-\/catalogue-de-produits\/plaques-eutectiques-logistique\/plaque-eutectique-gn-1-1\/\" \/>\n<meta property=\"og:site_name\" content=\"MELFORM\" \/>\n<meta property=\"article:modified_time\" content=\"2025-02-03T08:06:52+00:00\" \/>\n<meta property=\"og:image\" content=\"https:\/\/www.melform.com\/wp-content\/uploads\/2022\/10\/piastre-eutettiche.webp\" \/>\n\t<meta property=\"og:image:width\" content=\"940\" \/>\n\t<meta property=\"og:image:height\" content=\"940\" \/>\n\t<meta property=\"og:image:type\" content=\"image\/webp\" \/>\n<meta name=\"twitter:card\" content=\"summary_large_image\" \/>\n<script type=\"application\/ld+json\" class=\"yoast-schema-graph\">{\"@context\":\"https:\/\/schema.org\",\"@graph\":[{\"@type\":\"WebPage\",\"@id\":\"https:\/\/www.melform.com\/fr\/conteneurs-\/catalogue-de-produits\/plaques-eutectiques-logistique\/plaque-eutectique-gn-1-1\/\",\"url\":\"https:\/\/www.melform.com\/fr\/conteneurs-\/catalogue-de-produits\/plaques-eutectiques-logistique\/plaque-eutectique-gn-1-1\/\",\"name\":\"Plaques eutectiques GN 1\/1 - MELFORM\",\"isPartOf\":{\"@id\":\"https:\/\/www.melform.com\/fr\/#website\"},\"primaryImageOfPage\":{\"@id\":\"https:\/\/www.melform.com\/fr\/conteneurs-\/catalogue-de-produits\/plaques-eutectiques-logistique\/plaque-eutectique-gn-1-1\/#primaryimage\"},\"image\":{\"@id\":\"https:\/\/www.melform.com\/fr\/conteneurs-\/catalogue-de-produits\/plaques-eutectiques-logistique\/plaque-eutectique-gn-1-1\/#primaryimage\"},\"thumbnailUrl\":\"https:\/\/www.melform.com\/wp-content\/uploads\/2022\/10\/OK_PEGS9008-.jpg\",\"datePublished\":\"2022-10-07T15:09:03+00:00\",\"dateModified\":\"2025-02-03T08:06:52+00:00\",\"breadcrumb\":{\"@id\":\"https:\/\/www.melform.com\/fr\/conteneurs-\/catalogue-de-produits\/plaques-eutectiques-logistique\/plaque-eutectique-gn-1-1\/#breadcrumb\"},\"inLanguage\":\"fr-FR\",\"potentialAction\":[{\"@type\":\"ReadAction\",\"target\":[\"https:\/\/www.melform.com\/fr\/conteneurs-\/catalogue-de-produits\/plaques-eutectiques-logistique\/plaque-eutectique-gn-1-1\/\"]}]},{\"@type\":\"ImageObject\",\"inLanguage\":\"fr-FR\",\"@id\":\"https:\/\/www.melform.com\/fr\/conteneurs-\/catalogue-de-produits\/plaques-eutectiques-logistique\/plaque-eutectique-gn-1-1\/#primaryimage\",\"url\":\"https:\/\/www.melform.com\/wp-content\/uploads\/2022\/10\/OK_PEGS9008-.jpg\",\"contentUrl\":\"https:\/\/www.melform.com\/wp-content\/uploads\/2022\/10\/OK_PEGS9008-.jpg\",\"width\":1200,\"height\":1200},{\"@type\":\"BreadcrumbList\",\"@id\":\"https:\/\/www.melform.com\/fr\/conteneurs-\/catalogue-de-produits\/plaques-eutectiques-logistique\/plaque-eutectique-gn-1-1\/#breadcrumb\",\"itemListElement\":[{\"@type\":\"ListItem\",\"position\":1,\"name\":\"Home\",\"item\":\"https:\/\/www.melform.com\/fr\/\"},{\"@type\":\"ListItem\",\"position\":2,\"name\":\"Shop\",\"item\":\"https:\/\/www.melform.com\/fr\/shop\/\"},{\"@type\":\"ListItem\",\"position\":3,\"name\":\"Plaques eutectiques GN 1\/1\"}]},{\"@type\":\"WebSite\",\"@id\":\"https:\/\/www.melform.com\/fr\/#website\",\"url\":\"https:\/\/www.melform.com\/fr\/\",\"name\":\"MELFORM\",\"description\":\"SISTEMI PER IL TRASPORTO E STOCCAGGIO A TEMPERATURA CONTROLLATA\",\"potentialAction\":[{\"@type\":\"SearchAction\",\"target\":{\"@type\":\"EntryPoint\",\"urlTemplate\":\"https:\/\/www.melform.com\/fr\/?s={search_term_string}\"},\"query-input\":{\"@type\":\"PropertyValueSpecification\",\"valueRequired\":true,\"valueName\":\"search_term_string\"}}],\"inLanguage\":\"fr-FR\"}]}<\/script>\n<!-- \/ Yoast SEO plugin. -->","yoast_head_json":{"title":"Plaques eutectiques GN 1\/1 - MELFORM","robots":{"index":"index","follow":"follow","max-snippet":"max-snippet:-1","max-image-preview":"max-image-preview:large","max-video-preview":"max-video-preview:-1"},"canonical":"https:\/\/www.melform.com\/fr\/conteneurs-\/catalogue-de-produits\/plaques-eutectiques-logistique\/plaque-eutectique-gn-1-1\/","og_locale":"fr_FR","og_type":"article","og_title":"Plaques eutectiques GN 1\/1 - MELFORM","og_description":"Les plaques eutectiques sont la solution id\u00e9ale pour maintenir la temp\u00e9rature des produits p\u00e9rissables pendant le transport, garantissant efficacit\u00e9 et s\u00e9curit\u00e9. Dimensions standard : format GN 1\/1, parfaitement compatible avec les conteneurs de la ligne Thermax pour une gestion optimale de l\u2019espace. Accumulateurs d&#8217;\u00e9nergie thermique : lib\u00e8rent progressivement le froid accumul\u00e9, prolongeant le temps de [&hellip;]","og_url":"https:\/\/www.melform.com\/fr\/conteneurs-\/catalogue-de-produits\/plaques-eutectiques-logistique\/plaque-eutectique-gn-1-1\/","og_site_name":"MELFORM","article_modified_time":"2025-02-03T08:06:52+00:00","og_image":[{"width":940,"height":940,"url":"https:\/\/www.melform.com\/wp-content\/uploads\/2022\/10\/piastre-eutettiche.webp","type":"image\/webp"}],"twitter_card":"summary_large_image","schema":{"@context":"https:\/\/schema.org","@graph":[{"@type":"WebPage","@id":"https:\/\/www.melform.com\/fr\/conteneurs-\/catalogue-de-produits\/plaques-eutectiques-logistique\/plaque-eutectique-gn-1-1\/","url":"https:\/\/www.melform.com\/fr\/conteneurs-\/catalogue-de-produits\/plaques-eutectiques-logistique\/plaque-eutectique-gn-1-1\/","name":"Plaques eutectiques GN 1\/1 - MELFORM","isPartOf":{"@id":"https:\/\/www.melform.com\/fr\/#website"},"primaryImageOfPage":{"@id":"https:\/\/www.melform.com\/fr\/conteneurs-\/catalogue-de-produits\/plaques-eutectiques-logistique\/plaque-eutectique-gn-1-1\/#primaryimage"},"image":{"@id":"https:\/\/www.melform.com\/fr\/conteneurs-\/catalogue-de-produits\/plaques-eutectiques-logistique\/plaque-eutectique-gn-1-1\/#primaryimage"},"thumbnailUrl":"https:\/\/www.melform.com\/wp-content\/uploads\/2022\/10\/OK_PEGS9008-.jpg","datePublished":"2022-10-07T15:09:03+00:00","dateModified":"2025-02-03T08:06:52+00:00","breadcrumb":{"@id":"https:\/\/www.melform.com\/fr\/conteneurs-\/catalogue-de-produits\/plaques-eutectiques-logistique\/plaque-eutectique-gn-1-1\/#breadcrumb"},"inLanguage":"fr-FR","potentialAction":[{"@type":"ReadAction","target":["https:\/\/www.melform.com\/fr\/conteneurs-\/catalogue-de-produits\/plaques-eutectiques-logistique\/plaque-eutectique-gn-1-1\/"]}]},{"@type":"ImageObject","inLanguage":"fr-FR","@id":"https:\/\/www.melform.com\/fr\/conteneurs-\/catalogue-de-produits\/plaques-eutectiques-logistique\/plaque-eutectique-gn-1-1\/#primaryimage","url":"https:\/\/www.melform.com\/wp-content\/uploads\/2022\/10\/OK_PEGS9008-.jpg","contentUrl":"https:\/\/www.melform.com\/wp-content\/uploads\/2022\/10\/OK_PEGS9008-.jpg","width":1200,"height":1200},{"@type":"BreadcrumbList","@id":"https:\/\/www.melform.com\/fr\/conteneurs-\/catalogue-de-produits\/plaques-eutectiques-logistique\/plaque-eutectique-gn-1-1\/#breadcrumb","itemListElement":[{"@type":"ListItem","position":1,"name":"Home","item":"https:\/\/www.melform.com\/fr\/"},{"@type":"ListItem","position":2,"name":"Shop","item":"https:\/\/www.melform.com\/fr\/shop\/"},{"@type":"ListItem","position":3,"name":"Plaques eutectiques GN 1\/1"}]},{"@type":"WebSite","@id":"https:\/\/www.melform.com\/fr\/#website","url":"https:\/\/www.melform.com\/fr\/","name":"MELFORM","description":"SISTEMI PER IL TRASPORTO E STOCCAGGIO A TEMPERATURA CONTROLLATA","potentialAction":[{"@type":"SearchAction","target":{"@type":"EntryPoint","urlTemplate":"https:\/\/www.melform.com\/fr\/?s={search_term_string}"},"query-input":{"@type":"PropertyValueSpecification","valueRequired":true,"valueName":"search_term_string"}}],"inLanguage":"fr-FR"}]}},"_links":{"self":[{"href":"https:\/\/www.melform.com\/fr\/wp-json\/wp\/v2\/product\/8335","targetHints":{"allow":["GET"]}}],"collection":[{"href":"https:\/\/www.melform.com\/fr\/wp-json\/wp\/v2\/product"}],"about":[{"href":"https:\/\/www.melform.com\/fr\/wp-json\/wp\/v2\/types\/product"}],"wp:featuredmedia":[{"embeddable":true,"href":"https:\/\/www.melform.com\/fr\/wp-json\/wp\/v2\/media\/19289"}],"wp:attachment":[{"href":"https:\/\/www.melform.com\/fr\/wp-json\/wp\/v2\/media?parent=8335"}],"wp:term":[{"taxonomy":"product_brand","embeddable":true,"href":"https:\/\/www.melform.com\/fr\/wp-json\/wp\/v2\/product_brand?post=8335"},{"taxonomy":"product_cat","embeddable":true,"href":"https:\/\/www.melform.com\/fr\/wp-json\/wp\/v2\/product_cat?post=8335"},{"taxonomy":"product_tag","embeddable":true,"href":"https:\/\/www.melform.com\/fr\/wp-json\/wp\/v2\/product_tag?post=8335"}],"curies":[{"name":"wp","href":"https:\/\/api.w.org\/{rel}","templated":true}]}}