{"id":8341,"date":"2022-10-07T17:09:23","date_gmt":"2022-10-07T15:09:23","guid":{"rendered":"https:\/\/www.melform.com\/product\/piastra-eutettica-per-cargo-370-500-500-catering-780\/"},"modified":"2025-02-25T11:25:24","modified_gmt":"2025-02-25T09:25:24","slug":"plaque-eutectique-cargo-370-500-500-catering-780","status":"publish","type":"product","link":"https:\/\/www.melform.com\/fr\/conteneurs-\/catalogue-de-produits\/plaques-eutectiques-logistique\/plaque-eutectique-cargo-370-500-500-catering-780\/","title":{"rendered":"Plaques eutectiques 545x325mm"},"content":{"rendered":"<p data-start=\"1013\" data-end=\"1207\">Les <strong data-start=\"1017\" data-end=\"1040\">plaques eutectiques<\/strong> sont con\u00e7ues pour <strong data-start=\"1059\" data-end=\"1101\">stocker et lib\u00e9rer l&#8217;\u00e9nergie thermique<\/strong> pendant le transport, garantissant un <strong data-start=\"1140\" data-end=\"1179\">maintien prolong\u00e9 de la temp\u00e9rature<\/strong> des produits p\u00e9rissables.<\/p>\r\n\r\n<ul data-start=\"1250\" data-end=\"1933\" data-is-last-node=\"\" data-is-only-node=\"\">\r\n \t<li data-start=\"1250\" data-end=\"1324\"><strong data-start=\"1252\" data-end=\"1269\">Compatibilit\u00e9<\/strong> : Adapt\u00e9es aux <strong data-start=\"1285\" data-end=\"1321\">conteneurs CARGO 370, 500 et 780<\/strong>.<\/li>\r\n \t<li data-start=\"1325\" data-end=\"1453\"><strong data-start=\"1327\" data-end=\"1351\">Efficacit\u00e9 thermique<\/strong> : Accumulent et lib\u00e8rent de l\u2019\u00e9nergie pour <strong data-start=\"1395\" data-end=\"1430\">maintenir la temp\u00e9rature id\u00e9ale<\/strong> durant le transport.<\/li>\r\n \t<li data-start=\"1454\" data-end=\"1780\"><strong data-start=\"1488\" data-end=\"1507\">Design exclusif<\/strong> et <strong data-start=\"1511\" data-end=\"1532\">structure robuste<\/strong> pour une utilisation professionnelle.<\/li>\r\n \t<li data-start=\"1454\" data-end=\"1780\"><strong data-start=\"1577\" data-end=\"1607\">Mat\u00e9riaux \u00e9co-responsables<\/strong> : <strong data-start=\"1610\" data-end=\"1653\">Coque ext\u00e9rieure enti\u00e8rement recyclable<\/strong> et <strong data-start=\"1657\" data-end=\"1688\">liquide interne non toxique<\/strong>.<\/li>\r\n \t<li data-start=\"1454\" data-end=\"1780\"><strong data-start=\"1696\" data-end=\"1730\">L\u00e9g\u00e8res et faciles \u00e0 manipuler<\/strong>, assurant une utilisation <strong data-start=\"1757\" data-end=\"1777\">s\u00fbre et efficace<\/strong>.<\/li>\r\n \t<li data-start=\"1781\" data-end=\"1933\" data-is-last-node=\"\"><strong data-start=\"1783\" data-end=\"1831\">Disponibles en trois versions de temp\u00e9rature<\/strong>, selon les besoins :\r\n<ul data-start=\"1857\" data-end=\"1933\" data-is-last-node=\"\">\r\n \t<li data-start=\"1857\" data-end=\"1877\"><strong data-start=\"1859\" data-end=\"1868\">Frais<\/strong><\/li>\r\n \t<li data-start=\"1880\" data-end=\"1903\"><strong data-start=\"1882\" data-end=\"1893\">Surgel\u00e9<\/strong><\/li>\r\n \t<li data-start=\"1906\" data-end=\"1933\" data-is-last-node=\"\"><strong data-start=\"1908\" data-end=\"1925\">Surgel\u00e9<\/strong> <strong>plus<\/strong><\/li>\r\n<\/ul>\r\n<\/li>\r\n<\/ul>","protected":false},"excerpt":{"rendered":"Les plaques eutectiques sont con\u00e7ues pour stocker et lib\u00e9rer l&#8217;\u00e9nergie thermique pendant le transport, garantissant un maintien prolong\u00e9 de la temp\u00e9rature des produits p\u00e9rissables. Compatibilit\u00e9 : Adapt\u00e9es aux conteneurs CARGO 370, 500 et 780. Efficacit\u00e9 thermique : Accumulent et lib\u00e8rent de l\u2019\u00e9nergie pour maintenir la temp\u00e9rature id\u00e9ale durant le transport. Design exclusif et structure robuste [&hellip;]","protected":false},"featured_media":6261,"template":"","meta":{"_acf_changed":false,"_themeisle_gutenberg_block_has_review":false},"product_brand":[],"product_cat":[912,666,278,665],"product_tag":[],"class_list":{"0":"post-8341","1":"product","2":"type-product","3":"status-publish","4":"has-post-thumbnail","6":"product_cat-catalogue-de-produits","7":"product_cat-plaques-eutectiques-logistique","8":"product_cat-restauration","9":"product_cat-plaques-eutectiques","10":"pa_compatibilita-logistica-cargo-370-500-500-catering-780-fr","11":"pa_linea-thermax-fr","12":"pa_moq-2-fr","13":"pa_temperatura-di-mantenimento-extra-surgele-21c","14":"pa_temperatura-di-mantenimento-frais-3c","15":"pa_temperatura-di-mantenimento-surgele-21c","17":"first","18":"instock","19":"product-type-variable","20":"wvs-archive-product-wrapper"},"acf":[],"yoast_head":"<!-- This site is optimized with the Yoast SEO plugin v26.4 - https:\/\/yoast.com\/wordpress\/plugins\/seo\/ -->\n<title>Plaques eutectiques 545x325mm - MELFORM<\/title>\n<meta name=\"robots\" content=\"index, follow, max-snippet:-1, max-image-preview:large, max-video-preview:-1\" \/>\n<link rel=\"canonical\" href=\"https:\/\/www.melform.com\/fr\/conteneurs-\/catalogue-de-produits\/plaques-eutectiques-logistique\/plaque-eutectique-cargo-370-500-500-catering-780\/\" \/>\n<meta property=\"og:locale\" content=\"fr_FR\" \/>\n<meta property=\"og:type\" content=\"article\" \/>\n<meta property=\"og:title\" content=\"Plaques eutectiques 545x325mm - MELFORM\" \/>\n<meta property=\"og:description\" content=\"Les plaques eutectiques sont con\u00e7ues pour stocker et lib\u00e9rer l&#8217;\u00e9nergie thermique pendant le transport, garantissant un maintien prolong\u00e9 de la temp\u00e9rature des produits p\u00e9rissables. Compatibilit\u00e9 : Adapt\u00e9es aux conteneurs CARGO 370, 500 et 780. Efficacit\u00e9 thermique : Accumulent et lib\u00e8rent de l\u2019\u00e9nergie pour maintenir la temp\u00e9rature id\u00e9ale durant le transport. Design exclusif et structure robuste [&hellip;]\" \/>\n<meta property=\"og:url\" content=\"https:\/\/www.melform.com\/fr\/conteneurs-\/catalogue-de-produits\/plaques-eutectiques-logistique\/plaque-eutectique-cargo-370-500-500-catering-780\/\" \/>\n<meta property=\"og:site_name\" content=\"MELFORM\" \/>\n<meta property=\"article:modified_time\" content=\"2025-02-25T09:25:24+00:00\" \/>\n<meta property=\"og:image\" content=\"https:\/\/www.melform.com\/wp-content\/uploads\/2022\/10\/231_PE500001.jpg\" \/>\n\t<meta property=\"og:image:width\" content=\"1200\" \/>\n\t<meta property=\"og:image:height\" content=\"1200\" \/>\n\t<meta property=\"og:image:type\" content=\"image\/jpeg\" \/>\n<meta name=\"twitter:card\" content=\"summary_large_image\" \/>\n<script type=\"application\/ld+json\" class=\"yoast-schema-graph\">{\"@context\":\"https:\/\/schema.org\",\"@graph\":[{\"@type\":\"WebPage\",\"@id\":\"https:\/\/www.melform.com\/fr\/conteneurs-\/catalogue-de-produits\/plaques-eutectiques-logistique\/plaque-eutectique-cargo-370-500-500-catering-780\/\",\"url\":\"https:\/\/www.melform.com\/fr\/conteneurs-\/catalogue-de-produits\/plaques-eutectiques-logistique\/plaque-eutectique-cargo-370-500-500-catering-780\/\",\"name\":\"Plaques eutectiques 545x325mm - MELFORM\",\"isPartOf\":{\"@id\":\"https:\/\/www.melform.com\/fr\/#website\"},\"primaryImageOfPage\":{\"@id\":\"https:\/\/www.melform.com\/fr\/conteneurs-\/catalogue-de-produits\/plaques-eutectiques-logistique\/plaque-eutectique-cargo-370-500-500-catering-780\/#primaryimage\"},\"image\":{\"@id\":\"https:\/\/www.melform.com\/fr\/conteneurs-\/catalogue-de-produits\/plaques-eutectiques-logistique\/plaque-eutectique-cargo-370-500-500-catering-780\/#primaryimage\"},\"thumbnailUrl\":\"https:\/\/www.melform.com\/wp-content\/uploads\/2022\/10\/231_PE500001.jpg\",\"datePublished\":\"2022-10-07T15:09:23+00:00\",\"dateModified\":\"2025-02-25T09:25:24+00:00\",\"breadcrumb\":{\"@id\":\"https:\/\/www.melform.com\/fr\/conteneurs-\/catalogue-de-produits\/plaques-eutectiques-logistique\/plaque-eutectique-cargo-370-500-500-catering-780\/#breadcrumb\"},\"inLanguage\":\"fr-FR\",\"potentialAction\":[{\"@type\":\"ReadAction\",\"target\":[\"https:\/\/www.melform.com\/fr\/conteneurs-\/catalogue-de-produits\/plaques-eutectiques-logistique\/plaque-eutectique-cargo-370-500-500-catering-780\/\"]}]},{\"@type\":\"ImageObject\",\"inLanguage\":\"fr-FR\",\"@id\":\"https:\/\/www.melform.com\/fr\/conteneurs-\/catalogue-de-produits\/plaques-eutectiques-logistique\/plaque-eutectique-cargo-370-500-500-catering-780\/#primaryimage\",\"url\":\"https:\/\/www.melform.com\/wp-content\/uploads\/2022\/10\/231_PE500001.jpg\",\"contentUrl\":\"https:\/\/www.melform.com\/wp-content\/uploads\/2022\/10\/231_PE500001.jpg\",\"width\":1200,\"height\":1200},{\"@type\":\"BreadcrumbList\",\"@id\":\"https:\/\/www.melform.com\/fr\/conteneurs-\/catalogue-de-produits\/plaques-eutectiques-logistique\/plaque-eutectique-cargo-370-500-500-catering-780\/#breadcrumb\",\"itemListElement\":[{\"@type\":\"ListItem\",\"position\":1,\"name\":\"Home\",\"item\":\"https:\/\/www.melform.com\/fr\/\"},{\"@type\":\"ListItem\",\"position\":2,\"name\":\"Shop\",\"item\":\"https:\/\/www.melform.com\/fr\/shop\/\"},{\"@type\":\"ListItem\",\"position\":3,\"name\":\"Plaques eutectiques 545x325mm\"}]},{\"@type\":\"WebSite\",\"@id\":\"https:\/\/www.melform.com\/fr\/#website\",\"url\":\"https:\/\/www.melform.com\/fr\/\",\"name\":\"MELFORM\",\"description\":\"SISTEMI PER IL TRASPORTO E STOCCAGGIO A TEMPERATURA CONTROLLATA\",\"potentialAction\":[{\"@type\":\"SearchAction\",\"target\":{\"@type\":\"EntryPoint\",\"urlTemplate\":\"https:\/\/www.melform.com\/fr\/?s={search_term_string}\"},\"query-input\":{\"@type\":\"PropertyValueSpecification\",\"valueRequired\":true,\"valueName\":\"search_term_string\"}}],\"inLanguage\":\"fr-FR\"}]}<\/script>\n<!-- \/ Yoast SEO plugin. -->","yoast_head_json":{"title":"Plaques eutectiques 545x325mm - MELFORM","robots":{"index":"index","follow":"follow","max-snippet":"max-snippet:-1","max-image-preview":"max-image-preview:large","max-video-preview":"max-video-preview:-1"},"canonical":"https:\/\/www.melform.com\/fr\/conteneurs-\/catalogue-de-produits\/plaques-eutectiques-logistique\/plaque-eutectique-cargo-370-500-500-catering-780\/","og_locale":"fr_FR","og_type":"article","og_title":"Plaques eutectiques 545x325mm - MELFORM","og_description":"Les plaques eutectiques sont con\u00e7ues pour stocker et lib\u00e9rer l&#8217;\u00e9nergie thermique pendant le transport, garantissant un maintien prolong\u00e9 de la temp\u00e9rature des produits p\u00e9rissables. Compatibilit\u00e9 : Adapt\u00e9es aux conteneurs CARGO 370, 500 et 780. Efficacit\u00e9 thermique : Accumulent et lib\u00e8rent de l\u2019\u00e9nergie pour maintenir la temp\u00e9rature id\u00e9ale durant le transport. Design exclusif et structure robuste [&hellip;]","og_url":"https:\/\/www.melform.com\/fr\/conteneurs-\/catalogue-de-produits\/plaques-eutectiques-logistique\/plaque-eutectique-cargo-370-500-500-catering-780\/","og_site_name":"MELFORM","article_modified_time":"2025-02-25T09:25:24+00:00","og_image":[{"width":1200,"height":1200,"url":"https:\/\/www.melform.com\/wp-content\/uploads\/2022\/10\/231_PE500001.jpg","type":"image\/jpeg"}],"twitter_card":"summary_large_image","schema":{"@context":"https:\/\/schema.org","@graph":[{"@type":"WebPage","@id":"https:\/\/www.melform.com\/fr\/conteneurs-\/catalogue-de-produits\/plaques-eutectiques-logistique\/plaque-eutectique-cargo-370-500-500-catering-780\/","url":"https:\/\/www.melform.com\/fr\/conteneurs-\/catalogue-de-produits\/plaques-eutectiques-logistique\/plaque-eutectique-cargo-370-500-500-catering-780\/","name":"Plaques eutectiques 545x325mm - MELFORM","isPartOf":{"@id":"https:\/\/www.melform.com\/fr\/#website"},"primaryImageOfPage":{"@id":"https:\/\/www.melform.com\/fr\/conteneurs-\/catalogue-de-produits\/plaques-eutectiques-logistique\/plaque-eutectique-cargo-370-500-500-catering-780\/#primaryimage"},"image":{"@id":"https:\/\/www.melform.com\/fr\/conteneurs-\/catalogue-de-produits\/plaques-eutectiques-logistique\/plaque-eutectique-cargo-370-500-500-catering-780\/#primaryimage"},"thumbnailUrl":"https:\/\/www.melform.com\/wp-content\/uploads\/2022\/10\/231_PE500001.jpg","datePublished":"2022-10-07T15:09:23+00:00","dateModified":"2025-02-25T09:25:24+00:00","breadcrumb":{"@id":"https:\/\/www.melform.com\/fr\/conteneurs-\/catalogue-de-produits\/plaques-eutectiques-logistique\/plaque-eutectique-cargo-370-500-500-catering-780\/#breadcrumb"},"inLanguage":"fr-FR","potentialAction":[{"@type":"ReadAction","target":["https:\/\/www.melform.com\/fr\/conteneurs-\/catalogue-de-produits\/plaques-eutectiques-logistique\/plaque-eutectique-cargo-370-500-500-catering-780\/"]}]},{"@type":"ImageObject","inLanguage":"fr-FR","@id":"https:\/\/www.melform.com\/fr\/conteneurs-\/catalogue-de-produits\/plaques-eutectiques-logistique\/plaque-eutectique-cargo-370-500-500-catering-780\/#primaryimage","url":"https:\/\/www.melform.com\/wp-content\/uploads\/2022\/10\/231_PE500001.jpg","contentUrl":"https:\/\/www.melform.com\/wp-content\/uploads\/2022\/10\/231_PE500001.jpg","width":1200,"height":1200},{"@type":"BreadcrumbList","@id":"https:\/\/www.melform.com\/fr\/conteneurs-\/catalogue-de-produits\/plaques-eutectiques-logistique\/plaque-eutectique-cargo-370-500-500-catering-780\/#breadcrumb","itemListElement":[{"@type":"ListItem","position":1,"name":"Home","item":"https:\/\/www.melform.com\/fr\/"},{"@type":"ListItem","position":2,"name":"Shop","item":"https:\/\/www.melform.com\/fr\/shop\/"},{"@type":"ListItem","position":3,"name":"Plaques eutectiques 545x325mm"}]},{"@type":"WebSite","@id":"https:\/\/www.melform.com\/fr\/#website","url":"https:\/\/www.melform.com\/fr\/","name":"MELFORM","description":"SISTEMI PER IL TRASPORTO E STOCCAGGIO A TEMPERATURA CONTROLLATA","potentialAction":[{"@type":"SearchAction","target":{"@type":"EntryPoint","urlTemplate":"https:\/\/www.melform.com\/fr\/?s={search_term_string}"},"query-input":{"@type":"PropertyValueSpecification","valueRequired":true,"valueName":"search_term_string"}}],"inLanguage":"fr-FR"}]}},"_links":{"self":[{"href":"https:\/\/www.melform.com\/fr\/wp-json\/wp\/v2\/product\/8341","targetHints":{"allow":["GET"]}}],"collection":[{"href":"https:\/\/www.melform.com\/fr\/wp-json\/wp\/v2\/product"}],"about":[{"href":"https:\/\/www.melform.com\/fr\/wp-json\/wp\/v2\/types\/product"}],"wp:featuredmedia":[{"embeddable":true,"href":"https:\/\/www.melform.com\/fr\/wp-json\/wp\/v2\/media\/6261"}],"wp:attachment":[{"href":"https:\/\/www.melform.com\/fr\/wp-json\/wp\/v2\/media?parent=8341"}],"wp:term":[{"taxonomy":"product_brand","embeddable":true,"href":"https:\/\/www.melform.com\/fr\/wp-json\/wp\/v2\/product_brand?post=8341"},{"taxonomy":"product_cat","embeddable":true,"href":"https:\/\/www.melform.com\/fr\/wp-json\/wp\/v2\/product_cat?post=8341"},{"taxonomy":"product_tag","embeddable":true,"href":"https:\/\/www.melform.com\/fr\/wp-json\/wp\/v2\/product_tag?post=8341"}],"curies":[{"name":"wp","href":"https:\/\/api.w.org\/{rel}","templated":true}]}}