{"id":8349,"date":"2022-10-07T17:09:15","date_gmt":"2022-10-07T15:09:15","guid":{"rendered":"https:\/\/www.melform.com\/product\/piastra-eutettica-per-cargo-1300-e-1300-tw\/"},"modified":"2025-02-25T11:41:24","modified_gmt":"2025-02-25T09:41:24","slug":"plaque-eutectique-cargo-1300-e-1300-tw","status":"publish","type":"product","link":"https:\/\/www.melform.com\/fr\/conteneurs-\/catalogue-de-produits\/plaques-eutectiques-logistique\/plaque-eutectique-cargo-1300-e-1300-tw\/","title":{"rendered":"Plaques eutectiques 835x353mm"},"content":{"rendered":"<p data-start=\"1115\" data-end=\"1309\">Les <strong data-start=\"1119\" data-end=\"1142\">plaques eutectiques<\/strong> sont con\u00e7ues pour <strong data-start=\"1161\" data-end=\"1203\">stocker et lib\u00e9rer l&#8217;\u00e9nergie thermique<\/strong> pendant le transport, garantissant un <strong data-start=\"1242\" data-end=\"1281\">maintien prolong\u00e9 de la temp\u00e9rature<\/strong> des produits p\u00e9rissables.<\/p>\r\n\r\n<ul data-start=\"1352\" data-end=\"2000\">\r\n \t<li data-start=\"1352\" data-end=\"1426\"><strong data-start=\"1354\" data-end=\"1371\">Compatibilit\u00e9<\/strong> : Adapt\u00e9es aux <strong data-start=\"1387\" data-end=\"1423\">conteneurs CARGO 1300 et CARGO 1300TW<\/strong><\/li>\r\n \t<li data-start=\"1427\" data-end=\"1556\"><strong data-start=\"1429\" data-end=\"1453\">Efficacit\u00e9 thermique<\/strong> : Accumulent et lib\u00e8rent de l\u2019\u00e9nergie pour <strong data-start=\"1497\" data-end=\"1532\">maintenir la temp\u00e9rature id\u00e9ale<\/strong> pendant le transport.<\/li>\r\n \t<li data-start=\"1557\" data-end=\"1642\"><strong data-start=\"1559\" data-end=\"1599\">Design exclusif et structure robuste<\/strong>, id\u00e9ale pour un <strong data-start=\"1616\" data-end=\"1639\">usage professionnel<\/strong>.<\/li>\r\n \t<li data-start=\"1643\" data-end=\"1759\"><strong data-start=\"1645\" data-end=\"1675\">Mat\u00e9riaux \u00e9co-responsables<\/strong> : <strong data-start=\"1678\" data-end=\"1721\">Coque ext\u00e9rieure enti\u00e8rement recyclable<\/strong> et <strong data-start=\"1725\" data-end=\"1756\">liquide interne non toxique<\/strong>.<\/li>\r\n \t<li data-start=\"1760\" data-end=\"1846\"><strong data-start=\"1762\" data-end=\"1796\">L\u00e9g\u00e8res et faciles \u00e0 manipuler<\/strong>, assurant une <strong data-start=\"1811\" data-end=\"1843\">utilisation s\u00fbre et efficace<\/strong>.<\/li>\r\n \t<li data-start=\"1847\" data-end=\"2000\"><strong data-start=\"1849\" data-end=\"1897\">Disponibles en trois versions de temp\u00e9rature<\/strong> selon les besoins :\r\n<ul data-start=\"1922\" data-end=\"2000\">\r\n \t<li data-start=\"1922\" data-end=\"1942\"><strong data-start=\"1924\" data-end=\"1933\">Frais\u00a0<\/strong><\/li>\r\n \t<li data-start=\"1945\" data-end=\"1968\"><strong data-start=\"1947\" data-end=\"1958\">Surgel\u00e9<\/strong><\/li>\r\n \t<li data-start=\"1971\" data-end=\"2000\"><strong data-start=\"1973\" data-end=\"1990\">Surgel\u00e9 Plus<\/strong><\/li>\r\n<\/ul>\r\n<\/li>\r\n<\/ul>","protected":false},"excerpt":{"rendered":"Les plaques eutectiques sont con\u00e7ues pour stocker et lib\u00e9rer l&#8217;\u00e9nergie thermique pendant le transport, garantissant un maintien prolong\u00e9 de la temp\u00e9rature des produits p\u00e9rissables. Compatibilit\u00e9 : Adapt\u00e9es aux conteneurs CARGO 1300 et CARGO 1300TW Efficacit\u00e9 thermique : Accumulent et lib\u00e8rent de l\u2019\u00e9nergie pour maintenir la temp\u00e9rature id\u00e9ale pendant le transport. Design exclusif et structure robuste, [&hellip;]","protected":false},"featured_media":6267,"template":"","meta":{"_acf_changed":false,"_themeisle_gutenberg_block_has_review":false},"product_brand":[],"product_cat":[912,666],"product_tag":[],"class_list":{"0":"post-8349","1":"product","2":"type-product","3":"status-publish","4":"has-post-thumbnail","6":"product_cat-catalogue-de-produits","7":"product_cat-plaques-eutectiques-logistique","8":"pa_compatibilita-logistica-cargo-1300-1300tw-fr","9":"pa_linea-cargo-fr","10":"pa_moq-3-fr","11":"pa_temperatura-di-mantenimento-extra-surgele-21c","12":"pa_temperatura-di-mantenimento-frais-3c","13":"pa_temperatura-di-mantenimento-surgele-21c","15":"first","16":"instock","17":"product-type-variable","18":"wvs-archive-product-wrapper"},"acf":[],"yoast_head":"<!-- This site is optimized with the Yoast SEO plugin v26.4 - https:\/\/yoast.com\/wordpress\/plugins\/seo\/ -->\n<title>Plaques eutectiques 835x353mm - MELFORM<\/title>\n<meta name=\"robots\" content=\"index, follow, max-snippet:-1, max-image-preview:large, max-video-preview:-1\" \/>\n<link rel=\"canonical\" href=\"https:\/\/www.melform.com\/fr\/conteneurs-\/catalogue-de-produits\/plaques-eutectiques-logistique\/plaque-eutectique-cargo-1300-e-1300-tw\/\" \/>\n<meta property=\"og:locale\" content=\"fr_FR\" \/>\n<meta property=\"og:type\" content=\"article\" \/>\n<meta property=\"og:title\" content=\"Plaques eutectiques 835x353mm - MELFORM\" \/>\n<meta property=\"og:description\" content=\"Les plaques eutectiques sont con\u00e7ues pour stocker et lib\u00e9rer l&#8217;\u00e9nergie thermique pendant le transport, garantissant un maintien prolong\u00e9 de la temp\u00e9rature des produits p\u00e9rissables. Compatibilit\u00e9 : Adapt\u00e9es aux conteneurs CARGO 1300 et CARGO 1300TW Efficacit\u00e9 thermique : Accumulent et lib\u00e8rent de l\u2019\u00e9nergie pour maintenir la temp\u00e9rature id\u00e9ale pendant le transport. Design exclusif et structure robuste, [&hellip;]\" \/>\n<meta property=\"og:url\" content=\"https:\/\/www.melform.com\/fr\/conteneurs-\/catalogue-de-produits\/plaques-eutectiques-logistique\/plaque-eutectique-cargo-1300-e-1300-tw\/\" \/>\n<meta property=\"og:site_name\" content=\"MELFORM\" \/>\n<meta property=\"article:modified_time\" content=\"2025-02-25T09:41:24+00:00\" \/>\n<meta property=\"og:image\" content=\"https:\/\/www.melform.com\/wp-content\/uploads\/2022\/10\/239_PE110001.jpg\" \/>\n\t<meta property=\"og:image:width\" content=\"1200\" \/>\n\t<meta property=\"og:image:height\" content=\"1200\" \/>\n\t<meta property=\"og:image:type\" content=\"image\/jpeg\" \/>\n<meta name=\"twitter:card\" content=\"summary_large_image\" \/>\n<script type=\"application\/ld+json\" class=\"yoast-schema-graph\">{\"@context\":\"https:\/\/schema.org\",\"@graph\":[{\"@type\":\"WebPage\",\"@id\":\"https:\/\/www.melform.com\/fr\/conteneurs-\/catalogue-de-produits\/plaques-eutectiques-logistique\/plaque-eutectique-cargo-1300-e-1300-tw\/\",\"url\":\"https:\/\/www.melform.com\/fr\/conteneurs-\/catalogue-de-produits\/plaques-eutectiques-logistique\/plaque-eutectique-cargo-1300-e-1300-tw\/\",\"name\":\"Plaques eutectiques 835x353mm - MELFORM\",\"isPartOf\":{\"@id\":\"https:\/\/www.melform.com\/fr\/#website\"},\"primaryImageOfPage\":{\"@id\":\"https:\/\/www.melform.com\/fr\/conteneurs-\/catalogue-de-produits\/plaques-eutectiques-logistique\/plaque-eutectique-cargo-1300-e-1300-tw\/#primaryimage\"},\"image\":{\"@id\":\"https:\/\/www.melform.com\/fr\/conteneurs-\/catalogue-de-produits\/plaques-eutectiques-logistique\/plaque-eutectique-cargo-1300-e-1300-tw\/#primaryimage\"},\"thumbnailUrl\":\"https:\/\/www.melform.com\/wp-content\/uploads\/2022\/10\/239_PE110001.jpg\",\"datePublished\":\"2022-10-07T15:09:15+00:00\",\"dateModified\":\"2025-02-25T09:41:24+00:00\",\"breadcrumb\":{\"@id\":\"https:\/\/www.melform.com\/fr\/conteneurs-\/catalogue-de-produits\/plaques-eutectiques-logistique\/plaque-eutectique-cargo-1300-e-1300-tw\/#breadcrumb\"},\"inLanguage\":\"fr-FR\",\"potentialAction\":[{\"@type\":\"ReadAction\",\"target\":[\"https:\/\/www.melform.com\/fr\/conteneurs-\/catalogue-de-produits\/plaques-eutectiques-logistique\/plaque-eutectique-cargo-1300-e-1300-tw\/\"]}]},{\"@type\":\"ImageObject\",\"inLanguage\":\"fr-FR\",\"@id\":\"https:\/\/www.melform.com\/fr\/conteneurs-\/catalogue-de-produits\/plaques-eutectiques-logistique\/plaque-eutectique-cargo-1300-e-1300-tw\/#primaryimage\",\"url\":\"https:\/\/www.melform.com\/wp-content\/uploads\/2022\/10\/239_PE110001.jpg\",\"contentUrl\":\"https:\/\/www.melform.com\/wp-content\/uploads\/2022\/10\/239_PE110001.jpg\",\"width\":1200,\"height\":1200},{\"@type\":\"BreadcrumbList\",\"@id\":\"https:\/\/www.melform.com\/fr\/conteneurs-\/catalogue-de-produits\/plaques-eutectiques-logistique\/plaque-eutectique-cargo-1300-e-1300-tw\/#breadcrumb\",\"itemListElement\":[{\"@type\":\"ListItem\",\"position\":1,\"name\":\"Home\",\"item\":\"https:\/\/www.melform.com\/fr\/\"},{\"@type\":\"ListItem\",\"position\":2,\"name\":\"Shop\",\"item\":\"https:\/\/www.melform.com\/fr\/shop\/\"},{\"@type\":\"ListItem\",\"position\":3,\"name\":\"Plaques eutectiques 835x353mm\"}]},{\"@type\":\"WebSite\",\"@id\":\"https:\/\/www.melform.com\/fr\/#website\",\"url\":\"https:\/\/www.melform.com\/fr\/\",\"name\":\"MELFORM\",\"description\":\"SISTEMI PER IL TRASPORTO E STOCCAGGIO A TEMPERATURA CONTROLLATA\",\"potentialAction\":[{\"@type\":\"SearchAction\",\"target\":{\"@type\":\"EntryPoint\",\"urlTemplate\":\"https:\/\/www.melform.com\/fr\/?s={search_term_string}\"},\"query-input\":{\"@type\":\"PropertyValueSpecification\",\"valueRequired\":true,\"valueName\":\"search_term_string\"}}],\"inLanguage\":\"fr-FR\"}]}<\/script>\n<!-- \/ Yoast SEO plugin. -->","yoast_head_json":{"title":"Plaques eutectiques 835x353mm - MELFORM","robots":{"index":"index","follow":"follow","max-snippet":"max-snippet:-1","max-image-preview":"max-image-preview:large","max-video-preview":"max-video-preview:-1"},"canonical":"https:\/\/www.melform.com\/fr\/conteneurs-\/catalogue-de-produits\/plaques-eutectiques-logistique\/plaque-eutectique-cargo-1300-e-1300-tw\/","og_locale":"fr_FR","og_type":"article","og_title":"Plaques eutectiques 835x353mm - MELFORM","og_description":"Les plaques eutectiques sont con\u00e7ues pour stocker et lib\u00e9rer l&#8217;\u00e9nergie thermique pendant le transport, garantissant un maintien prolong\u00e9 de la temp\u00e9rature des produits p\u00e9rissables. Compatibilit\u00e9 : Adapt\u00e9es aux conteneurs CARGO 1300 et CARGO 1300TW Efficacit\u00e9 thermique : Accumulent et lib\u00e8rent de l\u2019\u00e9nergie pour maintenir la temp\u00e9rature id\u00e9ale pendant le transport. Design exclusif et structure robuste, [&hellip;]","og_url":"https:\/\/www.melform.com\/fr\/conteneurs-\/catalogue-de-produits\/plaques-eutectiques-logistique\/plaque-eutectique-cargo-1300-e-1300-tw\/","og_site_name":"MELFORM","article_modified_time":"2025-02-25T09:41:24+00:00","og_image":[{"width":1200,"height":1200,"url":"https:\/\/www.melform.com\/wp-content\/uploads\/2022\/10\/239_PE110001.jpg","type":"image\/jpeg"}],"twitter_card":"summary_large_image","schema":{"@context":"https:\/\/schema.org","@graph":[{"@type":"WebPage","@id":"https:\/\/www.melform.com\/fr\/conteneurs-\/catalogue-de-produits\/plaques-eutectiques-logistique\/plaque-eutectique-cargo-1300-e-1300-tw\/","url":"https:\/\/www.melform.com\/fr\/conteneurs-\/catalogue-de-produits\/plaques-eutectiques-logistique\/plaque-eutectique-cargo-1300-e-1300-tw\/","name":"Plaques eutectiques 835x353mm - MELFORM","isPartOf":{"@id":"https:\/\/www.melform.com\/fr\/#website"},"primaryImageOfPage":{"@id":"https:\/\/www.melform.com\/fr\/conteneurs-\/catalogue-de-produits\/plaques-eutectiques-logistique\/plaque-eutectique-cargo-1300-e-1300-tw\/#primaryimage"},"image":{"@id":"https:\/\/www.melform.com\/fr\/conteneurs-\/catalogue-de-produits\/plaques-eutectiques-logistique\/plaque-eutectique-cargo-1300-e-1300-tw\/#primaryimage"},"thumbnailUrl":"https:\/\/www.melform.com\/wp-content\/uploads\/2022\/10\/239_PE110001.jpg","datePublished":"2022-10-07T15:09:15+00:00","dateModified":"2025-02-25T09:41:24+00:00","breadcrumb":{"@id":"https:\/\/www.melform.com\/fr\/conteneurs-\/catalogue-de-produits\/plaques-eutectiques-logistique\/plaque-eutectique-cargo-1300-e-1300-tw\/#breadcrumb"},"inLanguage":"fr-FR","potentialAction":[{"@type":"ReadAction","target":["https:\/\/www.melform.com\/fr\/conteneurs-\/catalogue-de-produits\/plaques-eutectiques-logistique\/plaque-eutectique-cargo-1300-e-1300-tw\/"]}]},{"@type":"ImageObject","inLanguage":"fr-FR","@id":"https:\/\/www.melform.com\/fr\/conteneurs-\/catalogue-de-produits\/plaques-eutectiques-logistique\/plaque-eutectique-cargo-1300-e-1300-tw\/#primaryimage","url":"https:\/\/www.melform.com\/wp-content\/uploads\/2022\/10\/239_PE110001.jpg","contentUrl":"https:\/\/www.melform.com\/wp-content\/uploads\/2022\/10\/239_PE110001.jpg","width":1200,"height":1200},{"@type":"BreadcrumbList","@id":"https:\/\/www.melform.com\/fr\/conteneurs-\/catalogue-de-produits\/plaques-eutectiques-logistique\/plaque-eutectique-cargo-1300-e-1300-tw\/#breadcrumb","itemListElement":[{"@type":"ListItem","position":1,"name":"Home","item":"https:\/\/www.melform.com\/fr\/"},{"@type":"ListItem","position":2,"name":"Shop","item":"https:\/\/www.melform.com\/fr\/shop\/"},{"@type":"ListItem","position":3,"name":"Plaques eutectiques 835x353mm"}]},{"@type":"WebSite","@id":"https:\/\/www.melform.com\/fr\/#website","url":"https:\/\/www.melform.com\/fr\/","name":"MELFORM","description":"SISTEMI PER IL TRASPORTO E STOCCAGGIO A TEMPERATURA CONTROLLATA","potentialAction":[{"@type":"SearchAction","target":{"@type":"EntryPoint","urlTemplate":"https:\/\/www.melform.com\/fr\/?s={search_term_string}"},"query-input":{"@type":"PropertyValueSpecification","valueRequired":true,"valueName":"search_term_string"}}],"inLanguage":"fr-FR"}]}},"_links":{"self":[{"href":"https:\/\/www.melform.com\/fr\/wp-json\/wp\/v2\/product\/8349","targetHints":{"allow":["GET"]}}],"collection":[{"href":"https:\/\/www.melform.com\/fr\/wp-json\/wp\/v2\/product"}],"about":[{"href":"https:\/\/www.melform.com\/fr\/wp-json\/wp\/v2\/types\/product"}],"wp:featuredmedia":[{"embeddable":true,"href":"https:\/\/www.melform.com\/fr\/wp-json\/wp\/v2\/media\/6267"}],"wp:attachment":[{"href":"https:\/\/www.melform.com\/fr\/wp-json\/wp\/v2\/media?parent=8349"}],"wp:term":[{"taxonomy":"product_brand","embeddable":true,"href":"https:\/\/www.melform.com\/fr\/wp-json\/wp\/v2\/product_brand?post=8349"},{"taxonomy":"product_cat","embeddable":true,"href":"https:\/\/www.melform.com\/fr\/wp-json\/wp\/v2\/product_cat?post=8349"},{"taxonomy":"product_tag","embeddable":true,"href":"https:\/\/www.melform.com\/fr\/wp-json\/wp\/v2\/product_tag?post=8349"}],"curies":[{"name":"wp","href":"https:\/\/api.w.org\/{rel}","templated":true}]}}