{"id":8353,"date":"2022-10-07T17:09:42","date_gmt":"2022-10-07T15:09:42","guid":{"rendered":"https:\/\/www.melform.com\/product\/cella-di-condizionamento-rapido-per-piastre-eutettiche-rapid-cooler\/"},"modified":"2025-10-08T23:43:42","modified_gmt":"2025-10-08T21:43:42","slug":"cellule-de-conditionnement-rapide-pour-plaques-eutectiques-rapid-cooler","status":"publish","type":"product","link":"https:\/\/www.melform.com\/fr\/conteneurs-\/catalogue-de-produits\/plaques-eutectiques-logistique\/cellule-de-conditionnement-rapide-pour-plaques-eutectiques-rapid-cooler\/","title":{"rendered":"Cellule de Conditionnement Rapide pour Plaques Eutectiques"},"content":{"rendered":"<p data-start=\"1155\" data-end=\"1400\">Le <strong data-start=\"408\" data-end=\"424\">RAPID COOLER<\/strong> est une cellule de conditionnement rapide con\u00e7ue pour <strong data-start=\"479\" data-end=\"547\">congeler de mani\u00e8re compl\u00e8te et efficace les plaques eutectiques<\/strong>, en optimisant la consommation d\u2019\u00e9nergie et en garantissant des performances \u00e9lev\u00e9es.<br data-start=\"633\" data-end=\"636\" \/>Elle permet \u00e9galement une <strong data-start=\"662\" data-end=\"703\">manipulation et un stockage facilit\u00e9s<\/strong>, simplifiant ainsi la gestion op\u00e9rationnelle des plaques.<\/p>\r\n\r\n<ul data-start=\"1443\" data-end=\"1880\">\r\n \t<li data-start=\"1443\" data-end=\"1545\"><strong data-start=\"1445\" data-end=\"1478\">Syst\u00e8me \u00e0 faible consommation<\/strong>, minimisant l\u2019\u00e9nergie utilis\u00e9e lors du processus de cong\u00e9lation.<\/li>\r\n \t<li data-start=\"1546\" data-end=\"1649\"><strong data-start=\"1548\" data-end=\"1575\">Alimentation \u00e9lectrique<\/strong> : <strong data-start=\"1578\" data-end=\"1600\">230 V a.c. \u2013 50 Hz<\/strong>, pour une utilisation pratique et polyvalente.<\/li>\r\n \t<li data-start=\"1650\" data-end=\"1741\"><strong data-start=\"1652\" data-end=\"1703\">Fabriqu\u00e9 avec la technologie de moulage rotatif<\/strong>, assurant robustesse et durabilit\u00e9.<\/li>\r\n \t<li data-start=\"1742\" data-end=\"1880\"><strong data-start=\"1744\" data-end=\"1788\">R\u00e9gulation et contr\u00f4le de la temp\u00e9rature<\/strong> via un <strong data-start=\"1796\" data-end=\"1833\">thermostat num\u00e9rique programmable<\/strong>, pour un refroidissement pr\u00e9cis et efficace.<\/li>\r\n \t<li data-start=\"1742\" data-end=\"1880\"><strong style=\"font-family: inherit; font-size: inherit; font-style: inherit; font-variant-ligatures: inherit; font-variant-caps: inherit;\" data-start=\"1906\" data-end=\"1940\">Cong\u00e9lation rapide et efficace<\/strong><span style=\"font-family: inherit; font-size: inherit; font-style: inherit; font-variant-ligatures: inherit; font-variant-caps: inherit; font-weight: inherit;\"> des plaques eutectiques.<\/span><\/li>\r\n<\/ul>","protected":false},"excerpt":{"rendered":"Le RAPID COOLER est une cellule de conditionnement rapide con\u00e7ue pour congeler de mani\u00e8re compl\u00e8te et efficace les plaques eutectiques, en optimisant la consommation d\u2019\u00e9nergie et en garantissant des performances \u00e9lev\u00e9es.Elle permet \u00e9galement une manipulation et un stockage facilit\u00e9s, simplifiant ainsi la gestion op\u00e9rationnelle des plaques. Syst\u00e8me \u00e0 faible consommation, minimisant l\u2019\u00e9nergie utilis\u00e9e lors du [&hellip;]","protected":false},"featured_media":5537,"template":"","meta":{"_acf_changed":false,"_themeisle_gutenberg_block_has_review":false},"product_brand":[],"product_cat":[912,666,278,665],"product_tag":[],"class_list":{"0":"post-8353","1":"product","2":"type-product","3":"status-publish","4":"has-post-thumbnail","6":"product_cat-catalogue-de-produits","7":"product_cat-plaques-eutectiques-logistique","8":"product_cat-restauration","9":"product_cat-plaques-eutectiques","11":"first","12":"instock","13":"product-type-variable","14":"wvs-archive-product-wrapper"},"acf":[],"yoast_head":"<!-- This site is optimized with the Yoast SEO plugin v26.4 - https:\/\/yoast.com\/wordpress\/plugins\/seo\/ -->\n<title>Cellule de Conditionnement Rapide pour Plaques Eutectiques - MELFORM<\/title>\n<meta name=\"robots\" content=\"index, follow, max-snippet:-1, max-image-preview:large, max-video-preview:-1\" \/>\n<link rel=\"canonical\" href=\"https:\/\/www.melform.com\/fr\/conteneurs-\/catalogue-de-produits\/plaques-eutectiques-logistique\/cellule-de-conditionnement-rapide-pour-plaques-eutectiques-rapid-cooler\/\" \/>\n<meta property=\"og:locale\" content=\"fr_FR\" \/>\n<meta property=\"og:type\" content=\"article\" \/>\n<meta property=\"og:title\" content=\"Cellule de Conditionnement Rapide pour Plaques Eutectiques - MELFORM\" \/>\n<meta property=\"og:description\" content=\"Le RAPID COOLER est une cellule de conditionnement rapide con\u00e7ue pour congeler de mani\u00e8re compl\u00e8te et efficace les plaques eutectiques, en optimisant la consommation d\u2019\u00e9nergie et en garantissant des performances \u00e9lev\u00e9es.Elle permet \u00e9galement une manipulation et un stockage facilit\u00e9s, simplifiant ainsi la gestion op\u00e9rationnelle des plaques. Syst\u00e8me \u00e0 faible consommation, minimisant l\u2019\u00e9nergie utilis\u00e9e lors du [&hellip;]\" \/>\n<meta property=\"og:url\" content=\"https:\/\/www.melform.com\/fr\/conteneurs-\/catalogue-de-produits\/plaques-eutectiques-logistique\/cellule-de-conditionnement-rapide-pour-plaques-eutectiques-rapid-cooler\/\" \/>\n<meta property=\"og:site_name\" content=\"MELFORM\" \/>\n<meta property=\"article:modified_time\" content=\"2025-10-08T21:43:42+00:00\" \/>\n<meta property=\"og:image\" content=\"https:\/\/www.melform.com\/wp-content\/uploads\/2022\/10\/130190181301901613019017-2.jpg\" \/>\n\t<meta property=\"og:image:width\" content=\"1200\" \/>\n\t<meta property=\"og:image:height\" content=\"1200\" \/>\n\t<meta property=\"og:image:type\" content=\"image\/jpeg\" \/>\n<meta name=\"twitter:card\" content=\"summary_large_image\" \/>\n<script type=\"application\/ld+json\" class=\"yoast-schema-graph\">{\"@context\":\"https:\/\/schema.org\",\"@graph\":[{\"@type\":\"WebPage\",\"@id\":\"https:\/\/www.melform.com\/fr\/conteneurs-\/catalogue-de-produits\/plaques-eutectiques-logistique\/cellule-de-conditionnement-rapide-pour-plaques-eutectiques-rapid-cooler\/\",\"url\":\"https:\/\/www.melform.com\/fr\/conteneurs-\/catalogue-de-produits\/plaques-eutectiques-logistique\/cellule-de-conditionnement-rapide-pour-plaques-eutectiques-rapid-cooler\/\",\"name\":\"Cellule de Conditionnement Rapide pour Plaques Eutectiques - MELFORM\",\"isPartOf\":{\"@id\":\"https:\/\/www.melform.com\/fr\/#website\"},\"primaryImageOfPage\":{\"@id\":\"https:\/\/www.melform.com\/fr\/conteneurs-\/catalogue-de-produits\/plaques-eutectiques-logistique\/cellule-de-conditionnement-rapide-pour-plaques-eutectiques-rapid-cooler\/#primaryimage\"},\"image\":{\"@id\":\"https:\/\/www.melform.com\/fr\/conteneurs-\/catalogue-de-produits\/plaques-eutectiques-logistique\/cellule-de-conditionnement-rapide-pour-plaques-eutectiques-rapid-cooler\/#primaryimage\"},\"thumbnailUrl\":\"https:\/\/www.melform.com\/wp-content\/uploads\/2022\/10\/130190181301901613019017-2.jpg\",\"datePublished\":\"2022-10-07T15:09:42+00:00\",\"dateModified\":\"2025-10-08T21:43:42+00:00\",\"breadcrumb\":{\"@id\":\"https:\/\/www.melform.com\/fr\/conteneurs-\/catalogue-de-produits\/plaques-eutectiques-logistique\/cellule-de-conditionnement-rapide-pour-plaques-eutectiques-rapid-cooler\/#breadcrumb\"},\"inLanguage\":\"fr-FR\",\"potentialAction\":[{\"@type\":\"ReadAction\",\"target\":[\"https:\/\/www.melform.com\/fr\/conteneurs-\/catalogue-de-produits\/plaques-eutectiques-logistique\/cellule-de-conditionnement-rapide-pour-plaques-eutectiques-rapid-cooler\/\"]}]},{\"@type\":\"ImageObject\",\"inLanguage\":\"fr-FR\",\"@id\":\"https:\/\/www.melform.com\/fr\/conteneurs-\/catalogue-de-produits\/plaques-eutectiques-logistique\/cellule-de-conditionnement-rapide-pour-plaques-eutectiques-rapid-cooler\/#primaryimage\",\"url\":\"https:\/\/www.melform.com\/wp-content\/uploads\/2022\/10\/130190181301901613019017-2.jpg\",\"contentUrl\":\"https:\/\/www.melform.com\/wp-content\/uploads\/2022\/10\/130190181301901613019017-2.jpg\",\"width\":1200,\"height\":1200},{\"@type\":\"BreadcrumbList\",\"@id\":\"https:\/\/www.melform.com\/fr\/conteneurs-\/catalogue-de-produits\/plaques-eutectiques-logistique\/cellule-de-conditionnement-rapide-pour-plaques-eutectiques-rapid-cooler\/#breadcrumb\",\"itemListElement\":[{\"@type\":\"ListItem\",\"position\":1,\"name\":\"Home\",\"item\":\"https:\/\/www.melform.com\/fr\/\"},{\"@type\":\"ListItem\",\"position\":2,\"name\":\"Shop\",\"item\":\"https:\/\/www.melform.com\/fr\/shop\/\"},{\"@type\":\"ListItem\",\"position\":3,\"name\":\"Cellule de Conditionnement Rapide pour Plaques Eutectiques\"}]},{\"@type\":\"WebSite\",\"@id\":\"https:\/\/www.melform.com\/fr\/#website\",\"url\":\"https:\/\/www.melform.com\/fr\/\",\"name\":\"MELFORM\",\"description\":\"SISTEMI PER IL TRASPORTO E STOCCAGGIO A TEMPERATURA CONTROLLATA\",\"potentialAction\":[{\"@type\":\"SearchAction\",\"target\":{\"@type\":\"EntryPoint\",\"urlTemplate\":\"https:\/\/www.melform.com\/fr\/?s={search_term_string}\"},\"query-input\":{\"@type\":\"PropertyValueSpecification\",\"valueRequired\":true,\"valueName\":\"search_term_string\"}}],\"inLanguage\":\"fr-FR\"}]}<\/script>\n<!-- \/ Yoast SEO plugin. -->","yoast_head_json":{"title":"Cellule de Conditionnement Rapide pour Plaques Eutectiques - MELFORM","robots":{"index":"index","follow":"follow","max-snippet":"max-snippet:-1","max-image-preview":"max-image-preview:large","max-video-preview":"max-video-preview:-1"},"canonical":"https:\/\/www.melform.com\/fr\/conteneurs-\/catalogue-de-produits\/plaques-eutectiques-logistique\/cellule-de-conditionnement-rapide-pour-plaques-eutectiques-rapid-cooler\/","og_locale":"fr_FR","og_type":"article","og_title":"Cellule de Conditionnement Rapide pour Plaques Eutectiques - MELFORM","og_description":"Le RAPID COOLER est une cellule de conditionnement rapide con\u00e7ue pour congeler de mani\u00e8re compl\u00e8te et efficace les plaques eutectiques, en optimisant la consommation d\u2019\u00e9nergie et en garantissant des performances \u00e9lev\u00e9es.Elle permet \u00e9galement une manipulation et un stockage facilit\u00e9s, simplifiant ainsi la gestion op\u00e9rationnelle des plaques. Syst\u00e8me \u00e0 faible consommation, minimisant l\u2019\u00e9nergie utilis\u00e9e lors du [&hellip;]","og_url":"https:\/\/www.melform.com\/fr\/conteneurs-\/catalogue-de-produits\/plaques-eutectiques-logistique\/cellule-de-conditionnement-rapide-pour-plaques-eutectiques-rapid-cooler\/","og_site_name":"MELFORM","article_modified_time":"2025-10-08T21:43:42+00:00","og_image":[{"width":1200,"height":1200,"url":"https:\/\/www.melform.com\/wp-content\/uploads\/2022\/10\/130190181301901613019017-2.jpg","type":"image\/jpeg"}],"twitter_card":"summary_large_image","schema":{"@context":"https:\/\/schema.org","@graph":[{"@type":"WebPage","@id":"https:\/\/www.melform.com\/fr\/conteneurs-\/catalogue-de-produits\/plaques-eutectiques-logistique\/cellule-de-conditionnement-rapide-pour-plaques-eutectiques-rapid-cooler\/","url":"https:\/\/www.melform.com\/fr\/conteneurs-\/catalogue-de-produits\/plaques-eutectiques-logistique\/cellule-de-conditionnement-rapide-pour-plaques-eutectiques-rapid-cooler\/","name":"Cellule de Conditionnement Rapide pour Plaques Eutectiques - MELFORM","isPartOf":{"@id":"https:\/\/www.melform.com\/fr\/#website"},"primaryImageOfPage":{"@id":"https:\/\/www.melform.com\/fr\/conteneurs-\/catalogue-de-produits\/plaques-eutectiques-logistique\/cellule-de-conditionnement-rapide-pour-plaques-eutectiques-rapid-cooler\/#primaryimage"},"image":{"@id":"https:\/\/www.melform.com\/fr\/conteneurs-\/catalogue-de-produits\/plaques-eutectiques-logistique\/cellule-de-conditionnement-rapide-pour-plaques-eutectiques-rapid-cooler\/#primaryimage"},"thumbnailUrl":"https:\/\/www.melform.com\/wp-content\/uploads\/2022\/10\/130190181301901613019017-2.jpg","datePublished":"2022-10-07T15:09:42+00:00","dateModified":"2025-10-08T21:43:42+00:00","breadcrumb":{"@id":"https:\/\/www.melform.com\/fr\/conteneurs-\/catalogue-de-produits\/plaques-eutectiques-logistique\/cellule-de-conditionnement-rapide-pour-plaques-eutectiques-rapid-cooler\/#breadcrumb"},"inLanguage":"fr-FR","potentialAction":[{"@type":"ReadAction","target":["https:\/\/www.melform.com\/fr\/conteneurs-\/catalogue-de-produits\/plaques-eutectiques-logistique\/cellule-de-conditionnement-rapide-pour-plaques-eutectiques-rapid-cooler\/"]}]},{"@type":"ImageObject","inLanguage":"fr-FR","@id":"https:\/\/www.melform.com\/fr\/conteneurs-\/catalogue-de-produits\/plaques-eutectiques-logistique\/cellule-de-conditionnement-rapide-pour-plaques-eutectiques-rapid-cooler\/#primaryimage","url":"https:\/\/www.melform.com\/wp-content\/uploads\/2022\/10\/130190181301901613019017-2.jpg","contentUrl":"https:\/\/www.melform.com\/wp-content\/uploads\/2022\/10\/130190181301901613019017-2.jpg","width":1200,"height":1200},{"@type":"BreadcrumbList","@id":"https:\/\/www.melform.com\/fr\/conteneurs-\/catalogue-de-produits\/plaques-eutectiques-logistique\/cellule-de-conditionnement-rapide-pour-plaques-eutectiques-rapid-cooler\/#breadcrumb","itemListElement":[{"@type":"ListItem","position":1,"name":"Home","item":"https:\/\/www.melform.com\/fr\/"},{"@type":"ListItem","position":2,"name":"Shop","item":"https:\/\/www.melform.com\/fr\/shop\/"},{"@type":"ListItem","position":3,"name":"Cellule de Conditionnement Rapide pour Plaques Eutectiques"}]},{"@type":"WebSite","@id":"https:\/\/www.melform.com\/fr\/#website","url":"https:\/\/www.melform.com\/fr\/","name":"MELFORM","description":"SISTEMI PER IL TRASPORTO E STOCCAGGIO A TEMPERATURA CONTROLLATA","potentialAction":[{"@type":"SearchAction","target":{"@type":"EntryPoint","urlTemplate":"https:\/\/www.melform.com\/fr\/?s={search_term_string}"},"query-input":{"@type":"PropertyValueSpecification","valueRequired":true,"valueName":"search_term_string"}}],"inLanguage":"fr-FR"}]}},"_links":{"self":[{"href":"https:\/\/www.melform.com\/fr\/wp-json\/wp\/v2\/product\/8353","targetHints":{"allow":["GET"]}}],"collection":[{"href":"https:\/\/www.melform.com\/fr\/wp-json\/wp\/v2\/product"}],"about":[{"href":"https:\/\/www.melform.com\/fr\/wp-json\/wp\/v2\/types\/product"}],"wp:featuredmedia":[{"embeddable":true,"href":"https:\/\/www.melform.com\/fr\/wp-json\/wp\/v2\/media\/5537"}],"wp:attachment":[{"href":"https:\/\/www.melform.com\/fr\/wp-json\/wp\/v2\/media?parent=8353"}],"wp:term":[{"taxonomy":"product_brand","embeddable":true,"href":"https:\/\/www.melform.com\/fr\/wp-json\/wp\/v2\/product_brand?post=8353"},{"taxonomy":"product_cat","embeddable":true,"href":"https:\/\/www.melform.com\/fr\/wp-json\/wp\/v2\/product_cat?post=8353"},{"taxonomy":"product_tag","embeddable":true,"href":"https:\/\/www.melform.com\/fr\/wp-json\/wp\/v2\/product_tag?post=8353"}],"curies":[{"name":"wp","href":"https:\/\/api.w.org\/{rel}","templated":true}]}}