{"id":8358,"date":"2022-10-07T14:03:44","date_gmt":"2022-10-07T12:03:44","guid":{"rendered":"https:\/\/www.melform.com\/product\/contenitore-isotermico-per-liquidi-qc-5\/"},"modified":"2025-06-25T14:02:33","modified_gmt":"2025-06-25T12:02:33","slug":"distributeur-isotherme-de-boissons-qc-5","status":"publish","type":"product","link":"https:\/\/www.melform.com\/fr\/conteneurs-\/catalogue-de-produits\/conteneurs-isothermes-passifs\/thermax-fr\/distributeur-isotherme-de-boissons-qc-5\/","title":{"rendered":"Distributeur isotherme de boissons \u2013 QC5"},"content":{"rendered":"<p data-start=\"1237\" data-end=\"1556\">Le <strong data-start=\"1240\" data-end=\"1247\">QC5<\/strong> est un conteneur isotherme compact et fonctionnel, con\u00e7u pour le <strong data-start=\"1313\" data-end=\"1376\">transport et le service de boissons \u00e0 temp\u00e9rature contr\u00f4l\u00e9e<\/strong>. Avec une <strong data-start=\"1386\" data-end=\"1410\">capacit\u00e9 de 5 litres<\/strong>, il constitue la solution id\u00e9ale pour garantir une <strong data-start=\"1462\" data-end=\"1484\">praticit\u00e9 maximale<\/strong> dans tous les contextes, du <strong data-start=\"1513\" data-end=\"1525\">catering<\/strong> aux \u00e9v\u00e9nements en plein air.<\/p>\r\n\r\n<ul data-start=\"1599\" data-end=\"2301\">\r\n \t<li data-start=\"1599\" data-end=\"1708\"><strong data-start=\"1601\" data-end=\"1624\">Capacit\u00e9 optimale :<\/strong> 5 litres, parfait pour le transport et le service de boissons chaudes ou froides.<\/li>\r\n \t<li data-start=\"1709\" data-end=\"1909\"><strong data-start=\"1711\" data-end=\"1743\">Mat\u00e9riaux de haute qualit\u00e9 :<\/strong> fabriqu\u00e9 en <strong data-start=\"1756\" data-end=\"1780\">poly\u00e9thyl\u00e8ne robuste<\/strong>, avec une <strong data-start=\"1791\" data-end=\"1841\">isolation en mousse de polyur\u00e9thane \u00e9cologique<\/strong> sans CFC ni HCFC, garantissant un <strong data-start=\"1876\" data-end=\"1906\">maintien thermique optimal<\/strong>.<\/li>\r\n \t<li data-start=\"1910\" data-end=\"2035\"><strong data-start=\"1912\" data-end=\"1936\">Design ergonomique :<\/strong> structure compacte avec une <strong data-start=\"1965\" data-end=\"1979\">large base<\/strong>, assurant une stabilit\u00e9 accrue lors de l&#8217;utilisation.<\/li>\r\n \t<li data-start=\"2036\" data-end=\"2189\"><strong data-start=\"2038\" data-end=\"2068\">Facilit\u00e9 de distribution :<\/strong> \u00e9quip\u00e9 d\u2019un <strong data-start=\"2081\" data-end=\"2101\">robinet encastr\u00e9<\/strong>, con\u00e7u pour faciliter le service et r\u00e9duire le risque d\u2019\u00e9claboussures ou de dommages.<\/li>\r\n \t<li data-start=\"2190\" data-end=\"2301\"><strong data-start=\"2192\" data-end=\"2218\">Ouverture sup\u00e9rieure :<\/strong> permet un remplissage facile et rapide, simplifiant le nettoyage et l\u2019entretien.<\/li>\r\n<\/ul>","protected":false},"excerpt":{"rendered":"Le QC5 est un conteneur isotherme compact et fonctionnel, con\u00e7u pour le transport et le service de boissons \u00e0 temp\u00e9rature contr\u00f4l\u00e9e. Avec une capacit\u00e9 de 5 litres, il constitue la solution id\u00e9ale pour garantir une praticit\u00e9 maximale dans tous les contextes, du catering aux \u00e9v\u00e9nements en plein air. Capacit\u00e9 optimale : 5 litres, parfait pour [&hellip;]","protected":false},"featured_media":6060,"template":"","meta":{"_acf_changed":false,"_themeisle_gutenberg_block_has_review":false},"product_brand":[],"product_cat":[912,913,919,815,973],"product_tag":[],"class_list":{"0":"post-8358","1":"product","2":"type-product","3":"status-publish","4":"has-post-thumbnail","6":"product_cat-catalogue-de-produits","7":"product_cat-conteneurs-isothermes-passifs","8":"product_cat-thermax-fr","9":"product_cat-outlet-offres","10":"product_cat-conteneurs-isothermes-passifs-offres","11":"pa_linea-thermax-fr","12":"pa_moq-9-fr","14":"first","15":"instock","16":"product-type-variable","17":"wvs-archive-product-wrapper"},"acf":[],"yoast_head":"<!-- This site is optimized with the Yoast SEO plugin v26.4 - https:\/\/yoast.com\/wordpress\/plugins\/seo\/ -->\n<title>Distributeur isotherme de boissons \u2013 QC5 - MELFORM<\/title>\n<meta name=\"robots\" content=\"index, follow, max-snippet:-1, max-image-preview:large, max-video-preview:-1\" \/>\n<link rel=\"canonical\" href=\"https:\/\/www.melform.com\/fr\/conteneurs-\/catalogue-de-produits\/conteneurs-isothermes-passifs\/thermax-fr\/distributeur-isotherme-de-boissons-qc-5\/\" \/>\n<meta property=\"og:locale\" content=\"fr_FR\" \/>\n<meta property=\"og:type\" content=\"article\" \/>\n<meta property=\"og:title\" content=\"Distributeur isotherme de boissons \u2013 QC5 - MELFORM\" \/>\n<meta property=\"og:description\" content=\"Le QC5 est un conteneur isotherme compact et fonctionnel, con\u00e7u pour le transport et le service de boissons \u00e0 temp\u00e9rature contr\u00f4l\u00e9e. Avec une capacit\u00e9 de 5 litres, il constitue la solution id\u00e9ale pour garantir une praticit\u00e9 maximale dans tous les contextes, du catering aux \u00e9v\u00e9nements en plein air. Capacit\u00e9 optimale : 5 litres, parfait pour [&hellip;]\" \/>\n<meta property=\"og:url\" content=\"https:\/\/www.melform.com\/fr\/conteneurs-\/catalogue-de-produits\/conteneurs-isothermes-passifs\/thermax-fr\/distributeur-isotherme-de-boissons-qc-5\/\" \/>\n<meta property=\"og:site_name\" content=\"MELFORM\" \/>\n<meta property=\"article:modified_time\" content=\"2025-06-25T12:02:33+00:00\" \/>\n<meta property=\"og:image\" content=\"https:\/\/www.melform.com\/wp-content\/uploads\/2022\/10\/329-QC-5.jpg\" \/>\n\t<meta property=\"og:image:width\" content=\"1200\" \/>\n\t<meta property=\"og:image:height\" content=\"1200\" \/>\n\t<meta property=\"og:image:type\" content=\"image\/jpeg\" \/>\n<meta name=\"twitter:card\" content=\"summary_large_image\" \/>\n<script type=\"application\/ld+json\" class=\"yoast-schema-graph\">{\"@context\":\"https:\/\/schema.org\",\"@graph\":[{\"@type\":\"WebPage\",\"@id\":\"https:\/\/www.melform.com\/fr\/conteneurs-\/catalogue-de-produits\/conteneurs-isothermes-passifs\/thermax-fr\/distributeur-isotherme-de-boissons-qc-5\/\",\"url\":\"https:\/\/www.melform.com\/fr\/conteneurs-\/catalogue-de-produits\/conteneurs-isothermes-passifs\/thermax-fr\/distributeur-isotherme-de-boissons-qc-5\/\",\"name\":\"Distributeur isotherme de boissons \u2013 QC5 - MELFORM\",\"isPartOf\":{\"@id\":\"https:\/\/www.melform.com\/fr\/#website\"},\"primaryImageOfPage\":{\"@id\":\"https:\/\/www.melform.com\/fr\/conteneurs-\/catalogue-de-produits\/conteneurs-isothermes-passifs\/thermax-fr\/distributeur-isotherme-de-boissons-qc-5\/#primaryimage\"},\"image\":{\"@id\":\"https:\/\/www.melform.com\/fr\/conteneurs-\/catalogue-de-produits\/conteneurs-isothermes-passifs\/thermax-fr\/distributeur-isotherme-de-boissons-qc-5\/#primaryimage\"},\"thumbnailUrl\":\"https:\/\/www.melform.com\/wp-content\/uploads\/2022\/10\/329-QC-5.jpg\",\"datePublished\":\"2022-10-07T12:03:44+00:00\",\"dateModified\":\"2025-06-25T12:02:33+00:00\",\"breadcrumb\":{\"@id\":\"https:\/\/www.melform.com\/fr\/conteneurs-\/catalogue-de-produits\/conteneurs-isothermes-passifs\/thermax-fr\/distributeur-isotherme-de-boissons-qc-5\/#breadcrumb\"},\"inLanguage\":\"fr-FR\",\"potentialAction\":[{\"@type\":\"ReadAction\",\"target\":[\"https:\/\/www.melform.com\/fr\/conteneurs-\/catalogue-de-produits\/conteneurs-isothermes-passifs\/thermax-fr\/distributeur-isotherme-de-boissons-qc-5\/\"]}]},{\"@type\":\"ImageObject\",\"inLanguage\":\"fr-FR\",\"@id\":\"https:\/\/www.melform.com\/fr\/conteneurs-\/catalogue-de-produits\/conteneurs-isothermes-passifs\/thermax-fr\/distributeur-isotherme-de-boissons-qc-5\/#primaryimage\",\"url\":\"https:\/\/www.melform.com\/wp-content\/uploads\/2022\/10\/329-QC-5.jpg\",\"contentUrl\":\"https:\/\/www.melform.com\/wp-content\/uploads\/2022\/10\/329-QC-5.jpg\",\"width\":1200,\"height\":1200},{\"@type\":\"BreadcrumbList\",\"@id\":\"https:\/\/www.melform.com\/fr\/conteneurs-\/catalogue-de-produits\/conteneurs-isothermes-passifs\/thermax-fr\/distributeur-isotherme-de-boissons-qc-5\/#breadcrumb\",\"itemListElement\":[{\"@type\":\"ListItem\",\"position\":1,\"name\":\"Home\",\"item\":\"https:\/\/www.melform.com\/fr\/\"},{\"@type\":\"ListItem\",\"position\":2,\"name\":\"Shop\",\"item\":\"https:\/\/www.melform.com\/fr\/shop\/\"},{\"@type\":\"ListItem\",\"position\":3,\"name\":\"Distributeur isotherme de boissons \u2013 QC5\"}]},{\"@type\":\"WebSite\",\"@id\":\"https:\/\/www.melform.com\/fr\/#website\",\"url\":\"https:\/\/www.melform.com\/fr\/\",\"name\":\"MELFORM\",\"description\":\"SISTEMI PER IL TRASPORTO E STOCCAGGIO A TEMPERATURA CONTROLLATA\",\"potentialAction\":[{\"@type\":\"SearchAction\",\"target\":{\"@type\":\"EntryPoint\",\"urlTemplate\":\"https:\/\/www.melform.com\/fr\/?s={search_term_string}\"},\"query-input\":{\"@type\":\"PropertyValueSpecification\",\"valueRequired\":true,\"valueName\":\"search_term_string\"}}],\"inLanguage\":\"fr-FR\"}]}<\/script>\n<!-- \/ Yoast SEO plugin. -->","yoast_head_json":{"title":"Distributeur isotherme de boissons \u2013 QC5 - MELFORM","robots":{"index":"index","follow":"follow","max-snippet":"max-snippet:-1","max-image-preview":"max-image-preview:large","max-video-preview":"max-video-preview:-1"},"canonical":"https:\/\/www.melform.com\/fr\/conteneurs-\/catalogue-de-produits\/conteneurs-isothermes-passifs\/thermax-fr\/distributeur-isotherme-de-boissons-qc-5\/","og_locale":"fr_FR","og_type":"article","og_title":"Distributeur isotherme de boissons \u2013 QC5 - MELFORM","og_description":"Le QC5 est un conteneur isotherme compact et fonctionnel, con\u00e7u pour le transport et le service de boissons \u00e0 temp\u00e9rature contr\u00f4l\u00e9e. Avec une capacit\u00e9 de 5 litres, il constitue la solution id\u00e9ale pour garantir une praticit\u00e9 maximale dans tous les contextes, du catering aux \u00e9v\u00e9nements en plein air. Capacit\u00e9 optimale : 5 litres, parfait pour [&hellip;]","og_url":"https:\/\/www.melform.com\/fr\/conteneurs-\/catalogue-de-produits\/conteneurs-isothermes-passifs\/thermax-fr\/distributeur-isotherme-de-boissons-qc-5\/","og_site_name":"MELFORM","article_modified_time":"2025-06-25T12:02:33+00:00","og_image":[{"width":1200,"height":1200,"url":"https:\/\/www.melform.com\/wp-content\/uploads\/2022\/10\/329-QC-5.jpg","type":"image\/jpeg"}],"twitter_card":"summary_large_image","schema":{"@context":"https:\/\/schema.org","@graph":[{"@type":"WebPage","@id":"https:\/\/www.melform.com\/fr\/conteneurs-\/catalogue-de-produits\/conteneurs-isothermes-passifs\/thermax-fr\/distributeur-isotherme-de-boissons-qc-5\/","url":"https:\/\/www.melform.com\/fr\/conteneurs-\/catalogue-de-produits\/conteneurs-isothermes-passifs\/thermax-fr\/distributeur-isotherme-de-boissons-qc-5\/","name":"Distributeur isotherme de boissons \u2013 QC5 - MELFORM","isPartOf":{"@id":"https:\/\/www.melform.com\/fr\/#website"},"primaryImageOfPage":{"@id":"https:\/\/www.melform.com\/fr\/conteneurs-\/catalogue-de-produits\/conteneurs-isothermes-passifs\/thermax-fr\/distributeur-isotherme-de-boissons-qc-5\/#primaryimage"},"image":{"@id":"https:\/\/www.melform.com\/fr\/conteneurs-\/catalogue-de-produits\/conteneurs-isothermes-passifs\/thermax-fr\/distributeur-isotherme-de-boissons-qc-5\/#primaryimage"},"thumbnailUrl":"https:\/\/www.melform.com\/wp-content\/uploads\/2022\/10\/329-QC-5.jpg","datePublished":"2022-10-07T12:03:44+00:00","dateModified":"2025-06-25T12:02:33+00:00","breadcrumb":{"@id":"https:\/\/www.melform.com\/fr\/conteneurs-\/catalogue-de-produits\/conteneurs-isothermes-passifs\/thermax-fr\/distributeur-isotherme-de-boissons-qc-5\/#breadcrumb"},"inLanguage":"fr-FR","potentialAction":[{"@type":"ReadAction","target":["https:\/\/www.melform.com\/fr\/conteneurs-\/catalogue-de-produits\/conteneurs-isothermes-passifs\/thermax-fr\/distributeur-isotherme-de-boissons-qc-5\/"]}]},{"@type":"ImageObject","inLanguage":"fr-FR","@id":"https:\/\/www.melform.com\/fr\/conteneurs-\/catalogue-de-produits\/conteneurs-isothermes-passifs\/thermax-fr\/distributeur-isotherme-de-boissons-qc-5\/#primaryimage","url":"https:\/\/www.melform.com\/wp-content\/uploads\/2022\/10\/329-QC-5.jpg","contentUrl":"https:\/\/www.melform.com\/wp-content\/uploads\/2022\/10\/329-QC-5.jpg","width":1200,"height":1200},{"@type":"BreadcrumbList","@id":"https:\/\/www.melform.com\/fr\/conteneurs-\/catalogue-de-produits\/conteneurs-isothermes-passifs\/thermax-fr\/distributeur-isotherme-de-boissons-qc-5\/#breadcrumb","itemListElement":[{"@type":"ListItem","position":1,"name":"Home","item":"https:\/\/www.melform.com\/fr\/"},{"@type":"ListItem","position":2,"name":"Shop","item":"https:\/\/www.melform.com\/fr\/shop\/"},{"@type":"ListItem","position":3,"name":"Distributeur isotherme de boissons \u2013 QC5"}]},{"@type":"WebSite","@id":"https:\/\/www.melform.com\/fr\/#website","url":"https:\/\/www.melform.com\/fr\/","name":"MELFORM","description":"SISTEMI PER IL TRASPORTO E STOCCAGGIO A TEMPERATURA CONTROLLATA","potentialAction":[{"@type":"SearchAction","target":{"@type":"EntryPoint","urlTemplate":"https:\/\/www.melform.com\/fr\/?s={search_term_string}"},"query-input":{"@type":"PropertyValueSpecification","valueRequired":true,"valueName":"search_term_string"}}],"inLanguage":"fr-FR"}]}},"_links":{"self":[{"href":"https:\/\/www.melform.com\/fr\/wp-json\/wp\/v2\/product\/8358","targetHints":{"allow":["GET"]}}],"collection":[{"href":"https:\/\/www.melform.com\/fr\/wp-json\/wp\/v2\/product"}],"about":[{"href":"https:\/\/www.melform.com\/fr\/wp-json\/wp\/v2\/types\/product"}],"wp:featuredmedia":[{"embeddable":true,"href":"https:\/\/www.melform.com\/fr\/wp-json\/wp\/v2\/media\/6060"}],"wp:attachment":[{"href":"https:\/\/www.melform.com\/fr\/wp-json\/wp\/v2\/media?parent=8358"}],"wp:term":[{"taxonomy":"product_brand","embeddable":true,"href":"https:\/\/www.melform.com\/fr\/wp-json\/wp\/v2\/product_brand?post=8358"},{"taxonomy":"product_cat","embeddable":true,"href":"https:\/\/www.melform.com\/fr\/wp-json\/wp\/v2\/product_cat?post=8358"},{"taxonomy":"product_tag","embeddable":true,"href":"https:\/\/www.melform.com\/fr\/wp-json\/wp\/v2\/product_tag?post=8358"}],"curies":[{"name":"wp","href":"https:\/\/api.w.org\/{rel}","templated":true}]}}