{"id":8366,"date":"2022-10-07T14:04:11","date_gmt":"2022-10-07T12:04:11","guid":{"rendered":"https:\/\/www.melform.com\/product\/contenitore-isotermico-per-liquidi-qc-20\/"},"modified":"2025-02-14T11:51:15","modified_gmt":"2025-02-14T09:51:15","slug":"distributeur-isotherme-de-boissons-qc-20","status":"publish","type":"product","link":"https:\/\/www.melform.com\/fr\/conteneurs-\/catalogue-de-produits\/conteneurs-isothermes-passifs\/thermax-fr\/distributeur-isotherme-de-boissons-qc-20\/","title":{"rendered":"Distributeur isotherme de boissons \u2013 QC20"},"content":{"rendered":"<p data-start=\"1206\" data-end=\"1406\">Le <strong data-start=\"1209\" data-end=\"1237\">conteneur isotherme QC20<\/strong> est con\u00e7u pour le <strong data-start=\"1256\" data-end=\"1319\">transport et le service de liquides \u00e0 temp\u00e9rature contr\u00f4l\u00e9e.<\/strong><\/p>\r\n\r\n<ul data-start=\"1449\" data-end=\"2064\">\r\n \t<li data-start=\"1449\" data-end=\"1538\"><strong data-start=\"1451\" data-end=\"1463\">Capacit\u00e9<\/strong> : <strong data-start=\"1466\" data-end=\"1479\">19 litres<\/strong>, id\u00e9al pour le transport de boissons chaudes ou froides.<\/li>\r\n \t<li data-start=\"1539\" data-end=\"1611\"><strong data-start=\"1541\" data-end=\"1565\">Ouverture sup\u00e9rieure<\/strong>, facilitant le remplissage et le nettoyage.<\/li>\r\n \t<li data-start=\"1612\" data-end=\"1831\"><strong data-start=\"1649\" data-end=\"1688\">Structure en poly\u00e9thyl\u00e8ne r\u00e9sistant<\/strong>, adapt\u00e9e \u00e0 un usage intensif.<\/li>\r\n \t<li data-start=\"1612\" data-end=\"1831\"><strong data-start=\"1725\" data-end=\"1781\">Isolation en mousse de polyur\u00e9thane sans CFC ni HCFC<\/strong>, assurant <strong data-start=\"1792\" data-end=\"1828\">une performance thermique \u00e9lev\u00e9e<\/strong>.<\/li>\r\n \t<li data-start=\"1832\" data-end=\"1911\"><strong data-start=\"1834\" data-end=\"1856\">Design ergonomique<\/strong>, pour une utilisation plus pratique lors du service.<\/li>\r\n \t<li data-start=\"1912\" data-end=\"1978\"><strong data-start=\"1914\" data-end=\"1939\">Large base de support<\/strong>, garantissant stabilit\u00e9 et s\u00e9curit\u00e9.<\/li>\r\n \t<li data-start=\"1979\" data-end=\"2064\"><strong data-start=\"1981\" data-end=\"2001\">Robinet encastr\u00e9<\/strong>, r\u00e9duisant le risque de chocs et facilitant son utilisation.<\/li>\r\n \t<li data-start=\"1979\" data-end=\"2064\"><strong style=\"font-family: inherit; font-size: inherit; font-style: inherit; font-variant-ligatures: inherit; font-variant-caps: inherit;\" data-start=\"2296\" data-end=\"2334\">Facile \u00e0 transporter et \u00e0 utiliser<\/strong><span style=\"font-family: inherit; font-size: inherit; font-style: inherit; font-variant-ligatures: inherit; font-variant-caps: inherit; font-weight: inherit;\">, parfait pour les <\/span><strong style=\"font-family: inherit; font-size: inherit; font-style: inherit; font-variant-ligatures: inherit; font-variant-caps: inherit;\" data-start=\"2353\" data-end=\"2399\">\u00e9v\u00e9nements, le catering et la restauration<\/strong><span style=\"font-family: inherit; font-size: inherit; font-style: inherit; font-variant-ligatures: inherit; font-variant-caps: inherit; font-weight: inherit;\">.<\/span><\/li>\r\n<\/ul>","protected":false},"excerpt":{"rendered":"Le conteneur isotherme QC20 est con\u00e7u pour le transport et le service de liquides \u00e0 temp\u00e9rature contr\u00f4l\u00e9e. Capacit\u00e9 : 19 litres, id\u00e9al pour le transport de boissons chaudes ou froides. Ouverture sup\u00e9rieure, facilitant le remplissage et le nettoyage. Structure en poly\u00e9thyl\u00e8ne r\u00e9sistant, adapt\u00e9e \u00e0 un usage intensif. Isolation en mousse de polyur\u00e9thane sans CFC ni [&hellip;]","protected":false},"featured_media":6063,"template":"","meta":{"_acf_changed":false,"_themeisle_gutenberg_block_has_review":false},"product_brand":[],"product_cat":[912,913,919,815,973],"product_tag":[],"class_list":{"0":"post-8366","1":"product","2":"type-product","3":"status-publish","4":"has-post-thumbnail","6":"product_cat-catalogue-de-produits","7":"product_cat-conteneurs-isothermes-passifs","8":"product_cat-thermax-fr","9":"product_cat-outlet-offres","10":"product_cat-conteneurs-isothermes-passifs-offres","11":"pa_linea-thermax-fr","12":"pa_moq-6-fr","14":"first","15":"instock","16":"product-type-variable","17":"wvs-archive-product-wrapper"},"acf":[],"yoast_head":"<!-- This site is optimized with the Yoast SEO plugin v26.4 - https:\/\/yoast.com\/wordpress\/plugins\/seo\/ -->\n<title>Distributeur isotherme de boissons \u2013 QC20 - MELFORM<\/title>\n<meta name=\"robots\" content=\"index, follow, max-snippet:-1, max-image-preview:large, max-video-preview:-1\" \/>\n<link rel=\"canonical\" href=\"https:\/\/www.melform.com\/fr\/conteneurs-\/catalogue-de-produits\/conteneurs-isothermes-passifs\/thermax-fr\/distributeur-isotherme-de-boissons-qc-20\/\" \/>\n<meta property=\"og:locale\" content=\"fr_FR\" \/>\n<meta property=\"og:type\" content=\"article\" \/>\n<meta property=\"og:title\" content=\"Distributeur isotherme de boissons \u2013 QC20 - MELFORM\" \/>\n<meta property=\"og:description\" content=\"Le conteneur isotherme QC20 est con\u00e7u pour le transport et le service de liquides \u00e0 temp\u00e9rature contr\u00f4l\u00e9e. Capacit\u00e9 : 19 litres, id\u00e9al pour le transport de boissons chaudes ou froides. Ouverture sup\u00e9rieure, facilitant le remplissage et le nettoyage. Structure en poly\u00e9thyl\u00e8ne r\u00e9sistant, adapt\u00e9e \u00e0 un usage intensif. Isolation en mousse de polyur\u00e9thane sans CFC ni [&hellip;]\" \/>\n<meta property=\"og:url\" content=\"https:\/\/www.melform.com\/fr\/conteneurs-\/catalogue-de-produits\/conteneurs-isothermes-passifs\/thermax-fr\/distributeur-isotherme-de-boissons-qc-20\/\" \/>\n<meta property=\"og:site_name\" content=\"MELFORM\" \/>\n<meta property=\"article:modified_time\" content=\"2025-02-14T09:51:15+00:00\" \/>\n<meta property=\"og:image\" content=\"https:\/\/www.melform.com\/wp-content\/uploads\/2022\/10\/331-QC-20.jpg\" \/>\n\t<meta property=\"og:image:width\" content=\"1200\" \/>\n\t<meta property=\"og:image:height\" content=\"1200\" \/>\n\t<meta property=\"og:image:type\" content=\"image\/jpeg\" \/>\n<meta name=\"twitter:card\" content=\"summary_large_image\" \/>\n<script type=\"application\/ld+json\" class=\"yoast-schema-graph\">{\"@context\":\"https:\/\/schema.org\",\"@graph\":[{\"@type\":\"WebPage\",\"@id\":\"https:\/\/www.melform.com\/fr\/conteneurs-\/catalogue-de-produits\/conteneurs-isothermes-passifs\/thermax-fr\/distributeur-isotherme-de-boissons-qc-20\/\",\"url\":\"https:\/\/www.melform.com\/fr\/conteneurs-\/catalogue-de-produits\/conteneurs-isothermes-passifs\/thermax-fr\/distributeur-isotherme-de-boissons-qc-20\/\",\"name\":\"Distributeur isotherme de boissons \u2013 QC20 - MELFORM\",\"isPartOf\":{\"@id\":\"https:\/\/www.melform.com\/fr\/#website\"},\"primaryImageOfPage\":{\"@id\":\"https:\/\/www.melform.com\/fr\/conteneurs-\/catalogue-de-produits\/conteneurs-isothermes-passifs\/thermax-fr\/distributeur-isotherme-de-boissons-qc-20\/#primaryimage\"},\"image\":{\"@id\":\"https:\/\/www.melform.com\/fr\/conteneurs-\/catalogue-de-produits\/conteneurs-isothermes-passifs\/thermax-fr\/distributeur-isotherme-de-boissons-qc-20\/#primaryimage\"},\"thumbnailUrl\":\"https:\/\/www.melform.com\/wp-content\/uploads\/2022\/10\/331-QC-20.jpg\",\"datePublished\":\"2022-10-07T12:04:11+00:00\",\"dateModified\":\"2025-02-14T09:51:15+00:00\",\"breadcrumb\":{\"@id\":\"https:\/\/www.melform.com\/fr\/conteneurs-\/catalogue-de-produits\/conteneurs-isothermes-passifs\/thermax-fr\/distributeur-isotherme-de-boissons-qc-20\/#breadcrumb\"},\"inLanguage\":\"fr-FR\",\"potentialAction\":[{\"@type\":\"ReadAction\",\"target\":[\"https:\/\/www.melform.com\/fr\/conteneurs-\/catalogue-de-produits\/conteneurs-isothermes-passifs\/thermax-fr\/distributeur-isotherme-de-boissons-qc-20\/\"]}]},{\"@type\":\"ImageObject\",\"inLanguage\":\"fr-FR\",\"@id\":\"https:\/\/www.melform.com\/fr\/conteneurs-\/catalogue-de-produits\/conteneurs-isothermes-passifs\/thermax-fr\/distributeur-isotherme-de-boissons-qc-20\/#primaryimage\",\"url\":\"https:\/\/www.melform.com\/wp-content\/uploads\/2022\/10\/331-QC-20.jpg\",\"contentUrl\":\"https:\/\/www.melform.com\/wp-content\/uploads\/2022\/10\/331-QC-20.jpg\",\"width\":1200,\"height\":1200},{\"@type\":\"BreadcrumbList\",\"@id\":\"https:\/\/www.melform.com\/fr\/conteneurs-\/catalogue-de-produits\/conteneurs-isothermes-passifs\/thermax-fr\/distributeur-isotherme-de-boissons-qc-20\/#breadcrumb\",\"itemListElement\":[{\"@type\":\"ListItem\",\"position\":1,\"name\":\"Home\",\"item\":\"https:\/\/www.melform.com\/fr\/\"},{\"@type\":\"ListItem\",\"position\":2,\"name\":\"Shop\",\"item\":\"https:\/\/www.melform.com\/fr\/shop\/\"},{\"@type\":\"ListItem\",\"position\":3,\"name\":\"Distributeur isotherme de boissons \u2013 QC20\"}]},{\"@type\":\"WebSite\",\"@id\":\"https:\/\/www.melform.com\/fr\/#website\",\"url\":\"https:\/\/www.melform.com\/fr\/\",\"name\":\"MELFORM\",\"description\":\"SISTEMI PER IL TRASPORTO E STOCCAGGIO A TEMPERATURA CONTROLLATA\",\"potentialAction\":[{\"@type\":\"SearchAction\",\"target\":{\"@type\":\"EntryPoint\",\"urlTemplate\":\"https:\/\/www.melform.com\/fr\/?s={search_term_string}\"},\"query-input\":{\"@type\":\"PropertyValueSpecification\",\"valueRequired\":true,\"valueName\":\"search_term_string\"}}],\"inLanguage\":\"fr-FR\"}]}<\/script>\n<!-- \/ Yoast SEO plugin. -->","yoast_head_json":{"title":"Distributeur isotherme de boissons \u2013 QC20 - MELFORM","robots":{"index":"index","follow":"follow","max-snippet":"max-snippet:-1","max-image-preview":"max-image-preview:large","max-video-preview":"max-video-preview:-1"},"canonical":"https:\/\/www.melform.com\/fr\/conteneurs-\/catalogue-de-produits\/conteneurs-isothermes-passifs\/thermax-fr\/distributeur-isotherme-de-boissons-qc-20\/","og_locale":"fr_FR","og_type":"article","og_title":"Distributeur isotherme de boissons \u2013 QC20 - MELFORM","og_description":"Le conteneur isotherme QC20 est con\u00e7u pour le transport et le service de liquides \u00e0 temp\u00e9rature contr\u00f4l\u00e9e. Capacit\u00e9 : 19 litres, id\u00e9al pour le transport de boissons chaudes ou froides. Ouverture sup\u00e9rieure, facilitant le remplissage et le nettoyage. Structure en poly\u00e9thyl\u00e8ne r\u00e9sistant, adapt\u00e9e \u00e0 un usage intensif. Isolation en mousse de polyur\u00e9thane sans CFC ni [&hellip;]","og_url":"https:\/\/www.melform.com\/fr\/conteneurs-\/catalogue-de-produits\/conteneurs-isothermes-passifs\/thermax-fr\/distributeur-isotherme-de-boissons-qc-20\/","og_site_name":"MELFORM","article_modified_time":"2025-02-14T09:51:15+00:00","og_image":[{"width":1200,"height":1200,"url":"https:\/\/www.melform.com\/wp-content\/uploads\/2022\/10\/331-QC-20.jpg","type":"image\/jpeg"}],"twitter_card":"summary_large_image","schema":{"@context":"https:\/\/schema.org","@graph":[{"@type":"WebPage","@id":"https:\/\/www.melform.com\/fr\/conteneurs-\/catalogue-de-produits\/conteneurs-isothermes-passifs\/thermax-fr\/distributeur-isotherme-de-boissons-qc-20\/","url":"https:\/\/www.melform.com\/fr\/conteneurs-\/catalogue-de-produits\/conteneurs-isothermes-passifs\/thermax-fr\/distributeur-isotherme-de-boissons-qc-20\/","name":"Distributeur isotherme de boissons \u2013 QC20 - MELFORM","isPartOf":{"@id":"https:\/\/www.melform.com\/fr\/#website"},"primaryImageOfPage":{"@id":"https:\/\/www.melform.com\/fr\/conteneurs-\/catalogue-de-produits\/conteneurs-isothermes-passifs\/thermax-fr\/distributeur-isotherme-de-boissons-qc-20\/#primaryimage"},"image":{"@id":"https:\/\/www.melform.com\/fr\/conteneurs-\/catalogue-de-produits\/conteneurs-isothermes-passifs\/thermax-fr\/distributeur-isotherme-de-boissons-qc-20\/#primaryimage"},"thumbnailUrl":"https:\/\/www.melform.com\/wp-content\/uploads\/2022\/10\/331-QC-20.jpg","datePublished":"2022-10-07T12:04:11+00:00","dateModified":"2025-02-14T09:51:15+00:00","breadcrumb":{"@id":"https:\/\/www.melform.com\/fr\/conteneurs-\/catalogue-de-produits\/conteneurs-isothermes-passifs\/thermax-fr\/distributeur-isotherme-de-boissons-qc-20\/#breadcrumb"},"inLanguage":"fr-FR","potentialAction":[{"@type":"ReadAction","target":["https:\/\/www.melform.com\/fr\/conteneurs-\/catalogue-de-produits\/conteneurs-isothermes-passifs\/thermax-fr\/distributeur-isotherme-de-boissons-qc-20\/"]}]},{"@type":"ImageObject","inLanguage":"fr-FR","@id":"https:\/\/www.melform.com\/fr\/conteneurs-\/catalogue-de-produits\/conteneurs-isothermes-passifs\/thermax-fr\/distributeur-isotherme-de-boissons-qc-20\/#primaryimage","url":"https:\/\/www.melform.com\/wp-content\/uploads\/2022\/10\/331-QC-20.jpg","contentUrl":"https:\/\/www.melform.com\/wp-content\/uploads\/2022\/10\/331-QC-20.jpg","width":1200,"height":1200},{"@type":"BreadcrumbList","@id":"https:\/\/www.melform.com\/fr\/conteneurs-\/catalogue-de-produits\/conteneurs-isothermes-passifs\/thermax-fr\/distributeur-isotherme-de-boissons-qc-20\/#breadcrumb","itemListElement":[{"@type":"ListItem","position":1,"name":"Home","item":"https:\/\/www.melform.com\/fr\/"},{"@type":"ListItem","position":2,"name":"Shop","item":"https:\/\/www.melform.com\/fr\/shop\/"},{"@type":"ListItem","position":3,"name":"Distributeur isotherme de boissons \u2013 QC20"}]},{"@type":"WebSite","@id":"https:\/\/www.melform.com\/fr\/#website","url":"https:\/\/www.melform.com\/fr\/","name":"MELFORM","description":"SISTEMI PER IL TRASPORTO E STOCCAGGIO A TEMPERATURA CONTROLLATA","potentialAction":[{"@type":"SearchAction","target":{"@type":"EntryPoint","urlTemplate":"https:\/\/www.melform.com\/fr\/?s={search_term_string}"},"query-input":{"@type":"PropertyValueSpecification","valueRequired":true,"valueName":"search_term_string"}}],"inLanguage":"fr-FR"}]}},"_links":{"self":[{"href":"https:\/\/www.melform.com\/fr\/wp-json\/wp\/v2\/product\/8366","targetHints":{"allow":["GET"]}}],"collection":[{"href":"https:\/\/www.melform.com\/fr\/wp-json\/wp\/v2\/product"}],"about":[{"href":"https:\/\/www.melform.com\/fr\/wp-json\/wp\/v2\/types\/product"}],"wp:featuredmedia":[{"embeddable":true,"href":"https:\/\/www.melform.com\/fr\/wp-json\/wp\/v2\/media\/6063"}],"wp:attachment":[{"href":"https:\/\/www.melform.com\/fr\/wp-json\/wp\/v2\/media?parent=8366"}],"wp:term":[{"taxonomy":"product_brand","embeddable":true,"href":"https:\/\/www.melform.com\/fr\/wp-json\/wp\/v2\/product_brand?post=8366"},{"taxonomy":"product_cat","embeddable":true,"href":"https:\/\/www.melform.com\/fr\/wp-json\/wp\/v2\/product_cat?post=8366"},{"taxonomy":"product_tag","embeddable":true,"href":"https:\/\/www.melform.com\/fr\/wp-json\/wp\/v2\/product_tag?post=8366"}],"curies":[{"name":"wp","href":"https:\/\/api.w.org\/{rel}","templated":true}]}}