{"id":8370,"date":"2022-10-07T14:04:22","date_gmt":"2022-10-07T12:04:22","guid":{"rendered":"https:\/\/www.melform.com\/product\/contenitore-isotermico-per-liquidi-q-xtra\/"},"modified":"2025-02-14T18:24:16","modified_gmt":"2025-02-14T16:24:16","slug":"distributeur-isotherme-de-boissons-q-xtra","status":"publish","type":"product","link":"https:\/\/www.melform.com\/fr\/conteneurs-\/catalogue-de-produits\/conteneurs-isothermes-passifs\/thermax-fr\/distributeur-isotherme-de-boissons-q-xtra\/","title":{"rendered":"Distributeur isotherme de boissons \u2013 Q-XTRA"},"content":{"rendered":"<p class=\"x_MsoNormal\" data-olk-copy-source=\"MessageBody\">Le <strong>conteneur isotherme QXTRA<\/strong> est la solution id\u00e9ale pour le <strong>transport et le service de liquides \u00e0 temp\u00e9rature contr\u00f4l\u00e9e<\/strong><b>.<\/b><\/p>\r\n\r\n<ul type=\"disc\">\r\n \t<li class=\"x_MsoNormal\"><strong>Capacit\u00e9:<\/strong> 10 litres, parfait pour le transport de boissons chaudes ou froides.<\/li>\r\n \t<li class=\"x_MsoNormal\"><strong>Ouverture sup\u00e9rieure:<\/strong> Pour un remplissage et un nettoyage faciles et rapides.<\/li>\r\n \t<li class=\"x_MsoNormal\">Structure en <strong>poly\u00e9thyl\u00e8ne durable<\/strong>: Con\u00e7ue pour un usage intensif.<\/li>\r\n \t<li class=\"x_MsoNormal\"><strong>Isolation en mousse de polyur\u00e9thane<\/strong> sans CFC et HCFC: Pour assurer <strong>une isolation thermique \u00e9lev\u00e9e<\/strong>.<\/li>\r\n \t<li class=\"x_MsoNormal\"><strong>Design moderne et ergonomique<\/strong>: Con\u00e7u pour faciliter le service et la manutention.<\/li>\r\n \t<li class=\"x_MsoNormal\"><strong>Base sur\u00e9lev\u00e9e:<\/strong> Pour une plus grande stabilit\u00e9 et hygi\u00e8ne lors de l&#8217;utilisation.<\/li>\r\n \t<li class=\"x_MsoNormal\"><strong>Robinet int\u00e9gr\u00e9:<\/strong> R\u00e9duit le risque de chocs et facilite la distribution du liquide.<\/li>\r\n<\/ul>\r\n<p class=\"x_MsoNormal\" aria-hidden=\"true\"><\/p>","protected":false},"excerpt":{"rendered":"Le conteneur isotherme QXTRA est la solution id\u00e9ale pour le transport et le service de liquides \u00e0 temp\u00e9rature contr\u00f4l\u00e9e. Capacit\u00e9: 10 litres, parfait pour le transport de boissons chaudes ou froides. Ouverture sup\u00e9rieure: Pour un remplissage et un nettoyage faciles et rapides. Structure en poly\u00e9thyl\u00e8ne durable: Con\u00e7ue pour un usage intensif. Isolation en mousse de [&hellip;]","protected":false},"featured_media":19767,"template":"","meta":{"_acf_changed":false,"_themeisle_gutenberg_block_has_review":false},"product_brand":[],"product_cat":[912,913,919,815,973],"product_tag":[],"class_list":{"0":"post-8370","1":"product","2":"type-product","3":"status-publish","4":"has-post-thumbnail","6":"product_cat-catalogue-de-produits","7":"product_cat-conteneurs-isothermes-passifs","8":"product_cat-thermax-fr","9":"product_cat-outlet-offres","10":"product_cat-conteneurs-isothermes-passifs-offres","11":"pa_linea-thermax-fr","13":"first","14":"instock","15":"product-type-variable","16":"wvs-archive-product-wrapper"},"acf":[],"yoast_head":"<!-- This site is optimized with the Yoast SEO plugin v26.4 - https:\/\/yoast.com\/wordpress\/plugins\/seo\/ -->\n<title>Distributeur isotherme de boissons \u2013 Q-XTRA - MELFORM<\/title>\n<meta name=\"robots\" content=\"index, follow, max-snippet:-1, max-image-preview:large, max-video-preview:-1\" \/>\n<link rel=\"canonical\" href=\"https:\/\/www.melform.com\/fr\/conteneurs-\/catalogue-de-produits\/conteneurs-isothermes-passifs\/thermax-fr\/distributeur-isotherme-de-boissons-q-xtra\/\" \/>\n<meta property=\"og:locale\" content=\"fr_FR\" \/>\n<meta property=\"og:type\" content=\"article\" \/>\n<meta property=\"og:title\" content=\"Distributeur isotherme de boissons \u2013 Q-XTRA - MELFORM\" \/>\n<meta property=\"og:description\" content=\"Le conteneur isotherme QXTRA est la solution id\u00e9ale pour le transport et le service de liquides \u00e0 temp\u00e9rature contr\u00f4l\u00e9e. Capacit\u00e9: 10 litres, parfait pour le transport de boissons chaudes ou froides. Ouverture sup\u00e9rieure: Pour un remplissage et un nettoyage faciles et rapides. Structure en poly\u00e9thyl\u00e8ne durable: Con\u00e7ue pour un usage intensif. Isolation en mousse de [&hellip;]\" \/>\n<meta property=\"og:url\" content=\"https:\/\/www.melform.com\/fr\/conteneurs-\/catalogue-de-produits\/conteneurs-isothermes-passifs\/thermax-fr\/distributeur-isotherme-de-boissons-q-xtra\/\" \/>\n<meta property=\"og:site_name\" content=\"MELFORM\" \/>\n<meta property=\"article:modified_time\" content=\"2025-02-14T16:24:16+00:00\" \/>\n<meta property=\"og:image\" content=\"https:\/\/www.melform.com\/wp-content\/uploads\/2022\/10\/333-Q-Xtra.jpg\" \/>\n\t<meta property=\"og:image:width\" content=\"1200\" \/>\n\t<meta property=\"og:image:height\" content=\"1200\" \/>\n\t<meta property=\"og:image:type\" content=\"image\/jpeg\" \/>\n<meta name=\"twitter:card\" content=\"summary_large_image\" \/>\n<script type=\"application\/ld+json\" class=\"yoast-schema-graph\">{\"@context\":\"https:\/\/schema.org\",\"@graph\":[{\"@type\":\"WebPage\",\"@id\":\"https:\/\/www.melform.com\/fr\/conteneurs-\/catalogue-de-produits\/conteneurs-isothermes-passifs\/thermax-fr\/distributeur-isotherme-de-boissons-q-xtra\/\",\"url\":\"https:\/\/www.melform.com\/fr\/conteneurs-\/catalogue-de-produits\/conteneurs-isothermes-passifs\/thermax-fr\/distributeur-isotherme-de-boissons-q-xtra\/\",\"name\":\"Distributeur isotherme de boissons \u2013 Q-XTRA - MELFORM\",\"isPartOf\":{\"@id\":\"https:\/\/www.melform.com\/fr\/#website\"},\"primaryImageOfPage\":{\"@id\":\"https:\/\/www.melform.com\/fr\/conteneurs-\/catalogue-de-produits\/conteneurs-isothermes-passifs\/thermax-fr\/distributeur-isotherme-de-boissons-q-xtra\/#primaryimage\"},\"image\":{\"@id\":\"https:\/\/www.melform.com\/fr\/conteneurs-\/catalogue-de-produits\/conteneurs-isothermes-passifs\/thermax-fr\/distributeur-isotherme-de-boissons-q-xtra\/#primaryimage\"},\"thumbnailUrl\":\"https:\/\/www.melform.com\/wp-content\/uploads\/2025\/03\/QXTRA.jpg\",\"datePublished\":\"2022-10-07T12:04:22+00:00\",\"dateModified\":\"2025-02-14T16:24:16+00:00\",\"breadcrumb\":{\"@id\":\"https:\/\/www.melform.com\/fr\/conteneurs-\/catalogue-de-produits\/conteneurs-isothermes-passifs\/thermax-fr\/distributeur-isotherme-de-boissons-q-xtra\/#breadcrumb\"},\"inLanguage\":\"fr-FR\",\"potentialAction\":[{\"@type\":\"ReadAction\",\"target\":[\"https:\/\/www.melform.com\/fr\/conteneurs-\/catalogue-de-produits\/conteneurs-isothermes-passifs\/thermax-fr\/distributeur-isotherme-de-boissons-q-xtra\/\"]}]},{\"@type\":\"ImageObject\",\"inLanguage\":\"fr-FR\",\"@id\":\"https:\/\/www.melform.com\/fr\/conteneurs-\/catalogue-de-produits\/conteneurs-isothermes-passifs\/thermax-fr\/distributeur-isotherme-de-boissons-q-xtra\/#primaryimage\",\"url\":\"https:\/\/www.melform.com\/wp-content\/uploads\/2025\/03\/QXTRA.jpg\",\"contentUrl\":\"https:\/\/www.melform.com\/wp-content\/uploads\/2025\/03\/QXTRA.jpg\",\"width\":8256,\"height\":5504},{\"@type\":\"BreadcrumbList\",\"@id\":\"https:\/\/www.melform.com\/fr\/conteneurs-\/catalogue-de-produits\/conteneurs-isothermes-passifs\/thermax-fr\/distributeur-isotherme-de-boissons-q-xtra\/#breadcrumb\",\"itemListElement\":[{\"@type\":\"ListItem\",\"position\":1,\"name\":\"Home\",\"item\":\"https:\/\/www.melform.com\/fr\/\"},{\"@type\":\"ListItem\",\"position\":2,\"name\":\"Shop\",\"item\":\"https:\/\/www.melform.com\/fr\/shop\/\"},{\"@type\":\"ListItem\",\"position\":3,\"name\":\"Distributeur isotherme de boissons \u2013 Q-XTRA\"}]},{\"@type\":\"WebSite\",\"@id\":\"https:\/\/www.melform.com\/fr\/#website\",\"url\":\"https:\/\/www.melform.com\/fr\/\",\"name\":\"MELFORM\",\"description\":\"SISTEMI PER IL TRASPORTO E STOCCAGGIO A TEMPERATURA CONTROLLATA\",\"potentialAction\":[{\"@type\":\"SearchAction\",\"target\":{\"@type\":\"EntryPoint\",\"urlTemplate\":\"https:\/\/www.melform.com\/fr\/?s={search_term_string}\"},\"query-input\":{\"@type\":\"PropertyValueSpecification\",\"valueRequired\":true,\"valueName\":\"search_term_string\"}}],\"inLanguage\":\"fr-FR\"}]}<\/script>\n<!-- \/ Yoast SEO plugin. -->","yoast_head_json":{"title":"Distributeur isotherme de boissons \u2013 Q-XTRA - MELFORM","robots":{"index":"index","follow":"follow","max-snippet":"max-snippet:-1","max-image-preview":"max-image-preview:large","max-video-preview":"max-video-preview:-1"},"canonical":"https:\/\/www.melform.com\/fr\/conteneurs-\/catalogue-de-produits\/conteneurs-isothermes-passifs\/thermax-fr\/distributeur-isotherme-de-boissons-q-xtra\/","og_locale":"fr_FR","og_type":"article","og_title":"Distributeur isotherme de boissons \u2013 Q-XTRA - MELFORM","og_description":"Le conteneur isotherme QXTRA est la solution id\u00e9ale pour le transport et le service de liquides \u00e0 temp\u00e9rature contr\u00f4l\u00e9e. Capacit\u00e9: 10 litres, parfait pour le transport de boissons chaudes ou froides. Ouverture sup\u00e9rieure: Pour un remplissage et un nettoyage faciles et rapides. Structure en poly\u00e9thyl\u00e8ne durable: Con\u00e7ue pour un usage intensif. Isolation en mousse de [&hellip;]","og_url":"https:\/\/www.melform.com\/fr\/conteneurs-\/catalogue-de-produits\/conteneurs-isothermes-passifs\/thermax-fr\/distributeur-isotherme-de-boissons-q-xtra\/","og_site_name":"MELFORM","article_modified_time":"2025-02-14T16:24:16+00:00","og_image":[{"width":1200,"height":1200,"url":"https:\/\/www.melform.com\/wp-content\/uploads\/2022\/10\/333-Q-Xtra.jpg","type":"image\/jpeg"}],"twitter_card":"summary_large_image","schema":{"@context":"https:\/\/schema.org","@graph":[{"@type":"WebPage","@id":"https:\/\/www.melform.com\/fr\/conteneurs-\/catalogue-de-produits\/conteneurs-isothermes-passifs\/thermax-fr\/distributeur-isotherme-de-boissons-q-xtra\/","url":"https:\/\/www.melform.com\/fr\/conteneurs-\/catalogue-de-produits\/conteneurs-isothermes-passifs\/thermax-fr\/distributeur-isotherme-de-boissons-q-xtra\/","name":"Distributeur isotherme de boissons \u2013 Q-XTRA - MELFORM","isPartOf":{"@id":"https:\/\/www.melform.com\/fr\/#website"},"primaryImageOfPage":{"@id":"https:\/\/www.melform.com\/fr\/conteneurs-\/catalogue-de-produits\/conteneurs-isothermes-passifs\/thermax-fr\/distributeur-isotherme-de-boissons-q-xtra\/#primaryimage"},"image":{"@id":"https:\/\/www.melform.com\/fr\/conteneurs-\/catalogue-de-produits\/conteneurs-isothermes-passifs\/thermax-fr\/distributeur-isotherme-de-boissons-q-xtra\/#primaryimage"},"thumbnailUrl":"https:\/\/www.melform.com\/wp-content\/uploads\/2025\/03\/QXTRA.jpg","datePublished":"2022-10-07T12:04:22+00:00","dateModified":"2025-02-14T16:24:16+00:00","breadcrumb":{"@id":"https:\/\/www.melform.com\/fr\/conteneurs-\/catalogue-de-produits\/conteneurs-isothermes-passifs\/thermax-fr\/distributeur-isotherme-de-boissons-q-xtra\/#breadcrumb"},"inLanguage":"fr-FR","potentialAction":[{"@type":"ReadAction","target":["https:\/\/www.melform.com\/fr\/conteneurs-\/catalogue-de-produits\/conteneurs-isothermes-passifs\/thermax-fr\/distributeur-isotherme-de-boissons-q-xtra\/"]}]},{"@type":"ImageObject","inLanguage":"fr-FR","@id":"https:\/\/www.melform.com\/fr\/conteneurs-\/catalogue-de-produits\/conteneurs-isothermes-passifs\/thermax-fr\/distributeur-isotherme-de-boissons-q-xtra\/#primaryimage","url":"https:\/\/www.melform.com\/wp-content\/uploads\/2025\/03\/QXTRA.jpg","contentUrl":"https:\/\/www.melform.com\/wp-content\/uploads\/2025\/03\/QXTRA.jpg","width":8256,"height":5504},{"@type":"BreadcrumbList","@id":"https:\/\/www.melform.com\/fr\/conteneurs-\/catalogue-de-produits\/conteneurs-isothermes-passifs\/thermax-fr\/distributeur-isotherme-de-boissons-q-xtra\/#breadcrumb","itemListElement":[{"@type":"ListItem","position":1,"name":"Home","item":"https:\/\/www.melform.com\/fr\/"},{"@type":"ListItem","position":2,"name":"Shop","item":"https:\/\/www.melform.com\/fr\/shop\/"},{"@type":"ListItem","position":3,"name":"Distributeur isotherme de boissons \u2013 Q-XTRA"}]},{"@type":"WebSite","@id":"https:\/\/www.melform.com\/fr\/#website","url":"https:\/\/www.melform.com\/fr\/","name":"MELFORM","description":"SISTEMI PER IL TRASPORTO E STOCCAGGIO A TEMPERATURA CONTROLLATA","potentialAction":[{"@type":"SearchAction","target":{"@type":"EntryPoint","urlTemplate":"https:\/\/www.melform.com\/fr\/?s={search_term_string}"},"query-input":{"@type":"PropertyValueSpecification","valueRequired":true,"valueName":"search_term_string"}}],"inLanguage":"fr-FR"}]}},"_links":{"self":[{"href":"https:\/\/www.melform.com\/fr\/wp-json\/wp\/v2\/product\/8370","targetHints":{"allow":["GET"]}}],"collection":[{"href":"https:\/\/www.melform.com\/fr\/wp-json\/wp\/v2\/product"}],"about":[{"href":"https:\/\/www.melform.com\/fr\/wp-json\/wp\/v2\/types\/product"}],"wp:featuredmedia":[{"embeddable":true,"href":"https:\/\/www.melform.com\/fr\/wp-json\/wp\/v2\/media\/19767"}],"wp:attachment":[{"href":"https:\/\/www.melform.com\/fr\/wp-json\/wp\/v2\/media?parent=8370"}],"wp:term":[{"taxonomy":"product_brand","embeddable":true,"href":"https:\/\/www.melform.com\/fr\/wp-json\/wp\/v2\/product_brand?post=8370"},{"taxonomy":"product_cat","embeddable":true,"href":"https:\/\/www.melform.com\/fr\/wp-json\/wp\/v2\/product_cat?post=8370"},{"taxonomy":"product_tag","embeddable":true,"href":"https:\/\/www.melform.com\/fr\/wp-json\/wp\/v2\/product_tag?post=8370"}],"curies":[{"name":"wp","href":"https:\/\/api.w.org\/{rel}","templated":true}]}}