{"id":8371,"date":"2022-10-07T14:04:24","date_gmt":"2022-10-07T12:04:24","guid":{"rendered":"https:\/\/www.melform.com\/product\/contenitore-isotermico-per-liquidi-qc-25\/"},"modified":"2025-03-11T16:19:19","modified_gmt":"2025-03-11T14:19:19","slug":"distributeur-isotherme-de-boissons-qc-25","status":"publish","type":"product","link":"https:\/\/www.melform.com\/fr\/conteneurs-\/catalogue-de-produits\/conteneurs-isothermes-passifs\/thermax-fr\/distributeur-isotherme-de-boissons-qc-25\/","title":{"rendered":"Distributeur isotherme de boissons \u2013 QC25"},"content":{"rendered":"<p data-start=\"1502\" data-end=\"1736\">Le conteneur isotherme <strong>QC25<\/strong> est une solution avanc\u00e9e pour le transport et la distribution de liquides \u00e0 temp\u00e9rature contr\u00f4l\u00e9e. Il est particuli\u00e8rement <strong>adapt\u00e9 aux environnements militaires et gouvernementaux,<\/strong> garantissant une conservation optimale des liquides, m\u00eame dans des conditions extr\u00eames.<\/p>\r\n\r\n<ul data-start=\"1779\" data-end=\"2401\">\r\n \t<li data-start=\"1779\" data-end=\"1868\"><strong data-start=\"1781\" data-end=\"1793\">Capacit\u00e9<\/strong> : <strong data-start=\"1796\" data-end=\"1809\">25 litres<\/strong>, id\u00e9al pour le transport de boissons chaudes ou froides.<\/li>\r\n \t<li data-start=\"1869\" data-end=\"1941\"><strong data-start=\"1871\" data-end=\"1895\">Ouverture sup\u00e9rieure<\/strong>, facilitant le remplissage et le nettoyage.<\/li>\r\n \t<li data-start=\"1942\" data-end=\"2173\"><strong data-start=\"1979\" data-end=\"2024\">Structure en poly\u00e9thyl\u00e8ne ultra-r\u00e9sistant<\/strong>, con\u00e7ue pour un usage intensif.<\/li>\r\n \t<li data-start=\"1942\" data-end=\"2173\"><strong data-start=\"2063\" data-end=\"2119\">Isolation en mousse de polyur\u00e9thane sans CFC ni HCFC<\/strong>, garantissant <strong data-start=\"2134\" data-end=\"2170\">une performance thermique \u00e9lev\u00e9e<\/strong>.<\/li>\r\n \t<li data-start=\"2174\" data-end=\"2261\"><strong data-start=\"2176\" data-end=\"2196\">Robinet encastr\u00e9<\/strong>, offrant une meilleure protection et une utilisation pratique.<\/li>\r\n \t<li data-start=\"2262\" data-end=\"2401\"><strong data-start=\"2264\" data-end=\"2294\">Trois poign\u00e9es ergonomiques<\/strong>, permettant un <strong data-start=\"2310\" data-end=\"2360\">transport en position horizontale ou verticale<\/strong>, offrant ainsi une grande polyvalence.<\/li>\r\n \t<li data-start=\"2262\" data-end=\"2401\"><strong style=\"font-family: inherit; font-size: inherit; font-style: inherit; font-variant-ligatures: inherit; font-variant-caps: inherit;\" data-start=\"2600\" data-end=\"2647\">Structure extr\u00eamement robuste et r\u00e9sistante<\/strong><span style=\"font-family: inherit; font-size: inherit; font-style: inherit; font-variant-ligatures: inherit; font-variant-caps: inherit; font-weight: inherit;\">, adapt\u00e9e \u00e0 un usage intensif et professionnel.<\/span><\/li>\r\n<\/ul>\r\n<p data-start=\"2789\" data-end=\"3000\" data-is-last-node=\"\"><\/p>","protected":false},"excerpt":{"rendered":"Le conteneur isotherme QC25 est une solution avanc\u00e9e pour le transport et la distribution de liquides \u00e0 temp\u00e9rature contr\u00f4l\u00e9e. Il est particuli\u00e8rement adapt\u00e9 aux environnements militaires et gouvernementaux, garantissant une conservation optimale des liquides, m\u00eame dans des conditions extr\u00eames. Capacit\u00e9 : 25 litres, id\u00e9al pour le transport de boissons chaudes ou froides. Ouverture sup\u00e9rieure, facilitant [&hellip;]","protected":false},"featured_media":6070,"template":"","meta":{"_acf_changed":false,"_themeisle_gutenberg_block_has_review":false},"product_brand":[],"product_cat":[912,913,919,815,973],"product_tag":[],"class_list":{"0":"post-8371","1":"product","2":"type-product","3":"status-publish","4":"has-post-thumbnail","6":"product_cat-catalogue-de-produits","7":"product_cat-conteneurs-isothermes-passifs","8":"product_cat-thermax-fr","9":"product_cat-outlet-offres","10":"product_cat-conteneurs-isothermes-passifs-offres","11":"pa_linea-thermax-fr","12":"pa_moq-4-fr","14":"first","15":"instock","16":"product-type-variable","17":"wvs-archive-product-wrapper"},"acf":[],"yoast_head":"<!-- This site is optimized with the Yoast SEO plugin v26.4 - https:\/\/yoast.com\/wordpress\/plugins\/seo\/ -->\n<title>Distributeur isotherme de boissons \u2013 QC25 - MELFORM<\/title>\n<meta name=\"robots\" content=\"index, follow, max-snippet:-1, max-image-preview:large, max-video-preview:-1\" \/>\n<link rel=\"canonical\" href=\"https:\/\/www.melform.com\/fr\/conteneurs-\/catalogue-de-produits\/conteneurs-isothermes-passifs\/thermax-fr\/distributeur-isotherme-de-boissons-qc-25\/\" \/>\n<meta property=\"og:locale\" content=\"fr_FR\" \/>\n<meta property=\"og:type\" content=\"article\" \/>\n<meta property=\"og:title\" content=\"Distributeur isotherme de boissons \u2013 QC25 - MELFORM\" \/>\n<meta property=\"og:description\" content=\"Le conteneur isotherme QC25 est une solution avanc\u00e9e pour le transport et la distribution de liquides \u00e0 temp\u00e9rature contr\u00f4l\u00e9e. Il est particuli\u00e8rement adapt\u00e9 aux environnements militaires et gouvernementaux, garantissant une conservation optimale des liquides, m\u00eame dans des conditions extr\u00eames. Capacit\u00e9 : 25 litres, id\u00e9al pour le transport de boissons chaudes ou froides. Ouverture sup\u00e9rieure, facilitant [&hellip;]\" \/>\n<meta property=\"og:url\" content=\"https:\/\/www.melform.com\/fr\/conteneurs-\/catalogue-de-produits\/conteneurs-isothermes-passifs\/thermax-fr\/distributeur-isotherme-de-boissons-qc-25\/\" \/>\n<meta property=\"og:site_name\" content=\"MELFORM\" \/>\n<meta property=\"article:modified_time\" content=\"2025-03-11T14:19:19+00:00\" \/>\n<meta property=\"og:image\" content=\"https:\/\/www.melform.com\/wp-content\/uploads\/2022\/10\/QC_25_MILITARY_GREEN_FR_LR.jpg\" \/>\n\t<meta property=\"og:image:width\" content=\"1200\" \/>\n\t<meta property=\"og:image:height\" content=\"1200\" \/>\n\t<meta property=\"og:image:type\" content=\"image\/jpeg\" \/>\n<meta name=\"twitter:card\" content=\"summary_large_image\" \/>\n<script type=\"application\/ld+json\" class=\"yoast-schema-graph\">{\"@context\":\"https:\/\/schema.org\",\"@graph\":[{\"@type\":\"WebPage\",\"@id\":\"https:\/\/www.melform.com\/fr\/conteneurs-\/catalogue-de-produits\/conteneurs-isothermes-passifs\/thermax-fr\/distributeur-isotherme-de-boissons-qc-25\/\",\"url\":\"https:\/\/www.melform.com\/fr\/conteneurs-\/catalogue-de-produits\/conteneurs-isothermes-passifs\/thermax-fr\/distributeur-isotherme-de-boissons-qc-25\/\",\"name\":\"Distributeur isotherme de boissons \u2013 QC25 - MELFORM\",\"isPartOf\":{\"@id\":\"https:\/\/www.melform.com\/fr\/#website\"},\"primaryImageOfPage\":{\"@id\":\"https:\/\/www.melform.com\/fr\/conteneurs-\/catalogue-de-produits\/conteneurs-isothermes-passifs\/thermax-fr\/distributeur-isotherme-de-boissons-qc-25\/#primaryimage\"},\"image\":{\"@id\":\"https:\/\/www.melform.com\/fr\/conteneurs-\/catalogue-de-produits\/conteneurs-isothermes-passifs\/thermax-fr\/distributeur-isotherme-de-boissons-qc-25\/#primaryimage\"},\"thumbnailUrl\":\"https:\/\/www.melform.com\/wp-content\/uploads\/2022\/10\/QC_25_MILITARY_GREEN_FR_LR.jpg\",\"datePublished\":\"2022-10-07T12:04:24+00:00\",\"dateModified\":\"2025-03-11T14:19:19+00:00\",\"breadcrumb\":{\"@id\":\"https:\/\/www.melform.com\/fr\/conteneurs-\/catalogue-de-produits\/conteneurs-isothermes-passifs\/thermax-fr\/distributeur-isotherme-de-boissons-qc-25\/#breadcrumb\"},\"inLanguage\":\"fr-FR\",\"potentialAction\":[{\"@type\":\"ReadAction\",\"target\":[\"https:\/\/www.melform.com\/fr\/conteneurs-\/catalogue-de-produits\/conteneurs-isothermes-passifs\/thermax-fr\/distributeur-isotherme-de-boissons-qc-25\/\"]}]},{\"@type\":\"ImageObject\",\"inLanguage\":\"fr-FR\",\"@id\":\"https:\/\/www.melform.com\/fr\/conteneurs-\/catalogue-de-produits\/conteneurs-isothermes-passifs\/thermax-fr\/distributeur-isotherme-de-boissons-qc-25\/#primaryimage\",\"url\":\"https:\/\/www.melform.com\/wp-content\/uploads\/2022\/10\/QC_25_MILITARY_GREEN_FR_LR.jpg\",\"contentUrl\":\"https:\/\/www.melform.com\/wp-content\/uploads\/2022\/10\/QC_25_MILITARY_GREEN_FR_LR.jpg\",\"width\":1200,\"height\":1200},{\"@type\":\"BreadcrumbList\",\"@id\":\"https:\/\/www.melform.com\/fr\/conteneurs-\/catalogue-de-produits\/conteneurs-isothermes-passifs\/thermax-fr\/distributeur-isotherme-de-boissons-qc-25\/#breadcrumb\",\"itemListElement\":[{\"@type\":\"ListItem\",\"position\":1,\"name\":\"Home\",\"item\":\"https:\/\/www.melform.com\/fr\/\"},{\"@type\":\"ListItem\",\"position\":2,\"name\":\"Shop\",\"item\":\"https:\/\/www.melform.com\/fr\/shop\/\"},{\"@type\":\"ListItem\",\"position\":3,\"name\":\"Distributeur isotherme de boissons \u2013 QC25\"}]},{\"@type\":\"WebSite\",\"@id\":\"https:\/\/www.melform.com\/fr\/#website\",\"url\":\"https:\/\/www.melform.com\/fr\/\",\"name\":\"MELFORM\",\"description\":\"SISTEMI PER IL TRASPORTO E STOCCAGGIO A TEMPERATURA CONTROLLATA\",\"potentialAction\":[{\"@type\":\"SearchAction\",\"target\":{\"@type\":\"EntryPoint\",\"urlTemplate\":\"https:\/\/www.melform.com\/fr\/?s={search_term_string}\"},\"query-input\":{\"@type\":\"PropertyValueSpecification\",\"valueRequired\":true,\"valueName\":\"search_term_string\"}}],\"inLanguage\":\"fr-FR\"}]}<\/script>\n<!-- \/ Yoast SEO plugin. -->","yoast_head_json":{"title":"Distributeur isotherme de boissons \u2013 QC25 - MELFORM","robots":{"index":"index","follow":"follow","max-snippet":"max-snippet:-1","max-image-preview":"max-image-preview:large","max-video-preview":"max-video-preview:-1"},"canonical":"https:\/\/www.melform.com\/fr\/conteneurs-\/catalogue-de-produits\/conteneurs-isothermes-passifs\/thermax-fr\/distributeur-isotherme-de-boissons-qc-25\/","og_locale":"fr_FR","og_type":"article","og_title":"Distributeur isotherme de boissons \u2013 QC25 - MELFORM","og_description":"Le conteneur isotherme QC25 est une solution avanc\u00e9e pour le transport et la distribution de liquides \u00e0 temp\u00e9rature contr\u00f4l\u00e9e. Il est particuli\u00e8rement adapt\u00e9 aux environnements militaires et gouvernementaux, garantissant une conservation optimale des liquides, m\u00eame dans des conditions extr\u00eames. Capacit\u00e9 : 25 litres, id\u00e9al pour le transport de boissons chaudes ou froides. Ouverture sup\u00e9rieure, facilitant [&hellip;]","og_url":"https:\/\/www.melform.com\/fr\/conteneurs-\/catalogue-de-produits\/conteneurs-isothermes-passifs\/thermax-fr\/distributeur-isotherme-de-boissons-qc-25\/","og_site_name":"MELFORM","article_modified_time":"2025-03-11T14:19:19+00:00","og_image":[{"width":1200,"height":1200,"url":"https:\/\/www.melform.com\/wp-content\/uploads\/2022\/10\/QC_25_MILITARY_GREEN_FR_LR.jpg","type":"image\/jpeg"}],"twitter_card":"summary_large_image","schema":{"@context":"https:\/\/schema.org","@graph":[{"@type":"WebPage","@id":"https:\/\/www.melform.com\/fr\/conteneurs-\/catalogue-de-produits\/conteneurs-isothermes-passifs\/thermax-fr\/distributeur-isotherme-de-boissons-qc-25\/","url":"https:\/\/www.melform.com\/fr\/conteneurs-\/catalogue-de-produits\/conteneurs-isothermes-passifs\/thermax-fr\/distributeur-isotherme-de-boissons-qc-25\/","name":"Distributeur isotherme de boissons \u2013 QC25 - MELFORM","isPartOf":{"@id":"https:\/\/www.melform.com\/fr\/#website"},"primaryImageOfPage":{"@id":"https:\/\/www.melform.com\/fr\/conteneurs-\/catalogue-de-produits\/conteneurs-isothermes-passifs\/thermax-fr\/distributeur-isotherme-de-boissons-qc-25\/#primaryimage"},"image":{"@id":"https:\/\/www.melform.com\/fr\/conteneurs-\/catalogue-de-produits\/conteneurs-isothermes-passifs\/thermax-fr\/distributeur-isotherme-de-boissons-qc-25\/#primaryimage"},"thumbnailUrl":"https:\/\/www.melform.com\/wp-content\/uploads\/2022\/10\/QC_25_MILITARY_GREEN_FR_LR.jpg","datePublished":"2022-10-07T12:04:24+00:00","dateModified":"2025-03-11T14:19:19+00:00","breadcrumb":{"@id":"https:\/\/www.melform.com\/fr\/conteneurs-\/catalogue-de-produits\/conteneurs-isothermes-passifs\/thermax-fr\/distributeur-isotherme-de-boissons-qc-25\/#breadcrumb"},"inLanguage":"fr-FR","potentialAction":[{"@type":"ReadAction","target":["https:\/\/www.melform.com\/fr\/conteneurs-\/catalogue-de-produits\/conteneurs-isothermes-passifs\/thermax-fr\/distributeur-isotherme-de-boissons-qc-25\/"]}]},{"@type":"ImageObject","inLanguage":"fr-FR","@id":"https:\/\/www.melform.com\/fr\/conteneurs-\/catalogue-de-produits\/conteneurs-isothermes-passifs\/thermax-fr\/distributeur-isotherme-de-boissons-qc-25\/#primaryimage","url":"https:\/\/www.melform.com\/wp-content\/uploads\/2022\/10\/QC_25_MILITARY_GREEN_FR_LR.jpg","contentUrl":"https:\/\/www.melform.com\/wp-content\/uploads\/2022\/10\/QC_25_MILITARY_GREEN_FR_LR.jpg","width":1200,"height":1200},{"@type":"BreadcrumbList","@id":"https:\/\/www.melform.com\/fr\/conteneurs-\/catalogue-de-produits\/conteneurs-isothermes-passifs\/thermax-fr\/distributeur-isotherme-de-boissons-qc-25\/#breadcrumb","itemListElement":[{"@type":"ListItem","position":1,"name":"Home","item":"https:\/\/www.melform.com\/fr\/"},{"@type":"ListItem","position":2,"name":"Shop","item":"https:\/\/www.melform.com\/fr\/shop\/"},{"@type":"ListItem","position":3,"name":"Distributeur isotherme de boissons \u2013 QC25"}]},{"@type":"WebSite","@id":"https:\/\/www.melform.com\/fr\/#website","url":"https:\/\/www.melform.com\/fr\/","name":"MELFORM","description":"SISTEMI PER IL TRASPORTO E STOCCAGGIO A TEMPERATURA CONTROLLATA","potentialAction":[{"@type":"SearchAction","target":{"@type":"EntryPoint","urlTemplate":"https:\/\/www.melform.com\/fr\/?s={search_term_string}"},"query-input":{"@type":"PropertyValueSpecification","valueRequired":true,"valueName":"search_term_string"}}],"inLanguage":"fr-FR"}]}},"_links":{"self":[{"href":"https:\/\/www.melform.com\/fr\/wp-json\/wp\/v2\/product\/8371","targetHints":{"allow":["GET"]}}],"collection":[{"href":"https:\/\/www.melform.com\/fr\/wp-json\/wp\/v2\/product"}],"about":[{"href":"https:\/\/www.melform.com\/fr\/wp-json\/wp\/v2\/types\/product"}],"wp:featuredmedia":[{"embeddable":true,"href":"https:\/\/www.melform.com\/fr\/wp-json\/wp\/v2\/media\/6070"}],"wp:attachment":[{"href":"https:\/\/www.melform.com\/fr\/wp-json\/wp\/v2\/media?parent=8371"}],"wp:term":[{"taxonomy":"product_brand","embeddable":true,"href":"https:\/\/www.melform.com\/fr\/wp-json\/wp\/v2\/product_brand?post=8371"},{"taxonomy":"product_cat","embeddable":true,"href":"https:\/\/www.melform.com\/fr\/wp-json\/wp\/v2\/product_cat?post=8371"},{"taxonomy":"product_tag","embeddable":true,"href":"https:\/\/www.melform.com\/fr\/wp-json\/wp\/v2\/product_tag?post=8371"}],"curies":[{"name":"wp","href":"https:\/\/api.w.org\/{rel}","templated":true}]}}