{"id":8375,"date":"2022-10-07T14:04:31","date_gmt":"2022-10-07T12:04:31","guid":{"rendered":"https:\/\/www.melform.com\/product\/contenitore-isotermico-per-liquidi-ey-13\/"},"modified":"2025-02-15T17:26:05","modified_gmt":"2025-02-15T15:26:05","slug":"distributeur-isotherme-de-boissons-ey-13","status":"publish","type":"product","link":"https:\/\/www.melform.com\/fr\/conteneurs-\/catalogue-de-produits\/conteneurs-isothermes-passifs\/thermax-fr\/distributeur-isotherme-de-boissons-ey-13\/","title":{"rendered":"Conteneur isotherme pour nourriture \u2013 EY13"},"content":{"rendered":"<p data-start=\"997\" data-end=\"1206\"><strong>Le conteneur isotherme EY13<\/strong> est la solution id\u00e9ale pour le transport et le service de soupes et potages \u00e0 temp\u00e9rature contr\u00f4l\u00e9e, garantissant une conservation optimale de la chaleur et la qualit\u00e9 du produit.<\/p>\r\n\r\n<ul data-start=\"1249\" data-end=\"1884\">\r\n \t<li data-start=\"1249\" data-end=\"1277\"><strong data-start=\"1251\" data-end=\"1265\">Capacit\u00e9 :<\/strong> 13 litres<\/li>\r\n \t<li data-start=\"1278\" data-end=\"1339\"><strong data-start=\"1280\" data-end=\"1304\">Ouverture sup\u00e9rieure<\/strong> pour un acc\u00e8s pratique et rapide<\/li>\r\n \t<li data-start=\"1340\" data-end=\"1416\"><strong data-start=\"1342\" data-end=\"1361\">Compatibilit\u00e9 :<\/strong> adapt\u00e9 \u00e0 l&#8217;utilisation avec des bacs GN 1\/3 h 200 mm<\/li>\r\n \t<li data-start=\"1417\" data-end=\"1470\"><strong data-start=\"1419\" data-end=\"1433\">Mat\u00e9riau :<\/strong> fabriqu\u00e9 en poly\u00e9thyl\u00e8ne r\u00e9sistant<\/li>\r\n \t<li data-start=\"1471\" data-end=\"1588\"><strong data-start=\"1473\" data-end=\"1488\">Isolation :<\/strong> isol\u00e9 avec de la mousse de polyur\u00e9thane sans CFC ni HCFC pour une conservation thermique efficace<\/li>\r\n \t<li data-start=\"1589\" data-end=\"1723\"><strong data-start=\"1591\" data-end=\"1617\">S\u00e9curit\u00e9 alimentaire :<\/strong> pr\u00e9serve les propri\u00e9t\u00e9s organoleptiques des boissons et limite les risques de prolif\u00e9ration bact\u00e9rienne<\/li>\r\n \t<li data-start=\"1724\" data-end=\"1810\"><strong data-start=\"1726\" data-end=\"1771\">Poign\u00e9es ergonomiques en acier inoxydable<\/strong> pour un transport s\u00fbr et confortable<\/li>\r\n \t<li data-start=\"1811\" data-end=\"1884\"><strong data-start=\"1813\" data-end=\"1826\">Empilable<\/strong> pour un stockage facile et une optimisation de l&#8217;espace<\/li>\r\n<\/ul>","protected":false},"excerpt":{"rendered":"Le conteneur isotherme EY13 est la solution id\u00e9ale pour le transport et le service de soupes et potages \u00e0 temp\u00e9rature contr\u00f4l\u00e9e, garantissant une conservation optimale de la chaleur et la qualit\u00e9 du produit. Capacit\u00e9 : 13 litres Ouverture sup\u00e9rieure pour un acc\u00e8s pratique et rapide Compatibilit\u00e9 : adapt\u00e9 \u00e0 l&#8217;utilisation avec des bacs GN 1\/3 [&hellip;]","protected":false},"featured_media":6073,"template":"","meta":{"_acf_changed":false,"_themeisle_gutenberg_block_has_review":false},"product_brand":[],"product_cat":[912,913,919,815,973],"product_tag":[],"class_list":{"0":"post-8375","1":"product","2":"type-product","3":"status-publish","4":"has-post-thumbnail","6":"product_cat-catalogue-de-produits","7":"product_cat-conteneurs-isothermes-passifs","8":"product_cat-thermax-fr","9":"product_cat-outlet-offres","10":"product_cat-conteneurs-isothermes-passifs-offres","11":"pa_linea-thermax-fr","12":"pa_moq-6-fr","14":"first","15":"instock","16":"product-type-variable","17":"wvs-archive-product-wrapper"},"acf":[],"yoast_head":"<!-- This site is optimized with the Yoast SEO plugin v26.4 - https:\/\/yoast.com\/wordpress\/plugins\/seo\/ -->\n<title>Conteneur isotherme pour nourriture \u2013 EY13 - MELFORM<\/title>\n<meta name=\"robots\" content=\"index, follow, max-snippet:-1, max-image-preview:large, max-video-preview:-1\" \/>\n<link rel=\"canonical\" href=\"https:\/\/www.melform.com\/fr\/conteneurs-\/catalogue-de-produits\/conteneurs-isothermes-passifs\/thermax-fr\/distributeur-isotherme-de-boissons-ey-13\/\" \/>\n<meta property=\"og:locale\" content=\"fr_FR\" \/>\n<meta property=\"og:type\" content=\"article\" \/>\n<meta property=\"og:title\" content=\"Conteneur isotherme pour nourriture \u2013 EY13 - MELFORM\" \/>\n<meta property=\"og:description\" content=\"Le conteneur isotherme EY13 est la solution id\u00e9ale pour le transport et le service de soupes et potages \u00e0 temp\u00e9rature contr\u00f4l\u00e9e, garantissant une conservation optimale de la chaleur et la qualit\u00e9 du produit. Capacit\u00e9 : 13 litres Ouverture sup\u00e9rieure pour un acc\u00e8s pratique et rapide Compatibilit\u00e9 : adapt\u00e9 \u00e0 l&#8217;utilisation avec des bacs GN 1\/3 [&hellip;]\" \/>\n<meta property=\"og:url\" content=\"https:\/\/www.melform.com\/fr\/conteneurs-\/catalogue-de-produits\/conteneurs-isothermes-passifs\/thermax-fr\/distributeur-isotherme-de-boissons-ey-13\/\" \/>\n<meta property=\"og:site_name\" content=\"MELFORM\" \/>\n<meta property=\"article:modified_time\" content=\"2025-02-15T15:26:05+00:00\" \/>\n<meta property=\"og:image\" content=\"https:\/\/www.melform.com\/wp-content\/uploads\/2022\/10\/337-EY-13.jpg\" \/>\n\t<meta property=\"og:image:width\" content=\"1200\" \/>\n\t<meta property=\"og:image:height\" content=\"1200\" \/>\n\t<meta property=\"og:image:type\" content=\"image\/jpeg\" \/>\n<meta name=\"twitter:card\" content=\"summary_large_image\" \/>\n<script type=\"application\/ld+json\" class=\"yoast-schema-graph\">{\"@context\":\"https:\/\/schema.org\",\"@graph\":[{\"@type\":\"WebPage\",\"@id\":\"https:\/\/www.melform.com\/fr\/conteneurs-\/catalogue-de-produits\/conteneurs-isothermes-passifs\/thermax-fr\/distributeur-isotherme-de-boissons-ey-13\/\",\"url\":\"https:\/\/www.melform.com\/fr\/conteneurs-\/catalogue-de-produits\/conteneurs-isothermes-passifs\/thermax-fr\/distributeur-isotherme-de-boissons-ey-13\/\",\"name\":\"Conteneur isotherme pour nourriture \u2013 EY13 - MELFORM\",\"isPartOf\":{\"@id\":\"https:\/\/www.melform.com\/fr\/#website\"},\"primaryImageOfPage\":{\"@id\":\"https:\/\/www.melform.com\/fr\/conteneurs-\/catalogue-de-produits\/conteneurs-isothermes-passifs\/thermax-fr\/distributeur-isotherme-de-boissons-ey-13\/#primaryimage\"},\"image\":{\"@id\":\"https:\/\/www.melform.com\/fr\/conteneurs-\/catalogue-de-produits\/conteneurs-isothermes-passifs\/thermax-fr\/distributeur-isotherme-de-boissons-ey-13\/#primaryimage\"},\"thumbnailUrl\":\"https:\/\/www.melform.com\/wp-content\/uploads\/2022\/10\/337-EY-13.jpg\",\"datePublished\":\"2022-10-07T12:04:31+00:00\",\"dateModified\":\"2025-02-15T15:26:05+00:00\",\"breadcrumb\":{\"@id\":\"https:\/\/www.melform.com\/fr\/conteneurs-\/catalogue-de-produits\/conteneurs-isothermes-passifs\/thermax-fr\/distributeur-isotherme-de-boissons-ey-13\/#breadcrumb\"},\"inLanguage\":\"fr-FR\",\"potentialAction\":[{\"@type\":\"ReadAction\",\"target\":[\"https:\/\/www.melform.com\/fr\/conteneurs-\/catalogue-de-produits\/conteneurs-isothermes-passifs\/thermax-fr\/distributeur-isotherme-de-boissons-ey-13\/\"]}]},{\"@type\":\"ImageObject\",\"inLanguage\":\"fr-FR\",\"@id\":\"https:\/\/www.melform.com\/fr\/conteneurs-\/catalogue-de-produits\/conteneurs-isothermes-passifs\/thermax-fr\/distributeur-isotherme-de-boissons-ey-13\/#primaryimage\",\"url\":\"https:\/\/www.melform.com\/wp-content\/uploads\/2022\/10\/337-EY-13.jpg\",\"contentUrl\":\"https:\/\/www.melform.com\/wp-content\/uploads\/2022\/10\/337-EY-13.jpg\",\"width\":1200,\"height\":1200},{\"@type\":\"BreadcrumbList\",\"@id\":\"https:\/\/www.melform.com\/fr\/conteneurs-\/catalogue-de-produits\/conteneurs-isothermes-passifs\/thermax-fr\/distributeur-isotherme-de-boissons-ey-13\/#breadcrumb\",\"itemListElement\":[{\"@type\":\"ListItem\",\"position\":1,\"name\":\"Home\",\"item\":\"https:\/\/www.melform.com\/fr\/\"},{\"@type\":\"ListItem\",\"position\":2,\"name\":\"Shop\",\"item\":\"https:\/\/www.melform.com\/fr\/shop\/\"},{\"@type\":\"ListItem\",\"position\":3,\"name\":\"Conteneur isotherme pour nourriture \u2013 EY13\"}]},{\"@type\":\"WebSite\",\"@id\":\"https:\/\/www.melform.com\/fr\/#website\",\"url\":\"https:\/\/www.melform.com\/fr\/\",\"name\":\"MELFORM\",\"description\":\"SISTEMI PER IL TRASPORTO E STOCCAGGIO A TEMPERATURA CONTROLLATA\",\"potentialAction\":[{\"@type\":\"SearchAction\",\"target\":{\"@type\":\"EntryPoint\",\"urlTemplate\":\"https:\/\/www.melform.com\/fr\/?s={search_term_string}\"},\"query-input\":{\"@type\":\"PropertyValueSpecification\",\"valueRequired\":true,\"valueName\":\"search_term_string\"}}],\"inLanguage\":\"fr-FR\"}]}<\/script>\n<!-- \/ Yoast SEO plugin. -->","yoast_head_json":{"title":"Conteneur isotherme pour nourriture \u2013 EY13 - MELFORM","robots":{"index":"index","follow":"follow","max-snippet":"max-snippet:-1","max-image-preview":"max-image-preview:large","max-video-preview":"max-video-preview:-1"},"canonical":"https:\/\/www.melform.com\/fr\/conteneurs-\/catalogue-de-produits\/conteneurs-isothermes-passifs\/thermax-fr\/distributeur-isotherme-de-boissons-ey-13\/","og_locale":"fr_FR","og_type":"article","og_title":"Conteneur isotherme pour nourriture \u2013 EY13 - MELFORM","og_description":"Le conteneur isotherme EY13 est la solution id\u00e9ale pour le transport et le service de soupes et potages \u00e0 temp\u00e9rature contr\u00f4l\u00e9e, garantissant une conservation optimale de la chaleur et la qualit\u00e9 du produit. Capacit\u00e9 : 13 litres Ouverture sup\u00e9rieure pour un acc\u00e8s pratique et rapide Compatibilit\u00e9 : adapt\u00e9 \u00e0 l&#8217;utilisation avec des bacs GN 1\/3 [&hellip;]","og_url":"https:\/\/www.melform.com\/fr\/conteneurs-\/catalogue-de-produits\/conteneurs-isothermes-passifs\/thermax-fr\/distributeur-isotherme-de-boissons-ey-13\/","og_site_name":"MELFORM","article_modified_time":"2025-02-15T15:26:05+00:00","og_image":[{"width":1200,"height":1200,"url":"https:\/\/www.melform.com\/wp-content\/uploads\/2022\/10\/337-EY-13.jpg","type":"image\/jpeg"}],"twitter_card":"summary_large_image","schema":{"@context":"https:\/\/schema.org","@graph":[{"@type":"WebPage","@id":"https:\/\/www.melform.com\/fr\/conteneurs-\/catalogue-de-produits\/conteneurs-isothermes-passifs\/thermax-fr\/distributeur-isotherme-de-boissons-ey-13\/","url":"https:\/\/www.melform.com\/fr\/conteneurs-\/catalogue-de-produits\/conteneurs-isothermes-passifs\/thermax-fr\/distributeur-isotherme-de-boissons-ey-13\/","name":"Conteneur isotherme pour nourriture \u2013 EY13 - MELFORM","isPartOf":{"@id":"https:\/\/www.melform.com\/fr\/#website"},"primaryImageOfPage":{"@id":"https:\/\/www.melform.com\/fr\/conteneurs-\/catalogue-de-produits\/conteneurs-isothermes-passifs\/thermax-fr\/distributeur-isotherme-de-boissons-ey-13\/#primaryimage"},"image":{"@id":"https:\/\/www.melform.com\/fr\/conteneurs-\/catalogue-de-produits\/conteneurs-isothermes-passifs\/thermax-fr\/distributeur-isotherme-de-boissons-ey-13\/#primaryimage"},"thumbnailUrl":"https:\/\/www.melform.com\/wp-content\/uploads\/2022\/10\/337-EY-13.jpg","datePublished":"2022-10-07T12:04:31+00:00","dateModified":"2025-02-15T15:26:05+00:00","breadcrumb":{"@id":"https:\/\/www.melform.com\/fr\/conteneurs-\/catalogue-de-produits\/conteneurs-isothermes-passifs\/thermax-fr\/distributeur-isotherme-de-boissons-ey-13\/#breadcrumb"},"inLanguage":"fr-FR","potentialAction":[{"@type":"ReadAction","target":["https:\/\/www.melform.com\/fr\/conteneurs-\/catalogue-de-produits\/conteneurs-isothermes-passifs\/thermax-fr\/distributeur-isotherme-de-boissons-ey-13\/"]}]},{"@type":"ImageObject","inLanguage":"fr-FR","@id":"https:\/\/www.melform.com\/fr\/conteneurs-\/catalogue-de-produits\/conteneurs-isothermes-passifs\/thermax-fr\/distributeur-isotherme-de-boissons-ey-13\/#primaryimage","url":"https:\/\/www.melform.com\/wp-content\/uploads\/2022\/10\/337-EY-13.jpg","contentUrl":"https:\/\/www.melform.com\/wp-content\/uploads\/2022\/10\/337-EY-13.jpg","width":1200,"height":1200},{"@type":"BreadcrumbList","@id":"https:\/\/www.melform.com\/fr\/conteneurs-\/catalogue-de-produits\/conteneurs-isothermes-passifs\/thermax-fr\/distributeur-isotherme-de-boissons-ey-13\/#breadcrumb","itemListElement":[{"@type":"ListItem","position":1,"name":"Home","item":"https:\/\/www.melform.com\/fr\/"},{"@type":"ListItem","position":2,"name":"Shop","item":"https:\/\/www.melform.com\/fr\/shop\/"},{"@type":"ListItem","position":3,"name":"Conteneur isotherme pour nourriture \u2013 EY13"}]},{"@type":"WebSite","@id":"https:\/\/www.melform.com\/fr\/#website","url":"https:\/\/www.melform.com\/fr\/","name":"MELFORM","description":"SISTEMI PER IL TRASPORTO E STOCCAGGIO A TEMPERATURA CONTROLLATA","potentialAction":[{"@type":"SearchAction","target":{"@type":"EntryPoint","urlTemplate":"https:\/\/www.melform.com\/fr\/?s={search_term_string}"},"query-input":{"@type":"PropertyValueSpecification","valueRequired":true,"valueName":"search_term_string"}}],"inLanguage":"fr-FR"}]}},"_links":{"self":[{"href":"https:\/\/www.melform.com\/fr\/wp-json\/wp\/v2\/product\/8375","targetHints":{"allow":["GET"]}}],"collection":[{"href":"https:\/\/www.melform.com\/fr\/wp-json\/wp\/v2\/product"}],"about":[{"href":"https:\/\/www.melform.com\/fr\/wp-json\/wp\/v2\/types\/product"}],"wp:featuredmedia":[{"embeddable":true,"href":"https:\/\/www.melform.com\/fr\/wp-json\/wp\/v2\/media\/6073"}],"wp:attachment":[{"href":"https:\/\/www.melform.com\/fr\/wp-json\/wp\/v2\/media?parent=8375"}],"wp:term":[{"taxonomy":"product_brand","embeddable":true,"href":"https:\/\/www.melform.com\/fr\/wp-json\/wp\/v2\/product_brand?post=8375"},{"taxonomy":"product_cat","embeddable":true,"href":"https:\/\/www.melform.com\/fr\/wp-json\/wp\/v2\/product_cat?post=8375"},{"taxonomy":"product_tag","embeddable":true,"href":"https:\/\/www.melform.com\/fr\/wp-json\/wp\/v2\/product_tag?post=8375"}],"curies":[{"name":"wp","href":"https:\/\/api.w.org\/{rel}","templated":true}]}}