{"id":8379,"date":"2022-10-07T14:04:46","date_gmt":"2022-10-07T12:04:46","guid":{"rendered":"https:\/\/www.melform.com\/product\/contenitore-isotermico-af-6\/"},"modified":"2025-02-17T16:57:43","modified_gmt":"2025-02-17T14:57:43","slug":"conteneur-isotherme-af-6","status":"publish","type":"product","link":"https:\/\/www.melform.com\/fr\/conteneurs-\/catalogue-de-produits\/conteneurs-isothermes-passifs\/thermax-fr\/conteneur-isotherme-af-6\/","title":{"rendered":"Conteneur isotherme \u2013 AF6"},"content":{"rendered":"<p data-start=\"885\" data-end=\"1001\">Le <strong data-start=\"888\" data-end=\"915\">conteneur isotherme AF6<\/strong> est con\u00e7u pour garantir le transport s\u00e9curis\u00e9 des produits \u00e0 temp\u00e9rature contr\u00f4l\u00e9e.<\/p>\r\n\r\n<ul data-start=\"1003\" data-end=\"1807\" data-is-last-node=\"\">\r\n \t<li data-start=\"1003\" data-end=\"1180\"><strong data-start=\"1005\" data-end=\"1037\">Mat\u00e9riaux de haute qualit\u00e9 :<\/strong> Fabriqu\u00e9 en <strong data-start=\"1050\" data-end=\"1066\">poly\u00e9thyl\u00e8ne<\/strong> et isol\u00e9 avec <strong data-start=\"1081\" data-end=\"1130\">de la mousse de polyur\u00e9thane sans CFC ni HCFC<\/strong> pour une excellente <strong data-start=\"1151\" data-end=\"1177\">conservation thermique<\/strong>.<\/li>\r\n \t<li data-start=\"1181\" data-end=\"1317\"><strong data-start=\"1183\" data-end=\"1208\">S\u00e9curit\u00e9 et hygi\u00e8ne :<\/strong> Pr\u00e9serve les <strong data-start=\"1222\" data-end=\"1252\">propri\u00e9t\u00e9s organoleptiques<\/strong> des aliments et r\u00e9duit le risque de prolif\u00e9ration bact\u00e9rienne.<\/li>\r\n \t<li data-start=\"1318\" data-end=\"1352\"><strong data-start=\"1320\" data-end=\"1334\">Capacit\u00e9 :<\/strong> <strong data-start=\"1335\" data-end=\"1350\">30,5 litres<\/strong><\/li>\r\n \t<li data-start=\"1353\" data-end=\"1502\"><strong data-start=\"1355\" data-end=\"1377\">6 glissi\u00e8res\u00a0 internes :<\/strong> Sa structure polyvalente permet le transport de <strong data-start=\"1426\" data-end=\"1453\">bacs et plateaux GN 1\/2<\/strong>, offrant une grande flexibilit\u00e9 d\u2019utilisation.<\/li>\r\n \t<li data-start=\"1503\" data-end=\"1573\"><strong data-start=\"1505\" data-end=\"1527\">Poign\u00e9es amovibles<\/strong> pour une prise en main s\u00fbre et confortable.<\/li>\r\n \t<li data-start=\"1574\" data-end=\"1657\"><strong data-start=\"1576\" data-end=\"1610\">Fermetures en acier inoxydable<\/strong> pour une meilleure r\u00e9sistance et durabilit\u00e9.<\/li>\r\n \t<li data-start=\"1658\" data-end=\"1807\" data-is-last-node=\"\"><strong data-start=\"1660\" data-end=\"1691\">L\u00e9ger et facile \u00e0 manipuler<\/strong>, id\u00e9al pour une utilisation professionnelle dans les <strong data-start=\"1745\" data-end=\"1804\">secteurs de la restauration et du transport alimentaire<\/strong>.<\/li>\r\n<\/ul>","protected":false},"excerpt":{"rendered":"Le conteneur isotherme AF6 est con\u00e7u pour garantir le transport s\u00e9curis\u00e9 des produits \u00e0 temp\u00e9rature contr\u00f4l\u00e9e. Mat\u00e9riaux de haute qualit\u00e9 : Fabriqu\u00e9 en poly\u00e9thyl\u00e8ne et isol\u00e9 avec de la mousse de polyur\u00e9thane sans CFC ni HCFC pour une excellente conservation thermique. S\u00e9curit\u00e9 et hygi\u00e8ne : Pr\u00e9serve les propri\u00e9t\u00e9s organoleptiques des aliments et r\u00e9duit le risque [&hellip;]","protected":false},"featured_media":6076,"template":"","meta":{"_acf_changed":false,"_themeisle_gutenberg_block_has_review":false},"product_brand":[],"product_cat":[912,913,919,815,973],"product_tag":[],"class_list":{"0":"post-8379","1":"product","2":"type-product","3":"status-publish","4":"has-post-thumbnail","6":"product_cat-catalogue-de-produits","7":"product_cat-conteneurs-isothermes-passifs","8":"product_cat-thermax-fr","9":"product_cat-outlet-offres","10":"product_cat-conteneurs-isothermes-passifs-offres","11":"pa_linea-thermax-fr","13":"first","14":"instock","15":"product-type-variable","16":"wvs-archive-product-wrapper"},"acf":[],"yoast_head":"<!-- This site is optimized with the Yoast SEO plugin v26.4 - https:\/\/yoast.com\/wordpress\/plugins\/seo\/ -->\n<title>Conteneur isotherme \u2013 AF6 - MELFORM<\/title>\n<meta name=\"robots\" content=\"index, follow, max-snippet:-1, max-image-preview:large, max-video-preview:-1\" \/>\n<link rel=\"canonical\" href=\"https:\/\/www.melform.com\/fr\/conteneurs-\/catalogue-de-produits\/conteneurs-isothermes-passifs\/thermax-fr\/conteneur-isotherme-af-6\/\" \/>\n<meta property=\"og:locale\" content=\"fr_FR\" \/>\n<meta property=\"og:type\" content=\"article\" \/>\n<meta property=\"og:title\" content=\"Conteneur isotherme \u2013 AF6 - MELFORM\" \/>\n<meta property=\"og:description\" content=\"Le conteneur isotherme AF6 est con\u00e7u pour garantir le transport s\u00e9curis\u00e9 des produits \u00e0 temp\u00e9rature contr\u00f4l\u00e9e. Mat\u00e9riaux de haute qualit\u00e9 : Fabriqu\u00e9 en poly\u00e9thyl\u00e8ne et isol\u00e9 avec de la mousse de polyur\u00e9thane sans CFC ni HCFC pour une excellente conservation thermique. S\u00e9curit\u00e9 et hygi\u00e8ne : Pr\u00e9serve les propri\u00e9t\u00e9s organoleptiques des aliments et r\u00e9duit le risque [&hellip;]\" \/>\n<meta property=\"og:url\" content=\"https:\/\/www.melform.com\/fr\/conteneurs-\/catalogue-de-produits\/conteneurs-isothermes-passifs\/thermax-fr\/conteneur-isotherme-af-6\/\" \/>\n<meta property=\"og:site_name\" content=\"MELFORM\" \/>\n<meta property=\"article:modified_time\" content=\"2025-02-17T14:57:43+00:00\" \/>\n<meta property=\"og:image\" content=\"https:\/\/www.melform.com\/wp-content\/uploads\/2022\/10\/355-AF-6.jpg\" \/>\n\t<meta property=\"og:image:width\" content=\"1200\" \/>\n\t<meta property=\"og:image:height\" content=\"1200\" \/>\n\t<meta property=\"og:image:type\" content=\"image\/jpeg\" \/>\n<meta name=\"twitter:card\" content=\"summary_large_image\" \/>\n<script type=\"application\/ld+json\" class=\"yoast-schema-graph\">{\"@context\":\"https:\/\/schema.org\",\"@graph\":[{\"@type\":\"WebPage\",\"@id\":\"https:\/\/www.melform.com\/fr\/conteneurs-\/catalogue-de-produits\/conteneurs-isothermes-passifs\/thermax-fr\/conteneur-isotherme-af-6\/\",\"url\":\"https:\/\/www.melform.com\/fr\/conteneurs-\/catalogue-de-produits\/conteneurs-isothermes-passifs\/thermax-fr\/conteneur-isotherme-af-6\/\",\"name\":\"Conteneur isotherme \u2013 AF6 - MELFORM\",\"isPartOf\":{\"@id\":\"https:\/\/www.melform.com\/fr\/#website\"},\"primaryImageOfPage\":{\"@id\":\"https:\/\/www.melform.com\/fr\/conteneurs-\/catalogue-de-produits\/conteneurs-isothermes-passifs\/thermax-fr\/conteneur-isotherme-af-6\/#primaryimage\"},\"image\":{\"@id\":\"https:\/\/www.melform.com\/fr\/conteneurs-\/catalogue-de-produits\/conteneurs-isothermes-passifs\/thermax-fr\/conteneur-isotherme-af-6\/#primaryimage\"},\"thumbnailUrl\":\"https:\/\/www.melform.com\/wp-content\/uploads\/2022\/10\/355-AF-6.jpg\",\"datePublished\":\"2022-10-07T12:04:46+00:00\",\"dateModified\":\"2025-02-17T14:57:43+00:00\",\"breadcrumb\":{\"@id\":\"https:\/\/www.melform.com\/fr\/conteneurs-\/catalogue-de-produits\/conteneurs-isothermes-passifs\/thermax-fr\/conteneur-isotherme-af-6\/#breadcrumb\"},\"inLanguage\":\"fr-FR\",\"potentialAction\":[{\"@type\":\"ReadAction\",\"target\":[\"https:\/\/www.melform.com\/fr\/conteneurs-\/catalogue-de-produits\/conteneurs-isothermes-passifs\/thermax-fr\/conteneur-isotherme-af-6\/\"]}]},{\"@type\":\"ImageObject\",\"inLanguage\":\"fr-FR\",\"@id\":\"https:\/\/www.melform.com\/fr\/conteneurs-\/catalogue-de-produits\/conteneurs-isothermes-passifs\/thermax-fr\/conteneur-isotherme-af-6\/#primaryimage\",\"url\":\"https:\/\/www.melform.com\/wp-content\/uploads\/2022\/10\/355-AF-6.jpg\",\"contentUrl\":\"https:\/\/www.melform.com\/wp-content\/uploads\/2022\/10\/355-AF-6.jpg\",\"width\":1200,\"height\":1200},{\"@type\":\"BreadcrumbList\",\"@id\":\"https:\/\/www.melform.com\/fr\/conteneurs-\/catalogue-de-produits\/conteneurs-isothermes-passifs\/thermax-fr\/conteneur-isotherme-af-6\/#breadcrumb\",\"itemListElement\":[{\"@type\":\"ListItem\",\"position\":1,\"name\":\"Home\",\"item\":\"https:\/\/www.melform.com\/fr\/\"},{\"@type\":\"ListItem\",\"position\":2,\"name\":\"Shop\",\"item\":\"https:\/\/www.melform.com\/fr\/shop\/\"},{\"@type\":\"ListItem\",\"position\":3,\"name\":\"Conteneur isotherme \u2013 AF6\"}]},{\"@type\":\"WebSite\",\"@id\":\"https:\/\/www.melform.com\/fr\/#website\",\"url\":\"https:\/\/www.melform.com\/fr\/\",\"name\":\"MELFORM\",\"description\":\"SISTEMI PER IL TRASPORTO E STOCCAGGIO A TEMPERATURA CONTROLLATA\",\"potentialAction\":[{\"@type\":\"SearchAction\",\"target\":{\"@type\":\"EntryPoint\",\"urlTemplate\":\"https:\/\/www.melform.com\/fr\/?s={search_term_string}\"},\"query-input\":{\"@type\":\"PropertyValueSpecification\",\"valueRequired\":true,\"valueName\":\"search_term_string\"}}],\"inLanguage\":\"fr-FR\"}]}<\/script>\n<!-- \/ Yoast SEO plugin. -->","yoast_head_json":{"title":"Conteneur isotherme \u2013 AF6 - MELFORM","robots":{"index":"index","follow":"follow","max-snippet":"max-snippet:-1","max-image-preview":"max-image-preview:large","max-video-preview":"max-video-preview:-1"},"canonical":"https:\/\/www.melform.com\/fr\/conteneurs-\/catalogue-de-produits\/conteneurs-isothermes-passifs\/thermax-fr\/conteneur-isotherme-af-6\/","og_locale":"fr_FR","og_type":"article","og_title":"Conteneur isotherme \u2013 AF6 - MELFORM","og_description":"Le conteneur isotherme AF6 est con\u00e7u pour garantir le transport s\u00e9curis\u00e9 des produits \u00e0 temp\u00e9rature contr\u00f4l\u00e9e. Mat\u00e9riaux de haute qualit\u00e9 : Fabriqu\u00e9 en poly\u00e9thyl\u00e8ne et isol\u00e9 avec de la mousse de polyur\u00e9thane sans CFC ni HCFC pour une excellente conservation thermique. S\u00e9curit\u00e9 et hygi\u00e8ne : Pr\u00e9serve les propri\u00e9t\u00e9s organoleptiques des aliments et r\u00e9duit le risque [&hellip;]","og_url":"https:\/\/www.melform.com\/fr\/conteneurs-\/catalogue-de-produits\/conteneurs-isothermes-passifs\/thermax-fr\/conteneur-isotherme-af-6\/","og_site_name":"MELFORM","article_modified_time":"2025-02-17T14:57:43+00:00","og_image":[{"width":1200,"height":1200,"url":"https:\/\/www.melform.com\/wp-content\/uploads\/2022\/10\/355-AF-6.jpg","type":"image\/jpeg"}],"twitter_card":"summary_large_image","schema":{"@context":"https:\/\/schema.org","@graph":[{"@type":"WebPage","@id":"https:\/\/www.melform.com\/fr\/conteneurs-\/catalogue-de-produits\/conteneurs-isothermes-passifs\/thermax-fr\/conteneur-isotherme-af-6\/","url":"https:\/\/www.melform.com\/fr\/conteneurs-\/catalogue-de-produits\/conteneurs-isothermes-passifs\/thermax-fr\/conteneur-isotherme-af-6\/","name":"Conteneur isotherme \u2013 AF6 - MELFORM","isPartOf":{"@id":"https:\/\/www.melform.com\/fr\/#website"},"primaryImageOfPage":{"@id":"https:\/\/www.melform.com\/fr\/conteneurs-\/catalogue-de-produits\/conteneurs-isothermes-passifs\/thermax-fr\/conteneur-isotherme-af-6\/#primaryimage"},"image":{"@id":"https:\/\/www.melform.com\/fr\/conteneurs-\/catalogue-de-produits\/conteneurs-isothermes-passifs\/thermax-fr\/conteneur-isotherme-af-6\/#primaryimage"},"thumbnailUrl":"https:\/\/www.melform.com\/wp-content\/uploads\/2022\/10\/355-AF-6.jpg","datePublished":"2022-10-07T12:04:46+00:00","dateModified":"2025-02-17T14:57:43+00:00","breadcrumb":{"@id":"https:\/\/www.melform.com\/fr\/conteneurs-\/catalogue-de-produits\/conteneurs-isothermes-passifs\/thermax-fr\/conteneur-isotherme-af-6\/#breadcrumb"},"inLanguage":"fr-FR","potentialAction":[{"@type":"ReadAction","target":["https:\/\/www.melform.com\/fr\/conteneurs-\/catalogue-de-produits\/conteneurs-isothermes-passifs\/thermax-fr\/conteneur-isotherme-af-6\/"]}]},{"@type":"ImageObject","inLanguage":"fr-FR","@id":"https:\/\/www.melform.com\/fr\/conteneurs-\/catalogue-de-produits\/conteneurs-isothermes-passifs\/thermax-fr\/conteneur-isotherme-af-6\/#primaryimage","url":"https:\/\/www.melform.com\/wp-content\/uploads\/2022\/10\/355-AF-6.jpg","contentUrl":"https:\/\/www.melform.com\/wp-content\/uploads\/2022\/10\/355-AF-6.jpg","width":1200,"height":1200},{"@type":"BreadcrumbList","@id":"https:\/\/www.melform.com\/fr\/conteneurs-\/catalogue-de-produits\/conteneurs-isothermes-passifs\/thermax-fr\/conteneur-isotherme-af-6\/#breadcrumb","itemListElement":[{"@type":"ListItem","position":1,"name":"Home","item":"https:\/\/www.melform.com\/fr\/"},{"@type":"ListItem","position":2,"name":"Shop","item":"https:\/\/www.melform.com\/fr\/shop\/"},{"@type":"ListItem","position":3,"name":"Conteneur isotherme \u2013 AF6"}]},{"@type":"WebSite","@id":"https:\/\/www.melform.com\/fr\/#website","url":"https:\/\/www.melform.com\/fr\/","name":"MELFORM","description":"SISTEMI PER IL TRASPORTO E STOCCAGGIO A TEMPERATURA CONTROLLATA","potentialAction":[{"@type":"SearchAction","target":{"@type":"EntryPoint","urlTemplate":"https:\/\/www.melform.com\/fr\/?s={search_term_string}"},"query-input":{"@type":"PropertyValueSpecification","valueRequired":true,"valueName":"search_term_string"}}],"inLanguage":"fr-FR"}]}},"_links":{"self":[{"href":"https:\/\/www.melform.com\/fr\/wp-json\/wp\/v2\/product\/8379","targetHints":{"allow":["GET"]}}],"collection":[{"href":"https:\/\/www.melform.com\/fr\/wp-json\/wp\/v2\/product"}],"about":[{"href":"https:\/\/www.melform.com\/fr\/wp-json\/wp\/v2\/types\/product"}],"wp:featuredmedia":[{"embeddable":true,"href":"https:\/\/www.melform.com\/fr\/wp-json\/wp\/v2\/media\/6076"}],"wp:attachment":[{"href":"https:\/\/www.melform.com\/fr\/wp-json\/wp\/v2\/media?parent=8379"}],"wp:term":[{"taxonomy":"product_brand","embeddable":true,"href":"https:\/\/www.melform.com\/fr\/wp-json\/wp\/v2\/product_brand?post=8379"},{"taxonomy":"product_cat","embeddable":true,"href":"https:\/\/www.melform.com\/fr\/wp-json\/wp\/v2\/product_cat?post=8379"},{"taxonomy":"product_tag","embeddable":true,"href":"https:\/\/www.melform.com\/fr\/wp-json\/wp\/v2\/product_tag?post=8379"}],"curies":[{"name":"wp","href":"https:\/\/api.w.org\/{rel}","templated":true}]}}