{"id":8383,"date":"2022-10-07T14:13:15","date_gmt":"2022-10-07T12:13:15","guid":{"rendered":"https:\/\/www.melform.com\/product\/contenitore-isotermico-af-7\/"},"modified":"2025-02-16T11:22:58","modified_gmt":"2025-02-16T09:22:58","slug":"conteneur-isotherme-af-7","status":"publish","type":"product","link":"https:\/\/www.melform.com\/fr\/conteneurs-\/catalogue-de-produits\/conteneurs-isothermes-passifs\/thermax-fr\/conteneur-isotherme-af-7\/","title":{"rendered":"Conteneur isotherme \u2013 AF7"},"content":{"rendered":"<p data-start=\"784\" data-end=\"909\">Le <strong data-start=\"787\" data-end=\"814\">conteneur isotherme AF7<\/strong> est con\u00e7u pour assurer le <strong data-start=\"841\" data-end=\"906\">transport s\u00fbr et efficace de produits \u00e0 temp\u00e9rature contr\u00f4l\u00e9e<\/strong>.<\/p>\r\n\r\n<ul data-start=\"911\" data-end=\"1596\" data-is-last-node=\"\">\r\n \t<li data-start=\"911\" data-end=\"951\"><strong data-start=\"913\" data-end=\"936\">Capacit\u00e9 int\u00e9rieure<\/strong> : 63 litres.<\/li>\r\n \t<li data-start=\"952\" data-end=\"1076\"><strong data-start=\"954\" data-end=\"985\">Structure avec 7 glissi\u00e8res<\/strong>, compatible avec <strong data-start=\"1003\" data-end=\"1026\">bacs et plateaux GN<\/strong>, permettant une gestion flexible du chargement.<\/li>\r\n \t<li data-start=\"1077\" data-end=\"1152\"><strong data-start=\"1079\" data-end=\"1118\">Structure en poly\u00e9thyl\u00e8ne r\u00e9sistant<\/strong>, con\u00e7ue pour un usage intensif.<\/li>\r\n \t<li data-start=\"1153\" data-end=\"1269\"><strong data-start=\"1155\" data-end=\"1211\">Isolation en mousse de polyur\u00e9thane sans CFC ni HCFC<\/strong>, garantissant <strong data-start=\"1226\" data-end=\"1266\">une excellente performance thermique<\/strong>.<\/li>\r\n \t<li data-start=\"1270\" data-end=\"1413\"><strong data-start=\"1272\" data-end=\"1290\">Porte amovible<\/strong>, facilitant le nettoyage et permettant l\u2019int\u00e9gration d\u2019une <strong data-start=\"1350\" data-end=\"1370\">porte chauffante<\/strong> pour le <strong data-start=\"1379\" data-end=\"1410\">transport en liaison chaude<\/strong>.<\/li>\r\n \t<li data-start=\"1414\" data-end=\"1515\"><strong data-start=\"1416\" data-end=\"1450\">Fermetures en acier inoxydable<\/strong>, assurant <strong data-start=\"1461\" data-end=\"1512\">une s\u00e9curit\u00e9 renforc\u00e9e et une grande durabilit\u00e9<\/strong>.<\/li>\r\n \t<li data-start=\"1516\" data-end=\"1596\" data-is-last-node=\"\"><strong data-start=\"1518\" data-end=\"1543\">Poign\u00e9es r\u00e9tractables<\/strong>, pour une <strong data-start=\"1554\" data-end=\"1595\">manipulation plus facile et plus s\u00fbre<\/strong>.<\/li>\r\n<\/ul>","protected":false},"excerpt":{"rendered":"Le conteneur isotherme AF7 est con\u00e7u pour assurer le transport s\u00fbr et efficace de produits \u00e0 temp\u00e9rature contr\u00f4l\u00e9e. Capacit\u00e9 int\u00e9rieure : 63 litres. Structure avec 7 glissi\u00e8res, compatible avec bacs et plateaux GN, permettant une gestion flexible du chargement. Structure en poly\u00e9thyl\u00e8ne r\u00e9sistant, con\u00e7ue pour un usage intensif. Isolation en mousse de polyur\u00e9thane sans CFC [&hellip;]","protected":false},"featured_media":6094,"template":"","meta":{"_acf_changed":false,"_themeisle_gutenberg_block_has_review":false},"product_brand":[],"product_cat":[912,913,919,815,973],"product_tag":[],"class_list":{"0":"post-8383","1":"product","2":"type-product","3":"status-publish","4":"has-post-thumbnail","6":"product_cat-catalogue-de-produits","7":"product_cat-conteneurs-isothermes-passifs","8":"product_cat-thermax-fr","9":"product_cat-outlet-offres","10":"product_cat-conteneurs-isothermes-passifs-offres","11":"pa_moq-1-fr","13":"first","14":"instock","15":"product-type-variable","16":"wvs-archive-product-wrapper"},"acf":[],"yoast_head":"<!-- This site is optimized with the Yoast SEO plugin v26.4 - https:\/\/yoast.com\/wordpress\/plugins\/seo\/ -->\n<title>Conteneur isotherme \u2013 AF7 - MELFORM<\/title>\n<meta name=\"robots\" content=\"index, follow, max-snippet:-1, max-image-preview:large, max-video-preview:-1\" \/>\n<link rel=\"canonical\" href=\"https:\/\/www.melform.com\/fr\/conteneurs-\/catalogue-de-produits\/conteneurs-isothermes-passifs\/thermax-fr\/conteneur-isotherme-af-7\/\" \/>\n<meta property=\"og:locale\" content=\"fr_FR\" \/>\n<meta property=\"og:type\" content=\"article\" \/>\n<meta property=\"og:title\" content=\"Conteneur isotherme \u2013 AF7 - MELFORM\" \/>\n<meta property=\"og:description\" content=\"Le conteneur isotherme AF7 est con\u00e7u pour assurer le transport s\u00fbr et efficace de produits \u00e0 temp\u00e9rature contr\u00f4l\u00e9e. Capacit\u00e9 int\u00e9rieure : 63 litres. Structure avec 7 glissi\u00e8res, compatible avec bacs et plateaux GN, permettant une gestion flexible du chargement. Structure en poly\u00e9thyl\u00e8ne r\u00e9sistant, con\u00e7ue pour un usage intensif. Isolation en mousse de polyur\u00e9thane sans CFC [&hellip;]\" \/>\n<meta property=\"og:url\" content=\"https:\/\/www.melform.com\/fr\/conteneurs-\/catalogue-de-produits\/conteneurs-isothermes-passifs\/thermax-fr\/conteneur-isotherme-af-7\/\" \/>\n<meta property=\"og:site_name\" content=\"MELFORM\" \/>\n<meta property=\"article:modified_time\" content=\"2025-02-16T09:22:58+00:00\" \/>\n<meta property=\"og:image\" content=\"https:\/\/www.melform.com\/wp-content\/uploads\/2022\/10\/356-AF-7-1.jpg\" \/>\n\t<meta property=\"og:image:width\" content=\"1024\" \/>\n\t<meta property=\"og:image:height\" content=\"1024\" \/>\n\t<meta property=\"og:image:type\" content=\"image\/jpeg\" \/>\n<meta name=\"twitter:card\" content=\"summary_large_image\" \/>\n<script type=\"application\/ld+json\" class=\"yoast-schema-graph\">{\"@context\":\"https:\/\/schema.org\",\"@graph\":[{\"@type\":\"WebPage\",\"@id\":\"https:\/\/www.melform.com\/fr\/conteneurs-\/catalogue-de-produits\/conteneurs-isothermes-passifs\/thermax-fr\/conteneur-isotherme-af-7\/\",\"url\":\"https:\/\/www.melform.com\/fr\/conteneurs-\/catalogue-de-produits\/conteneurs-isothermes-passifs\/thermax-fr\/conteneur-isotherme-af-7\/\",\"name\":\"Conteneur isotherme \u2013 AF7 - MELFORM\",\"isPartOf\":{\"@id\":\"https:\/\/www.melform.com\/fr\/#website\"},\"primaryImageOfPage\":{\"@id\":\"https:\/\/www.melform.com\/fr\/conteneurs-\/catalogue-de-produits\/conteneurs-isothermes-passifs\/thermax-fr\/conteneur-isotherme-af-7\/#primaryimage\"},\"image\":{\"@id\":\"https:\/\/www.melform.com\/fr\/conteneurs-\/catalogue-de-produits\/conteneurs-isothermes-passifs\/thermax-fr\/conteneur-isotherme-af-7\/#primaryimage\"},\"thumbnailUrl\":\"https:\/\/www.melform.com\/wp-content\/uploads\/2022\/10\/356-AF-7-1.jpg\",\"datePublished\":\"2022-10-07T12:13:15+00:00\",\"dateModified\":\"2025-02-16T09:22:58+00:00\",\"breadcrumb\":{\"@id\":\"https:\/\/www.melform.com\/fr\/conteneurs-\/catalogue-de-produits\/conteneurs-isothermes-passifs\/thermax-fr\/conteneur-isotherme-af-7\/#breadcrumb\"},\"inLanguage\":\"fr-FR\",\"potentialAction\":[{\"@type\":\"ReadAction\",\"target\":[\"https:\/\/www.melform.com\/fr\/conteneurs-\/catalogue-de-produits\/conteneurs-isothermes-passifs\/thermax-fr\/conteneur-isotherme-af-7\/\"]}]},{\"@type\":\"ImageObject\",\"inLanguage\":\"fr-FR\",\"@id\":\"https:\/\/www.melform.com\/fr\/conteneurs-\/catalogue-de-produits\/conteneurs-isothermes-passifs\/thermax-fr\/conteneur-isotherme-af-7\/#primaryimage\",\"url\":\"https:\/\/www.melform.com\/wp-content\/uploads\/2022\/10\/356-AF-7-1.jpg\",\"contentUrl\":\"https:\/\/www.melform.com\/wp-content\/uploads\/2022\/10\/356-AF-7-1.jpg\",\"width\":1024,\"height\":1024},{\"@type\":\"BreadcrumbList\",\"@id\":\"https:\/\/www.melform.com\/fr\/conteneurs-\/catalogue-de-produits\/conteneurs-isothermes-passifs\/thermax-fr\/conteneur-isotherme-af-7\/#breadcrumb\",\"itemListElement\":[{\"@type\":\"ListItem\",\"position\":1,\"name\":\"Home\",\"item\":\"https:\/\/www.melform.com\/fr\/\"},{\"@type\":\"ListItem\",\"position\":2,\"name\":\"Shop\",\"item\":\"https:\/\/www.melform.com\/fr\/shop\/\"},{\"@type\":\"ListItem\",\"position\":3,\"name\":\"Conteneur isotherme \u2013 AF7\"}]},{\"@type\":\"WebSite\",\"@id\":\"https:\/\/www.melform.com\/fr\/#website\",\"url\":\"https:\/\/www.melform.com\/fr\/\",\"name\":\"MELFORM\",\"description\":\"SISTEMI PER IL TRASPORTO E STOCCAGGIO A TEMPERATURA CONTROLLATA\",\"potentialAction\":[{\"@type\":\"SearchAction\",\"target\":{\"@type\":\"EntryPoint\",\"urlTemplate\":\"https:\/\/www.melform.com\/fr\/?s={search_term_string}\"},\"query-input\":{\"@type\":\"PropertyValueSpecification\",\"valueRequired\":true,\"valueName\":\"search_term_string\"}}],\"inLanguage\":\"fr-FR\"}]}<\/script>\n<!-- \/ Yoast SEO plugin. -->","yoast_head_json":{"title":"Conteneur isotherme \u2013 AF7 - MELFORM","robots":{"index":"index","follow":"follow","max-snippet":"max-snippet:-1","max-image-preview":"max-image-preview:large","max-video-preview":"max-video-preview:-1"},"canonical":"https:\/\/www.melform.com\/fr\/conteneurs-\/catalogue-de-produits\/conteneurs-isothermes-passifs\/thermax-fr\/conteneur-isotherme-af-7\/","og_locale":"fr_FR","og_type":"article","og_title":"Conteneur isotherme \u2013 AF7 - MELFORM","og_description":"Le conteneur isotherme AF7 est con\u00e7u pour assurer le transport s\u00fbr et efficace de produits \u00e0 temp\u00e9rature contr\u00f4l\u00e9e. Capacit\u00e9 int\u00e9rieure : 63 litres. Structure avec 7 glissi\u00e8res, compatible avec bacs et plateaux GN, permettant une gestion flexible du chargement. Structure en poly\u00e9thyl\u00e8ne r\u00e9sistant, con\u00e7ue pour un usage intensif. Isolation en mousse de polyur\u00e9thane sans CFC [&hellip;]","og_url":"https:\/\/www.melform.com\/fr\/conteneurs-\/catalogue-de-produits\/conteneurs-isothermes-passifs\/thermax-fr\/conteneur-isotherme-af-7\/","og_site_name":"MELFORM","article_modified_time":"2025-02-16T09:22:58+00:00","og_image":[{"width":1024,"height":1024,"url":"https:\/\/www.melform.com\/wp-content\/uploads\/2022\/10\/356-AF-7-1.jpg","type":"image\/jpeg"}],"twitter_card":"summary_large_image","schema":{"@context":"https:\/\/schema.org","@graph":[{"@type":"WebPage","@id":"https:\/\/www.melform.com\/fr\/conteneurs-\/catalogue-de-produits\/conteneurs-isothermes-passifs\/thermax-fr\/conteneur-isotherme-af-7\/","url":"https:\/\/www.melform.com\/fr\/conteneurs-\/catalogue-de-produits\/conteneurs-isothermes-passifs\/thermax-fr\/conteneur-isotherme-af-7\/","name":"Conteneur isotherme \u2013 AF7 - MELFORM","isPartOf":{"@id":"https:\/\/www.melform.com\/fr\/#website"},"primaryImageOfPage":{"@id":"https:\/\/www.melform.com\/fr\/conteneurs-\/catalogue-de-produits\/conteneurs-isothermes-passifs\/thermax-fr\/conteneur-isotherme-af-7\/#primaryimage"},"image":{"@id":"https:\/\/www.melform.com\/fr\/conteneurs-\/catalogue-de-produits\/conteneurs-isothermes-passifs\/thermax-fr\/conteneur-isotherme-af-7\/#primaryimage"},"thumbnailUrl":"https:\/\/www.melform.com\/wp-content\/uploads\/2022\/10\/356-AF-7-1.jpg","datePublished":"2022-10-07T12:13:15+00:00","dateModified":"2025-02-16T09:22:58+00:00","breadcrumb":{"@id":"https:\/\/www.melform.com\/fr\/conteneurs-\/catalogue-de-produits\/conteneurs-isothermes-passifs\/thermax-fr\/conteneur-isotherme-af-7\/#breadcrumb"},"inLanguage":"fr-FR","potentialAction":[{"@type":"ReadAction","target":["https:\/\/www.melform.com\/fr\/conteneurs-\/catalogue-de-produits\/conteneurs-isothermes-passifs\/thermax-fr\/conteneur-isotherme-af-7\/"]}]},{"@type":"ImageObject","inLanguage":"fr-FR","@id":"https:\/\/www.melform.com\/fr\/conteneurs-\/catalogue-de-produits\/conteneurs-isothermes-passifs\/thermax-fr\/conteneur-isotherme-af-7\/#primaryimage","url":"https:\/\/www.melform.com\/wp-content\/uploads\/2022\/10\/356-AF-7-1.jpg","contentUrl":"https:\/\/www.melform.com\/wp-content\/uploads\/2022\/10\/356-AF-7-1.jpg","width":1024,"height":1024},{"@type":"BreadcrumbList","@id":"https:\/\/www.melform.com\/fr\/conteneurs-\/catalogue-de-produits\/conteneurs-isothermes-passifs\/thermax-fr\/conteneur-isotherme-af-7\/#breadcrumb","itemListElement":[{"@type":"ListItem","position":1,"name":"Home","item":"https:\/\/www.melform.com\/fr\/"},{"@type":"ListItem","position":2,"name":"Shop","item":"https:\/\/www.melform.com\/fr\/shop\/"},{"@type":"ListItem","position":3,"name":"Conteneur isotherme \u2013 AF7"}]},{"@type":"WebSite","@id":"https:\/\/www.melform.com\/fr\/#website","url":"https:\/\/www.melform.com\/fr\/","name":"MELFORM","description":"SISTEMI PER IL TRASPORTO E STOCCAGGIO A TEMPERATURA CONTROLLATA","potentialAction":[{"@type":"SearchAction","target":{"@type":"EntryPoint","urlTemplate":"https:\/\/www.melform.com\/fr\/?s={search_term_string}"},"query-input":{"@type":"PropertyValueSpecification","valueRequired":true,"valueName":"search_term_string"}}],"inLanguage":"fr-FR"}]}},"_links":{"self":[{"href":"https:\/\/www.melform.com\/fr\/wp-json\/wp\/v2\/product\/8383","targetHints":{"allow":["GET"]}}],"collection":[{"href":"https:\/\/www.melform.com\/fr\/wp-json\/wp\/v2\/product"}],"about":[{"href":"https:\/\/www.melform.com\/fr\/wp-json\/wp\/v2\/types\/product"}],"wp:featuredmedia":[{"embeddable":true,"href":"https:\/\/www.melform.com\/fr\/wp-json\/wp\/v2\/media\/6094"}],"wp:attachment":[{"href":"https:\/\/www.melform.com\/fr\/wp-json\/wp\/v2\/media?parent=8383"}],"wp:term":[{"taxonomy":"product_brand","embeddable":true,"href":"https:\/\/www.melform.com\/fr\/wp-json\/wp\/v2\/product_brand?post=8383"},{"taxonomy":"product_cat","embeddable":true,"href":"https:\/\/www.melform.com\/fr\/wp-json\/wp\/v2\/product_cat?post=8383"},{"taxonomy":"product_tag","embeddable":true,"href":"https:\/\/www.melform.com\/fr\/wp-json\/wp\/v2\/product_tag?post=8383"}],"curies":[{"name":"wp","href":"https:\/\/api.w.org\/{rel}","templated":true}]}}