{"id":8387,"date":"2022-10-07T14:13:33","date_gmt":"2022-10-07T12:13:33","guid":{"rendered":"https:\/\/www.melform.com\/product\/contenitore-isotermico-af-8\/"},"modified":"2025-06-17T13:44:13","modified_gmt":"2025-06-17T11:44:13","slug":"conteneur-isotherme-af-8","status":"publish","type":"product","link":"https:\/\/www.melform.com\/fr\/conteneurs-\/catalogue-de-produits\/conteneurs-isothermes-passifs\/thermax-fr\/conteneur-isotherme-af-8\/","title":{"rendered":"Conteneur isotherme &#8211; AF8"},"content":{"rendered":"<p data-start=\"883\" data-end=\"1008\">Le <strong data-start=\"886\" data-end=\"913\">conteneur isotherme AF8<\/strong> est con\u00e7u pour assurer le <strong data-start=\"940\" data-end=\"1005\">transport s\u00fbr et efficace de produits \u00e0 temp\u00e9rature contr\u00f4l\u00e9e<\/strong>.<\/p>\r\n\r\n<ul data-start=\"1010\" data-end=\"1802\" data-is-last-node=\"\">\r\n \t<li data-start=\"1010\" data-end=\"1103\"><strong data-start=\"1012\" data-end=\"1035\">Capacit\u00e9 int\u00e9rieure<\/strong> : 68 litres, id\u00e9al pour le transport d&#8217;aliments chauds ou froids.<\/li>\r\n \t<li data-start=\"1104\" data-end=\"1232\"><strong data-start=\"1106\" data-end=\"1137\">Structure avec 8 glissi\u00e8res<\/strong>, compatible avec <strong data-start=\"1155\" data-end=\"1182\">bacs et plateaux GN 1\/1<\/strong>, permettant une gestion flexible du chargement.<\/li>\r\n \t<li data-start=\"1233\" data-end=\"1355\"><strong data-start=\"1235\" data-end=\"1257\">Ouverture frontale<\/strong>, facilitant l&#8217;acc\u00e8s aux produits et optimisant les op\u00e9rations de chargement et de d\u00e9chargement.<\/li>\r\n \t<li data-start=\"1356\" data-end=\"1431\"><strong data-start=\"1358\" data-end=\"1397\">Structure en poly\u00e9thyl\u00e8ne r\u00e9sistant<\/strong>, con\u00e7ue pour un usage intensif.<\/li>\r\n \t<li data-start=\"1432\" data-end=\"1558\"><strong data-start=\"1434\" data-end=\"1490\">Isolation en mousse de polyur\u00e9thane sans CFC ni HCFC<\/strong>, garantissant <strong data-start=\"1505\" data-end=\"1555\">une excellente capacit\u00e9 de r\u00e9tention thermique<\/strong>.<\/li>\r\n \t<li data-start=\"1559\" data-end=\"1653\"><strong data-start=\"1561\" data-end=\"1595\">Fermetures en acier inoxydable<\/strong>, assurant une s\u00e9curit\u00e9 accrue et une grande durabilit\u00e9.<\/li>\r\n \t<li data-start=\"1654\" data-end=\"1728\"><strong data-start=\"1656\" data-end=\"1681\">Poign\u00e9es r\u00e9tractables<\/strong>, facilitant la manipulation et le transport.<\/li>\r\n \t<li data-start=\"1729\" data-end=\"1802\" data-is-last-node=\"\"><strong data-start=\"1731\" data-end=\"1744\">Empilable<\/strong>, optimisant l\u2019espace pendant le stockage et le transport.<\/li>\r\n<\/ul>","protected":false},"excerpt":{"rendered":"Le conteneur isotherme AF8 est con\u00e7u pour assurer le transport s\u00fbr et efficace de produits \u00e0 temp\u00e9rature contr\u00f4l\u00e9e. Capacit\u00e9 int\u00e9rieure : 68 litres, id\u00e9al pour le transport d&#8217;aliments chauds ou froids. Structure avec 8 glissi\u00e8res, compatible avec bacs et plateaux GN 1\/1, permettant une gestion flexible du chargement. Ouverture frontale, facilitant l&#8217;acc\u00e8s aux produits et [&hellip;]","protected":false},"featured_media":6079,"template":"","meta":{"_acf_changed":false,"_themeisle_gutenberg_block_has_review":false},"product_brand":[],"product_cat":[912,913,919,815,973],"product_tag":[],"class_list":{"0":"post-8387","1":"product","2":"type-product","3":"status-publish","4":"has-post-thumbnail","6":"product_cat-catalogue-de-produits","7":"product_cat-conteneurs-isothermes-passifs","8":"product_cat-thermax-fr","9":"product_cat-outlet-offres","10":"product_cat-conteneurs-isothermes-passifs-offres","12":"first","13":"instock","14":"purchasable","15":"product-type-variable","16":"wvs-archive-product-wrapper"},"acf":[],"yoast_head":"<!-- This site is optimized with the Yoast SEO plugin v26.4 - https:\/\/yoast.com\/wordpress\/plugins\/seo\/ -->\n<title>Conteneur isotherme - AF8 - MELFORM<\/title>\n<meta name=\"robots\" content=\"index, follow, max-snippet:-1, max-image-preview:large, max-video-preview:-1\" \/>\n<link rel=\"canonical\" href=\"https:\/\/www.melform.com\/fr\/conteneurs-\/catalogue-de-produits\/conteneurs-isothermes-passifs\/thermax-fr\/conteneur-isotherme-af-8\/\" \/>\n<meta property=\"og:locale\" content=\"fr_FR\" \/>\n<meta property=\"og:type\" content=\"article\" \/>\n<meta property=\"og:title\" content=\"Conteneur isotherme - AF8 - MELFORM\" \/>\n<meta property=\"og:description\" content=\"Le conteneur isotherme AF8 est con\u00e7u pour assurer le transport s\u00fbr et efficace de produits \u00e0 temp\u00e9rature contr\u00f4l\u00e9e. Capacit\u00e9 int\u00e9rieure : 68 litres, id\u00e9al pour le transport d&#8217;aliments chauds ou froids. Structure avec 8 glissi\u00e8res, compatible avec bacs et plateaux GN 1\/1, permettant une gestion flexible du chargement. Ouverture frontale, facilitant l&#8217;acc\u00e8s aux produits et [&hellip;]\" \/>\n<meta property=\"og:url\" content=\"https:\/\/www.melform.com\/fr\/conteneurs-\/catalogue-de-produits\/conteneurs-isothermes-passifs\/thermax-fr\/conteneur-isotherme-af-8\/\" \/>\n<meta property=\"og:site_name\" content=\"MELFORM\" \/>\n<meta property=\"article:modified_time\" content=\"2025-06-17T11:44:13+00:00\" \/>\n<meta property=\"og:image\" content=\"https:\/\/www.melform.com\/wp-content\/uploads\/2022\/10\/358-AF-8.jpg\" \/>\n\t<meta property=\"og:image:width\" content=\"1200\" \/>\n\t<meta property=\"og:image:height\" content=\"1200\" \/>\n\t<meta property=\"og:image:type\" content=\"image\/jpeg\" \/>\n<meta name=\"twitter:card\" content=\"summary_large_image\" \/>\n<script type=\"application\/ld+json\" class=\"yoast-schema-graph\">{\"@context\":\"https:\/\/schema.org\",\"@graph\":[{\"@type\":\"WebPage\",\"@id\":\"https:\/\/www.melform.com\/fr\/conteneurs-\/catalogue-de-produits\/conteneurs-isothermes-passifs\/thermax-fr\/conteneur-isotherme-af-8\/\",\"url\":\"https:\/\/www.melform.com\/fr\/conteneurs-\/catalogue-de-produits\/conteneurs-isothermes-passifs\/thermax-fr\/conteneur-isotherme-af-8\/\",\"name\":\"Conteneur isotherme - AF8 - MELFORM\",\"isPartOf\":{\"@id\":\"https:\/\/www.melform.com\/fr\/#website\"},\"primaryImageOfPage\":{\"@id\":\"https:\/\/www.melform.com\/fr\/conteneurs-\/catalogue-de-produits\/conteneurs-isothermes-passifs\/thermax-fr\/conteneur-isotherme-af-8\/#primaryimage\"},\"image\":{\"@id\":\"https:\/\/www.melform.com\/fr\/conteneurs-\/catalogue-de-produits\/conteneurs-isothermes-passifs\/thermax-fr\/conteneur-isotherme-af-8\/#primaryimage\"},\"thumbnailUrl\":\"https:\/\/www.melform.com\/wp-content\/uploads\/2022\/10\/358-AF-8.jpg\",\"datePublished\":\"2022-10-07T12:13:33+00:00\",\"dateModified\":\"2025-06-17T11:44:13+00:00\",\"breadcrumb\":{\"@id\":\"https:\/\/www.melform.com\/fr\/conteneurs-\/catalogue-de-produits\/conteneurs-isothermes-passifs\/thermax-fr\/conteneur-isotherme-af-8\/#breadcrumb\"},\"inLanguage\":\"fr-FR\",\"potentialAction\":[{\"@type\":\"ReadAction\",\"target\":[\"https:\/\/www.melform.com\/fr\/conteneurs-\/catalogue-de-produits\/conteneurs-isothermes-passifs\/thermax-fr\/conteneur-isotherme-af-8\/\"]}]},{\"@type\":\"ImageObject\",\"inLanguage\":\"fr-FR\",\"@id\":\"https:\/\/www.melform.com\/fr\/conteneurs-\/catalogue-de-produits\/conteneurs-isothermes-passifs\/thermax-fr\/conteneur-isotherme-af-8\/#primaryimage\",\"url\":\"https:\/\/www.melform.com\/wp-content\/uploads\/2022\/10\/358-AF-8.jpg\",\"contentUrl\":\"https:\/\/www.melform.com\/wp-content\/uploads\/2022\/10\/358-AF-8.jpg\",\"width\":1200,\"height\":1200},{\"@type\":\"BreadcrumbList\",\"@id\":\"https:\/\/www.melform.com\/fr\/conteneurs-\/catalogue-de-produits\/conteneurs-isothermes-passifs\/thermax-fr\/conteneur-isotherme-af-8\/#breadcrumb\",\"itemListElement\":[{\"@type\":\"ListItem\",\"position\":1,\"name\":\"Home\",\"item\":\"https:\/\/www.melform.com\/fr\/\"},{\"@type\":\"ListItem\",\"position\":2,\"name\":\"Shop\",\"item\":\"https:\/\/www.melform.com\/fr\/shop\/\"},{\"@type\":\"ListItem\",\"position\":3,\"name\":\"Conteneur isotherme &#8211; AF8\"}]},{\"@type\":\"WebSite\",\"@id\":\"https:\/\/www.melform.com\/fr\/#website\",\"url\":\"https:\/\/www.melform.com\/fr\/\",\"name\":\"MELFORM\",\"description\":\"SISTEMI PER IL TRASPORTO E STOCCAGGIO A TEMPERATURA CONTROLLATA\",\"potentialAction\":[{\"@type\":\"SearchAction\",\"target\":{\"@type\":\"EntryPoint\",\"urlTemplate\":\"https:\/\/www.melform.com\/fr\/?s={search_term_string}\"},\"query-input\":{\"@type\":\"PropertyValueSpecification\",\"valueRequired\":true,\"valueName\":\"search_term_string\"}}],\"inLanguage\":\"fr-FR\"}]}<\/script>\n<!-- \/ Yoast SEO plugin. -->","yoast_head_json":{"title":"Conteneur isotherme - AF8 - MELFORM","robots":{"index":"index","follow":"follow","max-snippet":"max-snippet:-1","max-image-preview":"max-image-preview:large","max-video-preview":"max-video-preview:-1"},"canonical":"https:\/\/www.melform.com\/fr\/conteneurs-\/catalogue-de-produits\/conteneurs-isothermes-passifs\/thermax-fr\/conteneur-isotherme-af-8\/","og_locale":"fr_FR","og_type":"article","og_title":"Conteneur isotherme - AF8 - MELFORM","og_description":"Le conteneur isotherme AF8 est con\u00e7u pour assurer le transport s\u00fbr et efficace de produits \u00e0 temp\u00e9rature contr\u00f4l\u00e9e. Capacit\u00e9 int\u00e9rieure : 68 litres, id\u00e9al pour le transport d&#8217;aliments chauds ou froids. Structure avec 8 glissi\u00e8res, compatible avec bacs et plateaux GN 1\/1, permettant une gestion flexible du chargement. Ouverture frontale, facilitant l&#8217;acc\u00e8s aux produits et [&hellip;]","og_url":"https:\/\/www.melform.com\/fr\/conteneurs-\/catalogue-de-produits\/conteneurs-isothermes-passifs\/thermax-fr\/conteneur-isotherme-af-8\/","og_site_name":"MELFORM","article_modified_time":"2025-06-17T11:44:13+00:00","og_image":[{"width":1200,"height":1200,"url":"https:\/\/www.melform.com\/wp-content\/uploads\/2022\/10\/358-AF-8.jpg","type":"image\/jpeg"}],"twitter_card":"summary_large_image","schema":{"@context":"https:\/\/schema.org","@graph":[{"@type":"WebPage","@id":"https:\/\/www.melform.com\/fr\/conteneurs-\/catalogue-de-produits\/conteneurs-isothermes-passifs\/thermax-fr\/conteneur-isotherme-af-8\/","url":"https:\/\/www.melform.com\/fr\/conteneurs-\/catalogue-de-produits\/conteneurs-isothermes-passifs\/thermax-fr\/conteneur-isotherme-af-8\/","name":"Conteneur isotherme - AF8 - MELFORM","isPartOf":{"@id":"https:\/\/www.melform.com\/fr\/#website"},"primaryImageOfPage":{"@id":"https:\/\/www.melform.com\/fr\/conteneurs-\/catalogue-de-produits\/conteneurs-isothermes-passifs\/thermax-fr\/conteneur-isotherme-af-8\/#primaryimage"},"image":{"@id":"https:\/\/www.melform.com\/fr\/conteneurs-\/catalogue-de-produits\/conteneurs-isothermes-passifs\/thermax-fr\/conteneur-isotherme-af-8\/#primaryimage"},"thumbnailUrl":"https:\/\/www.melform.com\/wp-content\/uploads\/2022\/10\/358-AF-8.jpg","datePublished":"2022-10-07T12:13:33+00:00","dateModified":"2025-06-17T11:44:13+00:00","breadcrumb":{"@id":"https:\/\/www.melform.com\/fr\/conteneurs-\/catalogue-de-produits\/conteneurs-isothermes-passifs\/thermax-fr\/conteneur-isotherme-af-8\/#breadcrumb"},"inLanguage":"fr-FR","potentialAction":[{"@type":"ReadAction","target":["https:\/\/www.melform.com\/fr\/conteneurs-\/catalogue-de-produits\/conteneurs-isothermes-passifs\/thermax-fr\/conteneur-isotherme-af-8\/"]}]},{"@type":"ImageObject","inLanguage":"fr-FR","@id":"https:\/\/www.melform.com\/fr\/conteneurs-\/catalogue-de-produits\/conteneurs-isothermes-passifs\/thermax-fr\/conteneur-isotherme-af-8\/#primaryimage","url":"https:\/\/www.melform.com\/wp-content\/uploads\/2022\/10\/358-AF-8.jpg","contentUrl":"https:\/\/www.melform.com\/wp-content\/uploads\/2022\/10\/358-AF-8.jpg","width":1200,"height":1200},{"@type":"BreadcrumbList","@id":"https:\/\/www.melform.com\/fr\/conteneurs-\/catalogue-de-produits\/conteneurs-isothermes-passifs\/thermax-fr\/conteneur-isotherme-af-8\/#breadcrumb","itemListElement":[{"@type":"ListItem","position":1,"name":"Home","item":"https:\/\/www.melform.com\/fr\/"},{"@type":"ListItem","position":2,"name":"Shop","item":"https:\/\/www.melform.com\/fr\/shop\/"},{"@type":"ListItem","position":3,"name":"Conteneur isotherme &#8211; AF8"}]},{"@type":"WebSite","@id":"https:\/\/www.melform.com\/fr\/#website","url":"https:\/\/www.melform.com\/fr\/","name":"MELFORM","description":"SISTEMI PER IL TRASPORTO E STOCCAGGIO A TEMPERATURA CONTROLLATA","potentialAction":[{"@type":"SearchAction","target":{"@type":"EntryPoint","urlTemplate":"https:\/\/www.melform.com\/fr\/?s={search_term_string}"},"query-input":{"@type":"PropertyValueSpecification","valueRequired":true,"valueName":"search_term_string"}}],"inLanguage":"fr-FR"}]}},"_links":{"self":[{"href":"https:\/\/www.melform.com\/fr\/wp-json\/wp\/v2\/product\/8387","targetHints":{"allow":["GET"]}}],"collection":[{"href":"https:\/\/www.melform.com\/fr\/wp-json\/wp\/v2\/product"}],"about":[{"href":"https:\/\/www.melform.com\/fr\/wp-json\/wp\/v2\/types\/product"}],"wp:featuredmedia":[{"embeddable":true,"href":"https:\/\/www.melform.com\/fr\/wp-json\/wp\/v2\/media\/6079"}],"wp:attachment":[{"href":"https:\/\/www.melform.com\/fr\/wp-json\/wp\/v2\/media?parent=8387"}],"wp:term":[{"taxonomy":"product_brand","embeddable":true,"href":"https:\/\/www.melform.com\/fr\/wp-json\/wp\/v2\/product_brand?post=8387"},{"taxonomy":"product_cat","embeddable":true,"href":"https:\/\/www.melform.com\/fr\/wp-json\/wp\/v2\/product_cat?post=8387"},{"taxonomy":"product_tag","embeddable":true,"href":"https:\/\/www.melform.com\/fr\/wp-json\/wp\/v2\/product_tag?post=8387"}],"curies":[{"name":"wp","href":"https:\/\/api.w.org\/{rel}","templated":true}]}}