{"id":8391,"date":"2022-10-07T14:13:50","date_gmt":"2022-10-07T12:13:50","guid":{"rendered":"https:\/\/www.melform.com\/product\/contenitore-isotermico-af-12\/"},"modified":"2025-08-19T07:29:40","modified_gmt":"2025-08-19T05:29:40","slug":"conteneur-isotherme-af-12","status":"publish","type":"product","link":"https:\/\/www.melform.com\/fr\/conteneurs-\/catalogue-de-produits\/conteneurs-isothermes-passifs\/thermax-fr\/conteneur-isotherme-af-12\/","title":{"rendered":"Conteneur isotherme  AF12"},"content":{"rendered":"<p data-start=\"1664\" data-end=\"1895\">Le <strong data-start=\"1667\" data-end=\"1702\">conteneur isotherme passif AF12<\/strong> est con\u00e7u pour assurer le <strong data-start=\"1729\" data-end=\"1795\">transport s\u00fbr et efficace des produits \u00e0 temp\u00e9rature contr\u00f4l\u00e9e<\/strong><\/p>\r\n\r\n<ul data-start=\"1938\" data-end=\"3097\">\r\n \t<li data-start=\"1938\" data-end=\"2045\"><strong data-start=\"1940\" data-end=\"1963\">Capacit\u00e9 int\u00e9rieure<\/strong> : <strong data-start=\"1966\" data-end=\"1979\">90 litres<\/strong>, id\u00e9al pour le transport de produits chauds, frais ou surgel\u00e9s.<\/li>\r\n \t<li data-start=\"2046\" data-end=\"2171\"><strong data-start=\"2048\" data-end=\"2080\">Structure avec 12 glissi\u00e8res<\/strong>, compatible avec <strong data-start=\"2098\" data-end=\"2121\">bacs et plateaux GN<\/strong>, permettant une gestion flexible du chargement.<\/li>\r\n \t<li data-start=\"2172\" data-end=\"2269\"><strong data-start=\"2307\" data-end=\"2346\">Structure en poly\u00e9thyl\u00e8ne r\u00e9sistant<\/strong>, con\u00e7ue pour un usage intensif.<\/li>\r\n \t<li data-start=\"2172\" data-end=\"2269\"><strong data-start=\"2385\" data-end=\"2441\">Isolation en mousse de polyur\u00e9thane sans CFC ni HCFC<\/strong>, garantissant <strong data-start=\"2456\" data-end=\"2492\">une performance thermique \u00e9lev\u00e9e<\/strong>.<\/li>\r\n \t<li data-start=\"2496\" data-end=\"2636\"><strong data-start=\"2498\" data-end=\"2516\">Porte amovible<\/strong>, permettant l\u2019int\u00e9gration d\u2019une <strong data-start=\"2549\" data-end=\"2569\">porte chauffante<\/strong>, rendant le conteneur adapt\u00e9 au <strong data-start=\"2602\" data-end=\"2633\">transport en liaison chaude<\/strong>.<\/li>\r\n \t<li data-start=\"2637\" data-end=\"2723\"><strong data-start=\"2639\" data-end=\"2660\">Syst\u00e8me modulaire<\/strong>, <strong data-start=\"2662\" data-end=\"2685\">empilable et adapt\u00e9<\/strong> au <strong data-start=\"2689\" data-end=\"2720\">transport multi-temp\u00e9rature, doublant ainsi la capacit\u00e9 de charge.<\/strong><\/li>\r\n \t<li data-start=\"2724\" data-end=\"2897\"><strong data-start=\"2900\" data-end=\"2932\">Poign\u00e9es en acier inoxydable<\/strong>, assurant une prise en main s\u00fbre et durable.<\/li>\r\n \t<li data-start=\"2980\" data-end=\"3097\"><strong data-start=\"2982\" data-end=\"3018\">Fermetures r\u00e9sistantes aux chocs<\/strong>, con\u00e7ues pour supporter les contraintes et garantir une \u00e9tanch\u00e9it\u00e9 parfaite.<\/li>\r\n<\/ul>","protected":false},"excerpt":{"rendered":"Le conteneur isotherme passif AF12 est con\u00e7u pour assurer le transport s\u00fbr et efficace des produits \u00e0 temp\u00e9rature contr\u00f4l\u00e9e Capacit\u00e9 int\u00e9rieure : 90 litres, id\u00e9al pour le transport de produits chauds, frais ou surgel\u00e9s. Structure avec 12 glissi\u00e8res, compatible avec bacs et plateaux GN, permettant une gestion flexible du chargement. Structure en poly\u00e9thyl\u00e8ne r\u00e9sistant, con\u00e7ue [&hellip;]","protected":false},"featured_media":14998,"template":"","meta":{"_acf_changed":false,"_themeisle_gutenberg_block_has_review":false},"product_brand":[],"product_cat":[912,913,919,815,973],"product_tag":[],"class_list":{"0":"post-8391","1":"product","2":"type-product","3":"status-publish","4":"has-post-thumbnail","6":"product_cat-catalogue-de-produits","7":"product_cat-conteneurs-isothermes-passifs","8":"product_cat-thermax-fr","9":"product_cat-outlet-offres","10":"product_cat-conteneurs-isothermes-passifs-offres","11":"pa_linea-thermax-fr","12":"pa_moq-1-fr","14":"first","15":"instock","16":"product-type-variable","17":"wvs-archive-product-wrapper"},"acf":[],"yoast_head":"<!-- This site is optimized with the Yoast SEO plugin v26.4 - https:\/\/yoast.com\/wordpress\/plugins\/seo\/ -->\n<title>Conteneur isotherme AF12 - MELFORM<\/title>\n<meta name=\"robots\" content=\"index, follow, max-snippet:-1, max-image-preview:large, max-video-preview:-1\" \/>\n<link rel=\"canonical\" href=\"https:\/\/www.melform.com\/fr\/conteneurs-\/catalogue-de-produits\/conteneurs-isothermes-passifs\/thermax-fr\/conteneur-isotherme-af-12\/\" \/>\n<meta property=\"og:locale\" content=\"fr_FR\" \/>\n<meta property=\"og:type\" content=\"article\" \/>\n<meta property=\"og:title\" content=\"Conteneur isotherme AF12 - MELFORM\" \/>\n<meta property=\"og:description\" content=\"Le conteneur isotherme passif AF12 est con\u00e7u pour assurer le transport s\u00fbr et efficace des produits \u00e0 temp\u00e9rature contr\u00f4l\u00e9e Capacit\u00e9 int\u00e9rieure : 90 litres, id\u00e9al pour le transport de produits chauds, frais ou surgel\u00e9s. Structure avec 12 glissi\u00e8res, compatible avec bacs et plateaux GN, permettant une gestion flexible du chargement. Structure en poly\u00e9thyl\u00e8ne r\u00e9sistant, con\u00e7ue [&hellip;]\" \/>\n<meta property=\"og:url\" content=\"https:\/\/www.melform.com\/fr\/conteneurs-\/catalogue-de-produits\/conteneurs-isothermes-passifs\/thermax-fr\/conteneur-isotherme-af-12\/\" \/>\n<meta property=\"og:site_name\" content=\"MELFORM\" \/>\n<meta property=\"article:modified_time\" content=\"2025-08-19T05:29:40+00:00\" \/>\n<meta property=\"og:image\" content=\"https:\/\/www.melform.com\/wp-content\/uploads\/2022\/10\/AF12_ritocco_HR.jpg\" \/>\n\t<meta property=\"og:image:width\" content=\"511\" \/>\n\t<meta property=\"og:image:height\" content=\"651\" \/>\n\t<meta property=\"og:image:type\" content=\"image\/jpeg\" \/>\n<meta name=\"twitter:card\" content=\"summary_large_image\" \/>\n<script type=\"application\/ld+json\" class=\"yoast-schema-graph\">{\"@context\":\"https:\/\/schema.org\",\"@graph\":[{\"@type\":\"WebPage\",\"@id\":\"https:\/\/www.melform.com\/fr\/conteneurs-\/catalogue-de-produits\/conteneurs-isothermes-passifs\/thermax-fr\/conteneur-isotherme-af-12\/\",\"url\":\"https:\/\/www.melform.com\/fr\/conteneurs-\/catalogue-de-produits\/conteneurs-isothermes-passifs\/thermax-fr\/conteneur-isotherme-af-12\/\",\"name\":\"Conteneur isotherme AF12 - MELFORM\",\"isPartOf\":{\"@id\":\"https:\/\/www.melform.com\/fr\/#website\"},\"primaryImageOfPage\":{\"@id\":\"https:\/\/www.melform.com\/fr\/conteneurs-\/catalogue-de-produits\/conteneurs-isothermes-passifs\/thermax-fr\/conteneur-isotherme-af-12\/#primaryimage\"},\"image\":{\"@id\":\"https:\/\/www.melform.com\/fr\/conteneurs-\/catalogue-de-produits\/conteneurs-isothermes-passifs\/thermax-fr\/conteneur-isotherme-af-12\/#primaryimage\"},\"thumbnailUrl\":\"https:\/\/www.melform.com\/wp-content\/uploads\/2022\/10\/AF12_ritocco_HR.jpg\",\"datePublished\":\"2022-10-07T12:13:50+00:00\",\"dateModified\":\"2025-08-19T05:29:40+00:00\",\"breadcrumb\":{\"@id\":\"https:\/\/www.melform.com\/fr\/conteneurs-\/catalogue-de-produits\/conteneurs-isothermes-passifs\/thermax-fr\/conteneur-isotherme-af-12\/#breadcrumb\"},\"inLanguage\":\"fr-FR\",\"potentialAction\":[{\"@type\":\"ReadAction\",\"target\":[\"https:\/\/www.melform.com\/fr\/conteneurs-\/catalogue-de-produits\/conteneurs-isothermes-passifs\/thermax-fr\/conteneur-isotherme-af-12\/\"]}]},{\"@type\":\"ImageObject\",\"inLanguage\":\"fr-FR\",\"@id\":\"https:\/\/www.melform.com\/fr\/conteneurs-\/catalogue-de-produits\/conteneurs-isothermes-passifs\/thermax-fr\/conteneur-isotherme-af-12\/#primaryimage\",\"url\":\"https:\/\/www.melform.com\/wp-content\/uploads\/2022\/10\/AF12_ritocco_HR.jpg\",\"contentUrl\":\"https:\/\/www.melform.com\/wp-content\/uploads\/2022\/10\/AF12_ritocco_HR.jpg\",\"width\":511,\"height\":651},{\"@type\":\"BreadcrumbList\",\"@id\":\"https:\/\/www.melform.com\/fr\/conteneurs-\/catalogue-de-produits\/conteneurs-isothermes-passifs\/thermax-fr\/conteneur-isotherme-af-12\/#breadcrumb\",\"itemListElement\":[{\"@type\":\"ListItem\",\"position\":1,\"name\":\"Home\",\"item\":\"https:\/\/www.melform.com\/fr\/\"},{\"@type\":\"ListItem\",\"position\":2,\"name\":\"Shop\",\"item\":\"https:\/\/www.melform.com\/fr\/shop\/\"},{\"@type\":\"ListItem\",\"position\":3,\"name\":\"Conteneur isotherme AF12\"}]},{\"@type\":\"WebSite\",\"@id\":\"https:\/\/www.melform.com\/fr\/#website\",\"url\":\"https:\/\/www.melform.com\/fr\/\",\"name\":\"MELFORM\",\"description\":\"SISTEMI PER IL TRASPORTO E STOCCAGGIO A TEMPERATURA CONTROLLATA\",\"potentialAction\":[{\"@type\":\"SearchAction\",\"target\":{\"@type\":\"EntryPoint\",\"urlTemplate\":\"https:\/\/www.melform.com\/fr\/?s={search_term_string}\"},\"query-input\":{\"@type\":\"PropertyValueSpecification\",\"valueRequired\":true,\"valueName\":\"search_term_string\"}}],\"inLanguage\":\"fr-FR\"}]}<\/script>\n<!-- \/ Yoast SEO plugin. -->","yoast_head_json":{"title":"Conteneur isotherme AF12 - MELFORM","robots":{"index":"index","follow":"follow","max-snippet":"max-snippet:-1","max-image-preview":"max-image-preview:large","max-video-preview":"max-video-preview:-1"},"canonical":"https:\/\/www.melform.com\/fr\/conteneurs-\/catalogue-de-produits\/conteneurs-isothermes-passifs\/thermax-fr\/conteneur-isotherme-af-12\/","og_locale":"fr_FR","og_type":"article","og_title":"Conteneur isotherme AF12 - MELFORM","og_description":"Le conteneur isotherme passif AF12 est con\u00e7u pour assurer le transport s\u00fbr et efficace des produits \u00e0 temp\u00e9rature contr\u00f4l\u00e9e Capacit\u00e9 int\u00e9rieure : 90 litres, id\u00e9al pour le transport de produits chauds, frais ou surgel\u00e9s. Structure avec 12 glissi\u00e8res, compatible avec bacs et plateaux GN, permettant une gestion flexible du chargement. Structure en poly\u00e9thyl\u00e8ne r\u00e9sistant, con\u00e7ue [&hellip;]","og_url":"https:\/\/www.melform.com\/fr\/conteneurs-\/catalogue-de-produits\/conteneurs-isothermes-passifs\/thermax-fr\/conteneur-isotherme-af-12\/","og_site_name":"MELFORM","article_modified_time":"2025-08-19T05:29:40+00:00","og_image":[{"width":511,"height":651,"url":"https:\/\/www.melform.com\/wp-content\/uploads\/2022\/10\/AF12_ritocco_HR.jpg","type":"image\/jpeg"}],"twitter_card":"summary_large_image","schema":{"@context":"https:\/\/schema.org","@graph":[{"@type":"WebPage","@id":"https:\/\/www.melform.com\/fr\/conteneurs-\/catalogue-de-produits\/conteneurs-isothermes-passifs\/thermax-fr\/conteneur-isotherme-af-12\/","url":"https:\/\/www.melform.com\/fr\/conteneurs-\/catalogue-de-produits\/conteneurs-isothermes-passifs\/thermax-fr\/conteneur-isotherme-af-12\/","name":"Conteneur isotherme AF12 - MELFORM","isPartOf":{"@id":"https:\/\/www.melform.com\/fr\/#website"},"primaryImageOfPage":{"@id":"https:\/\/www.melform.com\/fr\/conteneurs-\/catalogue-de-produits\/conteneurs-isothermes-passifs\/thermax-fr\/conteneur-isotherme-af-12\/#primaryimage"},"image":{"@id":"https:\/\/www.melform.com\/fr\/conteneurs-\/catalogue-de-produits\/conteneurs-isothermes-passifs\/thermax-fr\/conteneur-isotherme-af-12\/#primaryimage"},"thumbnailUrl":"https:\/\/www.melform.com\/wp-content\/uploads\/2022\/10\/AF12_ritocco_HR.jpg","datePublished":"2022-10-07T12:13:50+00:00","dateModified":"2025-08-19T05:29:40+00:00","breadcrumb":{"@id":"https:\/\/www.melform.com\/fr\/conteneurs-\/catalogue-de-produits\/conteneurs-isothermes-passifs\/thermax-fr\/conteneur-isotherme-af-12\/#breadcrumb"},"inLanguage":"fr-FR","potentialAction":[{"@type":"ReadAction","target":["https:\/\/www.melform.com\/fr\/conteneurs-\/catalogue-de-produits\/conteneurs-isothermes-passifs\/thermax-fr\/conteneur-isotherme-af-12\/"]}]},{"@type":"ImageObject","inLanguage":"fr-FR","@id":"https:\/\/www.melform.com\/fr\/conteneurs-\/catalogue-de-produits\/conteneurs-isothermes-passifs\/thermax-fr\/conteneur-isotherme-af-12\/#primaryimage","url":"https:\/\/www.melform.com\/wp-content\/uploads\/2022\/10\/AF12_ritocco_HR.jpg","contentUrl":"https:\/\/www.melform.com\/wp-content\/uploads\/2022\/10\/AF12_ritocco_HR.jpg","width":511,"height":651},{"@type":"BreadcrumbList","@id":"https:\/\/www.melform.com\/fr\/conteneurs-\/catalogue-de-produits\/conteneurs-isothermes-passifs\/thermax-fr\/conteneur-isotherme-af-12\/#breadcrumb","itemListElement":[{"@type":"ListItem","position":1,"name":"Home","item":"https:\/\/www.melform.com\/fr\/"},{"@type":"ListItem","position":2,"name":"Shop","item":"https:\/\/www.melform.com\/fr\/shop\/"},{"@type":"ListItem","position":3,"name":"Conteneur isotherme AF12"}]},{"@type":"WebSite","@id":"https:\/\/www.melform.com\/fr\/#website","url":"https:\/\/www.melform.com\/fr\/","name":"MELFORM","description":"SISTEMI PER IL TRASPORTO E STOCCAGGIO A TEMPERATURA CONTROLLATA","potentialAction":[{"@type":"SearchAction","target":{"@type":"EntryPoint","urlTemplate":"https:\/\/www.melform.com\/fr\/?s={search_term_string}"},"query-input":{"@type":"PropertyValueSpecification","valueRequired":true,"valueName":"search_term_string"}}],"inLanguage":"fr-FR"}]}},"_links":{"self":[{"href":"https:\/\/www.melform.com\/fr\/wp-json\/wp\/v2\/product\/8391","targetHints":{"allow":["GET"]}}],"collection":[{"href":"https:\/\/www.melform.com\/fr\/wp-json\/wp\/v2\/product"}],"about":[{"href":"https:\/\/www.melform.com\/fr\/wp-json\/wp\/v2\/types\/product"}],"wp:featuredmedia":[{"embeddable":true,"href":"https:\/\/www.melform.com\/fr\/wp-json\/wp\/v2\/media\/14998"}],"wp:attachment":[{"href":"https:\/\/www.melform.com\/fr\/wp-json\/wp\/v2\/media?parent=8391"}],"wp:term":[{"taxonomy":"product_brand","embeddable":true,"href":"https:\/\/www.melform.com\/fr\/wp-json\/wp\/v2\/product_brand?post=8391"},{"taxonomy":"product_cat","embeddable":true,"href":"https:\/\/www.melform.com\/fr\/wp-json\/wp\/v2\/product_cat?post=8391"},{"taxonomy":"product_tag","embeddable":true,"href":"https:\/\/www.melform.com\/fr\/wp-json\/wp\/v2\/product_tag?post=8391"}],"curies":[{"name":"wp","href":"https:\/\/api.w.org\/{rel}","templated":true}]}}