{"id":8397,"date":"2022-10-07T14:14:15","date_gmt":"2022-10-07T12:14:15","guid":{"rendered":"https:\/\/www.melform.com\/product\/contenitore-isotermico-af-140\/"},"modified":"2025-02-19T16:23:08","modified_gmt":"2025-02-19T14:23:08","slug":"conteneur-isotherme-af-140","status":"publish","type":"product","link":"https:\/\/www.melform.com\/fr\/conteneurs-\/catalogue-de-produits\/conteneurs-isothermes-passifs\/thermax-fr\/conteneur-isotherme-af-140\/","title":{"rendered":"Conteneur isotherme \u2013 AF140"},"content":{"rendered":"<p data-start=\"1668\" data-end=\"1883\">Le <strong data-start=\"1671\" data-end=\"1700\">conteneur isotherme AF140<\/strong> est con\u00e7u pour le <strong data-start=\"1719\" data-end=\"1785\">transport s\u00fbr et efficace des produits \u00e0 temp\u00e9rature contr\u00f4l\u00e9e.<\/strong><\/p>\r\n\r\n<ul data-start=\"1926\" data-end=\"2837\">\r\n \t<li data-start=\"1926\" data-end=\"2038\"><strong data-start=\"1928\" data-end=\"1951\">Capacit\u00e9 int\u00e9rieure<\/strong> : <strong data-start=\"1954\" data-end=\"1968\">140 litres<\/strong>, id\u00e9al pour le transport de <strong data-start=\"1997\" data-end=\"2035\">produits chauds, frais et surgel\u00e9s<\/strong>.<\/li>\r\n \t<li data-start=\"2039\" data-end=\"2149\"><strong data-start=\"2041\" data-end=\"2067\">Dimensions int\u00e9rieures<\/strong> : <strong data-start=\"2070\" data-end=\"2086\">600 x 400 mm<\/strong>, compatibles avec les formats standards de plateaux et bacs.<\/li>\r\n \t<li data-start=\"2150\" data-end=\"2245\"><strong data-start=\"2152\" data-end=\"2192\">Structure en poly\u00e9thyl\u00e8ne r\u00e9sistante<\/strong>, con\u00e7ue pour une utilisation intensive et durable.<\/li>\r\n \t<li data-start=\"2246\" data-end=\"2362\"><strong data-start=\"2248\" data-end=\"2305\">Isolation en mousse de polyur\u00e9thane, sans CFC ni HCFC<\/strong>, garantissant <strong data-start=\"2320\" data-end=\"2359\">une conservation thermique optimale<\/strong>.<\/li>\r\n \t<li data-start=\"2363\" data-end=\"2455\"><strong data-start=\"2365\" data-end=\"2398\">Design empilable et modulaire<\/strong>, optimisant l\u2019espace lors du transport et du stockage.<\/li>\r\n \t<li data-start=\"2456\" data-end=\"2593\"><strong data-start=\"2458\" data-end=\"2501\">Kit de verrouillage en acier inoxydable<\/strong>, permettant la fixation s\u00e9curis\u00e9e de deux conteneurs empil\u00e9s pour une stabilit\u00e9 maximale.<\/li>\r\n \t<li data-start=\"2594\" data-end=\"2712\"><strong data-start=\"2596\" data-end=\"2642\">Crochets de fermeture r\u00e9sistants aux chocs<\/strong>, con\u00e7us pour supporter les impacts et les manipulations intensives.<\/li>\r\n \t<li data-start=\"2713\" data-end=\"2837\"><strong data-start=\"2715\" data-end=\"2770\">Poign\u00e9es de transport int\u00e9gr\u00e9es en acier inoxydable<\/strong>, assurant une prise en main s\u00e9curis\u00e9e et une manipulation ais\u00e9e.<\/li>\r\n<\/ul>","protected":false},"excerpt":{"rendered":"Le conteneur isotherme AF140 est con\u00e7u pour le transport s\u00fbr et efficace des produits \u00e0 temp\u00e9rature contr\u00f4l\u00e9e. Capacit\u00e9 int\u00e9rieure : 140 litres, id\u00e9al pour le transport de produits chauds, frais et surgel\u00e9s. Dimensions int\u00e9rieures : 600 x 400 mm, compatibles avec les formats standards de plateaux et bacs. Structure en poly\u00e9thyl\u00e8ne r\u00e9sistante, con\u00e7ue pour une [&hellip;]","protected":false},"featured_media":6103,"template":"","meta":{"_acf_changed":false,"_themeisle_gutenberg_block_has_review":false},"product_brand":[],"product_cat":[912,913,919,815,973],"product_tag":[],"class_list":{"0":"post-8397","1":"product","2":"type-product","3":"status-publish","4":"has-post-thumbnail","6":"product_cat-catalogue-de-produits","7":"product_cat-conteneurs-isothermes-passifs","8":"product_cat-thermax-fr","9":"product_cat-outlet-offres","10":"product_cat-conteneurs-isothermes-passifs-offres","11":"pa_guide-per-piastra-eutettica-non","12":"pa_guide-per-piastra-eutettica-oui","14":"first","15":"instock","16":"product-type-variable","17":"wvs-archive-product-wrapper"},"acf":[],"yoast_head":"<!-- This site is optimized with the Yoast SEO plugin v26.4 - https:\/\/yoast.com\/wordpress\/plugins\/seo\/ -->\n<title>Conteneur isotherme \u2013 AF140 - MELFORM<\/title>\n<meta name=\"robots\" content=\"index, follow, max-snippet:-1, max-image-preview:large, max-video-preview:-1\" \/>\n<link rel=\"canonical\" href=\"https:\/\/www.melform.com\/fr\/conteneurs-\/catalogue-de-produits\/conteneurs-isothermes-passifs\/thermax-fr\/conteneur-isotherme-af-140\/\" \/>\n<meta property=\"og:locale\" content=\"fr_FR\" \/>\n<meta property=\"og:type\" content=\"article\" \/>\n<meta property=\"og:title\" content=\"Conteneur isotherme \u2013 AF140 - MELFORM\" \/>\n<meta property=\"og:description\" content=\"Le conteneur isotherme AF140 est con\u00e7u pour le transport s\u00fbr et efficace des produits \u00e0 temp\u00e9rature contr\u00f4l\u00e9e. Capacit\u00e9 int\u00e9rieure : 140 litres, id\u00e9al pour le transport de produits chauds, frais et surgel\u00e9s. Dimensions int\u00e9rieures : 600 x 400 mm, compatibles avec les formats standards de plateaux et bacs. Structure en poly\u00e9thyl\u00e8ne r\u00e9sistante, con\u00e7ue pour une [&hellip;]\" \/>\n<meta property=\"og:url\" content=\"https:\/\/www.melform.com\/fr\/conteneurs-\/catalogue-de-produits\/conteneurs-isothermes-passifs\/thermax-fr\/conteneur-isotherme-af-140\/\" \/>\n<meta property=\"og:site_name\" content=\"MELFORM\" \/>\n<meta property=\"article:modified_time\" content=\"2025-02-19T14:23:08+00:00\" \/>\n<meta property=\"og:image\" content=\"https:\/\/www.melform.com\/wp-content\/uploads\/2022\/10\/AF140_LR-1.jpg\" \/>\n\t<meta property=\"og:image:width\" content=\"850\" \/>\n\t<meta property=\"og:image:height\" content=\"1134\" \/>\n\t<meta property=\"og:image:type\" content=\"image\/jpeg\" \/>\n<meta name=\"twitter:card\" content=\"summary_large_image\" \/>\n<script type=\"application\/ld+json\" class=\"yoast-schema-graph\">{\"@context\":\"https:\/\/schema.org\",\"@graph\":[{\"@type\":\"WebPage\",\"@id\":\"https:\/\/www.melform.com\/fr\/conteneurs-\/catalogue-de-produits\/conteneurs-isothermes-passifs\/thermax-fr\/conteneur-isotherme-af-140\/\",\"url\":\"https:\/\/www.melform.com\/fr\/conteneurs-\/catalogue-de-produits\/conteneurs-isothermes-passifs\/thermax-fr\/conteneur-isotherme-af-140\/\",\"name\":\"Conteneur isotherme \u2013 AF140 - MELFORM\",\"isPartOf\":{\"@id\":\"https:\/\/www.melform.com\/fr\/#website\"},\"primaryImageOfPage\":{\"@id\":\"https:\/\/www.melform.com\/fr\/conteneurs-\/catalogue-de-produits\/conteneurs-isothermes-passifs\/thermax-fr\/conteneur-isotherme-af-140\/#primaryimage\"},\"image\":{\"@id\":\"https:\/\/www.melform.com\/fr\/conteneurs-\/catalogue-de-produits\/conteneurs-isothermes-passifs\/thermax-fr\/conteneur-isotherme-af-140\/#primaryimage\"},\"thumbnailUrl\":\"https:\/\/www.melform.com\/wp-content\/uploads\/2022\/10\/AF140_LR-1.jpg\",\"datePublished\":\"2022-10-07T12:14:15+00:00\",\"dateModified\":\"2025-02-19T14:23:08+00:00\",\"breadcrumb\":{\"@id\":\"https:\/\/www.melform.com\/fr\/conteneurs-\/catalogue-de-produits\/conteneurs-isothermes-passifs\/thermax-fr\/conteneur-isotherme-af-140\/#breadcrumb\"},\"inLanguage\":\"fr-FR\",\"potentialAction\":[{\"@type\":\"ReadAction\",\"target\":[\"https:\/\/www.melform.com\/fr\/conteneurs-\/catalogue-de-produits\/conteneurs-isothermes-passifs\/thermax-fr\/conteneur-isotherme-af-140\/\"]}]},{\"@type\":\"ImageObject\",\"inLanguage\":\"fr-FR\",\"@id\":\"https:\/\/www.melform.com\/fr\/conteneurs-\/catalogue-de-produits\/conteneurs-isothermes-passifs\/thermax-fr\/conteneur-isotherme-af-140\/#primaryimage\",\"url\":\"https:\/\/www.melform.com\/wp-content\/uploads\/2022\/10\/AF140_LR-1.jpg\",\"contentUrl\":\"https:\/\/www.melform.com\/wp-content\/uploads\/2022\/10\/AF140_LR-1.jpg\",\"width\":850,\"height\":1134},{\"@type\":\"BreadcrumbList\",\"@id\":\"https:\/\/www.melform.com\/fr\/conteneurs-\/catalogue-de-produits\/conteneurs-isothermes-passifs\/thermax-fr\/conteneur-isotherme-af-140\/#breadcrumb\",\"itemListElement\":[{\"@type\":\"ListItem\",\"position\":1,\"name\":\"Home\",\"item\":\"https:\/\/www.melform.com\/fr\/\"},{\"@type\":\"ListItem\",\"position\":2,\"name\":\"Shop\",\"item\":\"https:\/\/www.melform.com\/fr\/shop\/\"},{\"@type\":\"ListItem\",\"position\":3,\"name\":\"Conteneur isotherme \u2013 AF140\"}]},{\"@type\":\"WebSite\",\"@id\":\"https:\/\/www.melform.com\/fr\/#website\",\"url\":\"https:\/\/www.melform.com\/fr\/\",\"name\":\"MELFORM\",\"description\":\"SISTEMI PER IL TRASPORTO E STOCCAGGIO A TEMPERATURA CONTROLLATA\",\"potentialAction\":[{\"@type\":\"SearchAction\",\"target\":{\"@type\":\"EntryPoint\",\"urlTemplate\":\"https:\/\/www.melform.com\/fr\/?s={search_term_string}\"},\"query-input\":{\"@type\":\"PropertyValueSpecification\",\"valueRequired\":true,\"valueName\":\"search_term_string\"}}],\"inLanguage\":\"fr-FR\"}]}<\/script>\n<!-- \/ Yoast SEO plugin. -->","yoast_head_json":{"title":"Conteneur isotherme \u2013 AF140 - MELFORM","robots":{"index":"index","follow":"follow","max-snippet":"max-snippet:-1","max-image-preview":"max-image-preview:large","max-video-preview":"max-video-preview:-1"},"canonical":"https:\/\/www.melform.com\/fr\/conteneurs-\/catalogue-de-produits\/conteneurs-isothermes-passifs\/thermax-fr\/conteneur-isotherme-af-140\/","og_locale":"fr_FR","og_type":"article","og_title":"Conteneur isotherme \u2013 AF140 - MELFORM","og_description":"Le conteneur isotherme AF140 est con\u00e7u pour le transport s\u00fbr et efficace des produits \u00e0 temp\u00e9rature contr\u00f4l\u00e9e. Capacit\u00e9 int\u00e9rieure : 140 litres, id\u00e9al pour le transport de produits chauds, frais et surgel\u00e9s. Dimensions int\u00e9rieures : 600 x 400 mm, compatibles avec les formats standards de plateaux et bacs. Structure en poly\u00e9thyl\u00e8ne r\u00e9sistante, con\u00e7ue pour une [&hellip;]","og_url":"https:\/\/www.melform.com\/fr\/conteneurs-\/catalogue-de-produits\/conteneurs-isothermes-passifs\/thermax-fr\/conteneur-isotherme-af-140\/","og_site_name":"MELFORM","article_modified_time":"2025-02-19T14:23:08+00:00","og_image":[{"width":850,"height":1134,"url":"https:\/\/www.melform.com\/wp-content\/uploads\/2022\/10\/AF140_LR-1.jpg","type":"image\/jpeg"}],"twitter_card":"summary_large_image","schema":{"@context":"https:\/\/schema.org","@graph":[{"@type":"WebPage","@id":"https:\/\/www.melform.com\/fr\/conteneurs-\/catalogue-de-produits\/conteneurs-isothermes-passifs\/thermax-fr\/conteneur-isotherme-af-140\/","url":"https:\/\/www.melform.com\/fr\/conteneurs-\/catalogue-de-produits\/conteneurs-isothermes-passifs\/thermax-fr\/conteneur-isotherme-af-140\/","name":"Conteneur isotherme \u2013 AF140 - MELFORM","isPartOf":{"@id":"https:\/\/www.melform.com\/fr\/#website"},"primaryImageOfPage":{"@id":"https:\/\/www.melform.com\/fr\/conteneurs-\/catalogue-de-produits\/conteneurs-isothermes-passifs\/thermax-fr\/conteneur-isotherme-af-140\/#primaryimage"},"image":{"@id":"https:\/\/www.melform.com\/fr\/conteneurs-\/catalogue-de-produits\/conteneurs-isothermes-passifs\/thermax-fr\/conteneur-isotherme-af-140\/#primaryimage"},"thumbnailUrl":"https:\/\/www.melform.com\/wp-content\/uploads\/2022\/10\/AF140_LR-1.jpg","datePublished":"2022-10-07T12:14:15+00:00","dateModified":"2025-02-19T14:23:08+00:00","breadcrumb":{"@id":"https:\/\/www.melform.com\/fr\/conteneurs-\/catalogue-de-produits\/conteneurs-isothermes-passifs\/thermax-fr\/conteneur-isotherme-af-140\/#breadcrumb"},"inLanguage":"fr-FR","potentialAction":[{"@type":"ReadAction","target":["https:\/\/www.melform.com\/fr\/conteneurs-\/catalogue-de-produits\/conteneurs-isothermes-passifs\/thermax-fr\/conteneur-isotherme-af-140\/"]}]},{"@type":"ImageObject","inLanguage":"fr-FR","@id":"https:\/\/www.melform.com\/fr\/conteneurs-\/catalogue-de-produits\/conteneurs-isothermes-passifs\/thermax-fr\/conteneur-isotherme-af-140\/#primaryimage","url":"https:\/\/www.melform.com\/wp-content\/uploads\/2022\/10\/AF140_LR-1.jpg","contentUrl":"https:\/\/www.melform.com\/wp-content\/uploads\/2022\/10\/AF140_LR-1.jpg","width":850,"height":1134},{"@type":"BreadcrumbList","@id":"https:\/\/www.melform.com\/fr\/conteneurs-\/catalogue-de-produits\/conteneurs-isothermes-passifs\/thermax-fr\/conteneur-isotherme-af-140\/#breadcrumb","itemListElement":[{"@type":"ListItem","position":1,"name":"Home","item":"https:\/\/www.melform.com\/fr\/"},{"@type":"ListItem","position":2,"name":"Shop","item":"https:\/\/www.melform.com\/fr\/shop\/"},{"@type":"ListItem","position":3,"name":"Conteneur isotherme \u2013 AF140"}]},{"@type":"WebSite","@id":"https:\/\/www.melform.com\/fr\/#website","url":"https:\/\/www.melform.com\/fr\/","name":"MELFORM","description":"SISTEMI PER IL TRASPORTO E STOCCAGGIO A TEMPERATURA CONTROLLATA","potentialAction":[{"@type":"SearchAction","target":{"@type":"EntryPoint","urlTemplate":"https:\/\/www.melform.com\/fr\/?s={search_term_string}"},"query-input":{"@type":"PropertyValueSpecification","valueRequired":true,"valueName":"search_term_string"}}],"inLanguage":"fr-FR"}]}},"_links":{"self":[{"href":"https:\/\/www.melform.com\/fr\/wp-json\/wp\/v2\/product\/8397","targetHints":{"allow":["GET"]}}],"collection":[{"href":"https:\/\/www.melform.com\/fr\/wp-json\/wp\/v2\/product"}],"about":[{"href":"https:\/\/www.melform.com\/fr\/wp-json\/wp\/v2\/types\/product"}],"wp:featuredmedia":[{"embeddable":true,"href":"https:\/\/www.melform.com\/fr\/wp-json\/wp\/v2\/media\/6103"}],"wp:attachment":[{"href":"https:\/\/www.melform.com\/fr\/wp-json\/wp\/v2\/media?parent=8397"}],"wp:term":[{"taxonomy":"product_brand","embeddable":true,"href":"https:\/\/www.melform.com\/fr\/wp-json\/wp\/v2\/product_brand?post=8397"},{"taxonomy":"product_cat","embeddable":true,"href":"https:\/\/www.melform.com\/fr\/wp-json\/wp\/v2\/product_cat?post=8397"},{"taxonomy":"product_tag","embeddable":true,"href":"https:\/\/www.melform.com\/fr\/wp-json\/wp\/v2\/product_tag?post=8397"}],"curies":[{"name":"wp","href":"https:\/\/api.w.org\/{rel}","templated":true}]}}