{"id":8400,"date":"2022-10-07T14:14:30","date_gmt":"2022-10-07T12:14:30","guid":{"rendered":"https:\/\/www.melform.com\/product\/contenitore-isotermico-af-150\/"},"modified":"2025-02-19T14:08:05","modified_gmt":"2025-02-19T12:08:05","slug":"conteneur-isotherme-af-150","status":"publish","type":"product","link":"https:\/\/www.melform.com\/fr\/conteneurs-\/catalogue-de-produits\/conteneurs-isothermes-passifs\/thermax-fr\/conteneur-isotherme-af-150\/","title":{"rendered":"Conteneur isotherme \u2013 AF 150"},"content":{"rendered":"<p data-start=\"1478\" data-end=\"1698\">Le <strong data-start=\"1481\" data-end=\"1510\">conteneur isotherme AF150<\/strong> est con\u00e7u pour assurer le <strong data-start=\"1537\" data-end=\"1603\">transport s\u00fbr et efficace des produits \u00e0 temp\u00e9rature contr\u00f4l\u00e9e.<\/strong><\/p>\r\n\r\n<ul data-start=\"1741\" data-end=\"2900\" data-is-last-node=\"\">\r\n \t<li data-start=\"1741\" data-end=\"1849\"><strong data-start=\"1743\" data-end=\"1766\">Capacit\u00e9 int\u00e9rieure<\/strong> : <strong data-start=\"1769\" data-end=\"1783\">148 litres<\/strong>, id\u00e9al pour le transport de produits chauds, frais et surgel\u00e9s.<\/li>\r\n \t<li data-start=\"1850\" data-end=\"1985\"><strong data-start=\"1852\" data-end=\"1875\">Large compatibilit\u00e9<\/strong> avec <strong data-start=\"1881\" data-end=\"1952\">bacs GN, plateaux GN\/EN, plaques de p\u00e2tisserie et bacs 600 x 400 mm<\/strong>, gr\u00e2ce aux accessoires d\u00e9di\u00e9s.<\/li>\r\n \t<li data-start=\"1986\" data-end=\"2058\"><strong data-start=\"2061\" data-end=\"2079\">Porte amovible<\/strong>, permettant l\u2019int\u00e9gration d\u2019une <strong data-start=\"2112\" data-end=\"2132\">porte chauffante<\/strong>, le rendant adapt\u00e9 au <strong data-start=\"2155\" data-end=\"2186\">transport en liaison chaude<\/strong><\/li>\r\n \t<li data-start=\"1986\" data-end=\"2058\"><strong data-start=\"2227\" data-end=\"2266\">Structure en poly\u00e9thyl\u00e8ne r\u00e9sistant<\/strong>, con\u00e7ue pour un usage intensif.<\/li>\r\n \t<li data-start=\"1986\" data-end=\"2058\"><strong data-start=\"2305\" data-end=\"2361\">Isolation en mousse de polyur\u00e9thane sans CFC ni HCFC<\/strong>, garantissant <strong data-start=\"2376\" data-end=\"2414\">une excellente r\u00e9tention thermique<\/strong>.<\/li>\r\n \t<li data-start=\"2418\" data-end=\"2499\"><strong data-start=\"2420\" data-end=\"2452\">Poign\u00e9es en acier inoxydable<\/strong>, assurant une prise en main s\u00fbre et durable.<\/li>\r\n \t<li data-start=\"2500\" data-end=\"2616\"><strong data-start=\"2502\" data-end=\"2538\">Fermetures r\u00e9sistantes aux chocs<\/strong>, con\u00e7ues pour supporter les contraintes et assurer une \u00e9tanch\u00e9it\u00e9 parfaite.<\/li>\r\n \t<li data-start=\"2617\" data-end=\"2728\"><strong data-start=\"2619\" data-end=\"2655\">Structure empilable et modulaire<\/strong>, optimisant l\u2019espace et permettant <strong data-start=\"2691\" data-end=\"2725\">le transport multi-temp\u00e9rature<\/strong>.<\/li>\r\n \t<li data-start=\"2729\" data-end=\"2900\" data-is-last-node=\"\"><strong data-start=\"2731\" data-end=\"2784\">Deux compartiments s\u00e9par\u00e9s et parfaitement isol\u00e9s<\/strong>, permettant le transport simultan\u00e9 de <strong data-start=\"2823\" data-end=\"2861\">produits chauds, frais et surgel\u00e9s<\/strong>, doublant ainsi la capacit\u00e9 de charge.<\/li>\r\n<\/ul>","protected":false},"excerpt":{"rendered":"Le conteneur isotherme AF150 est con\u00e7u pour assurer le transport s\u00fbr et efficace des produits \u00e0 temp\u00e9rature contr\u00f4l\u00e9e. Capacit\u00e9 int\u00e9rieure : 148 litres, id\u00e9al pour le transport de produits chauds, frais et surgel\u00e9s. Large compatibilit\u00e9 avec bacs GN, plateaux GN\/EN, plaques de p\u00e2tisserie et bacs 600 x 400 mm, gr\u00e2ce aux accessoires d\u00e9di\u00e9s. Porte amovible, [&hellip;]","protected":false},"featured_media":6157,"template":"","meta":{"_acf_changed":false,"_themeisle_gutenberg_block_has_review":false},"product_brand":[],"product_cat":[912,913,919,815,973],"product_tag":[],"class_list":{"0":"post-8400","1":"product","2":"type-product","3":"status-publish","4":"has-post-thumbnail","6":"product_cat-catalogue-de-produits","7":"product_cat-conteneurs-isothermes-passifs","8":"product_cat-thermax-fr","9":"product_cat-outlet-offres","10":"product_cat-conteneurs-isothermes-passifs-offres","11":"pa_guide-per-piastra-eutettica-non","12":"pa_guide-per-piastra-eutettica-oui","13":"pa_linea-thermax-fr","14":"pa_moq-1-fr","16":"first","17":"instock","18":"purchasable","19":"product-type-variable","20":"wvs-archive-product-wrapper"},"acf":[],"yoast_head":"<!-- This site is optimized with the Yoast SEO plugin v26.4 - https:\/\/yoast.com\/wordpress\/plugins\/seo\/ -->\n<title>Conteneur isotherme \u2013 AF 150 - MELFORM<\/title>\n<meta name=\"robots\" content=\"index, follow, max-snippet:-1, max-image-preview:large, max-video-preview:-1\" \/>\n<link rel=\"canonical\" href=\"https:\/\/www.melform.com\/fr\/conteneurs-\/catalogue-de-produits\/conteneurs-isothermes-passifs\/thermax-fr\/conteneur-isotherme-af-150\/\" \/>\n<meta property=\"og:locale\" content=\"fr_FR\" \/>\n<meta property=\"og:type\" content=\"article\" \/>\n<meta property=\"og:title\" content=\"Conteneur isotherme \u2013 AF 150 - MELFORM\" \/>\n<meta property=\"og:description\" content=\"Le conteneur isotherme AF150 est con\u00e7u pour assurer le transport s\u00fbr et efficace des produits \u00e0 temp\u00e9rature contr\u00f4l\u00e9e. Capacit\u00e9 int\u00e9rieure : 148 litres, id\u00e9al pour le transport de produits chauds, frais et surgel\u00e9s. Large compatibilit\u00e9 avec bacs GN, plateaux GN\/EN, plaques de p\u00e2tisserie et bacs 600 x 400 mm, gr\u00e2ce aux accessoires d\u00e9di\u00e9s. Porte amovible, [&hellip;]\" \/>\n<meta property=\"og:url\" content=\"https:\/\/www.melform.com\/fr\/conteneurs-\/catalogue-de-produits\/conteneurs-isothermes-passifs\/thermax-fr\/conteneur-isotherme-af-150\/\" \/>\n<meta property=\"og:site_name\" content=\"MELFORM\" \/>\n<meta property=\"article:modified_time\" content=\"2025-02-19T12:08:05+00:00\" \/>\n<meta property=\"og:image\" content=\"https:\/\/www.melform.com\/wp-content\/uploads\/2022\/10\/FA1500012-1.jpg\" \/>\n\t<meta property=\"og:image:width\" content=\"1200\" \/>\n\t<meta property=\"og:image:height\" content=\"1200\" \/>\n\t<meta property=\"og:image:type\" content=\"image\/jpeg\" \/>\n<meta name=\"twitter:card\" content=\"summary_large_image\" \/>\n<script type=\"application\/ld+json\" class=\"yoast-schema-graph\">{\"@context\":\"https:\/\/schema.org\",\"@graph\":[{\"@type\":\"WebPage\",\"@id\":\"https:\/\/www.melform.com\/fr\/conteneurs-\/catalogue-de-produits\/conteneurs-isothermes-passifs\/thermax-fr\/conteneur-isotherme-af-150\/\",\"url\":\"https:\/\/www.melform.com\/fr\/conteneurs-\/catalogue-de-produits\/conteneurs-isothermes-passifs\/thermax-fr\/conteneur-isotherme-af-150\/\",\"name\":\"Conteneur isotherme \u2013 AF 150 - MELFORM\",\"isPartOf\":{\"@id\":\"https:\/\/www.melform.com\/fr\/#website\"},\"primaryImageOfPage\":{\"@id\":\"https:\/\/www.melform.com\/fr\/conteneurs-\/catalogue-de-produits\/conteneurs-isothermes-passifs\/thermax-fr\/conteneur-isotherme-af-150\/#primaryimage\"},\"image\":{\"@id\":\"https:\/\/www.melform.com\/fr\/conteneurs-\/catalogue-de-produits\/conteneurs-isothermes-passifs\/thermax-fr\/conteneur-isotherme-af-150\/#primaryimage\"},\"thumbnailUrl\":\"https:\/\/www.melform.com\/wp-content\/uploads\/2022\/10\/FA1500012-1.jpg\",\"datePublished\":\"2022-10-07T12:14:30+00:00\",\"dateModified\":\"2025-02-19T12:08:05+00:00\",\"breadcrumb\":{\"@id\":\"https:\/\/www.melform.com\/fr\/conteneurs-\/catalogue-de-produits\/conteneurs-isothermes-passifs\/thermax-fr\/conteneur-isotherme-af-150\/#breadcrumb\"},\"inLanguage\":\"fr-FR\",\"potentialAction\":[{\"@type\":\"ReadAction\",\"target\":[\"https:\/\/www.melform.com\/fr\/conteneurs-\/catalogue-de-produits\/conteneurs-isothermes-passifs\/thermax-fr\/conteneur-isotherme-af-150\/\"]}]},{\"@type\":\"ImageObject\",\"inLanguage\":\"fr-FR\",\"@id\":\"https:\/\/www.melform.com\/fr\/conteneurs-\/catalogue-de-produits\/conteneurs-isothermes-passifs\/thermax-fr\/conteneur-isotherme-af-150\/#primaryimage\",\"url\":\"https:\/\/www.melform.com\/wp-content\/uploads\/2022\/10\/FA1500012-1.jpg\",\"contentUrl\":\"https:\/\/www.melform.com\/wp-content\/uploads\/2022\/10\/FA1500012-1.jpg\",\"width\":1200,\"height\":1200},{\"@type\":\"BreadcrumbList\",\"@id\":\"https:\/\/www.melform.com\/fr\/conteneurs-\/catalogue-de-produits\/conteneurs-isothermes-passifs\/thermax-fr\/conteneur-isotherme-af-150\/#breadcrumb\",\"itemListElement\":[{\"@type\":\"ListItem\",\"position\":1,\"name\":\"Home\",\"item\":\"https:\/\/www.melform.com\/fr\/\"},{\"@type\":\"ListItem\",\"position\":2,\"name\":\"Shop\",\"item\":\"https:\/\/www.melform.com\/fr\/shop\/\"},{\"@type\":\"ListItem\",\"position\":3,\"name\":\"Conteneur isotherme \u2013 AF 150\"}]},{\"@type\":\"WebSite\",\"@id\":\"https:\/\/www.melform.com\/fr\/#website\",\"url\":\"https:\/\/www.melform.com\/fr\/\",\"name\":\"MELFORM\",\"description\":\"SISTEMI PER IL TRASPORTO E STOCCAGGIO A TEMPERATURA CONTROLLATA\",\"potentialAction\":[{\"@type\":\"SearchAction\",\"target\":{\"@type\":\"EntryPoint\",\"urlTemplate\":\"https:\/\/www.melform.com\/fr\/?s={search_term_string}\"},\"query-input\":{\"@type\":\"PropertyValueSpecification\",\"valueRequired\":true,\"valueName\":\"search_term_string\"}}],\"inLanguage\":\"fr-FR\"}]}<\/script>\n<!-- \/ Yoast SEO plugin. -->","yoast_head_json":{"title":"Conteneur isotherme \u2013 AF 150 - MELFORM","robots":{"index":"index","follow":"follow","max-snippet":"max-snippet:-1","max-image-preview":"max-image-preview:large","max-video-preview":"max-video-preview:-1"},"canonical":"https:\/\/www.melform.com\/fr\/conteneurs-\/catalogue-de-produits\/conteneurs-isothermes-passifs\/thermax-fr\/conteneur-isotherme-af-150\/","og_locale":"fr_FR","og_type":"article","og_title":"Conteneur isotherme \u2013 AF 150 - MELFORM","og_description":"Le conteneur isotherme AF150 est con\u00e7u pour assurer le transport s\u00fbr et efficace des produits \u00e0 temp\u00e9rature contr\u00f4l\u00e9e. Capacit\u00e9 int\u00e9rieure : 148 litres, id\u00e9al pour le transport de produits chauds, frais et surgel\u00e9s. Large compatibilit\u00e9 avec bacs GN, plateaux GN\/EN, plaques de p\u00e2tisserie et bacs 600 x 400 mm, gr\u00e2ce aux accessoires d\u00e9di\u00e9s. Porte amovible, [&hellip;]","og_url":"https:\/\/www.melform.com\/fr\/conteneurs-\/catalogue-de-produits\/conteneurs-isothermes-passifs\/thermax-fr\/conteneur-isotherme-af-150\/","og_site_name":"MELFORM","article_modified_time":"2025-02-19T12:08:05+00:00","og_image":[{"width":1200,"height":1200,"url":"https:\/\/www.melform.com\/wp-content\/uploads\/2022\/10\/FA1500012-1.jpg","type":"image\/jpeg"}],"twitter_card":"summary_large_image","schema":{"@context":"https:\/\/schema.org","@graph":[{"@type":"WebPage","@id":"https:\/\/www.melform.com\/fr\/conteneurs-\/catalogue-de-produits\/conteneurs-isothermes-passifs\/thermax-fr\/conteneur-isotherme-af-150\/","url":"https:\/\/www.melform.com\/fr\/conteneurs-\/catalogue-de-produits\/conteneurs-isothermes-passifs\/thermax-fr\/conteneur-isotherme-af-150\/","name":"Conteneur isotherme \u2013 AF 150 - MELFORM","isPartOf":{"@id":"https:\/\/www.melform.com\/fr\/#website"},"primaryImageOfPage":{"@id":"https:\/\/www.melform.com\/fr\/conteneurs-\/catalogue-de-produits\/conteneurs-isothermes-passifs\/thermax-fr\/conteneur-isotherme-af-150\/#primaryimage"},"image":{"@id":"https:\/\/www.melform.com\/fr\/conteneurs-\/catalogue-de-produits\/conteneurs-isothermes-passifs\/thermax-fr\/conteneur-isotherme-af-150\/#primaryimage"},"thumbnailUrl":"https:\/\/www.melform.com\/wp-content\/uploads\/2022\/10\/FA1500012-1.jpg","datePublished":"2022-10-07T12:14:30+00:00","dateModified":"2025-02-19T12:08:05+00:00","breadcrumb":{"@id":"https:\/\/www.melform.com\/fr\/conteneurs-\/catalogue-de-produits\/conteneurs-isothermes-passifs\/thermax-fr\/conteneur-isotherme-af-150\/#breadcrumb"},"inLanguage":"fr-FR","potentialAction":[{"@type":"ReadAction","target":["https:\/\/www.melform.com\/fr\/conteneurs-\/catalogue-de-produits\/conteneurs-isothermes-passifs\/thermax-fr\/conteneur-isotherme-af-150\/"]}]},{"@type":"ImageObject","inLanguage":"fr-FR","@id":"https:\/\/www.melform.com\/fr\/conteneurs-\/catalogue-de-produits\/conteneurs-isothermes-passifs\/thermax-fr\/conteneur-isotherme-af-150\/#primaryimage","url":"https:\/\/www.melform.com\/wp-content\/uploads\/2022\/10\/FA1500012-1.jpg","contentUrl":"https:\/\/www.melform.com\/wp-content\/uploads\/2022\/10\/FA1500012-1.jpg","width":1200,"height":1200},{"@type":"BreadcrumbList","@id":"https:\/\/www.melform.com\/fr\/conteneurs-\/catalogue-de-produits\/conteneurs-isothermes-passifs\/thermax-fr\/conteneur-isotherme-af-150\/#breadcrumb","itemListElement":[{"@type":"ListItem","position":1,"name":"Home","item":"https:\/\/www.melform.com\/fr\/"},{"@type":"ListItem","position":2,"name":"Shop","item":"https:\/\/www.melform.com\/fr\/shop\/"},{"@type":"ListItem","position":3,"name":"Conteneur isotherme \u2013 AF 150"}]},{"@type":"WebSite","@id":"https:\/\/www.melform.com\/fr\/#website","url":"https:\/\/www.melform.com\/fr\/","name":"MELFORM","description":"SISTEMI PER IL TRASPORTO E STOCCAGGIO A TEMPERATURA CONTROLLATA","potentialAction":[{"@type":"SearchAction","target":{"@type":"EntryPoint","urlTemplate":"https:\/\/www.melform.com\/fr\/?s={search_term_string}"},"query-input":{"@type":"PropertyValueSpecification","valueRequired":true,"valueName":"search_term_string"}}],"inLanguage":"fr-FR"}]}},"_links":{"self":[{"href":"https:\/\/www.melform.com\/fr\/wp-json\/wp\/v2\/product\/8400","targetHints":{"allow":["GET"]}}],"collection":[{"href":"https:\/\/www.melform.com\/fr\/wp-json\/wp\/v2\/product"}],"about":[{"href":"https:\/\/www.melform.com\/fr\/wp-json\/wp\/v2\/types\/product"}],"wp:featuredmedia":[{"embeddable":true,"href":"https:\/\/www.melform.com\/fr\/wp-json\/wp\/v2\/media\/6157"}],"wp:attachment":[{"href":"https:\/\/www.melform.com\/fr\/wp-json\/wp\/v2\/media?parent=8400"}],"wp:term":[{"taxonomy":"product_brand","embeddable":true,"href":"https:\/\/www.melform.com\/fr\/wp-json\/wp\/v2\/product_brand?post=8400"},{"taxonomy":"product_cat","embeddable":true,"href":"https:\/\/www.melform.com\/fr\/wp-json\/wp\/v2\/product_cat?post=8400"},{"taxonomy":"product_tag","embeddable":true,"href":"https:\/\/www.melform.com\/fr\/wp-json\/wp\/v2\/product_tag?post=8400"}],"curies":[{"name":"wp","href":"https:\/\/api.w.org\/{rel}","templated":true}]}}