{"id":8405,"date":"2022-10-07T14:14:45","date_gmt":"2022-10-07T12:14:45","guid":{"rendered":"https:\/\/www.melform.com\/product\/contenitore-isotermico-refrigerato-af-150\/"},"modified":"2024-11-07T23:07:30","modified_gmt":"2024-11-07T21:07:30","slug":"conteneur-refrigere-af-150","status":"publish","type":"product","link":"https:\/\/www.melform.com\/fr\/conteneurs-\/catalogue-de-produits\/conteneurs-isothermes-passifs\/thermax-fr\/conteneur-refrigere-af-150\/","title":{"rendered":"Conteneur r\u00e9frig\u00e9r\u00e9 &#8211; AF 150"},"content":{"rendered":"Conteneur r\u00e9frig\u00e9r\u00e9 \u00e0 ouverture frontale d&#8217;une capacit\u00e9 de 148 litres pour le transport de produits \u00e0 temp\u00e9rature contr\u00f4l\u00e9e. Grande flexibilit\u00e9 : les bacs GN. les plateaux GN\/EN, les plaques de p\u00e2tisserie et les bacs de 600 x 400 mm peuvent \u00eatre transport\u00e9s \u00e0 l&#8217;aide des accessoires appropri\u00e9s. R\u00e9alis\u00e9 en poly\u00e9thyl\u00e8ne et isol\u00e9 avec de la mousse polyur\u00e9thane sans CFC ni HCFC, il assure un maintien thermique correct, pr\u00e9servant les propri\u00e9t\u00e9s organoleptiques des aliments et limitant le risque de prolif\u00e9ration bact\u00e9rienne. Plage de temp\u00e9rature : 0\u00b0C &#8211; +40\u00b0.\r\n","protected":false},"excerpt":{"rendered":"Conteneur r\u00e9frig\u00e9r\u00e9 \u00e0 ouverture frontale d&#8217;une capacit\u00e9 de 148 litres pour le transport de produits \u00e0 temp\u00e9rature contr\u00f4l\u00e9e. Grande flexibilit\u00e9 : les bacs GN. les plateaux GN\/EN, les plaques de p\u00e2tisserie et les bacs de 600 x 400 mm peuvent \u00eatre transport\u00e9s \u00e0 l&#8217;aide des accessoires appropri\u00e9s. R\u00e9alis\u00e9 en poly\u00e9thyl\u00e8ne et isol\u00e9 avec de la [&hellip;]","protected":false},"featured_media":6154,"template":"","meta":{"_acf_changed":false,"_themeisle_gutenberg_block_has_review":false},"product_brand":[],"product_cat":[912,913,919],"product_tag":[],"class_list":{"0":"post-8405","1":"product","2":"type-product","3":"status-publish","4":"has-post-thumbnail","6":"product_cat-catalogue-de-produits","7":"product_cat-conteneurs-isothermes-passifs","8":"product_cat-thermax-fr","9":"pa_linea-thermax-fr","11":"first","12":"instock","13":"product-type-simple"},"acf":[],"yoast_head":"<!-- This site is optimized with the Yoast SEO plugin v26.4 - https:\/\/yoast.com\/wordpress\/plugins\/seo\/ -->\n<title>Conteneur r\u00e9frig\u00e9r\u00e9 - AF 150 - MELFORM<\/title>\n<meta name=\"robots\" content=\"index, follow, max-snippet:-1, max-image-preview:large, max-video-preview:-1\" \/>\n<link rel=\"canonical\" href=\"https:\/\/www.melform.com\/fr\/conteneurs-\/catalogue-de-produits\/conteneurs-isothermes-passifs\/thermax-fr\/conteneur-refrigere-af-150\/\" \/>\n<meta property=\"og:locale\" content=\"fr_FR\" \/>\n<meta property=\"og:type\" content=\"article\" \/>\n<meta property=\"og:title\" content=\"Conteneur r\u00e9frig\u00e9r\u00e9 - AF 150 - MELFORM\" \/>\n<meta property=\"og:description\" content=\"Conteneur r\u00e9frig\u00e9r\u00e9 \u00e0 ouverture frontale d&#8217;une capacit\u00e9 de 148 litres pour le transport de produits \u00e0 temp\u00e9rature contr\u00f4l\u00e9e. Grande flexibilit\u00e9 : les bacs GN. les plateaux GN\/EN, les plaques de p\u00e2tisserie et les bacs de 600 x 400 mm peuvent \u00eatre transport\u00e9s \u00e0 l&#8217;aide des accessoires appropri\u00e9s. R\u00e9alis\u00e9 en poly\u00e9thyl\u00e8ne et isol\u00e9 avec de la [&hellip;]\" \/>\n<meta property=\"og:url\" content=\"https:\/\/www.melform.com\/fr\/conteneurs-\/catalogue-de-produits\/conteneurs-isothermes-passifs\/thermax-fr\/conteneur-refrigere-af-150\/\" \/>\n<meta property=\"og:site_name\" content=\"MELFORM\" \/>\n<meta property=\"article:modified_time\" content=\"2024-11-07T21:07:30+00:00\" \/>\n<meta property=\"og:image\" content=\"https:\/\/www.melform.com\/wp-content\/uploads\/2022\/10\/Koala150_AP.jpg\" \/>\n\t<meta property=\"og:image:width\" content=\"1200\" \/>\n\t<meta property=\"og:image:height\" content=\"1200\" \/>\n\t<meta property=\"og:image:type\" content=\"image\/jpeg\" \/>\n<meta name=\"twitter:card\" content=\"summary_large_image\" \/>\n<script type=\"application\/ld+json\" class=\"yoast-schema-graph\">{\"@context\":\"https:\/\/schema.org\",\"@graph\":[{\"@type\":\"WebPage\",\"@id\":\"https:\/\/www.melform.com\/fr\/conteneurs-\/catalogue-de-produits\/conteneurs-isothermes-passifs\/thermax-fr\/conteneur-refrigere-af-150\/\",\"url\":\"https:\/\/www.melform.com\/fr\/conteneurs-\/catalogue-de-produits\/conteneurs-isothermes-passifs\/thermax-fr\/conteneur-refrigere-af-150\/\",\"name\":\"Conteneur r\u00e9frig\u00e9r\u00e9 - AF 150 - MELFORM\",\"isPartOf\":{\"@id\":\"https:\/\/www.melform.com\/fr\/#website\"},\"primaryImageOfPage\":{\"@id\":\"https:\/\/www.melform.com\/fr\/conteneurs-\/catalogue-de-produits\/conteneurs-isothermes-passifs\/thermax-fr\/conteneur-refrigere-af-150\/#primaryimage\"},\"image\":{\"@id\":\"https:\/\/www.melform.com\/fr\/conteneurs-\/catalogue-de-produits\/conteneurs-isothermes-passifs\/thermax-fr\/conteneur-refrigere-af-150\/#primaryimage\"},\"thumbnailUrl\":\"https:\/\/www.melform.com\/wp-content\/uploads\/2022\/10\/Koala150_AP.jpg\",\"datePublished\":\"2022-10-07T12:14:45+00:00\",\"dateModified\":\"2024-11-07T21:07:30+00:00\",\"breadcrumb\":{\"@id\":\"https:\/\/www.melform.com\/fr\/conteneurs-\/catalogue-de-produits\/conteneurs-isothermes-passifs\/thermax-fr\/conteneur-refrigere-af-150\/#breadcrumb\"},\"inLanguage\":\"fr-FR\",\"potentialAction\":[{\"@type\":\"ReadAction\",\"target\":[\"https:\/\/www.melform.com\/fr\/conteneurs-\/catalogue-de-produits\/conteneurs-isothermes-passifs\/thermax-fr\/conteneur-refrigere-af-150\/\"]}]},{\"@type\":\"ImageObject\",\"inLanguage\":\"fr-FR\",\"@id\":\"https:\/\/www.melform.com\/fr\/conteneurs-\/catalogue-de-produits\/conteneurs-isothermes-passifs\/thermax-fr\/conteneur-refrigere-af-150\/#primaryimage\",\"url\":\"https:\/\/www.melform.com\/wp-content\/uploads\/2022\/10\/Koala150_AP.jpg\",\"contentUrl\":\"https:\/\/www.melform.com\/wp-content\/uploads\/2022\/10\/Koala150_AP.jpg\",\"width\":1200,\"height\":1200},{\"@type\":\"BreadcrumbList\",\"@id\":\"https:\/\/www.melform.com\/fr\/conteneurs-\/catalogue-de-produits\/conteneurs-isothermes-passifs\/thermax-fr\/conteneur-refrigere-af-150\/#breadcrumb\",\"itemListElement\":[{\"@type\":\"ListItem\",\"position\":1,\"name\":\"Home\",\"item\":\"https:\/\/www.melform.com\/fr\/\"},{\"@type\":\"ListItem\",\"position\":2,\"name\":\"Shop\",\"item\":\"https:\/\/www.melform.com\/fr\/shop\/\"},{\"@type\":\"ListItem\",\"position\":3,\"name\":\"Conteneur r\u00e9frig\u00e9r\u00e9 &#8211; AF 150\"}]},{\"@type\":\"WebSite\",\"@id\":\"https:\/\/www.melform.com\/fr\/#website\",\"url\":\"https:\/\/www.melform.com\/fr\/\",\"name\":\"MELFORM\",\"description\":\"SISTEMI PER IL TRASPORTO E STOCCAGGIO A TEMPERATURA CONTROLLATA\",\"potentialAction\":[{\"@type\":\"SearchAction\",\"target\":{\"@type\":\"EntryPoint\",\"urlTemplate\":\"https:\/\/www.melform.com\/fr\/?s={search_term_string}\"},\"query-input\":{\"@type\":\"PropertyValueSpecification\",\"valueRequired\":true,\"valueName\":\"search_term_string\"}}],\"inLanguage\":\"fr-FR\"}]}<\/script>\n<!-- \/ Yoast SEO plugin. -->","yoast_head_json":{"title":"Conteneur r\u00e9frig\u00e9r\u00e9 - AF 150 - MELFORM","robots":{"index":"index","follow":"follow","max-snippet":"max-snippet:-1","max-image-preview":"max-image-preview:large","max-video-preview":"max-video-preview:-1"},"canonical":"https:\/\/www.melform.com\/fr\/conteneurs-\/catalogue-de-produits\/conteneurs-isothermes-passifs\/thermax-fr\/conteneur-refrigere-af-150\/","og_locale":"fr_FR","og_type":"article","og_title":"Conteneur r\u00e9frig\u00e9r\u00e9 - AF 150 - MELFORM","og_description":"Conteneur r\u00e9frig\u00e9r\u00e9 \u00e0 ouverture frontale d&#8217;une capacit\u00e9 de 148 litres pour le transport de produits \u00e0 temp\u00e9rature contr\u00f4l\u00e9e. Grande flexibilit\u00e9 : les bacs GN. les plateaux GN\/EN, les plaques de p\u00e2tisserie et les bacs de 600 x 400 mm peuvent \u00eatre transport\u00e9s \u00e0 l&#8217;aide des accessoires appropri\u00e9s. R\u00e9alis\u00e9 en poly\u00e9thyl\u00e8ne et isol\u00e9 avec de la [&hellip;]","og_url":"https:\/\/www.melform.com\/fr\/conteneurs-\/catalogue-de-produits\/conteneurs-isothermes-passifs\/thermax-fr\/conteneur-refrigere-af-150\/","og_site_name":"MELFORM","article_modified_time":"2024-11-07T21:07:30+00:00","og_image":[{"width":1200,"height":1200,"url":"https:\/\/www.melform.com\/wp-content\/uploads\/2022\/10\/Koala150_AP.jpg","type":"image\/jpeg"}],"twitter_card":"summary_large_image","schema":{"@context":"https:\/\/schema.org","@graph":[{"@type":"WebPage","@id":"https:\/\/www.melform.com\/fr\/conteneurs-\/catalogue-de-produits\/conteneurs-isothermes-passifs\/thermax-fr\/conteneur-refrigere-af-150\/","url":"https:\/\/www.melform.com\/fr\/conteneurs-\/catalogue-de-produits\/conteneurs-isothermes-passifs\/thermax-fr\/conteneur-refrigere-af-150\/","name":"Conteneur r\u00e9frig\u00e9r\u00e9 - AF 150 - MELFORM","isPartOf":{"@id":"https:\/\/www.melform.com\/fr\/#website"},"primaryImageOfPage":{"@id":"https:\/\/www.melform.com\/fr\/conteneurs-\/catalogue-de-produits\/conteneurs-isothermes-passifs\/thermax-fr\/conteneur-refrigere-af-150\/#primaryimage"},"image":{"@id":"https:\/\/www.melform.com\/fr\/conteneurs-\/catalogue-de-produits\/conteneurs-isothermes-passifs\/thermax-fr\/conteneur-refrigere-af-150\/#primaryimage"},"thumbnailUrl":"https:\/\/www.melform.com\/wp-content\/uploads\/2022\/10\/Koala150_AP.jpg","datePublished":"2022-10-07T12:14:45+00:00","dateModified":"2024-11-07T21:07:30+00:00","breadcrumb":{"@id":"https:\/\/www.melform.com\/fr\/conteneurs-\/catalogue-de-produits\/conteneurs-isothermes-passifs\/thermax-fr\/conteneur-refrigere-af-150\/#breadcrumb"},"inLanguage":"fr-FR","potentialAction":[{"@type":"ReadAction","target":["https:\/\/www.melform.com\/fr\/conteneurs-\/catalogue-de-produits\/conteneurs-isothermes-passifs\/thermax-fr\/conteneur-refrigere-af-150\/"]}]},{"@type":"ImageObject","inLanguage":"fr-FR","@id":"https:\/\/www.melform.com\/fr\/conteneurs-\/catalogue-de-produits\/conteneurs-isothermes-passifs\/thermax-fr\/conteneur-refrigere-af-150\/#primaryimage","url":"https:\/\/www.melform.com\/wp-content\/uploads\/2022\/10\/Koala150_AP.jpg","contentUrl":"https:\/\/www.melform.com\/wp-content\/uploads\/2022\/10\/Koala150_AP.jpg","width":1200,"height":1200},{"@type":"BreadcrumbList","@id":"https:\/\/www.melform.com\/fr\/conteneurs-\/catalogue-de-produits\/conteneurs-isothermes-passifs\/thermax-fr\/conteneur-refrigere-af-150\/#breadcrumb","itemListElement":[{"@type":"ListItem","position":1,"name":"Home","item":"https:\/\/www.melform.com\/fr\/"},{"@type":"ListItem","position":2,"name":"Shop","item":"https:\/\/www.melform.com\/fr\/shop\/"},{"@type":"ListItem","position":3,"name":"Conteneur r\u00e9frig\u00e9r\u00e9 &#8211; AF 150"}]},{"@type":"WebSite","@id":"https:\/\/www.melform.com\/fr\/#website","url":"https:\/\/www.melform.com\/fr\/","name":"MELFORM","description":"SISTEMI PER IL TRASPORTO E STOCCAGGIO A TEMPERATURA CONTROLLATA","potentialAction":[{"@type":"SearchAction","target":{"@type":"EntryPoint","urlTemplate":"https:\/\/www.melform.com\/fr\/?s={search_term_string}"},"query-input":{"@type":"PropertyValueSpecification","valueRequired":true,"valueName":"search_term_string"}}],"inLanguage":"fr-FR"}]}},"_links":{"self":[{"href":"https:\/\/www.melform.com\/fr\/wp-json\/wp\/v2\/product\/8405","targetHints":{"allow":["GET"]}}],"collection":[{"href":"https:\/\/www.melform.com\/fr\/wp-json\/wp\/v2\/product"}],"about":[{"href":"https:\/\/www.melform.com\/fr\/wp-json\/wp\/v2\/types\/product"}],"wp:featuredmedia":[{"embeddable":true,"href":"https:\/\/www.melform.com\/fr\/wp-json\/wp\/v2\/media\/6154"}],"wp:attachment":[{"href":"https:\/\/www.melform.com\/fr\/wp-json\/wp\/v2\/media?parent=8405"}],"wp:term":[{"taxonomy":"product_brand","embeddable":true,"href":"https:\/\/www.melform.com\/fr\/wp-json\/wp\/v2\/product_brand?post=8405"},{"taxonomy":"product_cat","embeddable":true,"href":"https:\/\/www.melform.com\/fr\/wp-json\/wp\/v2\/product_cat?post=8405"},{"taxonomy":"product_tag","embeddable":true,"href":"https:\/\/www.melform.com\/fr\/wp-json\/wp\/v2\/product_tag?post=8405"}],"curies":[{"name":"wp","href":"https:\/\/api.w.org\/{rel}","templated":true}]}}