{"id":8408,"date":"2022-10-07T14:15:02","date_gmt":"2022-10-07T12:15:02","guid":{"rendered":"https:\/\/www.melform.com\/product\/contenitore-isotermico-al-200\/"},"modified":"2025-08-19T07:50:39","modified_gmt":"2025-08-19T05:50:39","slug":"conteneur-isotherme-al-200","status":"publish","type":"product","link":"https:\/\/www.melform.com\/fr\/conteneurs-\/catalogue-de-produits\/conteneurs-isothermes-passifs\/thermax-fr\/conteneur-isotherme-al-200\/","title":{"rendered":"Conteneur isotherme \u2013 AL200"},"content":{"rendered":"<p data-start=\"1599\" data-end=\"1813\">Le <strong data-start=\"1602\" data-end=\"1631\">conteneur isotherme AL200<\/strong> est con\u00e7u pour le <strong data-start=\"1650\" data-end=\"1715\">transport s\u00fbr et efficace de produits \u00e0 temp\u00e9rature contr\u00f4l\u00e9e.<\/strong><\/p>\r\n\r\n<ul data-start=\"1856\" data-end=\"2641\">\r\n \t<li data-start=\"1856\" data-end=\"1953\"><strong data-start=\"1858\" data-end=\"1881\">Capacit\u00e9 int\u00e9rieure<\/strong> : <strong data-start=\"1884\" data-end=\"1897\">48 litres<\/strong>, id\u00e9al pour le transport d\u2019aliments chauds ou froids.<\/li>\r\n \t<li data-start=\"1954\" data-end=\"2032\"><strong data-start=\"1956\" data-end=\"1984\">Large ouverture lat\u00e9rale<\/strong>, facilitant le chargement et le d\u00e9chargement.<\/li>\r\n \t<li data-start=\"2033\" data-end=\"2257\"><strong data-start=\"2070\" data-end=\"2109\">Structure en poly\u00e9thyl\u00e8ne r\u00e9sistant<\/strong>, con\u00e7ue pour un usage intensif.<\/li>\r\n \t<li data-start=\"2033\" data-end=\"2257\"><strong data-start=\"2148\" data-end=\"2187\">Isolation en mousse de polyur\u00e9thane<\/strong>, sans CFC ni HCFC, garantissant <strong data-start=\"2220\" data-end=\"2254\">une haute efficacit\u00e9 thermique<\/strong>.<\/li>\r\n \t<li data-start=\"2258\" data-end=\"2350\"><strong data-start=\"2260\" data-end=\"2303\">Compatible avec les plaques eutectiques<\/strong>, pour un contr\u00f4le optimal de la temp\u00e9rature.<\/li>\r\n \t<li data-start=\"2351\" data-end=\"2436\"><strong data-start=\"2353\" data-end=\"2387\">Compatibilit\u00e9 avec les bacs GN<\/strong>, offrant une grande polyvalence d&#8217;utilisation.<\/li>\r\n \t<li data-start=\"2437\" data-end=\"2528\"><strong data-start=\"2439\" data-end=\"2477\">Poign\u00e9es de transport r\u00e9tractables<\/strong>, pour une manipulation plus facile et s\u00e9curis\u00e9e.<\/li>\r\n \t<li data-start=\"2529\" data-end=\"2641\"><strong data-start=\"2531\" data-end=\"2567\">Fermetures r\u00e9sistantes aux chocs<\/strong>, con\u00e7ues pour supporter les impacts et assurer une \u00e9tanch\u00e9it\u00e9 parfaite.<\/li>\r\n<\/ul>","protected":false},"excerpt":{"rendered":"Le conteneur isotherme AL200 est con\u00e7u pour le transport s\u00fbr et efficace de produits \u00e0 temp\u00e9rature contr\u00f4l\u00e9e. Capacit\u00e9 int\u00e9rieure : 48 litres, id\u00e9al pour le transport d\u2019aliments chauds ou froids. Large ouverture lat\u00e9rale, facilitant le chargement et le d\u00e9chargement. Structure en poly\u00e9thyl\u00e8ne r\u00e9sistant, con\u00e7ue pour un usage intensif. Isolation en mousse de polyur\u00e9thane, sans CFC [&hellip;]","protected":false},"featured_media":2931,"template":"","meta":{"_acf_changed":false,"_themeisle_gutenberg_block_has_review":false},"product_brand":[],"product_cat":[912,913,919,815,973],"product_tag":[],"class_list":{"0":"post-8408","1":"product","2":"type-product","3":"status-publish","4":"has-post-thumbnail","6":"product_cat-catalogue-de-produits","7":"product_cat-conteneurs-isothermes-passifs","8":"product_cat-thermax-fr","9":"product_cat-outlet-offres","10":"product_cat-conteneurs-isothermes-passifs-offres","11":"pa_linea-thermax-fr","12":"pa_moq-1-fr","13":"pa_moq-4-fr","15":"first","16":"instock","17":"purchasable","18":"product-type-variable","19":"wvs-archive-product-wrapper"},"acf":[],"yoast_head":"<!-- This site is optimized with the Yoast SEO plugin v26.4 - https:\/\/yoast.com\/wordpress\/plugins\/seo\/ -->\n<title>Conteneur isotherme \u2013 AL200 - MELFORM<\/title>\n<meta name=\"robots\" content=\"index, follow, max-snippet:-1, max-image-preview:large, max-video-preview:-1\" \/>\n<link rel=\"canonical\" href=\"https:\/\/www.melform.com\/fr\/conteneurs-\/catalogue-de-produits\/conteneurs-isothermes-passifs\/thermax-fr\/conteneur-isotherme-al-200\/\" \/>\n<meta property=\"og:locale\" content=\"fr_FR\" \/>\n<meta property=\"og:type\" content=\"article\" \/>\n<meta property=\"og:title\" content=\"Conteneur isotherme \u2013 AL200 - MELFORM\" \/>\n<meta property=\"og:description\" content=\"Le conteneur isotherme AL200 est con\u00e7u pour le transport s\u00fbr et efficace de produits \u00e0 temp\u00e9rature contr\u00f4l\u00e9e. Capacit\u00e9 int\u00e9rieure : 48 litres, id\u00e9al pour le transport d\u2019aliments chauds ou froids. Large ouverture lat\u00e9rale, facilitant le chargement et le d\u00e9chargement. Structure en poly\u00e9thyl\u00e8ne r\u00e9sistant, con\u00e7ue pour un usage intensif. Isolation en mousse de polyur\u00e9thane, sans CFC [&hellip;]\" \/>\n<meta property=\"og:url\" content=\"https:\/\/www.melform.com\/fr\/conteneurs-\/catalogue-de-produits\/conteneurs-isothermes-passifs\/thermax-fr\/conteneur-isotherme-al-200\/\" \/>\n<meta property=\"og:site_name\" content=\"MELFORM\" \/>\n<meta property=\"article:modified_time\" content=\"2025-08-19T05:50:39+00:00\" \/>\n<meta property=\"og:image\" content=\"https:\/\/www.melform.com\/wp-content\/uploads\/2022\/10\/AL200001.jpg\" \/>\n\t<meta property=\"og:image:width\" content=\"1000\" \/>\n\t<meta property=\"og:image:height\" content=\"667\" \/>\n\t<meta property=\"og:image:type\" content=\"image\/jpeg\" \/>\n<meta name=\"twitter:card\" content=\"summary_large_image\" \/>\n<script type=\"application\/ld+json\" class=\"yoast-schema-graph\">{\"@context\":\"https:\/\/schema.org\",\"@graph\":[{\"@type\":\"WebPage\",\"@id\":\"https:\/\/www.melform.com\/fr\/conteneurs-\/catalogue-de-produits\/conteneurs-isothermes-passifs\/thermax-fr\/conteneur-isotherme-al-200\/\",\"url\":\"https:\/\/www.melform.com\/fr\/conteneurs-\/catalogue-de-produits\/conteneurs-isothermes-passifs\/thermax-fr\/conteneur-isotherme-al-200\/\",\"name\":\"Conteneur isotherme \u2013 AL200 - MELFORM\",\"isPartOf\":{\"@id\":\"https:\/\/www.melform.com\/fr\/#website\"},\"primaryImageOfPage\":{\"@id\":\"https:\/\/www.melform.com\/fr\/conteneurs-\/catalogue-de-produits\/conteneurs-isothermes-passifs\/thermax-fr\/conteneur-isotherme-al-200\/#primaryimage\"},\"image\":{\"@id\":\"https:\/\/www.melform.com\/fr\/conteneurs-\/catalogue-de-produits\/conteneurs-isothermes-passifs\/thermax-fr\/conteneur-isotherme-al-200\/#primaryimage\"},\"thumbnailUrl\":\"https:\/\/www.melform.com\/wp-content\/uploads\/2022\/10\/AL200001.jpg\",\"datePublished\":\"2022-10-07T12:15:02+00:00\",\"dateModified\":\"2025-08-19T05:50:39+00:00\",\"breadcrumb\":{\"@id\":\"https:\/\/www.melform.com\/fr\/conteneurs-\/catalogue-de-produits\/conteneurs-isothermes-passifs\/thermax-fr\/conteneur-isotherme-al-200\/#breadcrumb\"},\"inLanguage\":\"fr-FR\",\"potentialAction\":[{\"@type\":\"ReadAction\",\"target\":[\"https:\/\/www.melform.com\/fr\/conteneurs-\/catalogue-de-produits\/conteneurs-isothermes-passifs\/thermax-fr\/conteneur-isotherme-al-200\/\"]}]},{\"@type\":\"ImageObject\",\"inLanguage\":\"fr-FR\",\"@id\":\"https:\/\/www.melform.com\/fr\/conteneurs-\/catalogue-de-produits\/conteneurs-isothermes-passifs\/thermax-fr\/conteneur-isotherme-al-200\/#primaryimage\",\"url\":\"https:\/\/www.melform.com\/wp-content\/uploads\/2022\/10\/AL200001.jpg\",\"contentUrl\":\"https:\/\/www.melform.com\/wp-content\/uploads\/2022\/10\/AL200001.jpg\",\"width\":1000,\"height\":667},{\"@type\":\"BreadcrumbList\",\"@id\":\"https:\/\/www.melform.com\/fr\/conteneurs-\/catalogue-de-produits\/conteneurs-isothermes-passifs\/thermax-fr\/conteneur-isotherme-al-200\/#breadcrumb\",\"itemListElement\":[{\"@type\":\"ListItem\",\"position\":1,\"name\":\"Home\",\"item\":\"https:\/\/www.melform.com\/fr\/\"},{\"@type\":\"ListItem\",\"position\":2,\"name\":\"Shop\",\"item\":\"https:\/\/www.melform.com\/fr\/shop\/\"},{\"@type\":\"ListItem\",\"position\":3,\"name\":\"Conteneur isotherme \u2013 AL200\"}]},{\"@type\":\"WebSite\",\"@id\":\"https:\/\/www.melform.com\/fr\/#website\",\"url\":\"https:\/\/www.melform.com\/fr\/\",\"name\":\"MELFORM\",\"description\":\"SISTEMI PER IL TRASPORTO E STOCCAGGIO A TEMPERATURA CONTROLLATA\",\"potentialAction\":[{\"@type\":\"SearchAction\",\"target\":{\"@type\":\"EntryPoint\",\"urlTemplate\":\"https:\/\/www.melform.com\/fr\/?s={search_term_string}\"},\"query-input\":{\"@type\":\"PropertyValueSpecification\",\"valueRequired\":true,\"valueName\":\"search_term_string\"}}],\"inLanguage\":\"fr-FR\"}]}<\/script>\n<!-- \/ Yoast SEO plugin. -->","yoast_head_json":{"title":"Conteneur isotherme \u2013 AL200 - MELFORM","robots":{"index":"index","follow":"follow","max-snippet":"max-snippet:-1","max-image-preview":"max-image-preview:large","max-video-preview":"max-video-preview:-1"},"canonical":"https:\/\/www.melform.com\/fr\/conteneurs-\/catalogue-de-produits\/conteneurs-isothermes-passifs\/thermax-fr\/conteneur-isotherme-al-200\/","og_locale":"fr_FR","og_type":"article","og_title":"Conteneur isotherme \u2013 AL200 - MELFORM","og_description":"Le conteneur isotherme AL200 est con\u00e7u pour le transport s\u00fbr et efficace de produits \u00e0 temp\u00e9rature contr\u00f4l\u00e9e. Capacit\u00e9 int\u00e9rieure : 48 litres, id\u00e9al pour le transport d\u2019aliments chauds ou froids. Large ouverture lat\u00e9rale, facilitant le chargement et le d\u00e9chargement. Structure en poly\u00e9thyl\u00e8ne r\u00e9sistant, con\u00e7ue pour un usage intensif. Isolation en mousse de polyur\u00e9thane, sans CFC [&hellip;]","og_url":"https:\/\/www.melform.com\/fr\/conteneurs-\/catalogue-de-produits\/conteneurs-isothermes-passifs\/thermax-fr\/conteneur-isotherme-al-200\/","og_site_name":"MELFORM","article_modified_time":"2025-08-19T05:50:39+00:00","og_image":[{"width":1000,"height":667,"url":"https:\/\/www.melform.com\/wp-content\/uploads\/2022\/10\/AL200001.jpg","type":"image\/jpeg"}],"twitter_card":"summary_large_image","schema":{"@context":"https:\/\/schema.org","@graph":[{"@type":"WebPage","@id":"https:\/\/www.melform.com\/fr\/conteneurs-\/catalogue-de-produits\/conteneurs-isothermes-passifs\/thermax-fr\/conteneur-isotherme-al-200\/","url":"https:\/\/www.melform.com\/fr\/conteneurs-\/catalogue-de-produits\/conteneurs-isothermes-passifs\/thermax-fr\/conteneur-isotherme-al-200\/","name":"Conteneur isotherme \u2013 AL200 - MELFORM","isPartOf":{"@id":"https:\/\/www.melform.com\/fr\/#website"},"primaryImageOfPage":{"@id":"https:\/\/www.melform.com\/fr\/conteneurs-\/catalogue-de-produits\/conteneurs-isothermes-passifs\/thermax-fr\/conteneur-isotherme-al-200\/#primaryimage"},"image":{"@id":"https:\/\/www.melform.com\/fr\/conteneurs-\/catalogue-de-produits\/conteneurs-isothermes-passifs\/thermax-fr\/conteneur-isotherme-al-200\/#primaryimage"},"thumbnailUrl":"https:\/\/www.melform.com\/wp-content\/uploads\/2022\/10\/AL200001.jpg","datePublished":"2022-10-07T12:15:02+00:00","dateModified":"2025-08-19T05:50:39+00:00","breadcrumb":{"@id":"https:\/\/www.melform.com\/fr\/conteneurs-\/catalogue-de-produits\/conteneurs-isothermes-passifs\/thermax-fr\/conteneur-isotherme-al-200\/#breadcrumb"},"inLanguage":"fr-FR","potentialAction":[{"@type":"ReadAction","target":["https:\/\/www.melform.com\/fr\/conteneurs-\/catalogue-de-produits\/conteneurs-isothermes-passifs\/thermax-fr\/conteneur-isotherme-al-200\/"]}]},{"@type":"ImageObject","inLanguage":"fr-FR","@id":"https:\/\/www.melform.com\/fr\/conteneurs-\/catalogue-de-produits\/conteneurs-isothermes-passifs\/thermax-fr\/conteneur-isotherme-al-200\/#primaryimage","url":"https:\/\/www.melform.com\/wp-content\/uploads\/2022\/10\/AL200001.jpg","contentUrl":"https:\/\/www.melform.com\/wp-content\/uploads\/2022\/10\/AL200001.jpg","width":1000,"height":667},{"@type":"BreadcrumbList","@id":"https:\/\/www.melform.com\/fr\/conteneurs-\/catalogue-de-produits\/conteneurs-isothermes-passifs\/thermax-fr\/conteneur-isotherme-al-200\/#breadcrumb","itemListElement":[{"@type":"ListItem","position":1,"name":"Home","item":"https:\/\/www.melform.com\/fr\/"},{"@type":"ListItem","position":2,"name":"Shop","item":"https:\/\/www.melform.com\/fr\/shop\/"},{"@type":"ListItem","position":3,"name":"Conteneur isotherme \u2013 AL200"}]},{"@type":"WebSite","@id":"https:\/\/www.melform.com\/fr\/#website","url":"https:\/\/www.melform.com\/fr\/","name":"MELFORM","description":"SISTEMI PER IL TRASPORTO E STOCCAGGIO A TEMPERATURA CONTROLLATA","potentialAction":[{"@type":"SearchAction","target":{"@type":"EntryPoint","urlTemplate":"https:\/\/www.melform.com\/fr\/?s={search_term_string}"},"query-input":{"@type":"PropertyValueSpecification","valueRequired":true,"valueName":"search_term_string"}}],"inLanguage":"fr-FR"}]}},"_links":{"self":[{"href":"https:\/\/www.melform.com\/fr\/wp-json\/wp\/v2\/product\/8408","targetHints":{"allow":["GET"]}}],"collection":[{"href":"https:\/\/www.melform.com\/fr\/wp-json\/wp\/v2\/product"}],"about":[{"href":"https:\/\/www.melform.com\/fr\/wp-json\/wp\/v2\/types\/product"}],"wp:featuredmedia":[{"embeddable":true,"href":"https:\/\/www.melform.com\/fr\/wp-json\/wp\/v2\/media\/2931"}],"wp:attachment":[{"href":"https:\/\/www.melform.com\/fr\/wp-json\/wp\/v2\/media?parent=8408"}],"wp:term":[{"taxonomy":"product_brand","embeddable":true,"href":"https:\/\/www.melform.com\/fr\/wp-json\/wp\/v2\/product_brand?post=8408"},{"taxonomy":"product_cat","embeddable":true,"href":"https:\/\/www.melform.com\/fr\/wp-json\/wp\/v2\/product_cat?post=8408"},{"taxonomy":"product_tag","embeddable":true,"href":"https:\/\/www.melform.com\/fr\/wp-json\/wp\/v2\/product_tag?post=8408"}],"curies":[{"name":"wp","href":"https:\/\/api.w.org\/{rel}","templated":true}]}}