{"id":8413,"date":"2022-10-07T14:15:20","date_gmt":"2022-10-07T12:15:20","guid":{"rendered":"https:\/\/www.melform.com\/product\/contenitore-isotermico-gn-1-1\/"},"modified":"2025-08-19T07:49:07","modified_gmt":"2025-08-19T05:49:07","slug":"conteneur-isotherme-gn-1-1","status":"publish","type":"product","link":"https:\/\/www.melform.com\/fr\/conteneurs-\/catalogue-de-produits\/conteneurs-isothermes-passifs\/thermax-fr\/conteneur-isotherme-gn-1-1\/","title":{"rendered":"Conteneur isotherme \u2013 GN 1\/1"},"content":{"rendered":"<p data-start=\"1116\" data-end=\"1338\">Le <strong data-start=\"1119\" data-end=\"1149\">conteneur isotherme GN 1\/1<\/strong> est con\u00e7u pour le <strong data-start=\"1168\" data-end=\"1228\">transport s\u00e9curis\u00e9 et contr\u00f4l\u00e9 des produits alimentaires<\/strong>,.<\/p>\r\n\r\n<ul data-start=\"1381\" data-end=\"2217\" data-is-last-node=\"\" data-is-only-node=\"\">\r\n \t<li data-start=\"1381\" data-end=\"1475\"><strong data-start=\"1383\" data-end=\"1403\">Capacit\u00e9 interne<\/strong> : <strong data-start=\"1406\" data-end=\"1419\">39 litres<\/strong>, id\u00e9al pour le transport d\u2019aliments chauds ou froids.<\/li>\r\n \t<li data-start=\"1476\" data-end=\"1553\"><strong data-start=\"1478\" data-end=\"1502\">Ouverture sup\u00e9rieure<\/strong>, facilitant l\u2019acc\u00e8s et la gestion du chargement.<\/li>\r\n \t<li data-start=\"1554\" data-end=\"1785\"><strong data-start=\"1591\" data-end=\"1630\">Structure en poly\u00e9thyl\u00e8ne r\u00e9sistant<\/strong>, con\u00e7ue pour un usage intensif.<\/li>\r\n \t<li data-start=\"1554\" data-end=\"1785\"><strong data-start=\"1669\" data-end=\"1708\">Isolation en mousse de polyur\u00e9thane<\/strong>, sans CFC ni HCFC, garantissant un <strong data-start=\"1744\" data-end=\"1782\">maintien optimal de la temp\u00e9rature<\/strong>.<\/li>\r\n \t<li data-start=\"1786\" data-end=\"1875\"><strong data-start=\"1788\" data-end=\"1819\">Compatible avec les bacs GN<\/strong>, pour une gestion pratique et polyvalente du contenu.<\/li>\r\n \t<li data-start=\"1876\" data-end=\"1959\"><strong data-start=\"1878\" data-end=\"1913\">Poign\u00e9es de transport amovibles<\/strong>, pour une manipulation facile et s\u00e9curis\u00e9e.<\/li>\r\n \t<li data-start=\"1960\" data-end=\"2058\"><strong data-start=\"1962\" data-end=\"2007\">Crochets de fermeture en acier inoxydable<\/strong>, offrant une s\u00e9curit\u00e9 et une durabilit\u00e9 accrues.<\/li>\r\n \t<li data-start=\"2059\" data-end=\"2139\"><strong data-start=\"2061\" data-end=\"2087\">Valve d\u2019\u00e9vent r\u00e9glable<\/strong>, pour un contr\u00f4le optimal de la pression interne.<\/li>\r\n \t<li data-start=\"2140\" data-end=\"2217\" data-is-last-node=\"\"><strong data-start=\"2142\" data-end=\"2165\">Structure empilable<\/strong>, optimisant l\u2019espace de stockage et de transport.<\/li>\r\n<\/ul>","protected":false},"excerpt":{"rendered":"Le conteneur isotherme GN 1\/1 est con\u00e7u pour le transport s\u00e9curis\u00e9 et contr\u00f4l\u00e9 des produits alimentaires,. Capacit\u00e9 interne : 39 litres, id\u00e9al pour le transport d\u2019aliments chauds ou froids. Ouverture sup\u00e9rieure, facilitant l\u2019acc\u00e8s et la gestion du chargement. Structure en poly\u00e9thyl\u00e8ne r\u00e9sistant, con\u00e7ue pour un usage intensif. Isolation en mousse de polyur\u00e9thane, sans CFC ni [&hellip;]","protected":false},"featured_media":6124,"template":"","meta":{"_acf_changed":false,"_themeisle_gutenberg_block_has_review":false},"product_brand":[],"product_cat":[912,913,919,815,973],"product_tag":[],"class_list":{"0":"post-8413","1":"product","2":"type-product","3":"status-publish","4":"has-post-thumbnail","6":"product_cat-catalogue-de-produits","7":"product_cat-conteneurs-isothermes-passifs","8":"product_cat-thermax-fr","9":"product_cat-outlet-offres","10":"product_cat-conteneurs-isothermes-passifs-offres","11":"pa_linea-thermax-fr","13":"first","14":"instock","15":"product-type-variable","16":"wvs-archive-product-wrapper"},"acf":[],"yoast_head":"<!-- This site is optimized with the Yoast SEO plugin v26.4 - https:\/\/yoast.com\/wordpress\/plugins\/seo\/ -->\n<title>Conteneur isotherme \u2013 GN 1\/1 - MELFORM<\/title>\n<meta name=\"robots\" content=\"index, follow, max-snippet:-1, max-image-preview:large, max-video-preview:-1\" \/>\n<link rel=\"canonical\" href=\"https:\/\/www.melform.com\/fr\/conteneurs-\/catalogue-de-produits\/conteneurs-isothermes-passifs\/thermax-fr\/conteneur-isotherme-gn-1-1\/\" \/>\n<meta property=\"og:locale\" content=\"fr_FR\" \/>\n<meta property=\"og:type\" content=\"article\" \/>\n<meta property=\"og:title\" content=\"Conteneur isotherme \u2013 GN 1\/1 - MELFORM\" \/>\n<meta property=\"og:description\" content=\"Le conteneur isotherme GN 1\/1 est con\u00e7u pour le transport s\u00e9curis\u00e9 et contr\u00f4l\u00e9 des produits alimentaires,. Capacit\u00e9 interne : 39 litres, id\u00e9al pour le transport d\u2019aliments chauds ou froids. Ouverture sup\u00e9rieure, facilitant l\u2019acc\u00e8s et la gestion du chargement. Structure en poly\u00e9thyl\u00e8ne r\u00e9sistant, con\u00e7ue pour un usage intensif. Isolation en mousse de polyur\u00e9thane, sans CFC ni [&hellip;]\" \/>\n<meta property=\"og:url\" content=\"https:\/\/www.melform.com\/fr\/conteneurs-\/catalogue-de-produits\/conteneurs-isothermes-passifs\/thermax-fr\/conteneur-isotherme-gn-1-1\/\" \/>\n<meta property=\"og:site_name\" content=\"MELFORM\" \/>\n<meta property=\"article:modified_time\" content=\"2025-08-19T05:49:07+00:00\" \/>\n<meta property=\"og:image\" content=\"https:\/\/www.melform.com\/wp-content\/uploads\/2022\/10\/351-GN-1-1.jpg\" \/>\n\t<meta property=\"og:image:width\" content=\"1200\" \/>\n\t<meta property=\"og:image:height\" content=\"1200\" \/>\n\t<meta property=\"og:image:type\" content=\"image\/jpeg\" \/>\n<meta name=\"twitter:card\" content=\"summary_large_image\" \/>\n<script type=\"application\/ld+json\" class=\"yoast-schema-graph\">{\"@context\":\"https:\/\/schema.org\",\"@graph\":[{\"@type\":\"WebPage\",\"@id\":\"https:\/\/www.melform.com\/fr\/conteneurs-\/catalogue-de-produits\/conteneurs-isothermes-passifs\/thermax-fr\/conteneur-isotherme-gn-1-1\/\",\"url\":\"https:\/\/www.melform.com\/fr\/conteneurs-\/catalogue-de-produits\/conteneurs-isothermes-passifs\/thermax-fr\/conteneur-isotherme-gn-1-1\/\",\"name\":\"Conteneur isotherme \u2013 GN 1\/1 - MELFORM\",\"isPartOf\":{\"@id\":\"https:\/\/www.melform.com\/fr\/#website\"},\"primaryImageOfPage\":{\"@id\":\"https:\/\/www.melform.com\/fr\/conteneurs-\/catalogue-de-produits\/conteneurs-isothermes-passifs\/thermax-fr\/conteneur-isotherme-gn-1-1\/#primaryimage\"},\"image\":{\"@id\":\"https:\/\/www.melform.com\/fr\/conteneurs-\/catalogue-de-produits\/conteneurs-isothermes-passifs\/thermax-fr\/conteneur-isotherme-gn-1-1\/#primaryimage\"},\"thumbnailUrl\":\"https:\/\/www.melform.com\/wp-content\/uploads\/2022\/10\/351-GN-1-1.jpg\",\"datePublished\":\"2022-10-07T12:15:20+00:00\",\"dateModified\":\"2025-08-19T05:49:07+00:00\",\"breadcrumb\":{\"@id\":\"https:\/\/www.melform.com\/fr\/conteneurs-\/catalogue-de-produits\/conteneurs-isothermes-passifs\/thermax-fr\/conteneur-isotherme-gn-1-1\/#breadcrumb\"},\"inLanguage\":\"fr-FR\",\"potentialAction\":[{\"@type\":\"ReadAction\",\"target\":[\"https:\/\/www.melform.com\/fr\/conteneurs-\/catalogue-de-produits\/conteneurs-isothermes-passifs\/thermax-fr\/conteneur-isotherme-gn-1-1\/\"]}]},{\"@type\":\"ImageObject\",\"inLanguage\":\"fr-FR\",\"@id\":\"https:\/\/www.melform.com\/fr\/conteneurs-\/catalogue-de-produits\/conteneurs-isothermes-passifs\/thermax-fr\/conteneur-isotherme-gn-1-1\/#primaryimage\",\"url\":\"https:\/\/www.melform.com\/wp-content\/uploads\/2022\/10\/351-GN-1-1.jpg\",\"contentUrl\":\"https:\/\/www.melform.com\/wp-content\/uploads\/2022\/10\/351-GN-1-1.jpg\",\"width\":1200,\"height\":1200},{\"@type\":\"BreadcrumbList\",\"@id\":\"https:\/\/www.melform.com\/fr\/conteneurs-\/catalogue-de-produits\/conteneurs-isothermes-passifs\/thermax-fr\/conteneur-isotherme-gn-1-1\/#breadcrumb\",\"itemListElement\":[{\"@type\":\"ListItem\",\"position\":1,\"name\":\"Home\",\"item\":\"https:\/\/www.melform.com\/fr\/\"},{\"@type\":\"ListItem\",\"position\":2,\"name\":\"Shop\",\"item\":\"https:\/\/www.melform.com\/fr\/shop\/\"},{\"@type\":\"ListItem\",\"position\":3,\"name\":\"Conteneur isotherme \u2013 GN 1\/1\"}]},{\"@type\":\"WebSite\",\"@id\":\"https:\/\/www.melform.com\/fr\/#website\",\"url\":\"https:\/\/www.melform.com\/fr\/\",\"name\":\"MELFORM\",\"description\":\"SISTEMI PER IL TRASPORTO E STOCCAGGIO A TEMPERATURA CONTROLLATA\",\"potentialAction\":[{\"@type\":\"SearchAction\",\"target\":{\"@type\":\"EntryPoint\",\"urlTemplate\":\"https:\/\/www.melform.com\/fr\/?s={search_term_string}\"},\"query-input\":{\"@type\":\"PropertyValueSpecification\",\"valueRequired\":true,\"valueName\":\"search_term_string\"}}],\"inLanguage\":\"fr-FR\"}]}<\/script>\n<!-- \/ Yoast SEO plugin. -->","yoast_head_json":{"title":"Conteneur isotherme \u2013 GN 1\/1 - MELFORM","robots":{"index":"index","follow":"follow","max-snippet":"max-snippet:-1","max-image-preview":"max-image-preview:large","max-video-preview":"max-video-preview:-1"},"canonical":"https:\/\/www.melform.com\/fr\/conteneurs-\/catalogue-de-produits\/conteneurs-isothermes-passifs\/thermax-fr\/conteneur-isotherme-gn-1-1\/","og_locale":"fr_FR","og_type":"article","og_title":"Conteneur isotherme \u2013 GN 1\/1 - MELFORM","og_description":"Le conteneur isotherme GN 1\/1 est con\u00e7u pour le transport s\u00e9curis\u00e9 et contr\u00f4l\u00e9 des produits alimentaires,. Capacit\u00e9 interne : 39 litres, id\u00e9al pour le transport d\u2019aliments chauds ou froids. Ouverture sup\u00e9rieure, facilitant l\u2019acc\u00e8s et la gestion du chargement. Structure en poly\u00e9thyl\u00e8ne r\u00e9sistant, con\u00e7ue pour un usage intensif. Isolation en mousse de polyur\u00e9thane, sans CFC ni [&hellip;]","og_url":"https:\/\/www.melform.com\/fr\/conteneurs-\/catalogue-de-produits\/conteneurs-isothermes-passifs\/thermax-fr\/conteneur-isotherme-gn-1-1\/","og_site_name":"MELFORM","article_modified_time":"2025-08-19T05:49:07+00:00","og_image":[{"width":1200,"height":1200,"url":"https:\/\/www.melform.com\/wp-content\/uploads\/2022\/10\/351-GN-1-1.jpg","type":"image\/jpeg"}],"twitter_card":"summary_large_image","schema":{"@context":"https:\/\/schema.org","@graph":[{"@type":"WebPage","@id":"https:\/\/www.melform.com\/fr\/conteneurs-\/catalogue-de-produits\/conteneurs-isothermes-passifs\/thermax-fr\/conteneur-isotherme-gn-1-1\/","url":"https:\/\/www.melform.com\/fr\/conteneurs-\/catalogue-de-produits\/conteneurs-isothermes-passifs\/thermax-fr\/conteneur-isotherme-gn-1-1\/","name":"Conteneur isotherme \u2013 GN 1\/1 - MELFORM","isPartOf":{"@id":"https:\/\/www.melform.com\/fr\/#website"},"primaryImageOfPage":{"@id":"https:\/\/www.melform.com\/fr\/conteneurs-\/catalogue-de-produits\/conteneurs-isothermes-passifs\/thermax-fr\/conteneur-isotherme-gn-1-1\/#primaryimage"},"image":{"@id":"https:\/\/www.melform.com\/fr\/conteneurs-\/catalogue-de-produits\/conteneurs-isothermes-passifs\/thermax-fr\/conteneur-isotherme-gn-1-1\/#primaryimage"},"thumbnailUrl":"https:\/\/www.melform.com\/wp-content\/uploads\/2022\/10\/351-GN-1-1.jpg","datePublished":"2022-10-07T12:15:20+00:00","dateModified":"2025-08-19T05:49:07+00:00","breadcrumb":{"@id":"https:\/\/www.melform.com\/fr\/conteneurs-\/catalogue-de-produits\/conteneurs-isothermes-passifs\/thermax-fr\/conteneur-isotherme-gn-1-1\/#breadcrumb"},"inLanguage":"fr-FR","potentialAction":[{"@type":"ReadAction","target":["https:\/\/www.melform.com\/fr\/conteneurs-\/catalogue-de-produits\/conteneurs-isothermes-passifs\/thermax-fr\/conteneur-isotherme-gn-1-1\/"]}]},{"@type":"ImageObject","inLanguage":"fr-FR","@id":"https:\/\/www.melform.com\/fr\/conteneurs-\/catalogue-de-produits\/conteneurs-isothermes-passifs\/thermax-fr\/conteneur-isotherme-gn-1-1\/#primaryimage","url":"https:\/\/www.melform.com\/wp-content\/uploads\/2022\/10\/351-GN-1-1.jpg","contentUrl":"https:\/\/www.melform.com\/wp-content\/uploads\/2022\/10\/351-GN-1-1.jpg","width":1200,"height":1200},{"@type":"BreadcrumbList","@id":"https:\/\/www.melform.com\/fr\/conteneurs-\/catalogue-de-produits\/conteneurs-isothermes-passifs\/thermax-fr\/conteneur-isotherme-gn-1-1\/#breadcrumb","itemListElement":[{"@type":"ListItem","position":1,"name":"Home","item":"https:\/\/www.melform.com\/fr\/"},{"@type":"ListItem","position":2,"name":"Shop","item":"https:\/\/www.melform.com\/fr\/shop\/"},{"@type":"ListItem","position":3,"name":"Conteneur isotherme \u2013 GN 1\/1"}]},{"@type":"WebSite","@id":"https:\/\/www.melform.com\/fr\/#website","url":"https:\/\/www.melform.com\/fr\/","name":"MELFORM","description":"SISTEMI PER IL TRASPORTO E STOCCAGGIO A TEMPERATURA CONTROLLATA","potentialAction":[{"@type":"SearchAction","target":{"@type":"EntryPoint","urlTemplate":"https:\/\/www.melform.com\/fr\/?s={search_term_string}"},"query-input":{"@type":"PropertyValueSpecification","valueRequired":true,"valueName":"search_term_string"}}],"inLanguage":"fr-FR"}]}},"_links":{"self":[{"href":"https:\/\/www.melform.com\/fr\/wp-json\/wp\/v2\/product\/8413","targetHints":{"allow":["GET"]}}],"collection":[{"href":"https:\/\/www.melform.com\/fr\/wp-json\/wp\/v2\/product"}],"about":[{"href":"https:\/\/www.melform.com\/fr\/wp-json\/wp\/v2\/types\/product"}],"wp:featuredmedia":[{"embeddable":true,"href":"https:\/\/www.melform.com\/fr\/wp-json\/wp\/v2\/media\/6124"}],"wp:attachment":[{"href":"https:\/\/www.melform.com\/fr\/wp-json\/wp\/v2\/media?parent=8413"}],"wp:term":[{"taxonomy":"product_brand","embeddable":true,"href":"https:\/\/www.melform.com\/fr\/wp-json\/wp\/v2\/product_brand?post=8413"},{"taxonomy":"product_cat","embeddable":true,"href":"https:\/\/www.melform.com\/fr\/wp-json\/wp\/v2\/product_cat?post=8413"},{"taxonomy":"product_tag","embeddable":true,"href":"https:\/\/www.melform.com\/fr\/wp-json\/wp\/v2\/product_tag?post=8413"}],"curies":[{"name":"wp","href":"https:\/\/api.w.org\/{rel}","templated":true}]}}