{"id":8417,"date":"2022-10-07T14:15:37","date_gmt":"2022-10-07T12:15:37","guid":{"rendered":"https:\/\/www.melform.com\/product\/contenitore-isotermico-gn-18-18\/"},"modified":"2025-08-19T07:49:23","modified_gmt":"2025-08-19T05:49:23","slug":"conteneur-isotherme-gn-18-18","status":"publish","type":"product","link":"https:\/\/www.melform.com\/fr\/conteneurs-\/catalogue-de-produits\/conteneurs-isothermes-passifs\/thermax-fr\/conteneur-isotherme-gn-18-18\/","title":{"rendered":"Conteneur isotherme \u2013 GN 18\/18"},"content":{"rendered":"<p data-start=\"956\" data-end=\"1181\">Le <strong data-start=\"959\" data-end=\"991\">conteneur isotherme GN 18\/18<\/strong> est con\u00e7u pour le <strong data-start=\"1010\" data-end=\"1069\">transport s\u00e9curis\u00e9 des produits \u00e0 temp\u00e9rature contr\u00f4l\u00e9.<\/strong><\/p>\r\n\r\n<ul data-start=\"1224\" data-end=\"1896\" data-is-only-node=\"\" data-is-last-node=\"\">\r\n \t<li data-start=\"1224\" data-end=\"1318\"><strong data-start=\"1226\" data-end=\"1246\">Capacit\u00e9 interne<\/strong> : <strong data-start=\"1249\" data-end=\"1262\">49 litres<\/strong>, id\u00e9al pour le transport d\u2019aliments chauds ou froids.<\/li>\r\n \t<li data-start=\"1319\" data-end=\"1393\"><strong data-start=\"1321\" data-end=\"1345\">Ouverture sup\u00e9rieure<\/strong>, facilitant le chargement et le d\u00e9chargement.<\/li>\r\n \t<li data-start=\"1394\" data-end=\"1633\"><strong data-start=\"1431\" data-end=\"1470\">Structure en poly\u00e9thyl\u00e8ne r\u00e9sistant<\/strong>, con\u00e7ue pour un usage professionnel et intensif.<\/li>\r\n \t<li data-start=\"1394\" data-end=\"1633\"><strong data-start=\"1526\" data-end=\"1565\">Isolation en mousse de polyur\u00e9thane<\/strong>, sans CFC ni HCFC, assurant <strong data-start=\"1594\" data-end=\"1630\">une r\u00e9tention thermique optimale<\/strong>.<\/li>\r\n \t<li data-start=\"1634\" data-end=\"1742\"><strong data-start=\"1636\" data-end=\"1667\">Compatible avec les bacs GN<\/strong> et <strong data-start=\"1671\" data-end=\"1698\">les plaques eutectiques<\/strong>, pour une gestion flexible du chargement.<\/li>\r\n \t<li data-start=\"1743\" data-end=\"1820\"><strong data-start=\"1745\" data-end=\"1767\">Poign\u00e9es amovibles<\/strong>, pour une manipulation plus s\u00fbre et plus pratique.<\/li>\r\n \t<li data-start=\"1821\" data-end=\"1896\" data-is-last-node=\"\"><strong data-start=\"1823\" data-end=\"1846\">Structure empilable<\/strong>, optimisant l\u2019espace de stockage et de transport.<\/li>\r\n<\/ul>","protected":false},"excerpt":{"rendered":"Le conteneur isotherme GN 18\/18 est con\u00e7u pour le transport s\u00e9curis\u00e9 des produits \u00e0 temp\u00e9rature contr\u00f4l\u00e9. Capacit\u00e9 interne : 49 litres, id\u00e9al pour le transport d\u2019aliments chauds ou froids. Ouverture sup\u00e9rieure, facilitant le chargement et le d\u00e9chargement. Structure en poly\u00e9thyl\u00e8ne r\u00e9sistant, con\u00e7ue pour un usage professionnel et intensif. Isolation en mousse de polyur\u00e9thane, sans CFC [&hellip;]","protected":false},"featured_media":6127,"template":"","meta":{"_acf_changed":false,"_themeisle_gutenberg_block_has_review":false},"product_brand":[],"product_cat":[912,913,919,815,973],"product_tag":[],"class_list":{"0":"post-8417","1":"product","2":"type-product","3":"status-publish","4":"has-post-thumbnail","6":"product_cat-catalogue-de-produits","7":"product_cat-conteneurs-isothermes-passifs","8":"product_cat-thermax-fr","9":"product_cat-outlet-offres","10":"product_cat-conteneurs-isothermes-passifs-offres","11":"pa_linea-thermax-fr","12":"pa_moq-4-fr","14":"first","15":"instock","16":"product-type-variable","17":"wvs-archive-product-wrapper"},"acf":[],"yoast_head":"<!-- This site is optimized with the Yoast SEO plugin v26.4 - https:\/\/yoast.com\/wordpress\/plugins\/seo\/ -->\n<title>Conteneur isotherme \u2013 GN 18\/18 - MELFORM<\/title>\n<meta name=\"robots\" content=\"index, follow, max-snippet:-1, max-image-preview:large, max-video-preview:-1\" \/>\n<link rel=\"canonical\" href=\"https:\/\/www.melform.com\/fr\/conteneurs-\/catalogue-de-produits\/conteneurs-isothermes-passifs\/thermax-fr\/conteneur-isotherme-gn-18-18\/\" \/>\n<meta property=\"og:locale\" content=\"fr_FR\" \/>\n<meta property=\"og:type\" content=\"article\" \/>\n<meta property=\"og:title\" content=\"Conteneur isotherme \u2013 GN 18\/18 - MELFORM\" \/>\n<meta property=\"og:description\" content=\"Le conteneur isotherme GN 18\/18 est con\u00e7u pour le transport s\u00e9curis\u00e9 des produits \u00e0 temp\u00e9rature contr\u00f4l\u00e9. Capacit\u00e9 interne : 49 litres, id\u00e9al pour le transport d\u2019aliments chauds ou froids. Ouverture sup\u00e9rieure, facilitant le chargement et le d\u00e9chargement. Structure en poly\u00e9thyl\u00e8ne r\u00e9sistant, con\u00e7ue pour un usage professionnel et intensif. Isolation en mousse de polyur\u00e9thane, sans CFC [&hellip;]\" \/>\n<meta property=\"og:url\" content=\"https:\/\/www.melform.com\/fr\/conteneurs-\/catalogue-de-produits\/conteneurs-isothermes-passifs\/thermax-fr\/conteneur-isotherme-gn-18-18\/\" \/>\n<meta property=\"og:site_name\" content=\"MELFORM\" \/>\n<meta property=\"article:modified_time\" content=\"2025-08-19T05:49:23+00:00\" \/>\n<meta property=\"og:image\" content=\"https:\/\/www.melform.com\/wp-content\/uploads\/2022\/10\/353-GN-18-18.jpg\" \/>\n\t<meta property=\"og:image:width\" content=\"1200\" \/>\n\t<meta property=\"og:image:height\" content=\"1200\" \/>\n\t<meta property=\"og:image:type\" content=\"image\/jpeg\" \/>\n<meta name=\"twitter:card\" content=\"summary_large_image\" \/>\n<script type=\"application\/ld+json\" class=\"yoast-schema-graph\">{\"@context\":\"https:\/\/schema.org\",\"@graph\":[{\"@type\":\"WebPage\",\"@id\":\"https:\/\/www.melform.com\/fr\/conteneurs-\/catalogue-de-produits\/conteneurs-isothermes-passifs\/thermax-fr\/conteneur-isotherme-gn-18-18\/\",\"url\":\"https:\/\/www.melform.com\/fr\/conteneurs-\/catalogue-de-produits\/conteneurs-isothermes-passifs\/thermax-fr\/conteneur-isotherme-gn-18-18\/\",\"name\":\"Conteneur isotherme \u2013 GN 18\/18 - MELFORM\",\"isPartOf\":{\"@id\":\"https:\/\/www.melform.com\/fr\/#website\"},\"primaryImageOfPage\":{\"@id\":\"https:\/\/www.melform.com\/fr\/conteneurs-\/catalogue-de-produits\/conteneurs-isothermes-passifs\/thermax-fr\/conteneur-isotherme-gn-18-18\/#primaryimage\"},\"image\":{\"@id\":\"https:\/\/www.melform.com\/fr\/conteneurs-\/catalogue-de-produits\/conteneurs-isothermes-passifs\/thermax-fr\/conteneur-isotherme-gn-18-18\/#primaryimage\"},\"thumbnailUrl\":\"https:\/\/www.melform.com\/wp-content\/uploads\/2022\/10\/353-GN-18-18.jpg\",\"datePublished\":\"2022-10-07T12:15:37+00:00\",\"dateModified\":\"2025-08-19T05:49:23+00:00\",\"breadcrumb\":{\"@id\":\"https:\/\/www.melform.com\/fr\/conteneurs-\/catalogue-de-produits\/conteneurs-isothermes-passifs\/thermax-fr\/conteneur-isotherme-gn-18-18\/#breadcrumb\"},\"inLanguage\":\"fr-FR\",\"potentialAction\":[{\"@type\":\"ReadAction\",\"target\":[\"https:\/\/www.melform.com\/fr\/conteneurs-\/catalogue-de-produits\/conteneurs-isothermes-passifs\/thermax-fr\/conteneur-isotherme-gn-18-18\/\"]}]},{\"@type\":\"ImageObject\",\"inLanguage\":\"fr-FR\",\"@id\":\"https:\/\/www.melform.com\/fr\/conteneurs-\/catalogue-de-produits\/conteneurs-isothermes-passifs\/thermax-fr\/conteneur-isotherme-gn-18-18\/#primaryimage\",\"url\":\"https:\/\/www.melform.com\/wp-content\/uploads\/2022\/10\/353-GN-18-18.jpg\",\"contentUrl\":\"https:\/\/www.melform.com\/wp-content\/uploads\/2022\/10\/353-GN-18-18.jpg\",\"width\":1200,\"height\":1200},{\"@type\":\"BreadcrumbList\",\"@id\":\"https:\/\/www.melform.com\/fr\/conteneurs-\/catalogue-de-produits\/conteneurs-isothermes-passifs\/thermax-fr\/conteneur-isotherme-gn-18-18\/#breadcrumb\",\"itemListElement\":[{\"@type\":\"ListItem\",\"position\":1,\"name\":\"Home\",\"item\":\"https:\/\/www.melform.com\/fr\/\"},{\"@type\":\"ListItem\",\"position\":2,\"name\":\"Shop\",\"item\":\"https:\/\/www.melform.com\/fr\/shop\/\"},{\"@type\":\"ListItem\",\"position\":3,\"name\":\"Conteneur isotherme \u2013 GN 18\/18\"}]},{\"@type\":\"WebSite\",\"@id\":\"https:\/\/www.melform.com\/fr\/#website\",\"url\":\"https:\/\/www.melform.com\/fr\/\",\"name\":\"MELFORM\",\"description\":\"SISTEMI PER IL TRASPORTO E STOCCAGGIO A TEMPERATURA CONTROLLATA\",\"potentialAction\":[{\"@type\":\"SearchAction\",\"target\":{\"@type\":\"EntryPoint\",\"urlTemplate\":\"https:\/\/www.melform.com\/fr\/?s={search_term_string}\"},\"query-input\":{\"@type\":\"PropertyValueSpecification\",\"valueRequired\":true,\"valueName\":\"search_term_string\"}}],\"inLanguage\":\"fr-FR\"}]}<\/script>\n<!-- \/ Yoast SEO plugin. -->","yoast_head_json":{"title":"Conteneur isotherme \u2013 GN 18\/18 - MELFORM","robots":{"index":"index","follow":"follow","max-snippet":"max-snippet:-1","max-image-preview":"max-image-preview:large","max-video-preview":"max-video-preview:-1"},"canonical":"https:\/\/www.melform.com\/fr\/conteneurs-\/catalogue-de-produits\/conteneurs-isothermes-passifs\/thermax-fr\/conteneur-isotherme-gn-18-18\/","og_locale":"fr_FR","og_type":"article","og_title":"Conteneur isotherme \u2013 GN 18\/18 - MELFORM","og_description":"Le conteneur isotherme GN 18\/18 est con\u00e7u pour le transport s\u00e9curis\u00e9 des produits \u00e0 temp\u00e9rature contr\u00f4l\u00e9. Capacit\u00e9 interne : 49 litres, id\u00e9al pour le transport d\u2019aliments chauds ou froids. Ouverture sup\u00e9rieure, facilitant le chargement et le d\u00e9chargement. Structure en poly\u00e9thyl\u00e8ne r\u00e9sistant, con\u00e7ue pour un usage professionnel et intensif. Isolation en mousse de polyur\u00e9thane, sans CFC [&hellip;]","og_url":"https:\/\/www.melform.com\/fr\/conteneurs-\/catalogue-de-produits\/conteneurs-isothermes-passifs\/thermax-fr\/conteneur-isotherme-gn-18-18\/","og_site_name":"MELFORM","article_modified_time":"2025-08-19T05:49:23+00:00","og_image":[{"width":1200,"height":1200,"url":"https:\/\/www.melform.com\/wp-content\/uploads\/2022\/10\/353-GN-18-18.jpg","type":"image\/jpeg"}],"twitter_card":"summary_large_image","schema":{"@context":"https:\/\/schema.org","@graph":[{"@type":"WebPage","@id":"https:\/\/www.melform.com\/fr\/conteneurs-\/catalogue-de-produits\/conteneurs-isothermes-passifs\/thermax-fr\/conteneur-isotherme-gn-18-18\/","url":"https:\/\/www.melform.com\/fr\/conteneurs-\/catalogue-de-produits\/conteneurs-isothermes-passifs\/thermax-fr\/conteneur-isotherme-gn-18-18\/","name":"Conteneur isotherme \u2013 GN 18\/18 - MELFORM","isPartOf":{"@id":"https:\/\/www.melform.com\/fr\/#website"},"primaryImageOfPage":{"@id":"https:\/\/www.melform.com\/fr\/conteneurs-\/catalogue-de-produits\/conteneurs-isothermes-passifs\/thermax-fr\/conteneur-isotherme-gn-18-18\/#primaryimage"},"image":{"@id":"https:\/\/www.melform.com\/fr\/conteneurs-\/catalogue-de-produits\/conteneurs-isothermes-passifs\/thermax-fr\/conteneur-isotherme-gn-18-18\/#primaryimage"},"thumbnailUrl":"https:\/\/www.melform.com\/wp-content\/uploads\/2022\/10\/353-GN-18-18.jpg","datePublished":"2022-10-07T12:15:37+00:00","dateModified":"2025-08-19T05:49:23+00:00","breadcrumb":{"@id":"https:\/\/www.melform.com\/fr\/conteneurs-\/catalogue-de-produits\/conteneurs-isothermes-passifs\/thermax-fr\/conteneur-isotherme-gn-18-18\/#breadcrumb"},"inLanguage":"fr-FR","potentialAction":[{"@type":"ReadAction","target":["https:\/\/www.melform.com\/fr\/conteneurs-\/catalogue-de-produits\/conteneurs-isothermes-passifs\/thermax-fr\/conteneur-isotherme-gn-18-18\/"]}]},{"@type":"ImageObject","inLanguage":"fr-FR","@id":"https:\/\/www.melform.com\/fr\/conteneurs-\/catalogue-de-produits\/conteneurs-isothermes-passifs\/thermax-fr\/conteneur-isotherme-gn-18-18\/#primaryimage","url":"https:\/\/www.melform.com\/wp-content\/uploads\/2022\/10\/353-GN-18-18.jpg","contentUrl":"https:\/\/www.melform.com\/wp-content\/uploads\/2022\/10\/353-GN-18-18.jpg","width":1200,"height":1200},{"@type":"BreadcrumbList","@id":"https:\/\/www.melform.com\/fr\/conteneurs-\/catalogue-de-produits\/conteneurs-isothermes-passifs\/thermax-fr\/conteneur-isotherme-gn-18-18\/#breadcrumb","itemListElement":[{"@type":"ListItem","position":1,"name":"Home","item":"https:\/\/www.melform.com\/fr\/"},{"@type":"ListItem","position":2,"name":"Shop","item":"https:\/\/www.melform.com\/fr\/shop\/"},{"@type":"ListItem","position":3,"name":"Conteneur isotherme \u2013 GN 18\/18"}]},{"@type":"WebSite","@id":"https:\/\/www.melform.com\/fr\/#website","url":"https:\/\/www.melform.com\/fr\/","name":"MELFORM","description":"SISTEMI PER IL TRASPORTO E STOCCAGGIO A TEMPERATURA CONTROLLATA","potentialAction":[{"@type":"SearchAction","target":{"@type":"EntryPoint","urlTemplate":"https:\/\/www.melform.com\/fr\/?s={search_term_string}"},"query-input":{"@type":"PropertyValueSpecification","valueRequired":true,"valueName":"search_term_string"}}],"inLanguage":"fr-FR"}]}},"_links":{"self":[{"href":"https:\/\/www.melform.com\/fr\/wp-json\/wp\/v2\/product\/8417","targetHints":{"allow":["GET"]}}],"collection":[{"href":"https:\/\/www.melform.com\/fr\/wp-json\/wp\/v2\/product"}],"about":[{"href":"https:\/\/www.melform.com\/fr\/wp-json\/wp\/v2\/types\/product"}],"wp:featuredmedia":[{"embeddable":true,"href":"https:\/\/www.melform.com\/fr\/wp-json\/wp\/v2\/media\/6127"}],"wp:attachment":[{"href":"https:\/\/www.melform.com\/fr\/wp-json\/wp\/v2\/media?parent=8417"}],"wp:term":[{"taxonomy":"product_brand","embeddable":true,"href":"https:\/\/www.melform.com\/fr\/wp-json\/wp\/v2\/product_brand?post=8417"},{"taxonomy":"product_cat","embeddable":true,"href":"https:\/\/www.melform.com\/fr\/wp-json\/wp\/v2\/product_cat?post=8417"},{"taxonomy":"product_tag","embeddable":true,"href":"https:\/\/www.melform.com\/fr\/wp-json\/wp\/v2\/product_tag?post=8417"}],"curies":[{"name":"wp","href":"https:\/\/api.w.org\/{rel}","templated":true}]}}