{"id":8422,"date":"2022-10-07T14:15:54","date_gmt":"2022-10-07T12:15:54","guid":{"rendered":"https:\/\/www.melform.com\/product\/contenitore-isotermico-ap-150\/"},"modified":"2025-02-21T11:30:42","modified_gmt":"2025-02-21T09:30:42","slug":"conteneur-isotherme-ap-150","status":"publish","type":"product","link":"https:\/\/www.melform.com\/fr\/conteneurs-\/catalogue-de-produits\/conteneurs-isothermes-passifs\/thermax-fr\/conteneur-isotherme-ap-150\/","title":{"rendered":"Conteneur isotherme \u2013 AP150"},"content":{"rendered":"<p data-start=\"862\" data-end=\"981\">Le <strong data-start=\"865\" data-end=\"894\">conteneur isotherme AP150<\/strong> est con\u00e7u pour le <strong data-start=\"913\" data-end=\"978\">transport s\u00fbr et pratique de produits \u00e0 temp\u00e9rature contr\u00f4l\u00e9e<\/strong>.<\/p>\r\n\r\n<ul data-start=\"983\" data-end=\"1624\" data-is-last-node=\"\" data-is-only-node=\"\">\r\n \t<li data-start=\"983\" data-end=\"1077\"><strong data-start=\"985\" data-end=\"1005\">Capacit\u00e9 interne<\/strong> : <strong data-start=\"1008\" data-end=\"1021\">24 litres<\/strong>, id\u00e9al pour le transport d\u2019aliments chauds ou froids.<\/li>\r\n \t<li data-start=\"1078\" data-end=\"1152\"><strong data-start=\"1080\" data-end=\"1104\">Ouverture sup\u00e9rieure<\/strong>, facilitant le chargement et le d\u00e9chargement.<\/li>\r\n \t<li data-start=\"1153\" data-end=\"1267\"><strong data-start=\"1155\" data-end=\"1186\">Compatible avec les bacs GN<\/strong> et <strong data-start=\"1190\" data-end=\"1217\">les plaques eutectiques<\/strong>, permettant une gestion flexible du chargement.<\/li>\r\n \t<li data-start=\"1268\" data-end=\"1359\"><strong data-start=\"1270\" data-end=\"1305\">Poign\u00e9es de transport amovibles<\/strong>, garantissant une manipulation s\u00fbre et confortable.<\/li>\r\n \t<li data-start=\"1360\" data-end=\"1548\"><strong data-start=\"1362\" data-end=\"1381\">Design pratique<\/strong> : Les <strong data-start=\"1388\" data-end=\"1445\">bacs GN reposent directement sur le bord du conteneur<\/strong>, permettant de <strong data-start=\"1461\" data-end=\"1503\">servir directement depuis le conteneur<\/strong>, tout en maintenant la temp\u00e9rature id\u00e9ale.<\/li>\r\n \t<li data-start=\"1549\" data-end=\"1624\" data-is-last-node=\"\"><strong data-start=\"1551\" data-end=\"1574\">Structure empilable<\/strong>, optimisant l\u2019espace de stockage et de transport.<\/li>\r\n<\/ul>","protected":false},"excerpt":{"rendered":"Le conteneur isotherme AP150 est con\u00e7u pour le transport s\u00fbr et pratique de produits \u00e0 temp\u00e9rature contr\u00f4l\u00e9e. Capacit\u00e9 interne : 24 litres, id\u00e9al pour le transport d\u2019aliments chauds ou froids. Ouverture sup\u00e9rieure, facilitant le chargement et le d\u00e9chargement. Compatible avec les bacs GN et les plaques eutectiques, permettant une gestion flexible du chargement. Poign\u00e9es de [&hellip;]","protected":false},"featured_media":6139,"template":"","meta":{"_acf_changed":false,"_themeisle_gutenberg_block_has_review":false},"product_brand":[],"product_cat":[912,913,919],"product_tag":[],"class_list":{"0":"post-8422","1":"product","2":"type-product","3":"status-publish","4":"has-post-thumbnail","6":"product_cat-catalogue-de-produits","7":"product_cat-conteneurs-isothermes-passifs","8":"product_cat-thermax-fr","9":"pa_linea-thermax-fr","10":"pa_moq-3-fr","12":"first","13":"instock","14":"product-type-variable","15":"wvs-archive-product-wrapper"},"acf":[],"yoast_head":"<!-- This site is optimized with the Yoast SEO plugin v26.4 - https:\/\/yoast.com\/wordpress\/plugins\/seo\/ -->\n<title>Conteneur isotherme \u2013 AP150 - MELFORM<\/title>\n<meta name=\"robots\" content=\"index, follow, max-snippet:-1, max-image-preview:large, max-video-preview:-1\" \/>\n<link rel=\"canonical\" href=\"https:\/\/www.melform.com\/fr\/conteneurs-\/catalogue-de-produits\/conteneurs-isothermes-passifs\/thermax-fr\/conteneur-isotherme-ap-150\/\" \/>\n<meta property=\"og:locale\" content=\"fr_FR\" \/>\n<meta property=\"og:type\" content=\"article\" \/>\n<meta property=\"og:title\" content=\"Conteneur isotherme \u2013 AP150 - MELFORM\" \/>\n<meta property=\"og:description\" content=\"Le conteneur isotherme AP150 est con\u00e7u pour le transport s\u00fbr et pratique de produits \u00e0 temp\u00e9rature contr\u00f4l\u00e9e. Capacit\u00e9 interne : 24 litres, id\u00e9al pour le transport d\u2019aliments chauds ou froids. Ouverture sup\u00e9rieure, facilitant le chargement et le d\u00e9chargement. Compatible avec les bacs GN et les plaques eutectiques, permettant une gestion flexible du chargement. Poign\u00e9es de [&hellip;]\" \/>\n<meta property=\"og:url\" content=\"https:\/\/www.melform.com\/fr\/conteneurs-\/catalogue-de-produits\/conteneurs-isothermes-passifs\/thermax-fr\/conteneur-isotherme-ap-150\/\" \/>\n<meta property=\"og:site_name\" content=\"MELFORM\" \/>\n<meta property=\"article:modified_time\" content=\"2025-02-21T09:30:42+00:00\" \/>\n<meta property=\"og:image\" content=\"https:\/\/www.melform.com\/wp-content\/uploads\/2022\/10\/349-AP-150.jpg\" \/>\n\t<meta property=\"og:image:width\" content=\"1200\" \/>\n\t<meta property=\"og:image:height\" content=\"1200\" \/>\n\t<meta property=\"og:image:type\" content=\"image\/jpeg\" \/>\n<meta name=\"twitter:card\" content=\"summary_large_image\" \/>\n<script type=\"application\/ld+json\" class=\"yoast-schema-graph\">{\"@context\":\"https:\/\/schema.org\",\"@graph\":[{\"@type\":\"WebPage\",\"@id\":\"https:\/\/www.melform.com\/fr\/conteneurs-\/catalogue-de-produits\/conteneurs-isothermes-passifs\/thermax-fr\/conteneur-isotherme-ap-150\/\",\"url\":\"https:\/\/www.melform.com\/fr\/conteneurs-\/catalogue-de-produits\/conteneurs-isothermes-passifs\/thermax-fr\/conteneur-isotherme-ap-150\/\",\"name\":\"Conteneur isotherme \u2013 AP150 - MELFORM\",\"isPartOf\":{\"@id\":\"https:\/\/www.melform.com\/fr\/#website\"},\"primaryImageOfPage\":{\"@id\":\"https:\/\/www.melform.com\/fr\/conteneurs-\/catalogue-de-produits\/conteneurs-isothermes-passifs\/thermax-fr\/conteneur-isotherme-ap-150\/#primaryimage\"},\"image\":{\"@id\":\"https:\/\/www.melform.com\/fr\/conteneurs-\/catalogue-de-produits\/conteneurs-isothermes-passifs\/thermax-fr\/conteneur-isotherme-ap-150\/#primaryimage\"},\"thumbnailUrl\":\"https:\/\/www.melform.com\/wp-content\/uploads\/2022\/10\/349-AP-150.jpg\",\"datePublished\":\"2022-10-07T12:15:54+00:00\",\"dateModified\":\"2025-02-21T09:30:42+00:00\",\"breadcrumb\":{\"@id\":\"https:\/\/www.melform.com\/fr\/conteneurs-\/catalogue-de-produits\/conteneurs-isothermes-passifs\/thermax-fr\/conteneur-isotherme-ap-150\/#breadcrumb\"},\"inLanguage\":\"fr-FR\",\"potentialAction\":[{\"@type\":\"ReadAction\",\"target\":[\"https:\/\/www.melform.com\/fr\/conteneurs-\/catalogue-de-produits\/conteneurs-isothermes-passifs\/thermax-fr\/conteneur-isotherme-ap-150\/\"]}]},{\"@type\":\"ImageObject\",\"inLanguage\":\"fr-FR\",\"@id\":\"https:\/\/www.melform.com\/fr\/conteneurs-\/catalogue-de-produits\/conteneurs-isothermes-passifs\/thermax-fr\/conteneur-isotherme-ap-150\/#primaryimage\",\"url\":\"https:\/\/www.melform.com\/wp-content\/uploads\/2022\/10\/349-AP-150.jpg\",\"contentUrl\":\"https:\/\/www.melform.com\/wp-content\/uploads\/2022\/10\/349-AP-150.jpg\",\"width\":1200,\"height\":1200},{\"@type\":\"BreadcrumbList\",\"@id\":\"https:\/\/www.melform.com\/fr\/conteneurs-\/catalogue-de-produits\/conteneurs-isothermes-passifs\/thermax-fr\/conteneur-isotherme-ap-150\/#breadcrumb\",\"itemListElement\":[{\"@type\":\"ListItem\",\"position\":1,\"name\":\"Home\",\"item\":\"https:\/\/www.melform.com\/fr\/\"},{\"@type\":\"ListItem\",\"position\":2,\"name\":\"Shop\",\"item\":\"https:\/\/www.melform.com\/fr\/shop\/\"},{\"@type\":\"ListItem\",\"position\":3,\"name\":\"Conteneur isotherme \u2013 AP150\"}]},{\"@type\":\"WebSite\",\"@id\":\"https:\/\/www.melform.com\/fr\/#website\",\"url\":\"https:\/\/www.melform.com\/fr\/\",\"name\":\"MELFORM\",\"description\":\"SISTEMI PER IL TRASPORTO E STOCCAGGIO A TEMPERATURA CONTROLLATA\",\"potentialAction\":[{\"@type\":\"SearchAction\",\"target\":{\"@type\":\"EntryPoint\",\"urlTemplate\":\"https:\/\/www.melform.com\/fr\/?s={search_term_string}\"},\"query-input\":{\"@type\":\"PropertyValueSpecification\",\"valueRequired\":true,\"valueName\":\"search_term_string\"}}],\"inLanguage\":\"fr-FR\"}]}<\/script>\n<!-- \/ Yoast SEO plugin. -->","yoast_head_json":{"title":"Conteneur isotherme \u2013 AP150 - MELFORM","robots":{"index":"index","follow":"follow","max-snippet":"max-snippet:-1","max-image-preview":"max-image-preview:large","max-video-preview":"max-video-preview:-1"},"canonical":"https:\/\/www.melform.com\/fr\/conteneurs-\/catalogue-de-produits\/conteneurs-isothermes-passifs\/thermax-fr\/conteneur-isotherme-ap-150\/","og_locale":"fr_FR","og_type":"article","og_title":"Conteneur isotherme \u2013 AP150 - MELFORM","og_description":"Le conteneur isotherme AP150 est con\u00e7u pour le transport s\u00fbr et pratique de produits \u00e0 temp\u00e9rature contr\u00f4l\u00e9e. Capacit\u00e9 interne : 24 litres, id\u00e9al pour le transport d\u2019aliments chauds ou froids. Ouverture sup\u00e9rieure, facilitant le chargement et le d\u00e9chargement. Compatible avec les bacs GN et les plaques eutectiques, permettant une gestion flexible du chargement. Poign\u00e9es de [&hellip;]","og_url":"https:\/\/www.melform.com\/fr\/conteneurs-\/catalogue-de-produits\/conteneurs-isothermes-passifs\/thermax-fr\/conteneur-isotherme-ap-150\/","og_site_name":"MELFORM","article_modified_time":"2025-02-21T09:30:42+00:00","og_image":[{"width":1200,"height":1200,"url":"https:\/\/www.melform.com\/wp-content\/uploads\/2022\/10\/349-AP-150.jpg","type":"image\/jpeg"}],"twitter_card":"summary_large_image","schema":{"@context":"https:\/\/schema.org","@graph":[{"@type":"WebPage","@id":"https:\/\/www.melform.com\/fr\/conteneurs-\/catalogue-de-produits\/conteneurs-isothermes-passifs\/thermax-fr\/conteneur-isotherme-ap-150\/","url":"https:\/\/www.melform.com\/fr\/conteneurs-\/catalogue-de-produits\/conteneurs-isothermes-passifs\/thermax-fr\/conteneur-isotherme-ap-150\/","name":"Conteneur isotherme \u2013 AP150 - MELFORM","isPartOf":{"@id":"https:\/\/www.melform.com\/fr\/#website"},"primaryImageOfPage":{"@id":"https:\/\/www.melform.com\/fr\/conteneurs-\/catalogue-de-produits\/conteneurs-isothermes-passifs\/thermax-fr\/conteneur-isotherme-ap-150\/#primaryimage"},"image":{"@id":"https:\/\/www.melform.com\/fr\/conteneurs-\/catalogue-de-produits\/conteneurs-isothermes-passifs\/thermax-fr\/conteneur-isotherme-ap-150\/#primaryimage"},"thumbnailUrl":"https:\/\/www.melform.com\/wp-content\/uploads\/2022\/10\/349-AP-150.jpg","datePublished":"2022-10-07T12:15:54+00:00","dateModified":"2025-02-21T09:30:42+00:00","breadcrumb":{"@id":"https:\/\/www.melform.com\/fr\/conteneurs-\/catalogue-de-produits\/conteneurs-isothermes-passifs\/thermax-fr\/conteneur-isotherme-ap-150\/#breadcrumb"},"inLanguage":"fr-FR","potentialAction":[{"@type":"ReadAction","target":["https:\/\/www.melform.com\/fr\/conteneurs-\/catalogue-de-produits\/conteneurs-isothermes-passifs\/thermax-fr\/conteneur-isotherme-ap-150\/"]}]},{"@type":"ImageObject","inLanguage":"fr-FR","@id":"https:\/\/www.melform.com\/fr\/conteneurs-\/catalogue-de-produits\/conteneurs-isothermes-passifs\/thermax-fr\/conteneur-isotherme-ap-150\/#primaryimage","url":"https:\/\/www.melform.com\/wp-content\/uploads\/2022\/10\/349-AP-150.jpg","contentUrl":"https:\/\/www.melform.com\/wp-content\/uploads\/2022\/10\/349-AP-150.jpg","width":1200,"height":1200},{"@type":"BreadcrumbList","@id":"https:\/\/www.melform.com\/fr\/conteneurs-\/catalogue-de-produits\/conteneurs-isothermes-passifs\/thermax-fr\/conteneur-isotherme-ap-150\/#breadcrumb","itemListElement":[{"@type":"ListItem","position":1,"name":"Home","item":"https:\/\/www.melform.com\/fr\/"},{"@type":"ListItem","position":2,"name":"Shop","item":"https:\/\/www.melform.com\/fr\/shop\/"},{"@type":"ListItem","position":3,"name":"Conteneur isotherme \u2013 AP150"}]},{"@type":"WebSite","@id":"https:\/\/www.melform.com\/fr\/#website","url":"https:\/\/www.melform.com\/fr\/","name":"MELFORM","description":"SISTEMI PER IL TRASPORTO E STOCCAGGIO A TEMPERATURA CONTROLLATA","potentialAction":[{"@type":"SearchAction","target":{"@type":"EntryPoint","urlTemplate":"https:\/\/www.melform.com\/fr\/?s={search_term_string}"},"query-input":{"@type":"PropertyValueSpecification","valueRequired":true,"valueName":"search_term_string"}}],"inLanguage":"fr-FR"}]}},"_links":{"self":[{"href":"https:\/\/www.melform.com\/fr\/wp-json\/wp\/v2\/product\/8422","targetHints":{"allow":["GET"]}}],"collection":[{"href":"https:\/\/www.melform.com\/fr\/wp-json\/wp\/v2\/product"}],"about":[{"href":"https:\/\/www.melform.com\/fr\/wp-json\/wp\/v2\/types\/product"}],"wp:featuredmedia":[{"embeddable":true,"href":"https:\/\/www.melform.com\/fr\/wp-json\/wp\/v2\/media\/6139"}],"wp:attachment":[{"href":"https:\/\/www.melform.com\/fr\/wp-json\/wp\/v2\/media?parent=8422"}],"wp:term":[{"taxonomy":"product_brand","embeddable":true,"href":"https:\/\/www.melform.com\/fr\/wp-json\/wp\/v2\/product_brand?post=8422"},{"taxonomy":"product_cat","embeddable":true,"href":"https:\/\/www.melform.com\/fr\/wp-json\/wp\/v2\/product_cat?post=8422"},{"taxonomy":"product_tag","embeddable":true,"href":"https:\/\/www.melform.com\/fr\/wp-json\/wp\/v2\/product_tag?post=8422"}],"curies":[{"name":"wp","href":"https:\/\/api.w.org\/{rel}","templated":true}]}}