{"id":8426,"date":"2022-10-07T14:16:08","date_gmt":"2022-10-07T12:16:08","guid":{"rendered":"https:\/\/www.melform.com\/product\/contenitore-isotermico-ap-200\/"},"modified":"2025-08-19T07:49:54","modified_gmt":"2025-08-19T05:49:54","slug":"conteneur-isotherme-ap-200","status":"publish","type":"product","link":"https:\/\/www.melform.com\/fr\/conteneurs-\/catalogue-de-produits\/conteneurs-isothermes-passifs\/thermax-fr\/conteneur-isotherme-ap-200\/","title":{"rendered":"Conteneur isotherme \u2013 AP200"},"content":{"rendered":"<div class=\"wpb-content-wrapper\">[vc_row][vc_column][vc_column_text css=&#8221;&#8221;]\r\n<div class=\"flex max-w-full flex-col flex-grow\">\r\n<div class=\"min-h-8 text-message flex w-full flex-col items-end gap-2 whitespace-normal break-words text-start [.text-message+&amp;]:mt-5\" dir=\"auto\" data-message-author-role=\"assistant\" data-message-id=\"82ebc1dc-5e9e-422e-9ed1-aafe7d2e987f\" data-message-model-slug=\"gpt-4o\">\r\n<div class=\"flex w-full flex-col gap-1 empty:hidden first:pt-[3px]\">\r\n<div class=\"markdown prose w-full break-words dark:prose-invert light\">\r\n<p data-start=\"957\" data-end=\"1200\">Le <strong data-start=\"960\" data-end=\"989\">conteneur isotherme AP200<\/strong> est con\u00e7u pour garantir le <strong data-start=\"1017\" data-end=\"1088\">transport s\u00e9curis\u00e9 et efficace des produits \u00e0 temp\u00e9rature contr\u00f4l\u00e9e.<\/strong><\/p>\r\n\r\n<ul data-start=\"1243\" data-end=\"1877\" data-is-last-node=\"\" data-is-only-node=\"\">\r\n \t<li data-start=\"1243\" data-end=\"1337\"><strong data-start=\"1245\" data-end=\"1265\">Capacit\u00e9 interne<\/strong> : <strong data-start=\"1268\" data-end=\"1281\">31 litres<\/strong>, id\u00e9al pour le transport d\u2019aliments chauds ou froids.<\/li>\r\n \t<li data-start=\"1338\" data-end=\"1412\"><strong data-start=\"1340\" data-end=\"1364\">Ouverture sup\u00e9rieure<\/strong>, facilitant le chargement et le d\u00e9chargement.<\/li>\r\n \t<li data-start=\"1413\" data-end=\"1541\"><strong data-start=\"1415\" data-end=\"1432\">Compatibilit\u00e9<\/strong> : Adapt\u00e9 \u00e0 l\u2019utilisation avec <strong data-start=\"1463\" data-end=\"1497\">bacs GN et plaques eutectiques<\/strong>, pour une gestion flexible du chargement.<\/li>\r\n \t<li data-start=\"1542\" data-end=\"1612\"><strong data-start=\"1544\" data-end=\"1566\">Poign\u00e9es amovibles<\/strong>, pour une manipulation s\u00fbre et confortable.<\/li>\r\n \t<li data-start=\"1613\" data-end=\"1801\"><strong data-start=\"1615\" data-end=\"1634\">Design pratique<\/strong> : Les <strong data-start=\"1641\" data-end=\"1698\">bacs GN reposent directement sur le bord du conteneur<\/strong>, permettant de <strong data-start=\"1714\" data-end=\"1756\">servir directement depuis le conteneur<\/strong>, tout en maintenant la temp\u00e9rature id\u00e9ale.<\/li>\r\n \t<li data-start=\"1802\" data-end=\"1877\" data-is-last-node=\"\"><strong data-start=\"1804\" data-end=\"1827\">Structure empilable<\/strong>, optimisant l\u2019espace de stockage et de transport.<\/li>\r\n<\/ul>\r\n<\/div>\r\n<\/div>\r\n<\/div>\r\n<\/div>\r\n<div class=\"mb-2 flex gap-3 empty:hidden -ml-2\">\r\n<div class=\"items-center justify-start rounded-xl p-1 flex\">\r\n<div class=\"flex items-center\">\r\n\r\n&nbsp;\r\n<div class=\"flex\"><\/div>\r\n&nbsp;\r\n<div class=\"flex items-center pb-0\"><\/div>\r\n<\/div>\r\n<\/div>\r\n<\/div>\r\n[\/vc_column_text][\/vc_column][\/vc_row]<\/div>","protected":false},"excerpt":{"rendered":"[vc_row][vc_column][vc_column_text css=&#8221;&#8221;] Le conteneur isotherme AP200 est con\u00e7u pour garantir le transport s\u00e9curis\u00e9 et efficace des produits \u00e0 temp\u00e9rature contr\u00f4l\u00e9e. Capacit\u00e9 interne : 31 litres, id\u00e9al pour le transport d\u2019aliments chauds ou froids. Ouverture sup\u00e9rieure, facilitant le chargement et le d\u00e9chargement. Compatibilit\u00e9 : Adapt\u00e9 \u00e0 l\u2019utilisation avec bacs GN et plaques eutectiques, pour une gestion [&hellip;]","protected":false},"featured_media":6142,"template":"","meta":{"_acf_changed":false,"_themeisle_gutenberg_block_has_review":false},"product_brand":[],"product_cat":[912,913,919,815,973],"product_tag":[],"class_list":{"0":"post-8426","1":"product","2":"type-product","3":"status-publish","4":"has-post-thumbnail","6":"product_cat-catalogue-de-produits","7":"product_cat-conteneurs-isothermes-passifs","8":"product_cat-thermax-fr","9":"product_cat-outlet-offres","10":"product_cat-conteneurs-isothermes-passifs-offres","11":"pa_linea-thermax-fr","12":"pa_moq-3-fr","14":"first","15":"instock","16":"product-type-variable","17":"wvs-archive-product-wrapper"},"acf":[],"yoast_head":"<!-- This site is optimized with the Yoast SEO plugin v26.4 - https:\/\/yoast.com\/wordpress\/plugins\/seo\/ -->\n<title>Conteneur isotherme \u2013 AP200 - MELFORM<\/title>\n<meta name=\"robots\" content=\"index, follow, max-snippet:-1, max-image-preview:large, max-video-preview:-1\" \/>\n<link rel=\"canonical\" href=\"https:\/\/www.melform.com\/fr\/conteneurs-\/catalogue-de-produits\/conteneurs-isothermes-passifs\/thermax-fr\/conteneur-isotherme-ap-200\/\" \/>\n<meta property=\"og:locale\" content=\"fr_FR\" \/>\n<meta property=\"og:type\" content=\"article\" \/>\n<meta property=\"og:title\" content=\"Conteneur isotherme \u2013 AP200 - MELFORM\" \/>\n<meta property=\"og:description\" content=\"[vc_row][vc_column][vc_column_text css=&#8221;&#8221;] Le conteneur isotherme AP200 est con\u00e7u pour garantir le transport s\u00e9curis\u00e9 et efficace des produits \u00e0 temp\u00e9rature contr\u00f4l\u00e9e. Capacit\u00e9 interne : 31 litres, id\u00e9al pour le transport d\u2019aliments chauds ou froids. Ouverture sup\u00e9rieure, facilitant le chargement et le d\u00e9chargement. Compatibilit\u00e9 : Adapt\u00e9 \u00e0 l\u2019utilisation avec bacs GN et plaques eutectiques, pour une gestion [&hellip;]\" \/>\n<meta property=\"og:url\" content=\"https:\/\/www.melform.com\/fr\/conteneurs-\/catalogue-de-produits\/conteneurs-isothermes-passifs\/thermax-fr\/conteneur-isotherme-ap-200\/\" \/>\n<meta property=\"og:site_name\" content=\"MELFORM\" \/>\n<meta property=\"article:modified_time\" content=\"2025-08-19T05:49:54+00:00\" \/>\n<meta property=\"og:image\" content=\"https:\/\/www.melform.com\/wp-content\/uploads\/2022\/10\/347-AP-200.jpg\" \/>\n\t<meta property=\"og:image:width\" content=\"1200\" \/>\n\t<meta property=\"og:image:height\" content=\"1200\" \/>\n\t<meta property=\"og:image:type\" content=\"image\/jpeg\" \/>\n<meta name=\"twitter:card\" content=\"summary_large_image\" \/>\n<script type=\"application\/ld+json\" class=\"yoast-schema-graph\">{\"@context\":\"https:\/\/schema.org\",\"@graph\":[{\"@type\":\"WebPage\",\"@id\":\"https:\/\/www.melform.com\/fr\/conteneurs-\/catalogue-de-produits\/conteneurs-isothermes-passifs\/thermax-fr\/conteneur-isotherme-ap-200\/\",\"url\":\"https:\/\/www.melform.com\/fr\/conteneurs-\/catalogue-de-produits\/conteneurs-isothermes-passifs\/thermax-fr\/conteneur-isotherme-ap-200\/\",\"name\":\"Conteneur isotherme \u2013 AP200 - MELFORM\",\"isPartOf\":{\"@id\":\"https:\/\/www.melform.com\/fr\/#website\"},\"primaryImageOfPage\":{\"@id\":\"https:\/\/www.melform.com\/fr\/conteneurs-\/catalogue-de-produits\/conteneurs-isothermes-passifs\/thermax-fr\/conteneur-isotherme-ap-200\/#primaryimage\"},\"image\":{\"@id\":\"https:\/\/www.melform.com\/fr\/conteneurs-\/catalogue-de-produits\/conteneurs-isothermes-passifs\/thermax-fr\/conteneur-isotherme-ap-200\/#primaryimage\"},\"thumbnailUrl\":\"https:\/\/www.melform.com\/wp-content\/uploads\/2022\/10\/347-AP-200.jpg\",\"datePublished\":\"2022-10-07T12:16:08+00:00\",\"dateModified\":\"2025-08-19T05:49:54+00:00\",\"breadcrumb\":{\"@id\":\"https:\/\/www.melform.com\/fr\/conteneurs-\/catalogue-de-produits\/conteneurs-isothermes-passifs\/thermax-fr\/conteneur-isotherme-ap-200\/#breadcrumb\"},\"inLanguage\":\"fr-FR\",\"potentialAction\":[{\"@type\":\"ReadAction\",\"target\":[\"https:\/\/www.melform.com\/fr\/conteneurs-\/catalogue-de-produits\/conteneurs-isothermes-passifs\/thermax-fr\/conteneur-isotherme-ap-200\/\"]}]},{\"@type\":\"ImageObject\",\"inLanguage\":\"fr-FR\",\"@id\":\"https:\/\/www.melform.com\/fr\/conteneurs-\/catalogue-de-produits\/conteneurs-isothermes-passifs\/thermax-fr\/conteneur-isotherme-ap-200\/#primaryimage\",\"url\":\"https:\/\/www.melform.com\/wp-content\/uploads\/2022\/10\/347-AP-200.jpg\",\"contentUrl\":\"https:\/\/www.melform.com\/wp-content\/uploads\/2022\/10\/347-AP-200.jpg\",\"width\":1200,\"height\":1200},{\"@type\":\"BreadcrumbList\",\"@id\":\"https:\/\/www.melform.com\/fr\/conteneurs-\/catalogue-de-produits\/conteneurs-isothermes-passifs\/thermax-fr\/conteneur-isotherme-ap-200\/#breadcrumb\",\"itemListElement\":[{\"@type\":\"ListItem\",\"position\":1,\"name\":\"Home\",\"item\":\"https:\/\/www.melform.com\/fr\/\"},{\"@type\":\"ListItem\",\"position\":2,\"name\":\"Shop\",\"item\":\"https:\/\/www.melform.com\/fr\/shop\/\"},{\"@type\":\"ListItem\",\"position\":3,\"name\":\"Conteneur isotherme \u2013 AP200\"}]},{\"@type\":\"WebSite\",\"@id\":\"https:\/\/www.melform.com\/fr\/#website\",\"url\":\"https:\/\/www.melform.com\/fr\/\",\"name\":\"MELFORM\",\"description\":\"SISTEMI PER IL TRASPORTO E STOCCAGGIO A TEMPERATURA CONTROLLATA\",\"potentialAction\":[{\"@type\":\"SearchAction\",\"target\":{\"@type\":\"EntryPoint\",\"urlTemplate\":\"https:\/\/www.melform.com\/fr\/?s={search_term_string}\"},\"query-input\":{\"@type\":\"PropertyValueSpecification\",\"valueRequired\":true,\"valueName\":\"search_term_string\"}}],\"inLanguage\":\"fr-FR\"}]}<\/script>\n<!-- \/ Yoast SEO plugin. -->","yoast_head_json":{"title":"Conteneur isotherme \u2013 AP200 - MELFORM","robots":{"index":"index","follow":"follow","max-snippet":"max-snippet:-1","max-image-preview":"max-image-preview:large","max-video-preview":"max-video-preview:-1"},"canonical":"https:\/\/www.melform.com\/fr\/conteneurs-\/catalogue-de-produits\/conteneurs-isothermes-passifs\/thermax-fr\/conteneur-isotherme-ap-200\/","og_locale":"fr_FR","og_type":"article","og_title":"Conteneur isotherme \u2013 AP200 - MELFORM","og_description":"[vc_row][vc_column][vc_column_text css=&#8221;&#8221;] Le conteneur isotherme AP200 est con\u00e7u pour garantir le transport s\u00e9curis\u00e9 et efficace des produits \u00e0 temp\u00e9rature contr\u00f4l\u00e9e. Capacit\u00e9 interne : 31 litres, id\u00e9al pour le transport d\u2019aliments chauds ou froids. Ouverture sup\u00e9rieure, facilitant le chargement et le d\u00e9chargement. Compatibilit\u00e9 : Adapt\u00e9 \u00e0 l\u2019utilisation avec bacs GN et plaques eutectiques, pour une gestion [&hellip;]","og_url":"https:\/\/www.melform.com\/fr\/conteneurs-\/catalogue-de-produits\/conteneurs-isothermes-passifs\/thermax-fr\/conteneur-isotherme-ap-200\/","og_site_name":"MELFORM","article_modified_time":"2025-08-19T05:49:54+00:00","og_image":[{"width":1200,"height":1200,"url":"https:\/\/www.melform.com\/wp-content\/uploads\/2022\/10\/347-AP-200.jpg","type":"image\/jpeg"}],"twitter_card":"summary_large_image","schema":{"@context":"https:\/\/schema.org","@graph":[{"@type":"WebPage","@id":"https:\/\/www.melform.com\/fr\/conteneurs-\/catalogue-de-produits\/conteneurs-isothermes-passifs\/thermax-fr\/conteneur-isotherme-ap-200\/","url":"https:\/\/www.melform.com\/fr\/conteneurs-\/catalogue-de-produits\/conteneurs-isothermes-passifs\/thermax-fr\/conteneur-isotherme-ap-200\/","name":"Conteneur isotherme \u2013 AP200 - MELFORM","isPartOf":{"@id":"https:\/\/www.melform.com\/fr\/#website"},"primaryImageOfPage":{"@id":"https:\/\/www.melform.com\/fr\/conteneurs-\/catalogue-de-produits\/conteneurs-isothermes-passifs\/thermax-fr\/conteneur-isotherme-ap-200\/#primaryimage"},"image":{"@id":"https:\/\/www.melform.com\/fr\/conteneurs-\/catalogue-de-produits\/conteneurs-isothermes-passifs\/thermax-fr\/conteneur-isotherme-ap-200\/#primaryimage"},"thumbnailUrl":"https:\/\/www.melform.com\/wp-content\/uploads\/2022\/10\/347-AP-200.jpg","datePublished":"2022-10-07T12:16:08+00:00","dateModified":"2025-08-19T05:49:54+00:00","breadcrumb":{"@id":"https:\/\/www.melform.com\/fr\/conteneurs-\/catalogue-de-produits\/conteneurs-isothermes-passifs\/thermax-fr\/conteneur-isotherme-ap-200\/#breadcrumb"},"inLanguage":"fr-FR","potentialAction":[{"@type":"ReadAction","target":["https:\/\/www.melform.com\/fr\/conteneurs-\/catalogue-de-produits\/conteneurs-isothermes-passifs\/thermax-fr\/conteneur-isotherme-ap-200\/"]}]},{"@type":"ImageObject","inLanguage":"fr-FR","@id":"https:\/\/www.melform.com\/fr\/conteneurs-\/catalogue-de-produits\/conteneurs-isothermes-passifs\/thermax-fr\/conteneur-isotherme-ap-200\/#primaryimage","url":"https:\/\/www.melform.com\/wp-content\/uploads\/2022\/10\/347-AP-200.jpg","contentUrl":"https:\/\/www.melform.com\/wp-content\/uploads\/2022\/10\/347-AP-200.jpg","width":1200,"height":1200},{"@type":"BreadcrumbList","@id":"https:\/\/www.melform.com\/fr\/conteneurs-\/catalogue-de-produits\/conteneurs-isothermes-passifs\/thermax-fr\/conteneur-isotherme-ap-200\/#breadcrumb","itemListElement":[{"@type":"ListItem","position":1,"name":"Home","item":"https:\/\/www.melform.com\/fr\/"},{"@type":"ListItem","position":2,"name":"Shop","item":"https:\/\/www.melform.com\/fr\/shop\/"},{"@type":"ListItem","position":3,"name":"Conteneur isotherme \u2013 AP200"}]},{"@type":"WebSite","@id":"https:\/\/www.melform.com\/fr\/#website","url":"https:\/\/www.melform.com\/fr\/","name":"MELFORM","description":"SISTEMI PER IL TRASPORTO E STOCCAGGIO A TEMPERATURA CONTROLLATA","potentialAction":[{"@type":"SearchAction","target":{"@type":"EntryPoint","urlTemplate":"https:\/\/www.melform.com\/fr\/?s={search_term_string}"},"query-input":{"@type":"PropertyValueSpecification","valueRequired":true,"valueName":"search_term_string"}}],"inLanguage":"fr-FR"}]}},"_links":{"self":[{"href":"https:\/\/www.melform.com\/fr\/wp-json\/wp\/v2\/product\/8426","targetHints":{"allow":["GET"]}}],"collection":[{"href":"https:\/\/www.melform.com\/fr\/wp-json\/wp\/v2\/product"}],"about":[{"href":"https:\/\/www.melform.com\/fr\/wp-json\/wp\/v2\/types\/product"}],"wp:featuredmedia":[{"embeddable":true,"href":"https:\/\/www.melform.com\/fr\/wp-json\/wp\/v2\/media\/6142"}],"wp:attachment":[{"href":"https:\/\/www.melform.com\/fr\/wp-json\/wp\/v2\/media?parent=8426"}],"wp:term":[{"taxonomy":"product_brand","embeddable":true,"href":"https:\/\/www.melform.com\/fr\/wp-json\/wp\/v2\/product_brand?post=8426"},{"taxonomy":"product_cat","embeddable":true,"href":"https:\/\/www.melform.com\/fr\/wp-json\/wp\/v2\/product_cat?post=8426"},{"taxonomy":"product_tag","embeddable":true,"href":"https:\/\/www.melform.com\/fr\/wp-json\/wp\/v2\/product_tag?post=8426"}],"curies":[{"name":"wp","href":"https:\/\/api.w.org\/{rel}","templated":true}]}}