{"id":8431,"date":"2022-10-07T14:16:17","date_gmt":"2022-10-07T12:16:17","guid":{"rendered":"https:\/\/www.melform.com\/product\/contenitore-isotermico-malinette\/"},"modified":"2025-02-16T11:46:56","modified_gmt":"2025-02-16T09:46:56","slug":"conteneur-isotherme-malinette","status":"publish","type":"product","link":"https:\/\/www.melform.com\/fr\/conteneurs-\/catalogue-de-produits\/conteneurs-isothermes-passifs\/thermax-fr\/conteneur-isotherme-malinette\/","title":{"rendered":"Conteneur isotherme &#8211; MALINETTE"},"content":{"rendered":"<p data-start=\"1193\" data-end=\"1450\">Le <strong data-start=\"1196\" data-end=\"1229\">conteneur isotherme MALINETTE<\/strong> est con\u00e7u pour assurer le <strong data-start=\"1256\" data-end=\"1319\">transport s\u00fbr et efficace des repas \u00e0 temp\u00e9rature contr\u00f4l\u00e9e.<\/strong><\/p>\r\n\r\n<ul data-start=\"1493\" data-end=\"2166\">\r\n \t<li data-start=\"1493\" data-end=\"1582\"><strong data-start=\"1495\" data-end=\"1519\">Ouverture sup\u00e9rieure<\/strong>, permettant un acc\u00e8s rapide et facile aux repas transport\u00e9s.<\/li>\r\n \t<li data-start=\"1583\" data-end=\"1692\"><strong data-start=\"1585\" data-end=\"1647\">Compatible avec les r\u00e9cipients en acier inoxydable four\/flamme<\/strong>, assurant un transport stable et s\u00e9curis\u00e9.<\/li>\r\n \t<li data-start=\"1693\" data-end=\"1928\"><strong data-start=\"1730\" data-end=\"1769\">Structure en poly\u00e9thyl\u00e8ne r\u00e9sistant<\/strong>, con\u00e7ue pour une utilisation durable.<\/li>\r\n \t<li data-start=\"1693\" data-end=\"1928\"><strong data-start=\"1814\" data-end=\"1870\">Isolation en mousse de polyur\u00e9thane sans CFC ni HCFC<\/strong>, garantissant <strong data-start=\"1885\" data-end=\"1925\">une excellente performance thermique<\/strong>.<\/li>\r\n \t<li data-start=\"1929\" data-end=\"2079\"><strong data-start=\"1931\" data-end=\"1957\">4 compartiments isol\u00e9s<\/strong>, id\u00e9aux pour transporter un <strong data-start=\"1986\" data-end=\"2003\">repas complet<\/strong>, maintenant les aliments s\u00e9par\u00e9s pour une meilleure qualit\u00e9 et praticit\u00e9.<\/li>\r\n \t<li data-start=\"2080\" data-end=\"2166\"><strong data-start=\"2082\" data-end=\"2115\">Poign\u00e9e de transport int\u00e9gr\u00e9e<\/strong>, pour une manipulation confortable et s\u00e9curis\u00e9e.<\/li>\r\n \t<li data-start=\"2080\" data-end=\"2166\"><strong style=\"font-family: inherit; font-size: inherit; font-style: inherit; font-variant-ligatures: inherit; font-variant-caps: inherit;\" data-start=\"2192\" data-end=\"2230\">Maintien optimal de la temp\u00e9rature<\/strong><span style=\"font-family: inherit; font-size: inherit; font-style: inherit; font-variant-ligatures: inherit; font-variant-caps: inherit; font-weight: inherit;\">, pour les repas chauds ou froids.<\/span><\/li>\r\n<\/ul>","protected":false},"excerpt":{"rendered":"Le conteneur isotherme MALINETTE est con\u00e7u pour assurer le transport s\u00fbr et efficace des repas \u00e0 temp\u00e9rature contr\u00f4l\u00e9e. Ouverture sup\u00e9rieure, permettant un acc\u00e8s rapide et facile aux repas transport\u00e9s. Compatible avec les r\u00e9cipients en acier inoxydable four\/flamme, assurant un transport stable et s\u00e9curis\u00e9. Structure en poly\u00e9thyl\u00e8ne r\u00e9sistant, con\u00e7ue pour une utilisation durable. Isolation en mousse [&hellip;]","protected":false},"featured_media":6148,"template":"","meta":{"_acf_changed":false,"_themeisle_gutenberg_block_has_review":false},"product_brand":[],"product_cat":[912,913,919,815,973],"product_tag":[],"class_list":{"0":"post-8431","1":"product","2":"type-product","3":"status-publish","4":"has-post-thumbnail","6":"product_cat-catalogue-de-produits","7":"product_cat-conteneurs-isothermes-passifs","8":"product_cat-thermax-fr","9":"product_cat-outlet-offres","10":"product_cat-conteneurs-isothermes-passifs-offres","11":"pa_linea-melamine-fr-2","12":"pa_moq-6-fr","14":"first","15":"instock","16":"product-type-variable","17":"wvs-archive-product-wrapper"},"acf":[],"yoast_head":"<!-- This site is optimized with the Yoast SEO plugin v26.4 - https:\/\/yoast.com\/wordpress\/plugins\/seo\/ -->\n<title>Conteneur isotherme - MALINETTE - MELFORM<\/title>\n<meta name=\"robots\" content=\"index, follow, max-snippet:-1, max-image-preview:large, max-video-preview:-1\" \/>\n<link rel=\"canonical\" href=\"https:\/\/www.melform.com\/fr\/conteneurs-\/catalogue-de-produits\/conteneurs-isothermes-passifs\/thermax-fr\/conteneur-isotherme-malinette\/\" \/>\n<meta property=\"og:locale\" content=\"fr_FR\" \/>\n<meta property=\"og:type\" content=\"article\" \/>\n<meta property=\"og:title\" content=\"Conteneur isotherme - MALINETTE - MELFORM\" \/>\n<meta property=\"og:description\" content=\"Le conteneur isotherme MALINETTE est con\u00e7u pour assurer le transport s\u00fbr et efficace des repas \u00e0 temp\u00e9rature contr\u00f4l\u00e9e. Ouverture sup\u00e9rieure, permettant un acc\u00e8s rapide et facile aux repas transport\u00e9s. Compatible avec les r\u00e9cipients en acier inoxydable four\/flamme, assurant un transport stable et s\u00e9curis\u00e9. Structure en poly\u00e9thyl\u00e8ne r\u00e9sistant, con\u00e7ue pour une utilisation durable. Isolation en mousse [&hellip;]\" \/>\n<meta property=\"og:url\" content=\"https:\/\/www.melform.com\/fr\/conteneurs-\/catalogue-de-produits\/conteneurs-isothermes-passifs\/thermax-fr\/conteneur-isotherme-malinette\/\" \/>\n<meta property=\"og:site_name\" content=\"MELFORM\" \/>\n<meta property=\"article:modified_time\" content=\"2025-02-16T09:46:56+00:00\" \/>\n<meta property=\"og:image\" content=\"https:\/\/www.melform.com\/wp-content\/uploads\/2022\/10\/159_Malinette_chiusa.jpg\" \/>\n\t<meta property=\"og:image:width\" content=\"599\" \/>\n\t<meta property=\"og:image:height\" content=\"400\" \/>\n\t<meta property=\"og:image:type\" content=\"image\/jpeg\" \/>\n<meta name=\"twitter:card\" content=\"summary_large_image\" \/>\n<script type=\"application\/ld+json\" class=\"yoast-schema-graph\">{\"@context\":\"https:\/\/schema.org\",\"@graph\":[{\"@type\":\"WebPage\",\"@id\":\"https:\/\/www.melform.com\/fr\/conteneurs-\/catalogue-de-produits\/conteneurs-isothermes-passifs\/thermax-fr\/conteneur-isotherme-malinette\/\",\"url\":\"https:\/\/www.melform.com\/fr\/conteneurs-\/catalogue-de-produits\/conteneurs-isothermes-passifs\/thermax-fr\/conteneur-isotherme-malinette\/\",\"name\":\"Conteneur isotherme - MALINETTE - MELFORM\",\"isPartOf\":{\"@id\":\"https:\/\/www.melform.com\/fr\/#website\"},\"primaryImageOfPage\":{\"@id\":\"https:\/\/www.melform.com\/fr\/conteneurs-\/catalogue-de-produits\/conteneurs-isothermes-passifs\/thermax-fr\/conteneur-isotherme-malinette\/#primaryimage\"},\"image\":{\"@id\":\"https:\/\/www.melform.com\/fr\/conteneurs-\/catalogue-de-produits\/conteneurs-isothermes-passifs\/thermax-fr\/conteneur-isotherme-malinette\/#primaryimage\"},\"thumbnailUrl\":\"https:\/\/www.melform.com\/wp-content\/uploads\/2022\/10\/159_Malinette_chiusa.jpg\",\"datePublished\":\"2022-10-07T12:16:17+00:00\",\"dateModified\":\"2025-02-16T09:46:56+00:00\",\"breadcrumb\":{\"@id\":\"https:\/\/www.melform.com\/fr\/conteneurs-\/catalogue-de-produits\/conteneurs-isothermes-passifs\/thermax-fr\/conteneur-isotherme-malinette\/#breadcrumb\"},\"inLanguage\":\"fr-FR\",\"potentialAction\":[{\"@type\":\"ReadAction\",\"target\":[\"https:\/\/www.melform.com\/fr\/conteneurs-\/catalogue-de-produits\/conteneurs-isothermes-passifs\/thermax-fr\/conteneur-isotherme-malinette\/\"]}]},{\"@type\":\"ImageObject\",\"inLanguage\":\"fr-FR\",\"@id\":\"https:\/\/www.melform.com\/fr\/conteneurs-\/catalogue-de-produits\/conteneurs-isothermes-passifs\/thermax-fr\/conteneur-isotherme-malinette\/#primaryimage\",\"url\":\"https:\/\/www.melform.com\/wp-content\/uploads\/2022\/10\/159_Malinette_chiusa.jpg\",\"contentUrl\":\"https:\/\/www.melform.com\/wp-content\/uploads\/2022\/10\/159_Malinette_chiusa.jpg\",\"width\":599,\"height\":400},{\"@type\":\"BreadcrumbList\",\"@id\":\"https:\/\/www.melform.com\/fr\/conteneurs-\/catalogue-de-produits\/conteneurs-isothermes-passifs\/thermax-fr\/conteneur-isotherme-malinette\/#breadcrumb\",\"itemListElement\":[{\"@type\":\"ListItem\",\"position\":1,\"name\":\"Home\",\"item\":\"https:\/\/www.melform.com\/fr\/\"},{\"@type\":\"ListItem\",\"position\":2,\"name\":\"Shop\",\"item\":\"https:\/\/www.melform.com\/fr\/shop\/\"},{\"@type\":\"ListItem\",\"position\":3,\"name\":\"Conteneur isotherme &#8211; MALINETTE\"}]},{\"@type\":\"WebSite\",\"@id\":\"https:\/\/www.melform.com\/fr\/#website\",\"url\":\"https:\/\/www.melform.com\/fr\/\",\"name\":\"MELFORM\",\"description\":\"SISTEMI PER IL TRASPORTO E STOCCAGGIO A TEMPERATURA CONTROLLATA\",\"potentialAction\":[{\"@type\":\"SearchAction\",\"target\":{\"@type\":\"EntryPoint\",\"urlTemplate\":\"https:\/\/www.melform.com\/fr\/?s={search_term_string}\"},\"query-input\":{\"@type\":\"PropertyValueSpecification\",\"valueRequired\":true,\"valueName\":\"search_term_string\"}}],\"inLanguage\":\"fr-FR\"}]}<\/script>\n<!-- \/ Yoast SEO plugin. -->","yoast_head_json":{"title":"Conteneur isotherme - MALINETTE - MELFORM","robots":{"index":"index","follow":"follow","max-snippet":"max-snippet:-1","max-image-preview":"max-image-preview:large","max-video-preview":"max-video-preview:-1"},"canonical":"https:\/\/www.melform.com\/fr\/conteneurs-\/catalogue-de-produits\/conteneurs-isothermes-passifs\/thermax-fr\/conteneur-isotherme-malinette\/","og_locale":"fr_FR","og_type":"article","og_title":"Conteneur isotherme - MALINETTE - MELFORM","og_description":"Le conteneur isotherme MALINETTE est con\u00e7u pour assurer le transport s\u00fbr et efficace des repas \u00e0 temp\u00e9rature contr\u00f4l\u00e9e. Ouverture sup\u00e9rieure, permettant un acc\u00e8s rapide et facile aux repas transport\u00e9s. Compatible avec les r\u00e9cipients en acier inoxydable four\/flamme, assurant un transport stable et s\u00e9curis\u00e9. Structure en poly\u00e9thyl\u00e8ne r\u00e9sistant, con\u00e7ue pour une utilisation durable. Isolation en mousse [&hellip;]","og_url":"https:\/\/www.melform.com\/fr\/conteneurs-\/catalogue-de-produits\/conteneurs-isothermes-passifs\/thermax-fr\/conteneur-isotherme-malinette\/","og_site_name":"MELFORM","article_modified_time":"2025-02-16T09:46:56+00:00","og_image":[{"width":599,"height":400,"url":"https:\/\/www.melform.com\/wp-content\/uploads\/2022\/10\/159_Malinette_chiusa.jpg","type":"image\/jpeg"}],"twitter_card":"summary_large_image","schema":{"@context":"https:\/\/schema.org","@graph":[{"@type":"WebPage","@id":"https:\/\/www.melform.com\/fr\/conteneurs-\/catalogue-de-produits\/conteneurs-isothermes-passifs\/thermax-fr\/conteneur-isotherme-malinette\/","url":"https:\/\/www.melform.com\/fr\/conteneurs-\/catalogue-de-produits\/conteneurs-isothermes-passifs\/thermax-fr\/conteneur-isotherme-malinette\/","name":"Conteneur isotherme - MALINETTE - MELFORM","isPartOf":{"@id":"https:\/\/www.melform.com\/fr\/#website"},"primaryImageOfPage":{"@id":"https:\/\/www.melform.com\/fr\/conteneurs-\/catalogue-de-produits\/conteneurs-isothermes-passifs\/thermax-fr\/conteneur-isotherme-malinette\/#primaryimage"},"image":{"@id":"https:\/\/www.melform.com\/fr\/conteneurs-\/catalogue-de-produits\/conteneurs-isothermes-passifs\/thermax-fr\/conteneur-isotherme-malinette\/#primaryimage"},"thumbnailUrl":"https:\/\/www.melform.com\/wp-content\/uploads\/2022\/10\/159_Malinette_chiusa.jpg","datePublished":"2022-10-07T12:16:17+00:00","dateModified":"2025-02-16T09:46:56+00:00","breadcrumb":{"@id":"https:\/\/www.melform.com\/fr\/conteneurs-\/catalogue-de-produits\/conteneurs-isothermes-passifs\/thermax-fr\/conteneur-isotherme-malinette\/#breadcrumb"},"inLanguage":"fr-FR","potentialAction":[{"@type":"ReadAction","target":["https:\/\/www.melform.com\/fr\/conteneurs-\/catalogue-de-produits\/conteneurs-isothermes-passifs\/thermax-fr\/conteneur-isotherme-malinette\/"]}]},{"@type":"ImageObject","inLanguage":"fr-FR","@id":"https:\/\/www.melform.com\/fr\/conteneurs-\/catalogue-de-produits\/conteneurs-isothermes-passifs\/thermax-fr\/conteneur-isotherme-malinette\/#primaryimage","url":"https:\/\/www.melform.com\/wp-content\/uploads\/2022\/10\/159_Malinette_chiusa.jpg","contentUrl":"https:\/\/www.melform.com\/wp-content\/uploads\/2022\/10\/159_Malinette_chiusa.jpg","width":599,"height":400},{"@type":"BreadcrumbList","@id":"https:\/\/www.melform.com\/fr\/conteneurs-\/catalogue-de-produits\/conteneurs-isothermes-passifs\/thermax-fr\/conteneur-isotherme-malinette\/#breadcrumb","itemListElement":[{"@type":"ListItem","position":1,"name":"Home","item":"https:\/\/www.melform.com\/fr\/"},{"@type":"ListItem","position":2,"name":"Shop","item":"https:\/\/www.melform.com\/fr\/shop\/"},{"@type":"ListItem","position":3,"name":"Conteneur isotherme &#8211; MALINETTE"}]},{"@type":"WebSite","@id":"https:\/\/www.melform.com\/fr\/#website","url":"https:\/\/www.melform.com\/fr\/","name":"MELFORM","description":"SISTEMI PER IL TRASPORTO E STOCCAGGIO A TEMPERATURA CONTROLLATA","potentialAction":[{"@type":"SearchAction","target":{"@type":"EntryPoint","urlTemplate":"https:\/\/www.melform.com\/fr\/?s={search_term_string}"},"query-input":{"@type":"PropertyValueSpecification","valueRequired":true,"valueName":"search_term_string"}}],"inLanguage":"fr-FR"}]}},"_links":{"self":[{"href":"https:\/\/www.melform.com\/fr\/wp-json\/wp\/v2\/product\/8431","targetHints":{"allow":["GET"]}}],"collection":[{"href":"https:\/\/www.melform.com\/fr\/wp-json\/wp\/v2\/product"}],"about":[{"href":"https:\/\/www.melform.com\/fr\/wp-json\/wp\/v2\/types\/product"}],"wp:featuredmedia":[{"embeddable":true,"href":"https:\/\/www.melform.com\/fr\/wp-json\/wp\/v2\/media\/6148"}],"wp:attachment":[{"href":"https:\/\/www.melform.com\/fr\/wp-json\/wp\/v2\/media?parent=8431"}],"wp:term":[{"taxonomy":"product_brand","embeddable":true,"href":"https:\/\/www.melform.com\/fr\/wp-json\/wp\/v2\/product_brand?post=8431"},{"taxonomy":"product_cat","embeddable":true,"href":"https:\/\/www.melform.com\/fr\/wp-json\/wp\/v2\/product_cat?post=8431"},{"taxonomy":"product_tag","embeddable":true,"href":"https:\/\/www.melform.com\/fr\/wp-json\/wp\/v2\/product_tag?post=8431"}],"curies":[{"name":"wp","href":"https:\/\/api.w.org\/{rel}","templated":true}]}}