{"id":8477,"date":"2022-10-07T14:19:52","date_gmt":"2022-10-07T12:19:52","guid":{"rendered":"https:\/\/www.melform.com\/product\/vassoio-isotermico-ts-50-con-zona-neutra\/"},"modified":"2025-02-22T18:11:11","modified_gmt":"2025-02-22T16:11:11","slug":"plateau-isotherme-ts-50-avec-zone-neutre","status":"publish","type":"product","link":"https:\/\/www.melform.com\/fr\/conteneurs-\/catalogue-de-produits\/conteneurs-isothermes-passifs\/thermax-fr\/plateau-isotherme-ts-50-avec-zone-neutre\/","title":{"rendered":"Plateau isotherme &#8211; TS 50 avec zone neutre"},"content":{"rendered":"<p data-start=\"1353\" data-end=\"1575\">Le <strong data-start=\"1356\" data-end=\"1400\">plateau isotherme TS 50 avec zone neutre<\/strong> est con\u00e7u pour le <strong data-start=\"1419\" data-end=\"1475\">transport s\u00e9curis\u00e9 des repas \u00e0 temp\u00e9rature contr\u00f4l\u00e9e.<\/strong><\/p>\r\n\r\n<ul data-start=\"1618\" data-end=\"2678\" data-is-only-node=\"\" data-is-last-node=\"\">\r\n \t<li data-start=\"1618\" data-end=\"1769\"><strong data-start=\"1620\" data-end=\"1654\">Excellente isolation thermique<\/strong>, permettant de maintenir les aliments chauds ou froids jusqu\u2019\u00e0 <strong data-start=\"1718\" data-end=\"1732\">30 minutes<\/strong>, garantissant la qualit\u00e9 du repas.<\/li>\r\n \t<li data-start=\"1770\" data-end=\"1872\"><strong data-start=\"1772\" data-end=\"1811\">4 compartiments parfaitement isol\u00e9s<\/strong>, \u00e9vitant toute contamination thermique entre les aliments.<\/li>\r\n \t<li data-start=\"1873\" data-end=\"1958\"><strong data-start=\"1875\" data-end=\"1897\">Zone neutre d\u00e9di\u00e9e<\/strong>, id\u00e9ale pour l\u2019utilisation avec <strong data-start=\"1930\" data-end=\"1955\">vaisselle en m\u00e9lamine<\/strong>.<\/li>\r\n \t<li data-start=\"1959\" data-end=\"2070\"><strong data-start=\"1961\" data-end=\"2011\">Couvercle transparent pour la zone accessoires<\/strong>, facilitant l\u2019organisation et la visualisation du repas.<\/li>\r\n \t<li data-start=\"2071\" data-end=\"2195\"><strong data-start=\"2073\" data-end=\"2101\">Dimensions EN (EURONORM)<\/strong>, compatibles avec tout <strong data-start=\"2125\" data-end=\"2158\">chariot de transport standard<\/strong>, assurant une logistique efficace.<\/li>\r\n \t<li data-start=\"2071\" data-end=\"2195\"><strong data-start=\"2432\" data-end=\"2445\">Empilable<\/strong>, optimisant l\u2019espace de stockage et simplifiant la gestion en cuisine.<\/li>\r\n \t<li data-start=\"2071\" data-end=\"2195\"><strong data-start=\"2521\" data-end=\"2550\">Lavable en lave-vaisselle<\/strong>, pour un nettoyage rapide et efficace.<\/li>\r\n \t<li data-start=\"2071\" data-end=\"2195\"><strong data-start=\"2594\" data-end=\"2628\">Accessoires d\u00e9di\u00e9s en m\u00e9lamine<\/strong>, con\u00e7us pour s\u2019adapter parfaitement au plateau.<\/li>\r\n<\/ul>","protected":false},"excerpt":{"rendered":"Le plateau isotherme TS 50 avec zone neutre est con\u00e7u pour le transport s\u00e9curis\u00e9 des repas \u00e0 temp\u00e9rature contr\u00f4l\u00e9e. Excellente isolation thermique, permettant de maintenir les aliments chauds ou froids jusqu\u2019\u00e0 30 minutes, garantissant la qualit\u00e9 du repas. 4 compartiments parfaitement isol\u00e9s, \u00e9vitant toute contamination thermique entre les aliments. Zone neutre d\u00e9di\u00e9e, id\u00e9ale pour l\u2019utilisation [&hellip;]","protected":false},"featured_media":6274,"template":"","meta":{"_acf_changed":false,"_themeisle_gutenberg_block_has_review":false},"product_brand":[],"product_cat":[912,913,919],"product_tag":[],"class_list":{"0":"post-8477","1":"product","2":"type-product","3":"status-publish","4":"has-post-thumbnail","6":"product_cat-catalogue-de-produits","7":"product_cat-conteneurs-isothermes-passifs","8":"product_cat-thermax-fr","9":"pa_moq-6-fr","11":"first","12":"instock","13":"product-type-variable","14":"wvs-archive-product-wrapper"},"acf":[],"yoast_head":"<!-- This site is optimized with the Yoast SEO plugin v26.4 - https:\/\/yoast.com\/wordpress\/plugins\/seo\/ -->\n<title>Plateau isotherme - TS 50 avec zone neutre - MELFORM<\/title>\n<meta name=\"robots\" content=\"index, follow, max-snippet:-1, max-image-preview:large, max-video-preview:-1\" \/>\n<link rel=\"canonical\" href=\"https:\/\/www.melform.com\/fr\/conteneurs-\/catalogue-de-produits\/conteneurs-isothermes-passifs\/thermax-fr\/plateau-isotherme-ts-50-avec-zone-neutre\/\" \/>\n<meta property=\"og:locale\" content=\"fr_FR\" \/>\n<meta property=\"og:type\" content=\"article\" \/>\n<meta property=\"og:title\" content=\"Plateau isotherme - TS 50 avec zone neutre - MELFORM\" \/>\n<meta property=\"og:description\" content=\"Le plateau isotherme TS 50 avec zone neutre est con\u00e7u pour le transport s\u00e9curis\u00e9 des repas \u00e0 temp\u00e9rature contr\u00f4l\u00e9e. Excellente isolation thermique, permettant de maintenir les aliments chauds ou froids jusqu\u2019\u00e0 30 minutes, garantissant la qualit\u00e9 du repas. 4 compartiments parfaitement isol\u00e9s, \u00e9vitant toute contamination thermique entre les aliments. Zone neutre d\u00e9di\u00e9e, id\u00e9ale pour l\u2019utilisation [&hellip;]\" \/>\n<meta property=\"og:url\" content=\"https:\/\/www.melform.com\/fr\/conteneurs-\/catalogue-de-produits\/conteneurs-isothermes-passifs\/thermax-fr\/plateau-isotherme-ts-50-avec-zone-neutre\/\" \/>\n<meta property=\"og:site_name\" content=\"MELFORM\" \/>\n<meta property=\"article:modified_time\" content=\"2025-02-22T16:11:11+00:00\" \/>\n<meta property=\"og:image\" content=\"https:\/\/www.melform.com\/wp-content\/uploads\/2022\/10\/414_TS520101_ADA001-1.jpg\" \/>\n\t<meta property=\"og:image:width\" content=\"1348\" \/>\n\t<meta property=\"og:image:height\" content=\"899\" \/>\n\t<meta property=\"og:image:type\" content=\"image\/jpeg\" \/>\n<meta name=\"twitter:card\" content=\"summary_large_image\" \/>\n<script type=\"application\/ld+json\" class=\"yoast-schema-graph\">{\"@context\":\"https:\/\/schema.org\",\"@graph\":[{\"@type\":\"WebPage\",\"@id\":\"https:\/\/www.melform.com\/fr\/conteneurs-\/catalogue-de-produits\/conteneurs-isothermes-passifs\/thermax-fr\/plateau-isotherme-ts-50-avec-zone-neutre\/\",\"url\":\"https:\/\/www.melform.com\/fr\/conteneurs-\/catalogue-de-produits\/conteneurs-isothermes-passifs\/thermax-fr\/plateau-isotherme-ts-50-avec-zone-neutre\/\",\"name\":\"Plateau isotherme - TS 50 avec zone neutre - MELFORM\",\"isPartOf\":{\"@id\":\"https:\/\/www.melform.com\/fr\/#website\"},\"primaryImageOfPage\":{\"@id\":\"https:\/\/www.melform.com\/fr\/conteneurs-\/catalogue-de-produits\/conteneurs-isothermes-passifs\/thermax-fr\/plateau-isotherme-ts-50-avec-zone-neutre\/#primaryimage\"},\"image\":{\"@id\":\"https:\/\/www.melform.com\/fr\/conteneurs-\/catalogue-de-produits\/conteneurs-isothermes-passifs\/thermax-fr\/plateau-isotherme-ts-50-avec-zone-neutre\/#primaryimage\"},\"thumbnailUrl\":\"https:\/\/www.melform.com\/wp-content\/uploads\/2022\/10\/414_TS520101_ADA001-1.jpg\",\"datePublished\":\"2022-10-07T12:19:52+00:00\",\"dateModified\":\"2025-02-22T16:11:11+00:00\",\"breadcrumb\":{\"@id\":\"https:\/\/www.melform.com\/fr\/conteneurs-\/catalogue-de-produits\/conteneurs-isothermes-passifs\/thermax-fr\/plateau-isotherme-ts-50-avec-zone-neutre\/#breadcrumb\"},\"inLanguage\":\"fr-FR\",\"potentialAction\":[{\"@type\":\"ReadAction\",\"target\":[\"https:\/\/www.melform.com\/fr\/conteneurs-\/catalogue-de-produits\/conteneurs-isothermes-passifs\/thermax-fr\/plateau-isotherme-ts-50-avec-zone-neutre\/\"]}]},{\"@type\":\"ImageObject\",\"inLanguage\":\"fr-FR\",\"@id\":\"https:\/\/www.melform.com\/fr\/conteneurs-\/catalogue-de-produits\/conteneurs-isothermes-passifs\/thermax-fr\/plateau-isotherme-ts-50-avec-zone-neutre\/#primaryimage\",\"url\":\"https:\/\/www.melform.com\/wp-content\/uploads\/2022\/10\/414_TS520101_ADA001-1.jpg\",\"contentUrl\":\"https:\/\/www.melform.com\/wp-content\/uploads\/2022\/10\/414_TS520101_ADA001-1.jpg\",\"width\":1348,\"height\":899},{\"@type\":\"BreadcrumbList\",\"@id\":\"https:\/\/www.melform.com\/fr\/conteneurs-\/catalogue-de-produits\/conteneurs-isothermes-passifs\/thermax-fr\/plateau-isotherme-ts-50-avec-zone-neutre\/#breadcrumb\",\"itemListElement\":[{\"@type\":\"ListItem\",\"position\":1,\"name\":\"Home\",\"item\":\"https:\/\/www.melform.com\/fr\/\"},{\"@type\":\"ListItem\",\"position\":2,\"name\":\"Shop\",\"item\":\"https:\/\/www.melform.com\/fr\/shop\/\"},{\"@type\":\"ListItem\",\"position\":3,\"name\":\"Plateau isotherme &#8211; TS 50 avec zone neutre\"}]},{\"@type\":\"WebSite\",\"@id\":\"https:\/\/www.melform.com\/fr\/#website\",\"url\":\"https:\/\/www.melform.com\/fr\/\",\"name\":\"MELFORM\",\"description\":\"SISTEMI PER IL TRASPORTO E STOCCAGGIO A TEMPERATURA CONTROLLATA\",\"potentialAction\":[{\"@type\":\"SearchAction\",\"target\":{\"@type\":\"EntryPoint\",\"urlTemplate\":\"https:\/\/www.melform.com\/fr\/?s={search_term_string}\"},\"query-input\":{\"@type\":\"PropertyValueSpecification\",\"valueRequired\":true,\"valueName\":\"search_term_string\"}}],\"inLanguage\":\"fr-FR\"}]}<\/script>\n<!-- \/ Yoast SEO plugin. -->","yoast_head_json":{"title":"Plateau isotherme - TS 50 avec zone neutre - MELFORM","robots":{"index":"index","follow":"follow","max-snippet":"max-snippet:-1","max-image-preview":"max-image-preview:large","max-video-preview":"max-video-preview:-1"},"canonical":"https:\/\/www.melform.com\/fr\/conteneurs-\/catalogue-de-produits\/conteneurs-isothermes-passifs\/thermax-fr\/plateau-isotherme-ts-50-avec-zone-neutre\/","og_locale":"fr_FR","og_type":"article","og_title":"Plateau isotherme - TS 50 avec zone neutre - MELFORM","og_description":"Le plateau isotherme TS 50 avec zone neutre est con\u00e7u pour le transport s\u00e9curis\u00e9 des repas \u00e0 temp\u00e9rature contr\u00f4l\u00e9e. Excellente isolation thermique, permettant de maintenir les aliments chauds ou froids jusqu\u2019\u00e0 30 minutes, garantissant la qualit\u00e9 du repas. 4 compartiments parfaitement isol\u00e9s, \u00e9vitant toute contamination thermique entre les aliments. Zone neutre d\u00e9di\u00e9e, id\u00e9ale pour l\u2019utilisation [&hellip;]","og_url":"https:\/\/www.melform.com\/fr\/conteneurs-\/catalogue-de-produits\/conteneurs-isothermes-passifs\/thermax-fr\/plateau-isotherme-ts-50-avec-zone-neutre\/","og_site_name":"MELFORM","article_modified_time":"2025-02-22T16:11:11+00:00","og_image":[{"width":1348,"height":899,"url":"https:\/\/www.melform.com\/wp-content\/uploads\/2022\/10\/414_TS520101_ADA001-1.jpg","type":"image\/jpeg"}],"twitter_card":"summary_large_image","schema":{"@context":"https:\/\/schema.org","@graph":[{"@type":"WebPage","@id":"https:\/\/www.melform.com\/fr\/conteneurs-\/catalogue-de-produits\/conteneurs-isothermes-passifs\/thermax-fr\/plateau-isotherme-ts-50-avec-zone-neutre\/","url":"https:\/\/www.melform.com\/fr\/conteneurs-\/catalogue-de-produits\/conteneurs-isothermes-passifs\/thermax-fr\/plateau-isotherme-ts-50-avec-zone-neutre\/","name":"Plateau isotherme - TS 50 avec zone neutre - MELFORM","isPartOf":{"@id":"https:\/\/www.melform.com\/fr\/#website"},"primaryImageOfPage":{"@id":"https:\/\/www.melform.com\/fr\/conteneurs-\/catalogue-de-produits\/conteneurs-isothermes-passifs\/thermax-fr\/plateau-isotherme-ts-50-avec-zone-neutre\/#primaryimage"},"image":{"@id":"https:\/\/www.melform.com\/fr\/conteneurs-\/catalogue-de-produits\/conteneurs-isothermes-passifs\/thermax-fr\/plateau-isotherme-ts-50-avec-zone-neutre\/#primaryimage"},"thumbnailUrl":"https:\/\/www.melform.com\/wp-content\/uploads\/2022\/10\/414_TS520101_ADA001-1.jpg","datePublished":"2022-10-07T12:19:52+00:00","dateModified":"2025-02-22T16:11:11+00:00","breadcrumb":{"@id":"https:\/\/www.melform.com\/fr\/conteneurs-\/catalogue-de-produits\/conteneurs-isothermes-passifs\/thermax-fr\/plateau-isotherme-ts-50-avec-zone-neutre\/#breadcrumb"},"inLanguage":"fr-FR","potentialAction":[{"@type":"ReadAction","target":["https:\/\/www.melform.com\/fr\/conteneurs-\/catalogue-de-produits\/conteneurs-isothermes-passifs\/thermax-fr\/plateau-isotherme-ts-50-avec-zone-neutre\/"]}]},{"@type":"ImageObject","inLanguage":"fr-FR","@id":"https:\/\/www.melform.com\/fr\/conteneurs-\/catalogue-de-produits\/conteneurs-isothermes-passifs\/thermax-fr\/plateau-isotherme-ts-50-avec-zone-neutre\/#primaryimage","url":"https:\/\/www.melform.com\/wp-content\/uploads\/2022\/10\/414_TS520101_ADA001-1.jpg","contentUrl":"https:\/\/www.melform.com\/wp-content\/uploads\/2022\/10\/414_TS520101_ADA001-1.jpg","width":1348,"height":899},{"@type":"BreadcrumbList","@id":"https:\/\/www.melform.com\/fr\/conteneurs-\/catalogue-de-produits\/conteneurs-isothermes-passifs\/thermax-fr\/plateau-isotherme-ts-50-avec-zone-neutre\/#breadcrumb","itemListElement":[{"@type":"ListItem","position":1,"name":"Home","item":"https:\/\/www.melform.com\/fr\/"},{"@type":"ListItem","position":2,"name":"Shop","item":"https:\/\/www.melform.com\/fr\/shop\/"},{"@type":"ListItem","position":3,"name":"Plateau isotherme &#8211; TS 50 avec zone neutre"}]},{"@type":"WebSite","@id":"https:\/\/www.melform.com\/fr\/#website","url":"https:\/\/www.melform.com\/fr\/","name":"MELFORM","description":"SISTEMI PER IL TRASPORTO E STOCCAGGIO A TEMPERATURA CONTROLLATA","potentialAction":[{"@type":"SearchAction","target":{"@type":"EntryPoint","urlTemplate":"https:\/\/www.melform.com\/fr\/?s={search_term_string}"},"query-input":{"@type":"PropertyValueSpecification","valueRequired":true,"valueName":"search_term_string"}}],"inLanguage":"fr-FR"}]}},"_links":{"self":[{"href":"https:\/\/www.melform.com\/fr\/wp-json\/wp\/v2\/product\/8477","targetHints":{"allow":["GET"]}}],"collection":[{"href":"https:\/\/www.melform.com\/fr\/wp-json\/wp\/v2\/product"}],"about":[{"href":"https:\/\/www.melform.com\/fr\/wp-json\/wp\/v2\/types\/product"}],"wp:featuredmedia":[{"embeddable":true,"href":"https:\/\/www.melform.com\/fr\/wp-json\/wp\/v2\/media\/6274"}],"wp:attachment":[{"href":"https:\/\/www.melform.com\/fr\/wp-json\/wp\/v2\/media?parent=8477"}],"wp:term":[{"taxonomy":"product_brand","embeddable":true,"href":"https:\/\/www.melform.com\/fr\/wp-json\/wp\/v2\/product_brand?post=8477"},{"taxonomy":"product_cat","embeddable":true,"href":"https:\/\/www.melform.com\/fr\/wp-json\/wp\/v2\/product_cat?post=8477"},{"taxonomy":"product_tag","embeddable":true,"href":"https:\/\/www.melform.com\/fr\/wp-json\/wp\/v2\/product_tag?post=8477"}],"curies":[{"name":"wp","href":"https:\/\/api.w.org\/{rel}","templated":true}]}}