{"id":8481,"date":"2022-10-07T14:19:37","date_gmt":"2022-10-07T12:19:37","guid":{"rendered":"https:\/\/www.melform.com\/product\/vassoio-isotermico-ts-50-con-coperchio-integrale-per-stoviglie-in-melamina\/"},"modified":"2025-02-22T18:14:06","modified_gmt":"2025-02-22T16:14:06","slug":"plateau-isotherme-ts-50-avec-couvercle-integre-pour-assiettes-en-melamine","status":"publish","type":"product","link":"https:\/\/www.melform.com\/fr\/conteneurs-\/catalogue-de-produits\/conteneurs-isothermes-passifs\/thermax-fr\/plateau-isotherme-ts-50-avec-couvercle-integre-pour-assiettes-en-melamine\/","title":{"rendered":"Plateau isotherme \u2013 TS 50 avec couvercle int\u00e9gr\u00e9"},"content":{"rendered":"<p data-start=\"1418\" data-end=\"1662\">Le <strong data-start=\"1421\" data-end=\"1465\">plateau isotherme \u00e0 quatre compartiments<\/strong> est con\u00e7u pour <strong data-start=\"1481\" data-end=\"1548\">assurer un transport s\u00e9curis\u00e9 des repas \u00e0 temp\u00e9rature contr\u00f4l\u00e9e.<\/strong><\/p>\r\n\r\n<ul data-start=\"1705\" data-end=\"2538\">\r\n \t<li data-start=\"1705\" data-end=\"1848\"><strong data-start=\"1707\" data-end=\"1737\">Isolation thermique \u00e9lev\u00e9e<\/strong>, permettant de maintenir les aliments chauds ou froids dans des conditions optimales jusqu\u2019\u00e0 <strong data-start=\"1831\" data-end=\"1845\">30 minutes<\/strong>.<\/li>\r\n \t<li data-start=\"1849\" data-end=\"1955\"><strong data-start=\"1851\" data-end=\"1889\">Plage de temp\u00e9rature d\u2019utilisation<\/strong> : de <strong data-start=\"1895\" data-end=\"1912\">-30\u00b0C \u00e0 +85\u00b0C<\/strong>, garantissant r\u00e9sistance et polyvalence.<\/li>\r\n \t<li data-start=\"1956\" data-end=\"2084\"><strong data-start=\"1958\" data-end=\"1986\">Dimensions EN (EURONORM)<\/strong> : compatible avec tout <strong data-start=\"2010\" data-end=\"2043\">chariot de transport standard<\/strong>, pour une gestion logistique efficace.<\/li>\r\n \t<li data-start=\"2085\" data-end=\"2192\"><strong data-start=\"2087\" data-end=\"2131\">Quatre compartiments parfaitement isol\u00e9s<\/strong>, \u00e9vitant toute contamination thermique entre les aliments.<\/li>\r\n \t<li data-start=\"2193\" data-end=\"2279\"><strong data-start=\"2195\" data-end=\"2227\">Base et couvercle empilables<\/strong>, pour une organisation pratique et fonctionnelle.<\/li>\r\n \t<li data-start=\"2280\" data-end=\"2378\"><strong data-start=\"2282\" data-end=\"2306\">Facilement empilable<\/strong>, optimisant l\u2019espace de stockage et facilitant la gestion en cuisine.<\/li>\r\n \t<li data-start=\"2379\" data-end=\"2451\"><strong data-start=\"2381\" data-end=\"2410\">Compatible lave-vaisselle<\/strong>, pour un nettoyage rapide et efficace.<\/li>\r\n \t<li data-start=\"2452\" data-end=\"2538\"><strong data-start=\"2454\" data-end=\"2488\">Accessoires d\u00e9di\u00e9s en m\u00e9lamine<\/strong>, con\u00e7us pour s\u2019adapter parfaitement au plateau.<\/li>\r\n<\/ul>","protected":false},"excerpt":{"rendered":"Le plateau isotherme \u00e0 quatre compartiments est con\u00e7u pour assurer un transport s\u00e9curis\u00e9 des repas \u00e0 temp\u00e9rature contr\u00f4l\u00e9e. Isolation thermique \u00e9lev\u00e9e, permettant de maintenir les aliments chauds ou froids dans des conditions optimales jusqu\u2019\u00e0 30 minutes. Plage de temp\u00e9rature d\u2019utilisation : de -30\u00b0C \u00e0 +85\u00b0C, garantissant r\u00e9sistance et polyvalence. Dimensions EN (EURONORM) : compatible avec [&hellip;]","protected":false},"featured_media":3512,"template":"","meta":{"_acf_changed":false,"_themeisle_gutenberg_block_has_review":false},"product_brand":[],"product_cat":[912,913,919,815,973],"product_tag":[],"class_list":{"0":"post-8481","1":"product","2":"type-product","3":"status-publish","4":"has-post-thumbnail","6":"product_cat-catalogue-de-produits","7":"product_cat-conteneurs-isothermes-passifs","8":"product_cat-thermax-fr","9":"product_cat-outlet-offres","10":"product_cat-conteneurs-isothermes-passifs-offres","11":"pa_linea-melamine-fr-2","12":"pa_moq-6-fr","14":"first","15":"instock","16":"product-type-variable","17":"wvs-archive-product-wrapper"},"acf":[],"yoast_head":"<!-- This site is optimized with the Yoast SEO plugin v26.4 - https:\/\/yoast.com\/wordpress\/plugins\/seo\/ -->\n<title>Plateau isotherme \u2013 TS 50 avec couvercle int\u00e9gr\u00e9 - MELFORM<\/title>\n<meta name=\"robots\" content=\"index, follow, max-snippet:-1, max-image-preview:large, max-video-preview:-1\" \/>\n<link rel=\"canonical\" href=\"https:\/\/www.melform.com\/fr\/conteneurs-\/catalogue-de-produits\/conteneurs-isothermes-passifs\/thermax-fr\/plateau-isotherme-ts-50-avec-couvercle-integre-pour-assiettes-en-melamine\/\" \/>\n<meta property=\"og:locale\" content=\"fr_FR\" \/>\n<meta property=\"og:type\" content=\"article\" \/>\n<meta property=\"og:title\" content=\"Plateau isotherme \u2013 TS 50 avec couvercle int\u00e9gr\u00e9 - MELFORM\" \/>\n<meta property=\"og:description\" content=\"Le plateau isotherme \u00e0 quatre compartiments est con\u00e7u pour assurer un transport s\u00e9curis\u00e9 des repas \u00e0 temp\u00e9rature contr\u00f4l\u00e9e. Isolation thermique \u00e9lev\u00e9e, permettant de maintenir les aliments chauds ou froids dans des conditions optimales jusqu\u2019\u00e0 30 minutes. Plage de temp\u00e9rature d\u2019utilisation : de -30\u00b0C \u00e0 +85\u00b0C, garantissant r\u00e9sistance et polyvalence. Dimensions EN (EURONORM) : compatible avec [&hellip;]\" \/>\n<meta property=\"og:url\" content=\"https:\/\/www.melform.com\/fr\/conteneurs-\/catalogue-de-produits\/conteneurs-isothermes-passifs\/thermax-fr\/plateau-isotherme-ts-50-avec-couvercle-integre-pour-assiettes-en-melamine\/\" \/>\n<meta property=\"og:site_name\" content=\"MELFORM\" \/>\n<meta property=\"article:modified_time\" content=\"2025-02-22T16:14:06+00:00\" \/>\n<meta property=\"og:image\" content=\"https:\/\/www.melform.com\/wp-content\/uploads\/2022\/10\/TS540105.jpg\" \/>\n\t<meta property=\"og:image:width\" content=\"1000\" \/>\n\t<meta property=\"og:image:height\" content=\"910\" \/>\n\t<meta property=\"og:image:type\" content=\"image\/jpeg\" \/>\n<meta name=\"twitter:card\" content=\"summary_large_image\" \/>\n<script type=\"application\/ld+json\" class=\"yoast-schema-graph\">{\"@context\":\"https:\/\/schema.org\",\"@graph\":[{\"@type\":\"WebPage\",\"@id\":\"https:\/\/www.melform.com\/fr\/conteneurs-\/catalogue-de-produits\/conteneurs-isothermes-passifs\/thermax-fr\/plateau-isotherme-ts-50-avec-couvercle-integre-pour-assiettes-en-melamine\/\",\"url\":\"https:\/\/www.melform.com\/fr\/conteneurs-\/catalogue-de-produits\/conteneurs-isothermes-passifs\/thermax-fr\/plateau-isotherme-ts-50-avec-couvercle-integre-pour-assiettes-en-melamine\/\",\"name\":\"Plateau isotherme \u2013 TS 50 avec couvercle int\u00e9gr\u00e9 - MELFORM\",\"isPartOf\":{\"@id\":\"https:\/\/www.melform.com\/fr\/#website\"},\"primaryImageOfPage\":{\"@id\":\"https:\/\/www.melform.com\/fr\/conteneurs-\/catalogue-de-produits\/conteneurs-isothermes-passifs\/thermax-fr\/plateau-isotherme-ts-50-avec-couvercle-integre-pour-assiettes-en-melamine\/#primaryimage\"},\"image\":{\"@id\":\"https:\/\/www.melform.com\/fr\/conteneurs-\/catalogue-de-produits\/conteneurs-isothermes-passifs\/thermax-fr\/plateau-isotherme-ts-50-avec-couvercle-integre-pour-assiettes-en-melamine\/#primaryimage\"},\"thumbnailUrl\":\"https:\/\/www.melform.com\/wp-content\/uploads\/2022\/10\/TS540105.jpg\",\"datePublished\":\"2022-10-07T12:19:37+00:00\",\"dateModified\":\"2025-02-22T16:14:06+00:00\",\"breadcrumb\":{\"@id\":\"https:\/\/www.melform.com\/fr\/conteneurs-\/catalogue-de-produits\/conteneurs-isothermes-passifs\/thermax-fr\/plateau-isotherme-ts-50-avec-couvercle-integre-pour-assiettes-en-melamine\/#breadcrumb\"},\"inLanguage\":\"fr-FR\",\"potentialAction\":[{\"@type\":\"ReadAction\",\"target\":[\"https:\/\/www.melform.com\/fr\/conteneurs-\/catalogue-de-produits\/conteneurs-isothermes-passifs\/thermax-fr\/plateau-isotherme-ts-50-avec-couvercle-integre-pour-assiettes-en-melamine\/\"]}]},{\"@type\":\"ImageObject\",\"inLanguage\":\"fr-FR\",\"@id\":\"https:\/\/www.melform.com\/fr\/conteneurs-\/catalogue-de-produits\/conteneurs-isothermes-passifs\/thermax-fr\/plateau-isotherme-ts-50-avec-couvercle-integre-pour-assiettes-en-melamine\/#primaryimage\",\"url\":\"https:\/\/www.melform.com\/wp-content\/uploads\/2022\/10\/TS540105.jpg\",\"contentUrl\":\"https:\/\/www.melform.com\/wp-content\/uploads\/2022\/10\/TS540105.jpg\",\"width\":1000,\"height\":910},{\"@type\":\"BreadcrumbList\",\"@id\":\"https:\/\/www.melform.com\/fr\/conteneurs-\/catalogue-de-produits\/conteneurs-isothermes-passifs\/thermax-fr\/plateau-isotherme-ts-50-avec-couvercle-integre-pour-assiettes-en-melamine\/#breadcrumb\",\"itemListElement\":[{\"@type\":\"ListItem\",\"position\":1,\"name\":\"Home\",\"item\":\"https:\/\/www.melform.com\/fr\/\"},{\"@type\":\"ListItem\",\"position\":2,\"name\":\"Shop\",\"item\":\"https:\/\/www.melform.com\/fr\/shop\/\"},{\"@type\":\"ListItem\",\"position\":3,\"name\":\"Plateau isotherme \u2013 TS 50 avec couvercle int\u00e9gr\u00e9\"}]},{\"@type\":\"WebSite\",\"@id\":\"https:\/\/www.melform.com\/fr\/#website\",\"url\":\"https:\/\/www.melform.com\/fr\/\",\"name\":\"MELFORM\",\"description\":\"SISTEMI PER IL TRASPORTO E STOCCAGGIO A TEMPERATURA CONTROLLATA\",\"potentialAction\":[{\"@type\":\"SearchAction\",\"target\":{\"@type\":\"EntryPoint\",\"urlTemplate\":\"https:\/\/www.melform.com\/fr\/?s={search_term_string}\"},\"query-input\":{\"@type\":\"PropertyValueSpecification\",\"valueRequired\":true,\"valueName\":\"search_term_string\"}}],\"inLanguage\":\"fr-FR\"}]}<\/script>\n<!-- \/ Yoast SEO plugin. -->","yoast_head_json":{"title":"Plateau isotherme \u2013 TS 50 avec couvercle int\u00e9gr\u00e9 - MELFORM","robots":{"index":"index","follow":"follow","max-snippet":"max-snippet:-1","max-image-preview":"max-image-preview:large","max-video-preview":"max-video-preview:-1"},"canonical":"https:\/\/www.melform.com\/fr\/conteneurs-\/catalogue-de-produits\/conteneurs-isothermes-passifs\/thermax-fr\/plateau-isotherme-ts-50-avec-couvercle-integre-pour-assiettes-en-melamine\/","og_locale":"fr_FR","og_type":"article","og_title":"Plateau isotherme \u2013 TS 50 avec couvercle int\u00e9gr\u00e9 - MELFORM","og_description":"Le plateau isotherme \u00e0 quatre compartiments est con\u00e7u pour assurer un transport s\u00e9curis\u00e9 des repas \u00e0 temp\u00e9rature contr\u00f4l\u00e9e. Isolation thermique \u00e9lev\u00e9e, permettant de maintenir les aliments chauds ou froids dans des conditions optimales jusqu\u2019\u00e0 30 minutes. Plage de temp\u00e9rature d\u2019utilisation : de -30\u00b0C \u00e0 +85\u00b0C, garantissant r\u00e9sistance et polyvalence. Dimensions EN (EURONORM) : compatible avec [&hellip;]","og_url":"https:\/\/www.melform.com\/fr\/conteneurs-\/catalogue-de-produits\/conteneurs-isothermes-passifs\/thermax-fr\/plateau-isotherme-ts-50-avec-couvercle-integre-pour-assiettes-en-melamine\/","og_site_name":"MELFORM","article_modified_time":"2025-02-22T16:14:06+00:00","og_image":[{"width":1000,"height":910,"url":"https:\/\/www.melform.com\/wp-content\/uploads\/2022\/10\/TS540105.jpg","type":"image\/jpeg"}],"twitter_card":"summary_large_image","schema":{"@context":"https:\/\/schema.org","@graph":[{"@type":"WebPage","@id":"https:\/\/www.melform.com\/fr\/conteneurs-\/catalogue-de-produits\/conteneurs-isothermes-passifs\/thermax-fr\/plateau-isotherme-ts-50-avec-couvercle-integre-pour-assiettes-en-melamine\/","url":"https:\/\/www.melform.com\/fr\/conteneurs-\/catalogue-de-produits\/conteneurs-isothermes-passifs\/thermax-fr\/plateau-isotherme-ts-50-avec-couvercle-integre-pour-assiettes-en-melamine\/","name":"Plateau isotherme \u2013 TS 50 avec couvercle int\u00e9gr\u00e9 - MELFORM","isPartOf":{"@id":"https:\/\/www.melform.com\/fr\/#website"},"primaryImageOfPage":{"@id":"https:\/\/www.melform.com\/fr\/conteneurs-\/catalogue-de-produits\/conteneurs-isothermes-passifs\/thermax-fr\/plateau-isotherme-ts-50-avec-couvercle-integre-pour-assiettes-en-melamine\/#primaryimage"},"image":{"@id":"https:\/\/www.melform.com\/fr\/conteneurs-\/catalogue-de-produits\/conteneurs-isothermes-passifs\/thermax-fr\/plateau-isotherme-ts-50-avec-couvercle-integre-pour-assiettes-en-melamine\/#primaryimage"},"thumbnailUrl":"https:\/\/www.melform.com\/wp-content\/uploads\/2022\/10\/TS540105.jpg","datePublished":"2022-10-07T12:19:37+00:00","dateModified":"2025-02-22T16:14:06+00:00","breadcrumb":{"@id":"https:\/\/www.melform.com\/fr\/conteneurs-\/catalogue-de-produits\/conteneurs-isothermes-passifs\/thermax-fr\/plateau-isotherme-ts-50-avec-couvercle-integre-pour-assiettes-en-melamine\/#breadcrumb"},"inLanguage":"fr-FR","potentialAction":[{"@type":"ReadAction","target":["https:\/\/www.melform.com\/fr\/conteneurs-\/catalogue-de-produits\/conteneurs-isothermes-passifs\/thermax-fr\/plateau-isotherme-ts-50-avec-couvercle-integre-pour-assiettes-en-melamine\/"]}]},{"@type":"ImageObject","inLanguage":"fr-FR","@id":"https:\/\/www.melform.com\/fr\/conteneurs-\/catalogue-de-produits\/conteneurs-isothermes-passifs\/thermax-fr\/plateau-isotherme-ts-50-avec-couvercle-integre-pour-assiettes-en-melamine\/#primaryimage","url":"https:\/\/www.melform.com\/wp-content\/uploads\/2022\/10\/TS540105.jpg","contentUrl":"https:\/\/www.melform.com\/wp-content\/uploads\/2022\/10\/TS540105.jpg","width":1000,"height":910},{"@type":"BreadcrumbList","@id":"https:\/\/www.melform.com\/fr\/conteneurs-\/catalogue-de-produits\/conteneurs-isothermes-passifs\/thermax-fr\/plateau-isotherme-ts-50-avec-couvercle-integre-pour-assiettes-en-melamine\/#breadcrumb","itemListElement":[{"@type":"ListItem","position":1,"name":"Home","item":"https:\/\/www.melform.com\/fr\/"},{"@type":"ListItem","position":2,"name":"Shop","item":"https:\/\/www.melform.com\/fr\/shop\/"},{"@type":"ListItem","position":3,"name":"Plateau isotherme \u2013 TS 50 avec couvercle int\u00e9gr\u00e9"}]},{"@type":"WebSite","@id":"https:\/\/www.melform.com\/fr\/#website","url":"https:\/\/www.melform.com\/fr\/","name":"MELFORM","description":"SISTEMI PER IL TRASPORTO E STOCCAGGIO A TEMPERATURA CONTROLLATA","potentialAction":[{"@type":"SearchAction","target":{"@type":"EntryPoint","urlTemplate":"https:\/\/www.melform.com\/fr\/?s={search_term_string}"},"query-input":{"@type":"PropertyValueSpecification","valueRequired":true,"valueName":"search_term_string"}}],"inLanguage":"fr-FR"}]}},"_links":{"self":[{"href":"https:\/\/www.melform.com\/fr\/wp-json\/wp\/v2\/product\/8481","targetHints":{"allow":["GET"]}}],"collection":[{"href":"https:\/\/www.melform.com\/fr\/wp-json\/wp\/v2\/product"}],"about":[{"href":"https:\/\/www.melform.com\/fr\/wp-json\/wp\/v2\/types\/product"}],"wp:featuredmedia":[{"embeddable":true,"href":"https:\/\/www.melform.com\/fr\/wp-json\/wp\/v2\/media\/3512"}],"wp:attachment":[{"href":"https:\/\/www.melform.com\/fr\/wp-json\/wp\/v2\/media?parent=8481"}],"wp:term":[{"taxonomy":"product_brand","embeddable":true,"href":"https:\/\/www.melform.com\/fr\/wp-json\/wp\/v2\/product_brand?post=8481"},{"taxonomy":"product_cat","embeddable":true,"href":"https:\/\/www.melform.com\/fr\/wp-json\/wp\/v2\/product_cat?post=8481"},{"taxonomy":"product_tag","embeddable":true,"href":"https:\/\/www.melform.com\/fr\/wp-json\/wp\/v2\/product_tag?post=8481"}],"curies":[{"name":"wp","href":"https:\/\/api.w.org\/{rel}","templated":true}]}}