{"id":8485,"date":"2022-10-07T14:19:20","date_gmt":"2022-10-07T12:19:20","guid":{"rendered":"https:\/\/www.melform.com\/product\/vassoio-isotermico-ts-50-con-coperchio-integrale-per-vaschette-monouso\/"},"modified":"2026-02-06T14:00:21","modified_gmt":"2026-02-06T12:00:21","slug":"plateau-isotherme-ts-50-avec-couvercle-integre-pour-plateaux-jetables","status":"publish","type":"product","link":"https:\/\/www.melform.com\/fr\/conteneurs-\/outlet-offres\/conteneurs-isothermes-passifs-offres\/plateau-isotherme-ts-50-avec-couvercle-integre-pour-plateaux-jetables\/","title":{"rendered":"Plateau isotherme TS 50 \u2013 Compartiments carr\u00e9s"},"content":{"rendered":"<div class=\"wpb-content-wrapper\">[vc_row][vc_column][vc_column_text css=&#8221;&#8221;]\r\n<p data-start=\"69\" data-end=\"282\">Le <strong data-start=\"72\" data-end=\"100\">plateau isotherme TS 50<\/strong> est con\u00e7u pour le <strong data-start=\"118\" data-end=\"176\">transport s\u00e9curis\u00e9 des repas \u00e0 temp\u00e9rature contr\u00f4l\u00e9e<\/strong>.<\/p>\r\n\r\n<ul data-start=\"322\" data-end=\"945\">\r\n \t<li data-start=\"322\" data-end=\"424\"><strong data-start=\"324\" data-end=\"354\">Isolation thermique \u00e9lev\u00e9e<\/strong>, capable de maintenir les aliments chauds ou froids jusqu\u2019\u00e0 30 minutes.<\/li>\r\n \t<li data-start=\"425\" data-end=\"520\"><strong data-start=\"427\" data-end=\"463\">4 compartiments carr\u00e9s parfaitement isol\u00e9s<\/strong>, \u00e9vitant toute contamination thermique entre les aliments.<\/li>\r\n \t<li data-start=\"521\" data-end=\"607\"><strong data-start=\"523\" data-end=\"573\">Compatible avec des barquettes jetables (18\u00d718 cm)<\/strong>, offrant praticit\u00e9 et hygi\u00e8ne.<\/li>\r\n \t<li data-start=\"608\" data-end=\"703\"><strong data-start=\"610\" data-end=\"638\">Dimensions EURONORM (EN)<\/strong>, compatible avec tout <strong data-start=\"666\" data-end=\"700\">chariot de transport standard.<\/strong><\/li>\r\n \t<li data-start=\"704\" data-end=\"800\"><strong data-start=\"706\" data-end=\"733\">Plage de temp\u00e9rature d\u2019utilisation <\/strong>: de <strong data-start=\"738\" data-end=\"755\">-30\u00b0C \u00e0 +85\u00b0C<\/strong>, id\u00e9ale pour diverses applications de transport.<\/li>\r\n \t<li data-start=\"801\" data-end=\"875\"><strong data-start=\"803\" data-end=\"838\">Base et couvercle empilables,<\/strong> pour une organisation efficace.<\/li>\r\n \t<li data-start=\"876\" data-end=\"945\"><strong data-start=\"878\" data-end=\"907\">Lavable au lave-vaisselle<\/strong>, pour un nettoyage rapide et simple.<\/li>\r\n<\/ul>\r\nProduit hors production.[\/vc_column_text][\/vc_column][\/vc_row]<\/div>","protected":false},"excerpt":{"rendered":"[vc_row][vc_column][vc_column_text css=&#8221;&#8221;] Le plateau isotherme TS 50 est con\u00e7u pour le transport s\u00e9curis\u00e9 des repas \u00e0 temp\u00e9rature contr\u00f4l\u00e9e. Isolation thermique \u00e9lev\u00e9e, capable de maintenir les aliments chauds ou froids jusqu\u2019\u00e0 30 minutes. 4 compartiments carr\u00e9s parfaitement isol\u00e9s, \u00e9vitant toute contamination thermique entre les aliments. Compatible avec des barquettes jetables (18\u00d718 cm), offrant praticit\u00e9 et hygi\u00e8ne. [&hellip;]","protected":false},"featured_media":3496,"template":"","meta":{"_acf_changed":false,"_themeisle_gutenberg_block_has_review":false},"product_brand":[],"product_cat":[912,815,973],"product_tag":[],"class_list":{"0":"post-8485","1":"product","2":"type-product","3":"status-publish","4":"has-post-thumbnail","6":"product_cat-catalogue-de-produits","7":"product_cat-outlet-offres","8":"product_cat-conteneurs-isothermes-passifs-offres","9":"pa_linea-melamine-fr-2","10":"pa_moq-6-fr","12":"first","13":"instock","14":"purchasable","15":"product-type-variable","16":"wvs-archive-product-wrapper"},"acf":[],"yoast_head":"<!-- This site is optimized with the Yoast SEO plugin v26.4 - https:\/\/yoast.com\/wordpress\/plugins\/seo\/ -->\n<title>Plateau isotherme TS 50 \u2013 Compartiments carr\u00e9s - MELFORM<\/title>\n<meta name=\"robots\" content=\"index, follow, max-snippet:-1, max-image-preview:large, max-video-preview:-1\" \/>\n<link rel=\"canonical\" href=\"https:\/\/www.melform.com\/fr\/conteneurs-\/outlet-offres\/conteneurs-isothermes-passifs-offres\/plateau-isotherme-ts-50-avec-couvercle-integre-pour-plateaux-jetables\/\" \/>\n<meta property=\"og:locale\" content=\"fr_FR\" \/>\n<meta property=\"og:type\" content=\"article\" \/>\n<meta property=\"og:title\" content=\"Plateau isotherme TS 50 \u2013 Compartiments carr\u00e9s - MELFORM\" \/>\n<meta property=\"og:description\" content=\"[vc_row][vc_column][vc_column_text css=&#8221;&#8221;] Le plateau isotherme TS 50 est con\u00e7u pour le transport s\u00e9curis\u00e9 des repas \u00e0 temp\u00e9rature contr\u00f4l\u00e9e. Isolation thermique \u00e9lev\u00e9e, capable de maintenir les aliments chauds ou froids jusqu\u2019\u00e0 30 minutes. 4 compartiments carr\u00e9s parfaitement isol\u00e9s, \u00e9vitant toute contamination thermique entre les aliments. Compatible avec des barquettes jetables (18\u00d718 cm), offrant praticit\u00e9 et hygi\u00e8ne. [&hellip;]\" \/>\n<meta property=\"og:url\" content=\"https:\/\/www.melform.com\/fr\/conteneurs-\/outlet-offres\/conteneurs-isothermes-passifs-offres\/plateau-isotherme-ts-50-avec-couvercle-integre-pour-plateaux-jetables\/\" \/>\n<meta property=\"og:site_name\" content=\"MELFORM\" \/>\n<meta property=\"article:modified_time\" content=\"2026-02-06T12:00:21+00:00\" \/>\n<meta property=\"og:image\" content=\"https:\/\/www.melform.com\/wp-content\/uploads\/2022\/10\/TS550101.jpg\" \/>\n\t<meta property=\"og:image:width\" content=\"1000\" \/>\n\t<meta property=\"og:image:height\" content=\"852\" \/>\n\t<meta property=\"og:image:type\" content=\"image\/jpeg\" \/>\n<meta name=\"twitter:card\" content=\"summary_large_image\" \/>\n<script type=\"application\/ld+json\" class=\"yoast-schema-graph\">{\"@context\":\"https:\/\/schema.org\",\"@graph\":[{\"@type\":\"WebPage\",\"@id\":\"https:\/\/www.melform.com\/fr\/conteneurs-\/outlet-offres\/conteneurs-isothermes-passifs-offres\/plateau-isotherme-ts-50-avec-couvercle-integre-pour-plateaux-jetables\/\",\"url\":\"https:\/\/www.melform.com\/fr\/conteneurs-\/outlet-offres\/conteneurs-isothermes-passifs-offres\/plateau-isotherme-ts-50-avec-couvercle-integre-pour-plateaux-jetables\/\",\"name\":\"Plateau isotherme TS 50 \u2013 Compartiments carr\u00e9s - MELFORM\",\"isPartOf\":{\"@id\":\"https:\/\/www.melform.com\/fr\/#website\"},\"primaryImageOfPage\":{\"@id\":\"https:\/\/www.melform.com\/fr\/conteneurs-\/outlet-offres\/conteneurs-isothermes-passifs-offres\/plateau-isotherme-ts-50-avec-couvercle-integre-pour-plateaux-jetables\/#primaryimage\"},\"image\":{\"@id\":\"https:\/\/www.melform.com\/fr\/conteneurs-\/outlet-offres\/conteneurs-isothermes-passifs-offres\/plateau-isotherme-ts-50-avec-couvercle-integre-pour-plateaux-jetables\/#primaryimage\"},\"thumbnailUrl\":\"https:\/\/www.melform.com\/wp-content\/uploads\/2022\/10\/TS550101.jpg\",\"datePublished\":\"2022-10-07T12:19:20+00:00\",\"dateModified\":\"2026-02-06T12:00:21+00:00\",\"breadcrumb\":{\"@id\":\"https:\/\/www.melform.com\/fr\/conteneurs-\/outlet-offres\/conteneurs-isothermes-passifs-offres\/plateau-isotherme-ts-50-avec-couvercle-integre-pour-plateaux-jetables\/#breadcrumb\"},\"inLanguage\":\"fr-FR\",\"potentialAction\":[{\"@type\":\"ReadAction\",\"target\":[\"https:\/\/www.melform.com\/fr\/conteneurs-\/outlet-offres\/conteneurs-isothermes-passifs-offres\/plateau-isotherme-ts-50-avec-couvercle-integre-pour-plateaux-jetables\/\"]}]},{\"@type\":\"ImageObject\",\"inLanguage\":\"fr-FR\",\"@id\":\"https:\/\/www.melform.com\/fr\/conteneurs-\/outlet-offres\/conteneurs-isothermes-passifs-offres\/plateau-isotherme-ts-50-avec-couvercle-integre-pour-plateaux-jetables\/#primaryimage\",\"url\":\"https:\/\/www.melform.com\/wp-content\/uploads\/2022\/10\/TS550101.jpg\",\"contentUrl\":\"https:\/\/www.melform.com\/wp-content\/uploads\/2022\/10\/TS550101.jpg\",\"width\":1000,\"height\":852},{\"@type\":\"BreadcrumbList\",\"@id\":\"https:\/\/www.melform.com\/fr\/conteneurs-\/outlet-offres\/conteneurs-isothermes-passifs-offres\/plateau-isotherme-ts-50-avec-couvercle-integre-pour-plateaux-jetables\/#breadcrumb\",\"itemListElement\":[{\"@type\":\"ListItem\",\"position\":1,\"name\":\"Home\",\"item\":\"https:\/\/www.melform.com\/fr\/\"},{\"@type\":\"ListItem\",\"position\":2,\"name\":\"Shop\",\"item\":\"https:\/\/www.melform.com\/fr\/shop\/\"},{\"@type\":\"ListItem\",\"position\":3,\"name\":\"Plateau isotherme TS 50 \u2013 Compartiments carr\u00e9s\"}]},{\"@type\":\"WebSite\",\"@id\":\"https:\/\/www.melform.com\/fr\/#website\",\"url\":\"https:\/\/www.melform.com\/fr\/\",\"name\":\"MELFORM\",\"description\":\"SISTEMI PER IL TRASPORTO E STOCCAGGIO A TEMPERATURA CONTROLLATA\",\"potentialAction\":[{\"@type\":\"SearchAction\",\"target\":{\"@type\":\"EntryPoint\",\"urlTemplate\":\"https:\/\/www.melform.com\/fr\/?s={search_term_string}\"},\"query-input\":{\"@type\":\"PropertyValueSpecification\",\"valueRequired\":true,\"valueName\":\"search_term_string\"}}],\"inLanguage\":\"fr-FR\"}]}<\/script>\n<!-- \/ Yoast SEO plugin. -->","yoast_head_json":{"title":"Plateau isotherme TS 50 \u2013 Compartiments carr\u00e9s - MELFORM","robots":{"index":"index","follow":"follow","max-snippet":"max-snippet:-1","max-image-preview":"max-image-preview:large","max-video-preview":"max-video-preview:-1"},"canonical":"https:\/\/www.melform.com\/fr\/conteneurs-\/outlet-offres\/conteneurs-isothermes-passifs-offres\/plateau-isotherme-ts-50-avec-couvercle-integre-pour-plateaux-jetables\/","og_locale":"fr_FR","og_type":"article","og_title":"Plateau isotherme TS 50 \u2013 Compartiments carr\u00e9s - MELFORM","og_description":"[vc_row][vc_column][vc_column_text css=&#8221;&#8221;] Le plateau isotherme TS 50 est con\u00e7u pour le transport s\u00e9curis\u00e9 des repas \u00e0 temp\u00e9rature contr\u00f4l\u00e9e. Isolation thermique \u00e9lev\u00e9e, capable de maintenir les aliments chauds ou froids jusqu\u2019\u00e0 30 minutes. 4 compartiments carr\u00e9s parfaitement isol\u00e9s, \u00e9vitant toute contamination thermique entre les aliments. Compatible avec des barquettes jetables (18\u00d718 cm), offrant praticit\u00e9 et hygi\u00e8ne. [&hellip;]","og_url":"https:\/\/www.melform.com\/fr\/conteneurs-\/outlet-offres\/conteneurs-isothermes-passifs-offres\/plateau-isotherme-ts-50-avec-couvercle-integre-pour-plateaux-jetables\/","og_site_name":"MELFORM","article_modified_time":"2026-02-06T12:00:21+00:00","og_image":[{"width":1000,"height":852,"url":"https:\/\/www.melform.com\/wp-content\/uploads\/2022\/10\/TS550101.jpg","type":"image\/jpeg"}],"twitter_card":"summary_large_image","schema":{"@context":"https:\/\/schema.org","@graph":[{"@type":"WebPage","@id":"https:\/\/www.melform.com\/fr\/conteneurs-\/outlet-offres\/conteneurs-isothermes-passifs-offres\/plateau-isotherme-ts-50-avec-couvercle-integre-pour-plateaux-jetables\/","url":"https:\/\/www.melform.com\/fr\/conteneurs-\/outlet-offres\/conteneurs-isothermes-passifs-offres\/plateau-isotherme-ts-50-avec-couvercle-integre-pour-plateaux-jetables\/","name":"Plateau isotherme TS 50 \u2013 Compartiments carr\u00e9s - MELFORM","isPartOf":{"@id":"https:\/\/www.melform.com\/fr\/#website"},"primaryImageOfPage":{"@id":"https:\/\/www.melform.com\/fr\/conteneurs-\/outlet-offres\/conteneurs-isothermes-passifs-offres\/plateau-isotherme-ts-50-avec-couvercle-integre-pour-plateaux-jetables\/#primaryimage"},"image":{"@id":"https:\/\/www.melform.com\/fr\/conteneurs-\/outlet-offres\/conteneurs-isothermes-passifs-offres\/plateau-isotherme-ts-50-avec-couvercle-integre-pour-plateaux-jetables\/#primaryimage"},"thumbnailUrl":"https:\/\/www.melform.com\/wp-content\/uploads\/2022\/10\/TS550101.jpg","datePublished":"2022-10-07T12:19:20+00:00","dateModified":"2026-02-06T12:00:21+00:00","breadcrumb":{"@id":"https:\/\/www.melform.com\/fr\/conteneurs-\/outlet-offres\/conteneurs-isothermes-passifs-offres\/plateau-isotherme-ts-50-avec-couvercle-integre-pour-plateaux-jetables\/#breadcrumb"},"inLanguage":"fr-FR","potentialAction":[{"@type":"ReadAction","target":["https:\/\/www.melform.com\/fr\/conteneurs-\/outlet-offres\/conteneurs-isothermes-passifs-offres\/plateau-isotherme-ts-50-avec-couvercle-integre-pour-plateaux-jetables\/"]}]},{"@type":"ImageObject","inLanguage":"fr-FR","@id":"https:\/\/www.melform.com\/fr\/conteneurs-\/outlet-offres\/conteneurs-isothermes-passifs-offres\/plateau-isotherme-ts-50-avec-couvercle-integre-pour-plateaux-jetables\/#primaryimage","url":"https:\/\/www.melform.com\/wp-content\/uploads\/2022\/10\/TS550101.jpg","contentUrl":"https:\/\/www.melform.com\/wp-content\/uploads\/2022\/10\/TS550101.jpg","width":1000,"height":852},{"@type":"BreadcrumbList","@id":"https:\/\/www.melform.com\/fr\/conteneurs-\/outlet-offres\/conteneurs-isothermes-passifs-offres\/plateau-isotherme-ts-50-avec-couvercle-integre-pour-plateaux-jetables\/#breadcrumb","itemListElement":[{"@type":"ListItem","position":1,"name":"Home","item":"https:\/\/www.melform.com\/fr\/"},{"@type":"ListItem","position":2,"name":"Shop","item":"https:\/\/www.melform.com\/fr\/shop\/"},{"@type":"ListItem","position":3,"name":"Plateau isotherme TS 50 \u2013 Compartiments carr\u00e9s"}]},{"@type":"WebSite","@id":"https:\/\/www.melform.com\/fr\/#website","url":"https:\/\/www.melform.com\/fr\/","name":"MELFORM","description":"SISTEMI PER IL TRASPORTO E STOCCAGGIO A TEMPERATURA CONTROLLATA","potentialAction":[{"@type":"SearchAction","target":{"@type":"EntryPoint","urlTemplate":"https:\/\/www.melform.com\/fr\/?s={search_term_string}"},"query-input":{"@type":"PropertyValueSpecification","valueRequired":true,"valueName":"search_term_string"}}],"inLanguage":"fr-FR"}]}},"_links":{"self":[{"href":"https:\/\/www.melform.com\/fr\/wp-json\/wp\/v2\/product\/8485","targetHints":{"allow":["GET"]}}],"collection":[{"href":"https:\/\/www.melform.com\/fr\/wp-json\/wp\/v2\/product"}],"about":[{"href":"https:\/\/www.melform.com\/fr\/wp-json\/wp\/v2\/types\/product"}],"wp:featuredmedia":[{"embeddable":true,"href":"https:\/\/www.melform.com\/fr\/wp-json\/wp\/v2\/media\/3496"}],"wp:attachment":[{"href":"https:\/\/www.melform.com\/fr\/wp-json\/wp\/v2\/media?parent=8485"}],"wp:term":[{"taxonomy":"product_brand","embeddable":true,"href":"https:\/\/www.melform.com\/fr\/wp-json\/wp\/v2\/product_brand?post=8485"},{"taxonomy":"product_cat","embeddable":true,"href":"https:\/\/www.melform.com\/fr\/wp-json\/wp\/v2\/product_cat?post=8485"},{"taxonomy":"product_tag","embeddable":true,"href":"https:\/\/www.melform.com\/fr\/wp-json\/wp\/v2\/product_tag?post=8485"}],"curies":[{"name":"wp","href":"https:\/\/api.w.org\/{rel}","templated":true}]}}