{"id":8489,"date":"2022-10-07T14:20:05","date_gmt":"2022-10-07T12:20:05","guid":{"rendered":"https:\/\/www.melform.com\/product\/vassoio-isotermico-ts-60-con-coperchio-integrale-per-stoviglie-in-melamina\/"},"modified":"2025-02-22T18:17:00","modified_gmt":"2025-02-22T16:17:00","slug":"plateau-isotherme-ts-60-avec-couvercle-integre-pour-assiettes-en-melamine","status":"publish","type":"product","link":"https:\/\/www.melform.com\/fr\/conteneurs-\/catalogue-de-produits\/conteneurs-isothermes-passifs\/thermax-fr\/plateau-isotherme-ts-60-avec-couvercle-integre-pour-assiettes-en-melamine\/","title":{"rendered":"Plateau isotherme &#8211; TS 60 avec couvercle int\u00e9gral"},"content":{"rendered":"<p data-start=\"1328\" data-end=\"1581\">Le <strong data-start=\"1331\" data-end=\"1382\">plateau isotherme TS 60 avec couvercle int\u00e9gral<\/strong> est con\u00e7u pour le <strong data-start=\"1401\" data-end=\"1457\">transport s\u00e9curis\u00e9 des repas \u00e0 temp\u00e9rature contr\u00f4l\u00e9e.<\/strong><\/p>\r\n\r\n<ul data-start=\"1624\" data-end=\"2617\" data-is-last-node=\"\" data-is-only-node=\"\">\r\n \t<li data-start=\"1624\" data-end=\"1749\"><strong data-start=\"1626\" data-end=\"1656\">Isolation thermique \u00e9lev\u00e9e<\/strong>, maintenant les aliments <strong data-start=\"1682\" data-end=\"1721\">chauds ou froids jusqu&#8217;\u00e0 30 minutes<\/strong>, pr\u00e9servant leur qualit\u00e9.<\/li>\r\n \t<li data-start=\"1750\" data-end=\"1888\"><strong data-start=\"1752\" data-end=\"1791\">4 compartiments parfaitement isol\u00e9s<\/strong>, con\u00e7us pour accueillir <strong data-start=\"1816\" data-end=\"1846\">une assiette et trois bols<\/strong>, \u00e9vitant toute contamination thermique.<\/li>\r\n \t<li data-start=\"1889\" data-end=\"2003\"><strong data-start=\"1891\" data-end=\"1913\">Couvercle int\u00e9gral<\/strong>, assurant <strong data-start=\"1924\" data-end=\"1962\">une excellente r\u00e9tention thermique<\/strong> et une protection compl\u00e8te du contenu.<\/li>\r\n \t<li data-start=\"2004\" data-end=\"2133\"><strong data-start=\"2006\" data-end=\"2034\">Dimensions EN (EURONORM)<\/strong>, compatibles avec tout <strong data-start=\"2058\" data-end=\"2091\">chariot de transport standard<\/strong>, pour une gestion logistique optimis\u00e9e.<\/li>\r\n \t<li data-start=\"2329\" data-end=\"2426\"><strong data-start=\"2331\" data-end=\"2354\">Structure empilable<\/strong>, optimisant l\u2019espace de stockage et facilitant la gestion en cuisine.<\/li>\r\n \t<li data-start=\"2427\" data-end=\"2499\"><strong data-start=\"2429\" data-end=\"2458\">Lavable en lave-vaisselle<\/strong>, pour un nettoyage rapide et efficace.<\/li>\r\n \t<li data-start=\"2500\" data-end=\"2617\" data-is-last-node=\"\"><strong data-start=\"2502\" data-end=\"2536\">Accessoires en m\u00e9lamine d\u00e9di\u00e9s<\/strong>, con\u00e7us pour s\u2019adapter parfaitement au plateau, garantissant un service optimal.<\/li>\r\n<\/ul>","protected":false},"excerpt":{"rendered":"Le plateau isotherme TS 60 avec couvercle int\u00e9gral est con\u00e7u pour le transport s\u00e9curis\u00e9 des repas \u00e0 temp\u00e9rature contr\u00f4l\u00e9e. Isolation thermique \u00e9lev\u00e9e, maintenant les aliments chauds ou froids jusqu&#8217;\u00e0 30 minutes, pr\u00e9servant leur qualit\u00e9. 4 compartiments parfaitement isol\u00e9s, con\u00e7us pour accueillir une assiette et trois bols, \u00e9vitant toute contamination thermique. Couvercle int\u00e9gral, assurant une excellente [&hellip;]","protected":false},"featured_media":6010,"template":"","meta":{"_acf_changed":false,"_themeisle_gutenberg_block_has_review":false},"product_brand":[],"product_cat":[912,913,919],"product_tag":[],"class_list":{"0":"post-8489","1":"product","2":"type-product","3":"status-publish","4":"has-post-thumbnail","6":"product_cat-catalogue-de-produits","7":"product_cat-conteneurs-isothermes-passifs","8":"product_cat-thermax-fr","9":"pa_moq-6-fr","11":"first","12":"instock","13":"product-type-variable","14":"wvs-archive-product-wrapper"},"acf":[],"yoast_head":"<!-- This site is optimized with the Yoast SEO plugin v26.4 - https:\/\/yoast.com\/wordpress\/plugins\/seo\/ -->\n<title>Plateau isotherme - TS 60 avec couvercle int\u00e9gral - MELFORM<\/title>\n<meta name=\"robots\" content=\"index, follow, max-snippet:-1, max-image-preview:large, max-video-preview:-1\" \/>\n<link rel=\"canonical\" href=\"https:\/\/www.melform.com\/fr\/conteneurs-\/catalogue-de-produits\/conteneurs-isothermes-passifs\/thermax-fr\/plateau-isotherme-ts-60-avec-couvercle-integre-pour-assiettes-en-melamine\/\" \/>\n<meta property=\"og:locale\" content=\"fr_FR\" \/>\n<meta property=\"og:type\" content=\"article\" \/>\n<meta property=\"og:title\" content=\"Plateau isotherme - TS 60 avec couvercle int\u00e9gral - MELFORM\" \/>\n<meta property=\"og:description\" content=\"Le plateau isotherme TS 60 avec couvercle int\u00e9gral est con\u00e7u pour le transport s\u00e9curis\u00e9 des repas \u00e0 temp\u00e9rature contr\u00f4l\u00e9e. Isolation thermique \u00e9lev\u00e9e, maintenant les aliments chauds ou froids jusqu&#8217;\u00e0 30 minutes, pr\u00e9servant leur qualit\u00e9. 4 compartiments parfaitement isol\u00e9s, con\u00e7us pour accueillir une assiette et trois bols, \u00e9vitant toute contamination thermique. Couvercle int\u00e9gral, assurant une excellente [&hellip;]\" \/>\n<meta property=\"og:url\" content=\"https:\/\/www.melform.com\/fr\/conteneurs-\/catalogue-de-produits\/conteneurs-isothermes-passifs\/thermax-fr\/plateau-isotherme-ts-60-avec-couvercle-integre-pour-assiettes-en-melamine\/\" \/>\n<meta property=\"og:site_name\" content=\"MELFORM\" \/>\n<meta property=\"article:modified_time\" content=\"2025-02-22T16:17:00+00:00\" \/>\n<meta property=\"og:image\" content=\"https:\/\/www.melform.com\/wp-content\/uploads\/2022\/10\/TS610101-2.jpg\" \/>\n\t<meta property=\"og:image:width\" content=\"1200\" \/>\n\t<meta property=\"og:image:height\" content=\"1200\" \/>\n\t<meta property=\"og:image:type\" content=\"image\/jpeg\" \/>\n<meta name=\"twitter:card\" content=\"summary_large_image\" \/>\n<script type=\"application\/ld+json\" class=\"yoast-schema-graph\">{\"@context\":\"https:\/\/schema.org\",\"@graph\":[{\"@type\":\"WebPage\",\"@id\":\"https:\/\/www.melform.com\/fr\/conteneurs-\/catalogue-de-produits\/conteneurs-isothermes-passifs\/thermax-fr\/plateau-isotherme-ts-60-avec-couvercle-integre-pour-assiettes-en-melamine\/\",\"url\":\"https:\/\/www.melform.com\/fr\/conteneurs-\/catalogue-de-produits\/conteneurs-isothermes-passifs\/thermax-fr\/plateau-isotherme-ts-60-avec-couvercle-integre-pour-assiettes-en-melamine\/\",\"name\":\"Plateau isotherme - TS 60 avec couvercle int\u00e9gral - MELFORM\",\"isPartOf\":{\"@id\":\"https:\/\/www.melform.com\/fr\/#website\"},\"primaryImageOfPage\":{\"@id\":\"https:\/\/www.melform.com\/fr\/conteneurs-\/catalogue-de-produits\/conteneurs-isothermes-passifs\/thermax-fr\/plateau-isotherme-ts-60-avec-couvercle-integre-pour-assiettes-en-melamine\/#primaryimage\"},\"image\":{\"@id\":\"https:\/\/www.melform.com\/fr\/conteneurs-\/catalogue-de-produits\/conteneurs-isothermes-passifs\/thermax-fr\/plateau-isotherme-ts-60-avec-couvercle-integre-pour-assiettes-en-melamine\/#primaryimage\"},\"thumbnailUrl\":\"https:\/\/www.melform.com\/wp-content\/uploads\/2022\/10\/TS610101-2.jpg\",\"datePublished\":\"2022-10-07T12:20:05+00:00\",\"dateModified\":\"2025-02-22T16:17:00+00:00\",\"breadcrumb\":{\"@id\":\"https:\/\/www.melform.com\/fr\/conteneurs-\/catalogue-de-produits\/conteneurs-isothermes-passifs\/thermax-fr\/plateau-isotherme-ts-60-avec-couvercle-integre-pour-assiettes-en-melamine\/#breadcrumb\"},\"inLanguage\":\"fr-FR\",\"potentialAction\":[{\"@type\":\"ReadAction\",\"target\":[\"https:\/\/www.melform.com\/fr\/conteneurs-\/catalogue-de-produits\/conteneurs-isothermes-passifs\/thermax-fr\/plateau-isotherme-ts-60-avec-couvercle-integre-pour-assiettes-en-melamine\/\"]}]},{\"@type\":\"ImageObject\",\"inLanguage\":\"fr-FR\",\"@id\":\"https:\/\/www.melform.com\/fr\/conteneurs-\/catalogue-de-produits\/conteneurs-isothermes-passifs\/thermax-fr\/plateau-isotherme-ts-60-avec-couvercle-integre-pour-assiettes-en-melamine\/#primaryimage\",\"url\":\"https:\/\/www.melform.com\/wp-content\/uploads\/2022\/10\/TS610101-2.jpg\",\"contentUrl\":\"https:\/\/www.melform.com\/wp-content\/uploads\/2022\/10\/TS610101-2.jpg\",\"width\":1200,\"height\":1200},{\"@type\":\"BreadcrumbList\",\"@id\":\"https:\/\/www.melform.com\/fr\/conteneurs-\/catalogue-de-produits\/conteneurs-isothermes-passifs\/thermax-fr\/plateau-isotherme-ts-60-avec-couvercle-integre-pour-assiettes-en-melamine\/#breadcrumb\",\"itemListElement\":[{\"@type\":\"ListItem\",\"position\":1,\"name\":\"Home\",\"item\":\"https:\/\/www.melform.com\/fr\/\"},{\"@type\":\"ListItem\",\"position\":2,\"name\":\"Shop\",\"item\":\"https:\/\/www.melform.com\/fr\/shop\/\"},{\"@type\":\"ListItem\",\"position\":3,\"name\":\"Plateau isotherme &#8211; TS 60 avec couvercle int\u00e9gral\"}]},{\"@type\":\"WebSite\",\"@id\":\"https:\/\/www.melform.com\/fr\/#website\",\"url\":\"https:\/\/www.melform.com\/fr\/\",\"name\":\"MELFORM\",\"description\":\"SISTEMI PER IL TRASPORTO E STOCCAGGIO A TEMPERATURA CONTROLLATA\",\"potentialAction\":[{\"@type\":\"SearchAction\",\"target\":{\"@type\":\"EntryPoint\",\"urlTemplate\":\"https:\/\/www.melform.com\/fr\/?s={search_term_string}\"},\"query-input\":{\"@type\":\"PropertyValueSpecification\",\"valueRequired\":true,\"valueName\":\"search_term_string\"}}],\"inLanguage\":\"fr-FR\"}]}<\/script>\n<!-- \/ Yoast SEO plugin. -->","yoast_head_json":{"title":"Plateau isotherme - TS 60 avec couvercle int\u00e9gral - MELFORM","robots":{"index":"index","follow":"follow","max-snippet":"max-snippet:-1","max-image-preview":"max-image-preview:large","max-video-preview":"max-video-preview:-1"},"canonical":"https:\/\/www.melform.com\/fr\/conteneurs-\/catalogue-de-produits\/conteneurs-isothermes-passifs\/thermax-fr\/plateau-isotherme-ts-60-avec-couvercle-integre-pour-assiettes-en-melamine\/","og_locale":"fr_FR","og_type":"article","og_title":"Plateau isotherme - TS 60 avec couvercle int\u00e9gral - MELFORM","og_description":"Le plateau isotherme TS 60 avec couvercle int\u00e9gral est con\u00e7u pour le transport s\u00e9curis\u00e9 des repas \u00e0 temp\u00e9rature contr\u00f4l\u00e9e. Isolation thermique \u00e9lev\u00e9e, maintenant les aliments chauds ou froids jusqu&#8217;\u00e0 30 minutes, pr\u00e9servant leur qualit\u00e9. 4 compartiments parfaitement isol\u00e9s, con\u00e7us pour accueillir une assiette et trois bols, \u00e9vitant toute contamination thermique. Couvercle int\u00e9gral, assurant une excellente [&hellip;]","og_url":"https:\/\/www.melform.com\/fr\/conteneurs-\/catalogue-de-produits\/conteneurs-isothermes-passifs\/thermax-fr\/plateau-isotherme-ts-60-avec-couvercle-integre-pour-assiettes-en-melamine\/","og_site_name":"MELFORM","article_modified_time":"2025-02-22T16:17:00+00:00","og_image":[{"width":1200,"height":1200,"url":"https:\/\/www.melform.com\/wp-content\/uploads\/2022\/10\/TS610101-2.jpg","type":"image\/jpeg"}],"twitter_card":"summary_large_image","schema":{"@context":"https:\/\/schema.org","@graph":[{"@type":"WebPage","@id":"https:\/\/www.melform.com\/fr\/conteneurs-\/catalogue-de-produits\/conteneurs-isothermes-passifs\/thermax-fr\/plateau-isotherme-ts-60-avec-couvercle-integre-pour-assiettes-en-melamine\/","url":"https:\/\/www.melform.com\/fr\/conteneurs-\/catalogue-de-produits\/conteneurs-isothermes-passifs\/thermax-fr\/plateau-isotherme-ts-60-avec-couvercle-integre-pour-assiettes-en-melamine\/","name":"Plateau isotherme - TS 60 avec couvercle int\u00e9gral - MELFORM","isPartOf":{"@id":"https:\/\/www.melform.com\/fr\/#website"},"primaryImageOfPage":{"@id":"https:\/\/www.melform.com\/fr\/conteneurs-\/catalogue-de-produits\/conteneurs-isothermes-passifs\/thermax-fr\/plateau-isotherme-ts-60-avec-couvercle-integre-pour-assiettes-en-melamine\/#primaryimage"},"image":{"@id":"https:\/\/www.melform.com\/fr\/conteneurs-\/catalogue-de-produits\/conteneurs-isothermes-passifs\/thermax-fr\/plateau-isotherme-ts-60-avec-couvercle-integre-pour-assiettes-en-melamine\/#primaryimage"},"thumbnailUrl":"https:\/\/www.melform.com\/wp-content\/uploads\/2022\/10\/TS610101-2.jpg","datePublished":"2022-10-07T12:20:05+00:00","dateModified":"2025-02-22T16:17:00+00:00","breadcrumb":{"@id":"https:\/\/www.melform.com\/fr\/conteneurs-\/catalogue-de-produits\/conteneurs-isothermes-passifs\/thermax-fr\/plateau-isotherme-ts-60-avec-couvercle-integre-pour-assiettes-en-melamine\/#breadcrumb"},"inLanguage":"fr-FR","potentialAction":[{"@type":"ReadAction","target":["https:\/\/www.melform.com\/fr\/conteneurs-\/catalogue-de-produits\/conteneurs-isothermes-passifs\/thermax-fr\/plateau-isotherme-ts-60-avec-couvercle-integre-pour-assiettes-en-melamine\/"]}]},{"@type":"ImageObject","inLanguage":"fr-FR","@id":"https:\/\/www.melform.com\/fr\/conteneurs-\/catalogue-de-produits\/conteneurs-isothermes-passifs\/thermax-fr\/plateau-isotherme-ts-60-avec-couvercle-integre-pour-assiettes-en-melamine\/#primaryimage","url":"https:\/\/www.melform.com\/wp-content\/uploads\/2022\/10\/TS610101-2.jpg","contentUrl":"https:\/\/www.melform.com\/wp-content\/uploads\/2022\/10\/TS610101-2.jpg","width":1200,"height":1200},{"@type":"BreadcrumbList","@id":"https:\/\/www.melform.com\/fr\/conteneurs-\/catalogue-de-produits\/conteneurs-isothermes-passifs\/thermax-fr\/plateau-isotherme-ts-60-avec-couvercle-integre-pour-assiettes-en-melamine\/#breadcrumb","itemListElement":[{"@type":"ListItem","position":1,"name":"Home","item":"https:\/\/www.melform.com\/fr\/"},{"@type":"ListItem","position":2,"name":"Shop","item":"https:\/\/www.melform.com\/fr\/shop\/"},{"@type":"ListItem","position":3,"name":"Plateau isotherme &#8211; TS 60 avec couvercle int\u00e9gral"}]},{"@type":"WebSite","@id":"https:\/\/www.melform.com\/fr\/#website","url":"https:\/\/www.melform.com\/fr\/","name":"MELFORM","description":"SISTEMI PER IL TRASPORTO E STOCCAGGIO A TEMPERATURA CONTROLLATA","potentialAction":[{"@type":"SearchAction","target":{"@type":"EntryPoint","urlTemplate":"https:\/\/www.melform.com\/fr\/?s={search_term_string}"},"query-input":{"@type":"PropertyValueSpecification","valueRequired":true,"valueName":"search_term_string"}}],"inLanguage":"fr-FR"}]}},"_links":{"self":[{"href":"https:\/\/www.melform.com\/fr\/wp-json\/wp\/v2\/product\/8489","targetHints":{"allow":["GET"]}}],"collection":[{"href":"https:\/\/www.melform.com\/fr\/wp-json\/wp\/v2\/product"}],"about":[{"href":"https:\/\/www.melform.com\/fr\/wp-json\/wp\/v2\/types\/product"}],"wp:featuredmedia":[{"embeddable":true,"href":"https:\/\/www.melform.com\/fr\/wp-json\/wp\/v2\/media\/6010"}],"wp:attachment":[{"href":"https:\/\/www.melform.com\/fr\/wp-json\/wp\/v2\/media?parent=8489"}],"wp:term":[{"taxonomy":"product_brand","embeddable":true,"href":"https:\/\/www.melform.com\/fr\/wp-json\/wp\/v2\/product_brand?post=8489"},{"taxonomy":"product_cat","embeddable":true,"href":"https:\/\/www.melform.com\/fr\/wp-json\/wp\/v2\/product_cat?post=8489"},{"taxonomy":"product_tag","embeddable":true,"href":"https:\/\/www.melform.com\/fr\/wp-json\/wp\/v2\/product_tag?post=8489"}],"curies":[{"name":"wp","href":"https:\/\/api.w.org\/{rel}","templated":true}]}}