{"id":8622,"date":"2022-10-07T14:17:23","date_gmt":"2022-10-07T12:17:23","guid":{"rendered":"https:\/\/www.melform.com\/product\/piastra-eutettica-per-single\/"},"modified":"2025-02-25T11:51:00","modified_gmt":"2025-02-25T09:51:00","slug":"piastra-eutettica-per-single","status":"publish","type":"product","link":"https:\/\/www.melform.com\/fr\/conteneurs-\/catalogue-de-produits\/plaques-eutectiques-logistique\/piastra-eutettica-per-single\/","title":{"rendered":"Plaques eutectiques 195x195mm"},"content":{"rendered":"<p data-start=\"978\" data-end=\"1187\">Les <strong data-start=\"982\" data-end=\"1022\">plaques eutectiques de petite taille<\/strong> sont con\u00e7ues pour <strong data-start=\"1041\" data-end=\"1088\">accumuler et lib\u00e9rer de l\u2019\u00e9nergie thermique<\/strong>, prolongeant ainsi le <strong data-start=\"1111\" data-end=\"1141\">maintien de la temp\u00e9rature<\/strong> des produits p\u00e9rissables lors du transport.<\/p>\r\n\r\n<ul data-start=\"1230\" data-end=\"1908\" data-is-last-node=\"\" data-is-only-node=\"\">\r\n \t<li data-start=\"1230\" data-end=\"1321\"><strong data-start=\"1232\" data-end=\"1249\">Compatibilit\u00e9<\/strong> : Con\u00e7ues pour \u00eatre utilis\u00e9es avec le <strong data-start=\"1288\" data-end=\"1318\">conteneur isotherme SINGLE<\/strong>.<\/li>\r\n \t<li data-start=\"1322\" data-end=\"1476\"><strong data-start=\"1324\" data-end=\"1356\">Disponibles en deux versions<\/strong> :\r\n<ul data-start=\"1363\" data-end=\"1476\">\r\n \t<li data-start=\"1363\" data-end=\"1422\"><strong data-start=\"1365\" data-end=\"1374\">Frais<\/strong>, pour le maintien des temp\u00e9ratures positives.<\/li>\r\n \t<li data-start=\"1425\" data-end=\"1476\"><strong data-start=\"1427\" data-end=\"1436\">Chaud<\/strong>, pour le transport en liaison chaude.<\/li>\r\n<\/ul>\r\n<\/li>\r\n \t<li data-start=\"1477\" data-end=\"1599\"><strong data-start=\"1479\" data-end=\"1503\">Efficacit\u00e9 thermique<\/strong> : Assure une lib\u00e9ration progressive du froid ou de la chaleur pour une conservation optimale.<\/li>\r\n \t<li data-start=\"1600\" data-end=\"1908\" data-is-last-node=\"\"><strong data-start=\"1634\" data-end=\"1674\">Design exclusif et structure robuste<\/strong>, id\u00e9aux pour un usage professionnel.<\/li>\r\n \t<li data-start=\"1600\" data-end=\"1908\" data-is-last-node=\"\"><strong data-start=\"1718\" data-end=\"1748\">Mat\u00e9riaux \u00e9co-responsables<\/strong> : Coque ext\u00e9rieure enti\u00e8rement <strong data-start=\"1780\" data-end=\"1794\">recyclable<\/strong> et liquide interne <strong data-start=\"1814\" data-end=\"1829\">non toxique<\/strong>.<\/li>\r\n \t<li data-start=\"1600\" data-end=\"1908\" data-is-last-node=\"\"><strong data-start=\"1837\" data-end=\"1861\">L\u00e9g\u00e8res et maniables<\/strong>, pour une utilisation pratique et s\u00e9curis\u00e9e.<\/li>\r\n<\/ul>","protected":false},"excerpt":{"rendered":"Les plaques eutectiques de petite taille sont con\u00e7ues pour accumuler et lib\u00e9rer de l\u2019\u00e9nergie thermique, prolongeant ainsi le maintien de la temp\u00e9rature des produits p\u00e9rissables lors du transport. Compatibilit\u00e9 : Con\u00e7ues pour \u00eatre utilis\u00e9es avec le conteneur isotherme SINGLE. Disponibles en deux versions : Frais, pour le maintien des temp\u00e9ratures positives. Chaud, pour le transport [&hellip;]","protected":false},"featured_media":2295,"template":"","meta":{"_acf_changed":false,"_themeisle_gutenberg_block_has_review":false},"product_brand":[],"product_cat":[912,666],"product_tag":[],"class_list":{"0":"post-8622","1":"product","2":"type-product","3":"status-publish","4":"has-post-thumbnail","6":"product_cat-catalogue-de-produits","7":"product_cat-plaques-eutectiques-logistique","8":"pa_linea-melamine-fr-2","9":"pa_moq-5-fr","10":"pa_temperatura-di-mantenimento-chaud","11":"pa_temperatura-di-mantenimento-frais-3c","12":"pa_temperatura-di-mantenimento-separateur-isotherme","14":"first","15":"instock","16":"product-type-variable","17":"wvs-archive-product-wrapper"},"acf":[],"yoast_head":"<!-- This site is optimized with the Yoast SEO plugin v26.4 - https:\/\/yoast.com\/wordpress\/plugins\/seo\/ -->\n<title>Plaques eutectiques 195x195mm - MELFORM<\/title>\n<meta name=\"robots\" content=\"index, follow, max-snippet:-1, max-image-preview:large, max-video-preview:-1\" \/>\n<link rel=\"canonical\" href=\"https:\/\/www.melform.com\/fr\/conteneurs-\/catalogue-de-produits\/plaques-eutectiques-logistique\/piastra-eutettica-per-single\/\" \/>\n<meta property=\"og:locale\" content=\"fr_FR\" \/>\n<meta property=\"og:type\" content=\"article\" \/>\n<meta property=\"og:title\" content=\"Plaques eutectiques 195x195mm - MELFORM\" \/>\n<meta property=\"og:description\" content=\"Les plaques eutectiques de petite taille sont con\u00e7ues pour accumuler et lib\u00e9rer de l\u2019\u00e9nergie thermique, prolongeant ainsi le maintien de la temp\u00e9rature des produits p\u00e9rissables lors du transport. Compatibilit\u00e9 : Con\u00e7ues pour \u00eatre utilis\u00e9es avec le conteneur isotherme SINGLE. Disponibles en deux versions : Frais, pour le maintien des temp\u00e9ratures positives. Chaud, pour le transport [&hellip;]\" \/>\n<meta property=\"og:url\" content=\"https:\/\/www.melform.com\/fr\/conteneurs-\/catalogue-de-produits\/plaques-eutectiques-logistique\/piastra-eutettica-per-single\/\" \/>\n<meta property=\"og:site_name\" content=\"MELFORM\" \/>\n<meta property=\"article:modified_time\" content=\"2025-02-25T09:51:00+00:00\" \/>\n<meta property=\"og:image\" content=\"https:\/\/www.melform.com\/wp-content\/uploads\/2022\/09\/PEM20002.jpg\" \/>\n\t<meta property=\"og:image:width\" content=\"1000\" \/>\n\t<meta property=\"og:image:height\" content=\"750\" \/>\n\t<meta property=\"og:image:type\" content=\"image\/jpeg\" \/>\n<meta name=\"twitter:card\" content=\"summary_large_image\" \/>\n<script type=\"application\/ld+json\" class=\"yoast-schema-graph\">{\"@context\":\"https:\/\/schema.org\",\"@graph\":[{\"@type\":\"WebPage\",\"@id\":\"https:\/\/www.melform.com\/fr\/conteneurs-\/catalogue-de-produits\/plaques-eutectiques-logistique\/piastra-eutettica-per-single\/\",\"url\":\"https:\/\/www.melform.com\/fr\/conteneurs-\/catalogue-de-produits\/plaques-eutectiques-logistique\/piastra-eutettica-per-single\/\",\"name\":\"Plaques eutectiques 195x195mm - MELFORM\",\"isPartOf\":{\"@id\":\"https:\/\/www.melform.com\/fr\/#website\"},\"primaryImageOfPage\":{\"@id\":\"https:\/\/www.melform.com\/fr\/conteneurs-\/catalogue-de-produits\/plaques-eutectiques-logistique\/piastra-eutettica-per-single\/#primaryimage\"},\"image\":{\"@id\":\"https:\/\/www.melform.com\/fr\/conteneurs-\/catalogue-de-produits\/plaques-eutectiques-logistique\/piastra-eutettica-per-single\/#primaryimage\"},\"thumbnailUrl\":\"https:\/\/www.melform.com\/wp-content\/uploads\/2022\/09\/PEM20002.jpg\",\"datePublished\":\"2022-10-07T12:17:23+00:00\",\"dateModified\":\"2025-02-25T09:51:00+00:00\",\"breadcrumb\":{\"@id\":\"https:\/\/www.melform.com\/fr\/conteneurs-\/catalogue-de-produits\/plaques-eutectiques-logistique\/piastra-eutettica-per-single\/#breadcrumb\"},\"inLanguage\":\"fr-FR\",\"potentialAction\":[{\"@type\":\"ReadAction\",\"target\":[\"https:\/\/www.melform.com\/fr\/conteneurs-\/catalogue-de-produits\/plaques-eutectiques-logistique\/piastra-eutettica-per-single\/\"]}]},{\"@type\":\"ImageObject\",\"inLanguage\":\"fr-FR\",\"@id\":\"https:\/\/www.melform.com\/fr\/conteneurs-\/catalogue-de-produits\/plaques-eutectiques-logistique\/piastra-eutettica-per-single\/#primaryimage\",\"url\":\"https:\/\/www.melform.com\/wp-content\/uploads\/2022\/09\/PEM20002.jpg\",\"contentUrl\":\"https:\/\/www.melform.com\/wp-content\/uploads\/2022\/09\/PEM20002.jpg\",\"width\":1000,\"height\":750},{\"@type\":\"BreadcrumbList\",\"@id\":\"https:\/\/www.melform.com\/fr\/conteneurs-\/catalogue-de-produits\/plaques-eutectiques-logistique\/piastra-eutettica-per-single\/#breadcrumb\",\"itemListElement\":[{\"@type\":\"ListItem\",\"position\":1,\"name\":\"Home\",\"item\":\"https:\/\/www.melform.com\/fr\/\"},{\"@type\":\"ListItem\",\"position\":2,\"name\":\"Shop\",\"item\":\"https:\/\/www.melform.com\/fr\/shop\/\"},{\"@type\":\"ListItem\",\"position\":3,\"name\":\"Plaques eutectiques 195x195mm\"}]},{\"@type\":\"WebSite\",\"@id\":\"https:\/\/www.melform.com\/fr\/#website\",\"url\":\"https:\/\/www.melform.com\/fr\/\",\"name\":\"MELFORM\",\"description\":\"SISTEMI PER IL TRASPORTO E STOCCAGGIO A TEMPERATURA CONTROLLATA\",\"potentialAction\":[{\"@type\":\"SearchAction\",\"target\":{\"@type\":\"EntryPoint\",\"urlTemplate\":\"https:\/\/www.melform.com\/fr\/?s={search_term_string}\"},\"query-input\":{\"@type\":\"PropertyValueSpecification\",\"valueRequired\":true,\"valueName\":\"search_term_string\"}}],\"inLanguage\":\"fr-FR\"}]}<\/script>\n<!-- \/ Yoast SEO plugin. -->","yoast_head_json":{"title":"Plaques eutectiques 195x195mm - MELFORM","robots":{"index":"index","follow":"follow","max-snippet":"max-snippet:-1","max-image-preview":"max-image-preview:large","max-video-preview":"max-video-preview:-1"},"canonical":"https:\/\/www.melform.com\/fr\/conteneurs-\/catalogue-de-produits\/plaques-eutectiques-logistique\/piastra-eutettica-per-single\/","og_locale":"fr_FR","og_type":"article","og_title":"Plaques eutectiques 195x195mm - MELFORM","og_description":"Les plaques eutectiques de petite taille sont con\u00e7ues pour accumuler et lib\u00e9rer de l\u2019\u00e9nergie thermique, prolongeant ainsi le maintien de la temp\u00e9rature des produits p\u00e9rissables lors du transport. Compatibilit\u00e9 : Con\u00e7ues pour \u00eatre utilis\u00e9es avec le conteneur isotherme SINGLE. Disponibles en deux versions : Frais, pour le maintien des temp\u00e9ratures positives. Chaud, pour le transport [&hellip;]","og_url":"https:\/\/www.melform.com\/fr\/conteneurs-\/catalogue-de-produits\/plaques-eutectiques-logistique\/piastra-eutettica-per-single\/","og_site_name":"MELFORM","article_modified_time":"2025-02-25T09:51:00+00:00","og_image":[{"width":1000,"height":750,"url":"https:\/\/www.melform.com\/wp-content\/uploads\/2022\/09\/PEM20002.jpg","type":"image\/jpeg"}],"twitter_card":"summary_large_image","schema":{"@context":"https:\/\/schema.org","@graph":[{"@type":"WebPage","@id":"https:\/\/www.melform.com\/fr\/conteneurs-\/catalogue-de-produits\/plaques-eutectiques-logistique\/piastra-eutettica-per-single\/","url":"https:\/\/www.melform.com\/fr\/conteneurs-\/catalogue-de-produits\/plaques-eutectiques-logistique\/piastra-eutettica-per-single\/","name":"Plaques eutectiques 195x195mm - MELFORM","isPartOf":{"@id":"https:\/\/www.melform.com\/fr\/#website"},"primaryImageOfPage":{"@id":"https:\/\/www.melform.com\/fr\/conteneurs-\/catalogue-de-produits\/plaques-eutectiques-logistique\/piastra-eutettica-per-single\/#primaryimage"},"image":{"@id":"https:\/\/www.melform.com\/fr\/conteneurs-\/catalogue-de-produits\/plaques-eutectiques-logistique\/piastra-eutettica-per-single\/#primaryimage"},"thumbnailUrl":"https:\/\/www.melform.com\/wp-content\/uploads\/2022\/09\/PEM20002.jpg","datePublished":"2022-10-07T12:17:23+00:00","dateModified":"2025-02-25T09:51:00+00:00","breadcrumb":{"@id":"https:\/\/www.melform.com\/fr\/conteneurs-\/catalogue-de-produits\/plaques-eutectiques-logistique\/piastra-eutettica-per-single\/#breadcrumb"},"inLanguage":"fr-FR","potentialAction":[{"@type":"ReadAction","target":["https:\/\/www.melform.com\/fr\/conteneurs-\/catalogue-de-produits\/plaques-eutectiques-logistique\/piastra-eutettica-per-single\/"]}]},{"@type":"ImageObject","inLanguage":"fr-FR","@id":"https:\/\/www.melform.com\/fr\/conteneurs-\/catalogue-de-produits\/plaques-eutectiques-logistique\/piastra-eutettica-per-single\/#primaryimage","url":"https:\/\/www.melform.com\/wp-content\/uploads\/2022\/09\/PEM20002.jpg","contentUrl":"https:\/\/www.melform.com\/wp-content\/uploads\/2022\/09\/PEM20002.jpg","width":1000,"height":750},{"@type":"BreadcrumbList","@id":"https:\/\/www.melform.com\/fr\/conteneurs-\/catalogue-de-produits\/plaques-eutectiques-logistique\/piastra-eutettica-per-single\/#breadcrumb","itemListElement":[{"@type":"ListItem","position":1,"name":"Home","item":"https:\/\/www.melform.com\/fr\/"},{"@type":"ListItem","position":2,"name":"Shop","item":"https:\/\/www.melform.com\/fr\/shop\/"},{"@type":"ListItem","position":3,"name":"Plaques eutectiques 195x195mm"}]},{"@type":"WebSite","@id":"https:\/\/www.melform.com\/fr\/#website","url":"https:\/\/www.melform.com\/fr\/","name":"MELFORM","description":"SISTEMI PER IL TRASPORTO E STOCCAGGIO A TEMPERATURA CONTROLLATA","potentialAction":[{"@type":"SearchAction","target":{"@type":"EntryPoint","urlTemplate":"https:\/\/www.melform.com\/fr\/?s={search_term_string}"},"query-input":{"@type":"PropertyValueSpecification","valueRequired":true,"valueName":"search_term_string"}}],"inLanguage":"fr-FR"}]}},"_links":{"self":[{"href":"https:\/\/www.melform.com\/fr\/wp-json\/wp\/v2\/product\/8622","targetHints":{"allow":["GET"]}}],"collection":[{"href":"https:\/\/www.melform.com\/fr\/wp-json\/wp\/v2\/product"}],"about":[{"href":"https:\/\/www.melform.com\/fr\/wp-json\/wp\/v2\/types\/product"}],"wp:featuredmedia":[{"embeddable":true,"href":"https:\/\/www.melform.com\/fr\/wp-json\/wp\/v2\/media\/2295"}],"wp:attachment":[{"href":"https:\/\/www.melform.com\/fr\/wp-json\/wp\/v2\/media?parent=8622"}],"wp:term":[{"taxonomy":"product_brand","embeddable":true,"href":"https:\/\/www.melform.com\/fr\/wp-json\/wp\/v2\/product_brand?post=8622"},{"taxonomy":"product_cat","embeddable":true,"href":"https:\/\/www.melform.com\/fr\/wp-json\/wp\/v2\/product_cat?post=8622"},{"taxonomy":"product_tag","embeddable":true,"href":"https:\/\/www.melform.com\/fr\/wp-json\/wp\/v2\/product_tag?post=8622"}],"curies":[{"name":"wp","href":"https:\/\/api.w.org\/{rel}","templated":true}]}}