{"id":8970,"date":"2022-11-04T15:59:22","date_gmt":"2022-11-04T13:59:22","guid":{"rendered":"https:\/\/www.melform.com\/product\/contenitore-isotermico-per-liquidi-qc-5-2\/"},"modified":"2023-08-28T16:33:17","modified_gmt":"2023-08-28T14:33:17","slug":"distributeur-isotherme-de-boissons-qc-5-2","status":"publish","type":"product","link":"https:\/\/www.melform.com\/fr\/conteneurs-\/outlet-offres\/conteneurs-isothermes-passifs-offres\/distributeur-isotherme-de-boissons-qc-5-2\/","title":{"rendered":"Distributeur isotherme de boissons &#8211; QC 5"},"content":{"rendered":"Conteneur isotherme \u00e0 ouverture par le haut d&#8217;une capacit\u00e9 de 5 litres pour le transport et le service de liquides \u00e0 temp\u00e9rature contr\u00f4l\u00e9e. R\u00e9alis\u00e9 en poly\u00e9thyl\u00e8ne et isol\u00e9 avec de la mousse de polyur\u00e9thane sans CFC ni HCFC, il assure un maintien thermique correct, pr\u00e9servant les propri\u00e9t\u00e9s organoleptiques des boissons et limitant le risque de prolif\u00e9ration bact\u00e9rienne.\u00a0 Le produit pr\u00e9sente quelques petites imperfections externes, qui NE compromettent PAS la temp\u00e9rature isotherme ni les performances du r\u00e9cipient lui-m\u00eame.\u00a0 Son design ergonomique, sa large base et son robinet encastr\u00e9 le rendent facile \u00e0 utiliser.\r\n\r\n<span class=\"imballo\">Nombre de pi\u00e8ces d&#8217;emballage: 1<\/span>","protected":false},"excerpt":{"rendered":"Conteneur isotherme \u00e0 ouverture par le haut d&#8217;une capacit\u00e9 de 5 litres pour le transport et le service de liquides \u00e0 temp\u00e9rature contr\u00f4l\u00e9e. R\u00e9alis\u00e9 en poly\u00e9thyl\u00e8ne et isol\u00e9 avec de la mousse de polyur\u00e9thane sans CFC ni HCFC, il assure un maintien thermique correct, pr\u00e9servant les propri\u00e9t\u00e9s organoleptiques des boissons et limitant le risque de [&hellip;]","protected":false},"featured_media":6049,"template":"","meta":{"_acf_changed":false,"_themeisle_gutenberg_block_has_review":false},"product_brand":[],"product_cat":[815,973],"product_tag":[272],"class_list":{"0":"post-8970","1":"product","2":"type-product","3":"status-publish","4":"has-post-thumbnail","6":"product_cat-outlet-offres","7":"product_cat-conteneurs-isothermes-passifs-offres","8":"product_tag-offerte-fr","9":"pa_linea-diamond-fr","11":"first","12":"instock","13":"product-type-variable","14":"wvs-archive-product-wrapper"},"acf":[],"yoast_head":"<!-- This site is optimized with the Yoast SEO plugin v26.4 - https:\/\/yoast.com\/wordpress\/plugins\/seo\/ -->\n<title>Distributeur isotherme de boissons - QC 5 - MELFORM<\/title>\n<meta name=\"robots\" content=\"index, follow, max-snippet:-1, max-image-preview:large, max-video-preview:-1\" \/>\n<link rel=\"canonical\" href=\"https:\/\/www.melform.com\/fr\/conteneurs-\/outlet-offres\/conteneurs-isothermes-passifs-offres\/distributeur-isotherme-de-boissons-qc-5-2\/\" \/>\n<meta property=\"og:locale\" content=\"fr_FR\" \/>\n<meta property=\"og:type\" content=\"article\" \/>\n<meta property=\"og:title\" content=\"Distributeur isotherme de boissons - QC 5 - MELFORM\" \/>\n<meta property=\"og:description\" content=\"Conteneur isotherme \u00e0 ouverture par le haut d&#8217;une capacit\u00e9 de 5 litres pour le transport et le service de liquides \u00e0 temp\u00e9rature contr\u00f4l\u00e9e. R\u00e9alis\u00e9 en poly\u00e9thyl\u00e8ne et isol\u00e9 avec de la mousse de polyur\u00e9thane sans CFC ni HCFC, il assure un maintien thermique correct, pr\u00e9servant les propri\u00e9t\u00e9s organoleptiques des boissons et limitant le risque de [&hellip;]\" \/>\n<meta property=\"og:url\" content=\"https:\/\/www.melform.com\/fr\/conteneurs-\/outlet-offres\/conteneurs-isothermes-passifs-offres\/distributeur-isotherme-de-boissons-qc-5-2\/\" \/>\n<meta property=\"og:site_name\" content=\"MELFORM\" \/>\n<meta property=\"article:modified_time\" content=\"2023-08-28T14:33:17+00:00\" \/>\n<meta property=\"og:image\" content=\"https:\/\/www.melform.com\/wp-content\/uploads\/2022\/10\/330-QC-10.jpg\" \/>\n\t<meta property=\"og:image:width\" content=\"1024\" \/>\n\t<meta property=\"og:image:height\" content=\"1024\" \/>\n\t<meta property=\"og:image:type\" content=\"image\/jpeg\" \/>\n<meta name=\"twitter:card\" content=\"summary_large_image\" \/>\n<script type=\"application\/ld+json\" class=\"yoast-schema-graph\">{\"@context\":\"https:\/\/schema.org\",\"@graph\":[{\"@type\":\"WebPage\",\"@id\":\"https:\/\/www.melform.com\/fr\/conteneurs-\/outlet-offres\/conteneurs-isothermes-passifs-offres\/distributeur-isotherme-de-boissons-qc-5-2\/\",\"url\":\"https:\/\/www.melform.com\/fr\/conteneurs-\/outlet-offres\/conteneurs-isothermes-passifs-offres\/distributeur-isotherme-de-boissons-qc-5-2\/\",\"name\":\"Distributeur isotherme de boissons - QC 5 - MELFORM\",\"isPartOf\":{\"@id\":\"https:\/\/www.melform.com\/fr\/#website\"},\"primaryImageOfPage\":{\"@id\":\"https:\/\/www.melform.com\/fr\/conteneurs-\/outlet-offres\/conteneurs-isothermes-passifs-offres\/distributeur-isotherme-de-boissons-qc-5-2\/#primaryimage\"},\"image\":{\"@id\":\"https:\/\/www.melform.com\/fr\/conteneurs-\/outlet-offres\/conteneurs-isothermes-passifs-offres\/distributeur-isotherme-de-boissons-qc-5-2\/#primaryimage\"},\"thumbnailUrl\":\"https:\/\/www.melform.com\/wp-content\/uploads\/2022\/10\/330-QC-10.jpg\",\"datePublished\":\"2022-11-04T13:59:22+00:00\",\"dateModified\":\"2023-08-28T14:33:17+00:00\",\"breadcrumb\":{\"@id\":\"https:\/\/www.melform.com\/fr\/conteneurs-\/outlet-offres\/conteneurs-isothermes-passifs-offres\/distributeur-isotherme-de-boissons-qc-5-2\/#breadcrumb\"},\"inLanguage\":\"fr-FR\",\"potentialAction\":[{\"@type\":\"ReadAction\",\"target\":[\"https:\/\/www.melform.com\/fr\/conteneurs-\/outlet-offres\/conteneurs-isothermes-passifs-offres\/distributeur-isotherme-de-boissons-qc-5-2\/\"]}]},{\"@type\":\"ImageObject\",\"inLanguage\":\"fr-FR\",\"@id\":\"https:\/\/www.melform.com\/fr\/conteneurs-\/outlet-offres\/conteneurs-isothermes-passifs-offres\/distributeur-isotherme-de-boissons-qc-5-2\/#primaryimage\",\"url\":\"https:\/\/www.melform.com\/wp-content\/uploads\/2022\/10\/330-QC-10.jpg\",\"contentUrl\":\"https:\/\/www.melform.com\/wp-content\/uploads\/2022\/10\/330-QC-10.jpg\",\"width\":1024,\"height\":1024},{\"@type\":\"BreadcrumbList\",\"@id\":\"https:\/\/www.melform.com\/fr\/conteneurs-\/outlet-offres\/conteneurs-isothermes-passifs-offres\/distributeur-isotherme-de-boissons-qc-5-2\/#breadcrumb\",\"itemListElement\":[{\"@type\":\"ListItem\",\"position\":1,\"name\":\"Home\",\"item\":\"https:\/\/www.melform.com\/fr\/\"},{\"@type\":\"ListItem\",\"position\":2,\"name\":\"Shop\",\"item\":\"https:\/\/www.melform.com\/fr\/shop\/\"},{\"@type\":\"ListItem\",\"position\":3,\"name\":\"Distributeur isotherme de boissons &#8211; QC 5\"}]},{\"@type\":\"WebSite\",\"@id\":\"https:\/\/www.melform.com\/fr\/#website\",\"url\":\"https:\/\/www.melform.com\/fr\/\",\"name\":\"MELFORM\",\"description\":\"SISTEMI PER IL TRASPORTO E STOCCAGGIO A TEMPERATURA CONTROLLATA\",\"potentialAction\":[{\"@type\":\"SearchAction\",\"target\":{\"@type\":\"EntryPoint\",\"urlTemplate\":\"https:\/\/www.melform.com\/fr\/?s={search_term_string}\"},\"query-input\":{\"@type\":\"PropertyValueSpecification\",\"valueRequired\":true,\"valueName\":\"search_term_string\"}}],\"inLanguage\":\"fr-FR\"}]}<\/script>\n<!-- \/ Yoast SEO plugin. -->","yoast_head_json":{"title":"Distributeur isotherme de boissons - QC 5 - MELFORM","robots":{"index":"index","follow":"follow","max-snippet":"max-snippet:-1","max-image-preview":"max-image-preview:large","max-video-preview":"max-video-preview:-1"},"canonical":"https:\/\/www.melform.com\/fr\/conteneurs-\/outlet-offres\/conteneurs-isothermes-passifs-offres\/distributeur-isotherme-de-boissons-qc-5-2\/","og_locale":"fr_FR","og_type":"article","og_title":"Distributeur isotherme de boissons - QC 5 - MELFORM","og_description":"Conteneur isotherme \u00e0 ouverture par le haut d&#8217;une capacit\u00e9 de 5 litres pour le transport et le service de liquides \u00e0 temp\u00e9rature contr\u00f4l\u00e9e. R\u00e9alis\u00e9 en poly\u00e9thyl\u00e8ne et isol\u00e9 avec de la mousse de polyur\u00e9thane sans CFC ni HCFC, il assure un maintien thermique correct, pr\u00e9servant les propri\u00e9t\u00e9s organoleptiques des boissons et limitant le risque de [&hellip;]","og_url":"https:\/\/www.melform.com\/fr\/conteneurs-\/outlet-offres\/conteneurs-isothermes-passifs-offres\/distributeur-isotherme-de-boissons-qc-5-2\/","og_site_name":"MELFORM","article_modified_time":"2023-08-28T14:33:17+00:00","og_image":[{"width":1024,"height":1024,"url":"https:\/\/www.melform.com\/wp-content\/uploads\/2022\/10\/330-QC-10.jpg","type":"image\/jpeg"}],"twitter_card":"summary_large_image","schema":{"@context":"https:\/\/schema.org","@graph":[{"@type":"WebPage","@id":"https:\/\/www.melform.com\/fr\/conteneurs-\/outlet-offres\/conteneurs-isothermes-passifs-offres\/distributeur-isotherme-de-boissons-qc-5-2\/","url":"https:\/\/www.melform.com\/fr\/conteneurs-\/outlet-offres\/conteneurs-isothermes-passifs-offres\/distributeur-isotherme-de-boissons-qc-5-2\/","name":"Distributeur isotherme de boissons - QC 5 - MELFORM","isPartOf":{"@id":"https:\/\/www.melform.com\/fr\/#website"},"primaryImageOfPage":{"@id":"https:\/\/www.melform.com\/fr\/conteneurs-\/outlet-offres\/conteneurs-isothermes-passifs-offres\/distributeur-isotherme-de-boissons-qc-5-2\/#primaryimage"},"image":{"@id":"https:\/\/www.melform.com\/fr\/conteneurs-\/outlet-offres\/conteneurs-isothermes-passifs-offres\/distributeur-isotherme-de-boissons-qc-5-2\/#primaryimage"},"thumbnailUrl":"https:\/\/www.melform.com\/wp-content\/uploads\/2022\/10\/330-QC-10.jpg","datePublished":"2022-11-04T13:59:22+00:00","dateModified":"2023-08-28T14:33:17+00:00","breadcrumb":{"@id":"https:\/\/www.melform.com\/fr\/conteneurs-\/outlet-offres\/conteneurs-isothermes-passifs-offres\/distributeur-isotherme-de-boissons-qc-5-2\/#breadcrumb"},"inLanguage":"fr-FR","potentialAction":[{"@type":"ReadAction","target":["https:\/\/www.melform.com\/fr\/conteneurs-\/outlet-offres\/conteneurs-isothermes-passifs-offres\/distributeur-isotherme-de-boissons-qc-5-2\/"]}]},{"@type":"ImageObject","inLanguage":"fr-FR","@id":"https:\/\/www.melform.com\/fr\/conteneurs-\/outlet-offres\/conteneurs-isothermes-passifs-offres\/distributeur-isotherme-de-boissons-qc-5-2\/#primaryimage","url":"https:\/\/www.melform.com\/wp-content\/uploads\/2022\/10\/330-QC-10.jpg","contentUrl":"https:\/\/www.melform.com\/wp-content\/uploads\/2022\/10\/330-QC-10.jpg","width":1024,"height":1024},{"@type":"BreadcrumbList","@id":"https:\/\/www.melform.com\/fr\/conteneurs-\/outlet-offres\/conteneurs-isothermes-passifs-offres\/distributeur-isotherme-de-boissons-qc-5-2\/#breadcrumb","itemListElement":[{"@type":"ListItem","position":1,"name":"Home","item":"https:\/\/www.melform.com\/fr\/"},{"@type":"ListItem","position":2,"name":"Shop","item":"https:\/\/www.melform.com\/fr\/shop\/"},{"@type":"ListItem","position":3,"name":"Distributeur isotherme de boissons &#8211; QC 5"}]},{"@type":"WebSite","@id":"https:\/\/www.melform.com\/fr\/#website","url":"https:\/\/www.melform.com\/fr\/","name":"MELFORM","description":"SISTEMI PER IL TRASPORTO E STOCCAGGIO A TEMPERATURA CONTROLLATA","potentialAction":[{"@type":"SearchAction","target":{"@type":"EntryPoint","urlTemplate":"https:\/\/www.melform.com\/fr\/?s={search_term_string}"},"query-input":{"@type":"PropertyValueSpecification","valueRequired":true,"valueName":"search_term_string"}}],"inLanguage":"fr-FR"}]}},"_links":{"self":[{"href":"https:\/\/www.melform.com\/fr\/wp-json\/wp\/v2\/product\/8970","targetHints":{"allow":["GET"]}}],"collection":[{"href":"https:\/\/www.melform.com\/fr\/wp-json\/wp\/v2\/product"}],"about":[{"href":"https:\/\/www.melform.com\/fr\/wp-json\/wp\/v2\/types\/product"}],"wp:featuredmedia":[{"embeddable":true,"href":"https:\/\/www.melform.com\/fr\/wp-json\/wp\/v2\/media\/6049"}],"wp:attachment":[{"href":"https:\/\/www.melform.com\/fr\/wp-json\/wp\/v2\/media?parent=8970"}],"wp:term":[{"taxonomy":"product_brand","embeddable":true,"href":"https:\/\/www.melform.com\/fr\/wp-json\/wp\/v2\/product_brand?post=8970"},{"taxonomy":"product_cat","embeddable":true,"href":"https:\/\/www.melform.com\/fr\/wp-json\/wp\/v2\/product_cat?post=8970"},{"taxonomy":"product_tag","embeddable":true,"href":"https:\/\/www.melform.com\/fr\/wp-json\/wp\/v2\/product_tag?post=8970"}],"curies":[{"name":"wp","href":"https:\/\/api.w.org\/{rel}","templated":true}]}}