{"id":9008,"date":"2022-11-04T16:08:17","date_gmt":"2022-11-04T14:08:17","guid":{"rendered":"https:\/\/www.melform.com\/product\/vassoio-isotermico-gastrotherm\/"},"modified":"2026-02-19T16:27:16","modified_gmt":"2026-02-19T14:27:16","slug":"vassoio-isotermico-gastrotherm","status":"publish","type":"product","link":"https:\/\/www.melform.com\/fr\/conteneurs-\/outlet-offres\/conteneurs-isothermes-passifs-offres\/vassoio-isotermico-gastrotherm\/","title":{"rendered":"Plateau isotherme \u2013 GASTROTHERM"},"content":{"rendered":"Plateau isotherme \u00e0 quatre compartiments pour le transport de repas \u00e0 temp\u00e9rature contr\u00f4l\u00e9e. Coefficient d\u2019isolation thermique \u00e9lev\u00e9, permet de conserver des portions d\u2019aliments chauds ou froids dans des conditions optimales pendant 30 minutes. Sp\u00e9cialement con\u00e7u pour \u00eatre utilis\u00e9 avec des plateaux \u00e0 portions individuelles. Plage de temp\u00e9rature de -30\u00b0C \u00e0 +85\u00b0C.\r\n\r\n<span class=\"imballo\">Nombre de pi\u00e8ces d\u2019emballage: 1<\/span>\r\n\r\n&nbsp;\r\n\r\nProduit hors production.","protected":false},"excerpt":{"rendered":"Plateau isotherme \u00e0 quatre compartiments pour le transport de repas \u00e0 temp\u00e9rature contr\u00f4l\u00e9e. Coefficient d\u2019isolation thermique \u00e9lev\u00e9, permet de conserver des portions d\u2019aliments chauds ou froids dans des conditions optimales pendant 30 minutes. Sp\u00e9cialement con\u00e7u pour \u00eatre utilis\u00e9 avec des plateaux \u00e0 portions individuelles. Plage de temp\u00e9rature de -30\u00b0C \u00e0 +85\u00b0C. Nombre de pi\u00e8ces d\u2019emballage: [&hellip;]","protected":false},"featured_media":6465,"template":"","meta":{"_acf_changed":false,"_themeisle_gutenberg_block_has_review":false},"product_brand":[],"product_cat":[815,973],"product_tag":[272],"class_list":{"0":"post-9008","1":"product","2":"type-product","3":"status-publish","4":"has-post-thumbnail","6":"product_cat-outlet-offres","7":"product_cat-conteneurs-isothermes-passifs-offres","8":"product_tag-offerte-fr","9":"pa_linea-monotherm-fr","10":"pa_moq-6-fr","12":"first","13":"instock","14":"purchasable","15":"product-type-variable","16":"wvs-archive-product-wrapper"},"acf":[],"yoast_head":"<!-- This site is optimized with the Yoast SEO plugin v26.4 - https:\/\/yoast.com\/wordpress\/plugins\/seo\/ -->\n<title>Plateau isotherme \u2013 GASTROTHERM - MELFORM<\/title>\n<meta name=\"robots\" content=\"index, follow, max-snippet:-1, max-image-preview:large, max-video-preview:-1\" \/>\n<link rel=\"canonical\" href=\"https:\/\/www.melform.com\/fr\/conteneurs-\/outlet-offres\/conteneurs-isothermes-passifs-offres\/vassoio-isotermico-gastrotherm\/\" \/>\n<meta property=\"og:locale\" content=\"fr_FR\" \/>\n<meta property=\"og:type\" content=\"article\" \/>\n<meta property=\"og:title\" content=\"Plateau isotherme \u2013 GASTROTHERM - MELFORM\" \/>\n<meta property=\"og:description\" content=\"Plateau isotherme \u00e0 quatre compartiments pour le transport de repas \u00e0 temp\u00e9rature contr\u00f4l\u00e9e. Coefficient d\u2019isolation thermique \u00e9lev\u00e9, permet de conserver des portions d\u2019aliments chauds ou froids dans des conditions optimales pendant 30 minutes. Sp\u00e9cialement con\u00e7u pour \u00eatre utilis\u00e9 avec des plateaux \u00e0 portions individuelles. Plage de temp\u00e9rature de -30\u00b0C \u00e0 +85\u00b0C. Nombre de pi\u00e8ces d\u2019emballage: [&hellip;]\" \/>\n<meta property=\"og:url\" content=\"https:\/\/www.melform.com\/fr\/conteneurs-\/outlet-offres\/conteneurs-isothermes-passifs-offres\/vassoio-isotermico-gastrotherm\/\" \/>\n<meta property=\"og:site_name\" content=\"MELFORM\" \/>\n<meta property=\"article:modified_time\" content=\"2026-02-19T14:27:16+00:00\" \/>\n<meta property=\"og:image\" content=\"https:\/\/www.melform.com\/wp-content\/uploads\/2022\/11\/GST10001.jpg\" \/>\n\t<meta property=\"og:image:width\" content=\"1200\" \/>\n\t<meta property=\"og:image:height\" content=\"1200\" \/>\n\t<meta property=\"og:image:type\" content=\"image\/jpeg\" \/>\n<meta name=\"twitter:card\" content=\"summary_large_image\" \/>\n<script type=\"application\/ld+json\" class=\"yoast-schema-graph\">{\"@context\":\"https:\/\/schema.org\",\"@graph\":[{\"@type\":\"WebPage\",\"@id\":\"https:\/\/www.melform.com\/fr\/conteneurs-\/outlet-offres\/conteneurs-isothermes-passifs-offres\/vassoio-isotermico-gastrotherm\/\",\"url\":\"https:\/\/www.melform.com\/fr\/conteneurs-\/outlet-offres\/conteneurs-isothermes-passifs-offres\/vassoio-isotermico-gastrotherm\/\",\"name\":\"Plateau isotherme \u2013 GASTROTHERM - MELFORM\",\"isPartOf\":{\"@id\":\"https:\/\/www.melform.com\/fr\/#website\"},\"primaryImageOfPage\":{\"@id\":\"https:\/\/www.melform.com\/fr\/conteneurs-\/outlet-offres\/conteneurs-isothermes-passifs-offres\/vassoio-isotermico-gastrotherm\/#primaryimage\"},\"image\":{\"@id\":\"https:\/\/www.melform.com\/fr\/conteneurs-\/outlet-offres\/conteneurs-isothermes-passifs-offres\/vassoio-isotermico-gastrotherm\/#primaryimage\"},\"thumbnailUrl\":\"https:\/\/www.melform.com\/wp-content\/uploads\/2022\/11\/GST10001.jpg\",\"datePublished\":\"2022-11-04T14:08:17+00:00\",\"dateModified\":\"2026-02-19T14:27:16+00:00\",\"breadcrumb\":{\"@id\":\"https:\/\/www.melform.com\/fr\/conteneurs-\/outlet-offres\/conteneurs-isothermes-passifs-offres\/vassoio-isotermico-gastrotherm\/#breadcrumb\"},\"inLanguage\":\"fr-FR\",\"potentialAction\":[{\"@type\":\"ReadAction\",\"target\":[\"https:\/\/www.melform.com\/fr\/conteneurs-\/outlet-offres\/conteneurs-isothermes-passifs-offres\/vassoio-isotermico-gastrotherm\/\"]}]},{\"@type\":\"ImageObject\",\"inLanguage\":\"fr-FR\",\"@id\":\"https:\/\/www.melform.com\/fr\/conteneurs-\/outlet-offres\/conteneurs-isothermes-passifs-offres\/vassoio-isotermico-gastrotherm\/#primaryimage\",\"url\":\"https:\/\/www.melform.com\/wp-content\/uploads\/2022\/11\/GST10001.jpg\",\"contentUrl\":\"https:\/\/www.melform.com\/wp-content\/uploads\/2022\/11\/GST10001.jpg\",\"width\":1200,\"height\":1200},{\"@type\":\"BreadcrumbList\",\"@id\":\"https:\/\/www.melform.com\/fr\/conteneurs-\/outlet-offres\/conteneurs-isothermes-passifs-offres\/vassoio-isotermico-gastrotherm\/#breadcrumb\",\"itemListElement\":[{\"@type\":\"ListItem\",\"position\":1,\"name\":\"Home\",\"item\":\"https:\/\/www.melform.com\/fr\/\"},{\"@type\":\"ListItem\",\"position\":2,\"name\":\"Shop\",\"item\":\"https:\/\/www.melform.com\/fr\/shop\/\"},{\"@type\":\"ListItem\",\"position\":3,\"name\":\"Plateau isotherme \u2013 GASTROTHERM\"}]},{\"@type\":\"WebSite\",\"@id\":\"https:\/\/www.melform.com\/fr\/#website\",\"url\":\"https:\/\/www.melform.com\/fr\/\",\"name\":\"MELFORM\",\"description\":\"SISTEMI PER IL TRASPORTO E STOCCAGGIO A TEMPERATURA CONTROLLATA\",\"potentialAction\":[{\"@type\":\"SearchAction\",\"target\":{\"@type\":\"EntryPoint\",\"urlTemplate\":\"https:\/\/www.melform.com\/fr\/?s={search_term_string}\"},\"query-input\":{\"@type\":\"PropertyValueSpecification\",\"valueRequired\":true,\"valueName\":\"search_term_string\"}}],\"inLanguage\":\"fr-FR\"}]}<\/script>\n<!-- \/ Yoast SEO plugin. -->","yoast_head_json":{"title":"Plateau isotherme \u2013 GASTROTHERM - MELFORM","robots":{"index":"index","follow":"follow","max-snippet":"max-snippet:-1","max-image-preview":"max-image-preview:large","max-video-preview":"max-video-preview:-1"},"canonical":"https:\/\/www.melform.com\/fr\/conteneurs-\/outlet-offres\/conteneurs-isothermes-passifs-offres\/vassoio-isotermico-gastrotherm\/","og_locale":"fr_FR","og_type":"article","og_title":"Plateau isotherme \u2013 GASTROTHERM - MELFORM","og_description":"Plateau isotherme \u00e0 quatre compartiments pour le transport de repas \u00e0 temp\u00e9rature contr\u00f4l\u00e9e. Coefficient d\u2019isolation thermique \u00e9lev\u00e9, permet de conserver des portions d\u2019aliments chauds ou froids dans des conditions optimales pendant 30 minutes. Sp\u00e9cialement con\u00e7u pour \u00eatre utilis\u00e9 avec des plateaux \u00e0 portions individuelles. Plage de temp\u00e9rature de -30\u00b0C \u00e0 +85\u00b0C. Nombre de pi\u00e8ces d\u2019emballage: [&hellip;]","og_url":"https:\/\/www.melform.com\/fr\/conteneurs-\/outlet-offres\/conteneurs-isothermes-passifs-offres\/vassoio-isotermico-gastrotherm\/","og_site_name":"MELFORM","article_modified_time":"2026-02-19T14:27:16+00:00","og_image":[{"width":1200,"height":1200,"url":"https:\/\/www.melform.com\/wp-content\/uploads\/2022\/11\/GST10001.jpg","type":"image\/jpeg"}],"twitter_card":"summary_large_image","schema":{"@context":"https:\/\/schema.org","@graph":[{"@type":"WebPage","@id":"https:\/\/www.melform.com\/fr\/conteneurs-\/outlet-offres\/conteneurs-isothermes-passifs-offres\/vassoio-isotermico-gastrotherm\/","url":"https:\/\/www.melform.com\/fr\/conteneurs-\/outlet-offres\/conteneurs-isothermes-passifs-offres\/vassoio-isotermico-gastrotherm\/","name":"Plateau isotherme \u2013 GASTROTHERM - MELFORM","isPartOf":{"@id":"https:\/\/www.melform.com\/fr\/#website"},"primaryImageOfPage":{"@id":"https:\/\/www.melform.com\/fr\/conteneurs-\/outlet-offres\/conteneurs-isothermes-passifs-offres\/vassoio-isotermico-gastrotherm\/#primaryimage"},"image":{"@id":"https:\/\/www.melform.com\/fr\/conteneurs-\/outlet-offres\/conteneurs-isothermes-passifs-offres\/vassoio-isotermico-gastrotherm\/#primaryimage"},"thumbnailUrl":"https:\/\/www.melform.com\/wp-content\/uploads\/2022\/11\/GST10001.jpg","datePublished":"2022-11-04T14:08:17+00:00","dateModified":"2026-02-19T14:27:16+00:00","breadcrumb":{"@id":"https:\/\/www.melform.com\/fr\/conteneurs-\/outlet-offres\/conteneurs-isothermes-passifs-offres\/vassoio-isotermico-gastrotherm\/#breadcrumb"},"inLanguage":"fr-FR","potentialAction":[{"@type":"ReadAction","target":["https:\/\/www.melform.com\/fr\/conteneurs-\/outlet-offres\/conteneurs-isothermes-passifs-offres\/vassoio-isotermico-gastrotherm\/"]}]},{"@type":"ImageObject","inLanguage":"fr-FR","@id":"https:\/\/www.melform.com\/fr\/conteneurs-\/outlet-offres\/conteneurs-isothermes-passifs-offres\/vassoio-isotermico-gastrotherm\/#primaryimage","url":"https:\/\/www.melform.com\/wp-content\/uploads\/2022\/11\/GST10001.jpg","contentUrl":"https:\/\/www.melform.com\/wp-content\/uploads\/2022\/11\/GST10001.jpg","width":1200,"height":1200},{"@type":"BreadcrumbList","@id":"https:\/\/www.melform.com\/fr\/conteneurs-\/outlet-offres\/conteneurs-isothermes-passifs-offres\/vassoio-isotermico-gastrotherm\/#breadcrumb","itemListElement":[{"@type":"ListItem","position":1,"name":"Home","item":"https:\/\/www.melform.com\/fr\/"},{"@type":"ListItem","position":2,"name":"Shop","item":"https:\/\/www.melform.com\/fr\/shop\/"},{"@type":"ListItem","position":3,"name":"Plateau isotherme \u2013 GASTROTHERM"}]},{"@type":"WebSite","@id":"https:\/\/www.melform.com\/fr\/#website","url":"https:\/\/www.melform.com\/fr\/","name":"MELFORM","description":"SISTEMI PER IL TRASPORTO E STOCCAGGIO A TEMPERATURA CONTROLLATA","potentialAction":[{"@type":"SearchAction","target":{"@type":"EntryPoint","urlTemplate":"https:\/\/www.melform.com\/fr\/?s={search_term_string}"},"query-input":{"@type":"PropertyValueSpecification","valueRequired":true,"valueName":"search_term_string"}}],"inLanguage":"fr-FR"}]}},"_links":{"self":[{"href":"https:\/\/www.melform.com\/fr\/wp-json\/wp\/v2\/product\/9008","targetHints":{"allow":["GET"]}}],"collection":[{"href":"https:\/\/www.melform.com\/fr\/wp-json\/wp\/v2\/product"}],"about":[{"href":"https:\/\/www.melform.com\/fr\/wp-json\/wp\/v2\/types\/product"}],"wp:featuredmedia":[{"embeddable":true,"href":"https:\/\/www.melform.com\/fr\/wp-json\/wp\/v2\/media\/6465"}],"wp:attachment":[{"href":"https:\/\/www.melform.com\/fr\/wp-json\/wp\/v2\/media?parent=9008"}],"wp:term":[{"taxonomy":"product_brand","embeddable":true,"href":"https:\/\/www.melform.com\/fr\/wp-json\/wp\/v2\/product_brand?post=9008"},{"taxonomy":"product_cat","embeddable":true,"href":"https:\/\/www.melform.com\/fr\/wp-json\/wp\/v2\/product_cat?post=9008"},{"taxonomy":"product_tag","embeddable":true,"href":"https:\/\/www.melform.com\/fr\/wp-json\/wp\/v2\/product_tag?post=9008"}],"curies":[{"name":"wp","href":"https:\/\/api.w.org\/{rel}","templated":true}]}}